{"id":9641,"date":"2024-09-08T20:35:23","date_gmt":"2024-09-08T20:35:23","guid":{"rendered":"https:\/\/travelshelper.com\/staging\/?page_id=9641"},"modified":"2026-03-13T23:10:46","modified_gmt":"2026-03-13T23:10:46","slug":"palau","status":"publish","type":"page","link":"https:\/\/travelshelper.com\/it\/destinations\/australia-and-oceania\/palau\/","title":{"rendered":"Palau"},"content":{"rendered":"<p>Palau, ufficialmente conosciuta come Repubblica di Palau, \u00e8 un&#039;affascinante nazione insulare situata nella subregione della Micronesia, in Oceania, nell&#039;Oceano Pacifico occidentale. Composta da circa 340 isole, questa incantata repubblica crea uno splendido arcipelago che si estende dalla catena occidentale delle Isole Caroline fino a territori degli Stati Federati di Micronesia. Sebbene di piccole dimensioni, Palau \u00e8 un paese ricco di bellezze naturali, storia e cultura.<\/p>\n<p>Con i suoi 466 chilometri quadrati (180 miglia quadrate), Palau \u00e8 la quarta nazione pi\u00f9 piccola del mondo. Sebbene di piccole dimensioni, le isole offrono paesaggi variegati che spaziano da spiagge incontaminate a rigogliose foreste tropicali e barriere coralline dai colori vivaci. Koror, con lo stesso nome, \u00e8 l&#039;isola pi\u00f9 popolata e ospita la citt\u00e0 pi\u00f9 grande della nazione. All&#039;interno dello Stato di Melekeok, la capitale, Ngerulmud, si trova sull&#039;isola pi\u00f9 grande, Babeldaob. La posizione strategica di Palau la pone vicina a numerosi confini marittimi internazionali; li condivide con gli Stati Federati di Micronesia a est, l&#039;Indonesia a sud e le Filippine a nord-ovest.<\/p>\n<p>Ricca e variegata quanto la topografia di Palau, anche la sua storia lo \u00e8. Originariamente colonizzata da immigrati provenienti dal Sud-est asiatico marittimo circa 3.000 anni fa, l&#039;arazzo culturale distintivo di Palau ha avuto origine da questa antica comunit\u00e0. Grazie al lavoro del missionario boemo Paul Klein, che registr\u00f2 le isole basandosi sui racconti dei naufraghi palauani che raggiunsero le coste filippine a Samar, apparvero per la prima volta su una mappa europea.<\/p>\n<p>Palau si un\u00ec alle Indie Orientali Spagnole nel 1885, dando cos\u00ec inizio all&#039;influenza europea. Ma, in base al Trattato ispano-tedesco, la Germania acquist\u00f2 le isole dalla Spagna dopo la sconfitta nella guerra ispano-americana del 1898. Per tutto questo periodo, le isole furono assegnate alla Nuova Guinea Tedesca. Sotto il Mandato dei Mari del Sud della Societ\u00e0 delle Nazioni, le isole passarono sotto il dominio giapponese dopo la Prima Guerra Mondiale.<\/p>\n<p>Con i pesanti scontri tra le forze americane e giapponesi nell&#039;ambito della campagna delle Isole Marianne e Palau, la Seconda Guerra Mondiale port\u00f2 gravi conflitti a Palau. Palau entr\u00f2 a far parte del Territorio fiduciario delle Isole del Pacifico, governato dagli Stati Uniti, nel 1947 durante la Seconda Guerra Mondiale. Palau scelse di non unirsi agli Stati Federati di Micronesia con un referendum del 1978, ottenendo cos\u00ec la completa sovranit\u00e0 nel 1994, in virt\u00f9 di un Patto di Libera Associazione con gli Stati Uniti, in una netta svolta verso l&#039;autodeterminazione.<\/p>\n<p>Palau \u00e8 oggi una repubblica presidenziale in libera associazione con gli Stati Uniti. Questo legame garantisce che gli Stati Uniti forniscano difesa, risorse finanziarie e accesso ai servizi sociali, creando cos\u00ec un ambiente politico stabile. Il Congresso Nazionale di Palau, composto da due camere, ha autorit\u00e0 legislativa e riveste quindi un ruolo di primaria importanza nella definizione delle politiche del paese.<\/p>\n<p>Dal punto di vista economico, Palau dipende principalmente dalla pesca, dall&#039;agricoltura di sussistenza e dal turismo. La bellezza naturale mozzafiato delle sue isole, compresi siti di immersioni di livello mondiale, attrae turisti da ogni parte del mondo. A dimostrazione del valore delle alleanze globali nel mantenimento dell&#039;economia di Palau, una parte considerevole del suo prodotto nazionale lordo (PNL) proviene dagli aiuti esteri. La valuta ufficiale \u00e8 il dollaro statunitense, rafforzando cos\u00ec i legami con l&#039;economia americana.<\/p>\n<p>Elementi micronesiani, melanesiani, asiatici e occidentali abbondano nella cultura di Palau. I palauani, con origini miste micronesiane, melanesiane e austronesiane, costituiscono la maggior parte della popolazione. Anche il panorama linguistico della nazione riflette questa variet\u00e0 culturale. Ufficialmente, l&#039;inglese e il palauano, appartenenti alla famiglia linguistica austronesiana, sono riconosciuti come lingue regionali, e includono anche il giapponese, il sonsorolese e il tobiano, evidenziando cos\u00ec il carattere cosmopolita della nazione.<\/p>","protected":false},"excerpt":{"rendered":"<p>Palau, ufficialmente conosciuta come Repubblica di Palau, \u00e8 un&#039;affascinante nazione insulare situata nella subregione della Micronesia, in Oceania, nell&#039;Oceano Pacifico occidentale. Composta da circa 340 isole, questa incantata repubblica crea uno splendido arcipelago che si estende dalla catena occidentale delle Isole Caroline fino a territori degli Stati Federati di Micronesia. Sebbene di piccole dimensioni, Palau \u00e8 un paese ricco di bellezze naturali, storia e cultura.<\/p>","protected":false},"author":1,"featured_media":3589,"parent":24105,"menu_order":0,"comment_status":"closed","ping_status":"closed","template":"elementor_theme","meta":{"_eb_attr":"","footnotes":""},"class_list":["post-9641","page","type-page","status-publish","has-post-thumbnail"],"_links":{"self":[{"href":"https:\/\/travelshelper.com\/it\/wp-json\/wp\/v2\/pages\/9641","targetHints":{"allow":["GET"]}}],"collection":[{"href":"https:\/\/travelshelper.com\/it\/wp-json\/wp\/v2\/pages"}],"about":[{"href":"https:\/\/travelshelper.com\/it\/wp-json\/wp\/v2\/types\/page"}],"author":[{"embeddable":true,"href":"https:\/\/travelshelper.com\/it\/wp-json\/wp\/v2\/users\/1"}],"replies":[{"embeddable":true,"href":"https:\/\/travelshelper.com\/it\/wp-json\/wp\/v2\/comments?post=9641"}],"version-history":[{"count":0,"href":"https:\/\/travelshelper.com\/it\/wp-json\/wp\/v2\/pages\/9641\/revisions"}],"up":[{"embeddable":true,"href":"https:\/\/travelshelper.com\/it\/wp-json\/wp\/v2\/pages\/24105"}],"wp:featuredmedia":[{"embeddable":true,"href":"https:\/\/travelshelper.com\/it\/wp-json\/wp\/v2\/media\/3589"}],"wp:attachment":[{"href":"https:\/\/travelshelper.com\/it\/wp-json\/wp\/v2\/media?parent=9641"}],"curies":[{"name":"wp","href":"https:\/\/api.w.org\/{rel}","templated":true}]}}