{"id":9611,"date":"2024-09-08T19:59:37","date_gmt":"2024-09-08T19:59:37","guid":{"rendered":"https:\/\/travelshelper.com\/staging\/?page_id=9611"},"modified":"2026-03-13T22:56:56","modified_gmt":"2026-03-13T22:56:56","slug":"isole-marshall","status":"publish","type":"page","link":"https:\/\/travelshelper.com\/it\/destinations\/australia-and-oceania\/marshall-islands\/","title":{"rendered":"Isole Marshall"},"content":{"rendered":"<p>Le Isole Marshall, chiamate in lingua marshallese \u1e42aje\u1e37, ufficialmente note come Repubblica delle Isole Marshall (Aolep\u0101n Aor\u014dkin \u1e42aje\u1e37), sono uno stato insulare sovrano situato nella regione della Micronesia, nell&#039;Oceano Pacifico nord-occidentale. Situate a ovest della linea di cambio di data e a nord dell&#039;equatore, le Isole Marshall sono una nazione distintiva con una ricca storia e caratteristiche geografiche uniche. La nazione \u00e8 composta da 29 atolli corallini e cinque isole, suddivise in due gruppi insulari: Ratak a est e Ralik a ovest. In particolare, il 97,87% del territorio nazionale \u00e8 costituito da acqua, il che lo rende lo stato sovrano con il pi\u00f9 alto rapporto tra acqua e terraferma.<\/p>\n<p>Le Isole Marshall hanno confini marittimi con diversi territori e nazioni: l&#039;Isola di Wake a nord, Kiribati a sud-est, Nauru a sud e gli Stati Federati di Micronesia a ovest. Majuro, la capitale e citt\u00e0 pi\u00f9 grande, ospita circa il cinquanta percento della popolazione nazionale, fungendo da centro politico ed economico.<\/p>\n<p>La storia delle Isole Marshall \u00e8 fondamentalmente ancorata alla migrazione austronesiana che giunse sulle isole gi\u00e0 nel II millennio a.C. I primi immigrati introdussero colture del Sud-est asiatico come noci di cocco, taro di palude e albero del pane, oltre al pollame domestico, rendendo le isole permanentemente abitabili. Diverse spedizioni spagnole raggiunsero le isole a met\u00e0 del XVI secolo; tuttavia, i galeoni spagnoli generalmente navigavano lungo la rotta del Pacifico pi\u00f9 a nord, aggirando cos\u00ec le Marshall.<\/p>\n<p>Le isole furono chiamate cos\u00ec in onore del capitano britannico John Marshall, che condusse un&#039;esplorazione della zona nel 1788. Negli anni &#039;50 dell&#039;Ottocento, missionari protestanti americani e interessi commerciali occidentali iniziarono il loro arrivo, segnando l&#039;inizio di una considerevole influenza straniera. Negli anni &#039;70 e &#039;80 dell&#039;Ottocento, i commercianti tedeschi di copra predominarono nell&#039;economia, portando all&#039;annessione delle isole Marshall all&#039;Impero tedesco come protettorato nel 1885. Durante la Prima Guerra Mondiale, l&#039;Impero giapponese invase le isole, che successivamente entrarono a far parte del Mandato giapponese sui Mari del Sud. Dopo la Seconda Guerra Mondiale, gli Stati Uniti assunsero l&#039;autorit\u00e0 e governarono le isole come parte del Territorio fiduciario delle Isole del Pacifico. Dal 1946 al 1958, gli Stati Uniti eseguirono 67 test nucleari negli atolli di Bikini e Enewetak, con un profondo impatto sulle isole.<\/p>\n<p>Il percorso verso l&#039;autogoverno inizi\u00f2 con l&#039;istituzione del Congresso di Micronesia nel 1965, volto a rafforzare l&#039;autonomia delle isole del Pacifico. Nel maggio 1979, gli Stati Uniti riconobbero la costituzione delle Isole Marshall e il suo presidente, Amata Kabua, conferendo cos\u00ec l&#039;indipendenza alla nazione. La completa sovranit\u00e0 fu raggiunta grazie al Patto di Libera Associazione con gli Stati Uniti, che offriva difesa, sostegno finanziario e accesso a istituzioni statunitensi come la Federal Communications Commission e il Servizio Postale degli Stati Uniti. Le Isole Marshall sono membri della Comunit\u00e0 del Pacifico dal 1983 e sono diventate membro delle Nazioni Unite nel 1991.<\/p>\n<p>L&#039;economia delle Isole Marshall \u00e8 prevalentemente orientata ai servizi, integrata da pesca e agricoltura, con un consistente sostegno finanziario da parte degli Stati Uniti che costituisce una parte considerevole del PIL. Il sostegno finanziario fornito dal Compact of Free Association, originariamente previsto per il 2023, \u00e8 stato prorogato di altri 20 anni. La nazione utilizza il dollaro statunitense come valuta e nel 2018 ha dichiarato l&#039;intenzione di implementare una nuova criptovaluta come moneta legale.<\/p>\n<p>La popolazione delle Isole Marshall \u00e8 composta principalmente da individui di origine marshallese, accanto a piccole comunit\u00e0 di immigrati provenienti da Stati Uniti, Cina, Filippine e altre isole del Pacifico. Il marshallese e l&#039;inglese sono le lingue ufficiali, incarnando l&#039;eredit\u00e0 culturale e i legami storici della nazione. La religione \u00e8 parte integrante della cultura, con quasi tutta la popolazione che aderisce a un qualche sistema di credenze. Le affiliazioni predominanti sono con la Chiesa Unita di Cristo - Congregazionale delle Isole Marshall o con le Assemblee di Dio.<\/p>","protected":false},"excerpt":{"rendered":"<p>Le Isole Marshall, chiamate in lingua marshallese \u1e42aje\u1e37, ufficialmente note come Repubblica delle Isole Marshall (Aolep\u0101n Aor\u014dkin \u1e42aje\u1e37), sono uno stato insulare sovrano situato nella regione della Micronesia, nell&#039;Oceano Pacifico nord-occidentale. Situate a ovest della linea di cambio di data e a nord dell&#039;equatore, le Isole Marshall sono una nazione distintiva con una ricca storia e caratteristiche geografiche uniche. La nazione \u00e8 composta da 29 atolli corallini e cinque isole, suddivise in due gruppi insulari: Ratak a est e Ralik a ovest. In particolare, il 97,87% del territorio nazionale \u00e8 costituito da acqua, il che lo rende lo stato sovrano con il pi\u00f9 alto rapporto tra acqua e terraferma.<\/p>","protected":false},"author":1,"featured_media":3354,"parent":24105,"menu_order":0,"comment_status":"closed","ping_status":"closed","template":"elementor_theme","meta":{"_eb_attr":"","footnotes":""},"class_list":["post-9611","page","type-page","status-publish","has-post-thumbnail"],"_links":{"self":[{"href":"https:\/\/travelshelper.com\/it\/wp-json\/wp\/v2\/pages\/9611","targetHints":{"allow":["GET"]}}],"collection":[{"href":"https:\/\/travelshelper.com\/it\/wp-json\/wp\/v2\/pages"}],"about":[{"href":"https:\/\/travelshelper.com\/it\/wp-json\/wp\/v2\/types\/page"}],"author":[{"embeddable":true,"href":"https:\/\/travelshelper.com\/it\/wp-json\/wp\/v2\/users\/1"}],"replies":[{"embeddable":true,"href":"https:\/\/travelshelper.com\/it\/wp-json\/wp\/v2\/comments?post=9611"}],"version-history":[{"count":0,"href":"https:\/\/travelshelper.com\/it\/wp-json\/wp\/v2\/pages\/9611\/revisions"}],"up":[{"embeddable":true,"href":"https:\/\/travelshelper.com\/it\/wp-json\/wp\/v2\/pages\/24105"}],"wp:featuredmedia":[{"embeddable":true,"href":"https:\/\/travelshelper.com\/it\/wp-json\/wp\/v2\/media\/3354"}],"wp:attachment":[{"href":"https:\/\/travelshelper.com\/it\/wp-json\/wp\/v2\/media?parent=9611"}],"curies":[{"name":"wp","href":"https:\/\/api.w.org\/{rel}","templated":true}]}}