{"id":9583,"date":"2024-09-08T19:33:00","date_gmt":"2024-09-08T19:33:00","guid":{"rendered":"https:\/\/travelshelper.com\/staging\/?page_id=9583"},"modified":"2026-03-13T23:17:37","modified_gmt":"2026-03-13T23:17:37","slug":"vanuatu","status":"publish","type":"page","link":"https:\/\/travelshelper.com\/it\/destinations\/australia-and-oceania\/vanuatu\/","title":{"rendered":"Vanuatu"},"content":{"rendered":"<p>Vanuatu, ufficialmente Repubblica di Vanuatu, \u00e8 un&#039;affascinante nazione insulare situata nella regione centrale della Melanesia, nell&#039;Oceano Pacifico meridionale. Questo arcipelago, noto per le sue origini vulcaniche, si trova a 1.750 chilometri (1.090 miglia) a est dell&#039;Australia settentrionale, 540 chilometri (340 miglia) a nord-est della Nuova Caledonia, a est della Nuova Guinea, a sud-est delle Isole Salomone e a ovest delle Figi. La posizione geografica unica di Vanuatu ha portato a una convergenza di influenze culturali, rendendolo cos\u00ec un importante paese del Pacifico.<\/p>\n<p>La storia di Vanuatu \u00e8 strettamente intrecciata con quella del popolo melanesiano che per primo si insedi\u00f2 sulle isole migliaia di anni fa. I primi immigrati portarono con s\u00e9 sofisticati costumi culturali e lingue che sono durati nel tempo. Il primo contatto europeo con Vanuatu avvenne nel 1606, quando una spedizione spagnola si diresse verso l&#039;isola pi\u00f9 grande, Esp\u00edritu Santo, sotto la guida del navigatore portoghese Fernandes de Queir\u00f3s. Ispirato dal fascino e dalle opportunit\u00e0 dell&#039;isola, Queir\u00f3s rivendic\u00f2 la sovranit\u00e0 della Spagna sull&#039;arcipelago come parte delle Indie Orientali spagnole coloniali, designando cos\u00ec l&#039;isola come La Austrialia del Esp\u00edritu Santo. Sebbene ci sarebbero voluti secoli prima che significative attivit\u00e0 coloniali emergessero, questo segn\u00f2 l&#039;inizio dell&#039;interazione europea con l&#039;area.<\/p>\n<p>Verso la fine del XIX secolo, l&#039;interazione europea con le isole del Pacifico, tra cui Vanuatu, era in aumento. Francia e Regno Unito avevano rivendicato territori dell&#039;arcipelago negli anni &#039;80 del XIX secolo. L&#039;incontro di interessi diede vita a un quadro coloniale unico nel suo genere nel 1906, quando entrambe le nazioni accettarono di monitorare congiuntamente le isole nell&#039;ambito di un condominio anglo-francese noto come Nuove Ebridi. Poich\u00e9 due diverse potenze coloniali, ciascuna caratterizzata da lingue, sistemi legali e tecniche amministrative peculiari, dovevano cooperare, questo accordo si distinse nella storia coloniale. Il periodo dei condomini diede vita a una struttura di governance complessa e spesso controversa che pose infine le basi per la moderna scena politica di Vanuatu.<\/p>\n<p>Vanuatu non fa eccezione a questa regola: la met\u00e0 del XX secolo fu un periodo di grandi sconvolgimenti e cambiamenti a livello globale. Spinto dalla crescente consapevolezza dell&#039;identit\u00e0 nazionale e da un forte desiderio di autodeterminazione, negli anni &#039;70 emerse un movimento indipendentista. Sottolineando l&#039;impegno degli isolani a ottenere la libert\u00e0 attraverso la comunicazione e la cooperazione, il movimento si concentr\u00f2 chiaramente su manifestazioni e negoziati non violenti. Dopo anni di lavoro, questi sforzi si concretizzarono nel 1980 e nacque la Repubblica di Vanuatu. La svolta verso l&#039;indipendenza avvenne in modo piuttosto naturale, consentendo al giovane Paese di affermarsi rapidamente sulla scena mondiale.<\/p>\n<p>Vanuatu ha interagito metodicamente con la comunit\u00e0 internazionale sin dall&#039;ottenimento dell&#039;indipendenza, attestando l&#039;appartenenza a diversi gruppi di rilievo. Aderendo alle Nazioni Unite, il paese ha dimostrato il suo impegno per la pace mondiale e i progetti di gruppo. Essendo parte del Commonwealth delle Nazioni, Vanuatu mantiene forti legami con altre ex colonie britanniche, sfruttando il loro comune background culturale e storico. La sua appartenenza all&#039;Organizzazione Internazionale della Francofonia dimostra anche i suoi legami storici con il colonialismo francese e la continua influenza della lingua e della cultura francese. Vanuatu \u00e8 membro del Pacific Islands Forum, un organismo regionale volto a promuovere la cooperazione e lo sviluppo tra i paesi delle isole del Pacifico.<\/p>\n<p>Una qualit\u00e0 particolarmente notevole di Vanuatu \u00e8 la sua grande variet\u00e0 culturale. Con oltre 100 lingue indigene, il paese \u00e8 tra le nazioni linguisticamente pi\u00f9 variegate al mondo. Una gamma dinamica di pratiche culturali, tra cui musica e danza antiche, nonch\u00e9 riti e cerimonie unici, accentua la diversit\u00e0 linguistica. Con rigogliose foreste pluviali, spiagge incontaminate e vulcani attivi che si aggiungono a una variet\u00e0 di scenari mozzafiato ed ecosistemi variegati, la bellezza naturale del paese \u00e8 un&#039;attrattiva ineguagliabile.<\/p>\n<p>L&#039;economia di Vanuatu si basa essenzialmente sui servizi finanziari offshore, sul turismo e sull&#039;agricoltura. Il ricco terreno vulcanico facilita la coltivazione di una variet\u00e0 di colture, tra cui caff\u00e8, cacao e noci di cocco, tutte importanti esportazioni. I visitatori attratti dalla straordinaria bellezza naturale delle isole, dal loro variegato patrimonio culturale e dalle opportunit\u00e0 di svago e avventura stanno trainando la crescita del settore turistico.<\/p>","protected":false},"excerpt":{"rendered":"<p>Vanuatu, ufficialmente Repubblica di Vanuatu, \u00e8 un&#039;affascinante nazione insulare situata nella regione centrale della Melanesia, nell&#039;Oceano Pacifico meridionale. Questo arcipelago, noto per le sue origini vulcaniche, si trova a 1.750 chilometri (1.090 miglia) a est dell&#039;Australia settentrionale, 540 chilometri (340 miglia) a nord-est della Nuova Caledonia, a est della Nuova Guinea, a sud-est delle Isole Salomone e a ovest delle Figi. La posizione geografica unica di Vanuatu ha portato a una convergenza di influenze culturali, rendendolo cos\u00ec un importante paese del Pacifico.<\/p>","protected":false},"author":1,"featured_media":4267,"parent":24105,"menu_order":0,"comment_status":"closed","ping_status":"closed","template":"elementor_theme","meta":{"_eb_attr":"","footnotes":""},"class_list":["post-9583","page","type-page","status-publish","has-post-thumbnail"],"_links":{"self":[{"href":"https:\/\/travelshelper.com\/it\/wp-json\/wp\/v2\/pages\/9583","targetHints":{"allow":["GET"]}}],"collection":[{"href":"https:\/\/travelshelper.com\/it\/wp-json\/wp\/v2\/pages"}],"about":[{"href":"https:\/\/travelshelper.com\/it\/wp-json\/wp\/v2\/types\/page"}],"author":[{"embeddable":true,"href":"https:\/\/travelshelper.com\/it\/wp-json\/wp\/v2\/users\/1"}],"replies":[{"embeddable":true,"href":"https:\/\/travelshelper.com\/it\/wp-json\/wp\/v2\/comments?post=9583"}],"version-history":[{"count":0,"href":"https:\/\/travelshelper.com\/it\/wp-json\/wp\/v2\/pages\/9583\/revisions"}],"up":[{"embeddable":true,"href":"https:\/\/travelshelper.com\/it\/wp-json\/wp\/v2\/pages\/24105"}],"wp:featuredmedia":[{"embeddable":true,"href":"https:\/\/travelshelper.com\/it\/wp-json\/wp\/v2\/media\/4267"}],"wp:attachment":[{"href":"https:\/\/travelshelper.com\/it\/wp-json\/wp\/v2\/media?parent=9583"}],"curies":[{"name":"wp","href":"https:\/\/api.w.org\/{rel}","templated":true}]}}