{"id":9577,"date":"2024-09-08T19:25:43","date_gmt":"2024-09-08T19:25:43","guid":{"rendered":"https:\/\/travelshelper.com\/staging\/?page_id=9577"},"modified":"2026-03-13T23:08:33","modified_gmt":"2026-03-13T23:08:33","slug":"apia","status":"publish","type":"page","link":"https:\/\/travelshelper.com\/it\/destinations\/australia-and-oceania\/samoa\/apia\/","title":{"rendered":"Apia"},"content":{"rendered":"<p>Situata sulla seconda isola pi\u00f9 grande di Samoa, sulla costa centro-settentrionale, Apia, la vivace capitale, \u00e8 un mix speciale di tradizione culturale e sviluppo moderno. Appartenente al distretto politico di Tuamasaga, Apia \u00e8 l&#039;unica citt\u00e0 del paese a essere il centro politico, economico e culturale di Samoa. Questa introduzione esamina la topografia, il clima, le infrastrutture e il fulcro delle attivit\u00e0 sul Pacifico che caratterizzano la citt\u00e0.<\/p>\n<p>Con una popolazione di circa 35.974 abitanti secondo il censimento del 2021, i confini geografici di Apia si estendono dal villaggio di Letogo a est fino all&#039;area industrializzata del villaggio di Vaitele a ovest. Strategicamente situata su un porto naturale alla foce del fiume Vaisigano, la citt\u00e0 offre uno scenario mozzafiato con il Monte Vaea, ultima dimora dell&#039;eminente scrittore Robert Louis Stevenson, che si erge maestoso a sud. Due ampie creste che si estendono a sud su entrambe le sponde del fiume definiscono lo skyline della citt\u00e0; strade come la Cross Island Road, una delle poche arterie che attraversano l&#039;isola da nord a sud, si snodano attraverso queste creste.<\/p>\n<p>Apia rientra nella classificazione climatica di K\u00f6ppen come &#034;Af&#034; e presenta un ambiente di foresta pluviale tropicale. Temperature costanti tutto l&#039;anno, con una media di circa 26 \u00b0C (79 \u00b0F), caratterizzano questo ambiente. La citt\u00e0 ha una stagione umida e una secca ben definite; luglio e agosto sono i mesi pi\u00f9 secchi, con una media di precipitazioni di circa 80 millimetri. A titolo di confronto, il periodo pi\u00f9 umido va da dicembre a marzo e le precipitazioni mensili superano solitamente i 300 millilitri. L&#039;ambiente tropicale di Apia non definisce il suo clima; piuttosto, sono gli alisei e i cicloni sporadici a plasmarlo, producendo quindi modelli meteorologici distintivi. La citt\u00e0 riceve circa 3.000 millilitri di pioggia all&#039;anno, che favoriscono ricchi ecosistemi e una vegetazione rigogliosa.<\/p>\n<p>Di fondamentale importanza per il commercio estero di Samoa, il porto di Apia \u00e8 il pi\u00f9 grande e trafficato del paese. Oltre ai traghetti che collegano Tokelau e le Samoa Americane, accoglie gas GPL, importazioni di carburante e navi portacontainer. Questo porto trafficato sottolinea l&#039;importanza di Apia come porta d&#039;accesso per persone e commercio, favorendo cos\u00ec l&#039;interazione culturale e lo sviluppo economico.<\/p>\n<p>L&#039;infrastruttura di trasporto della citt\u00e0 \u00e8 piuttosto sviluppata e presenta una rete stradale generalmente ben mantenuta. Mentre le strade sterrate servono un traffico meno regolare, la maggior parte delle strade principali sono asfaltate. In conformit\u00e0 con gli standard regionali, i veicoli guidano sul lato sinistro della strada dal settembre 2009. Il governo samoano ha avviato una significativa revisione delle arterie che circondano l&#039;area urbana di Apia nel 2012, ampliando progressivamente importanti autostrade per gestire i crescenti carichi di traffico.<\/p>\n<p>Apia \u00e8 servita da un&#039;ampia rete di autobus e taxi privatizzati, sebbene non ci siano ferrovie o tram. All&#039;interno della citt\u00e0, camminare \u00e8 ancora un mezzo di trasporto diffuso; le persone percorrono abitualmente brevi distanze a piedi. Sebbene motociclette e biciclette siano piuttosto rare, l&#039;aumento del numero di automobili ha causato congestione del traffico e, di conseguenza, ingenti spese per le infrastrutture stradali.<\/p>\n<p>Il principale ingresso estero per Samoa \u00e8 l&#039;aeroporto internazionale di Faleolo, a quaranta minuti di auto a ovest di Apia. Importanti compagnie aeree nazionali come Polynesian Airlines e Talofa Airways servono Samoa con l&#039;area pi\u00f9 ampia del Pacifico e oltre. Anche l&#039;aeroporto pi\u00f9 piccolo di Fagali, l&#039;aeroporto di Fagali&#039;i, ha storicamente consentito voli interni e alcune rotte internazionali per Pago Pago nelle Samoa Americane, migliorando cos\u00ec i collegamenti sia per i residenti che per i turisti.<\/p>","protected":false},"excerpt":{"rendered":"<p>Situata sulla seconda isola pi\u00f9 grande di Samoa, sulla costa centro-settentrionale, Apia, la vivace capitale, \u00e8 un mix speciale di tradizione culturale e sviluppo moderno. Appartenente al distretto politico di Tuamasaga, Apia \u00e8 l&#039;unica citt\u00e0 del paese a essere il centro politico, economico e culturale di Samoa. Questa introduzione esamina la topografia, il clima, le infrastrutture e il fulcro delle attivit\u00e0 sul Pacifico che caratterizzano la citt\u00e0.<\/p>","protected":false},"author":1,"featured_media":4230,"parent":9568,"menu_order":0,"comment_status":"closed","ping_status":"closed","template":"elementor_theme","meta":{"_eb_attr":"","footnotes":""},"class_list":["post-9577","page","type-page","status-publish","has-post-thumbnail"],"_links":{"self":[{"href":"https:\/\/travelshelper.com\/it\/wp-json\/wp\/v2\/pages\/9577","targetHints":{"allow":["GET"]}}],"collection":[{"href":"https:\/\/travelshelper.com\/it\/wp-json\/wp\/v2\/pages"}],"about":[{"href":"https:\/\/travelshelper.com\/it\/wp-json\/wp\/v2\/types\/page"}],"author":[{"embeddable":true,"href":"https:\/\/travelshelper.com\/it\/wp-json\/wp\/v2\/users\/1"}],"replies":[{"embeddable":true,"href":"https:\/\/travelshelper.com\/it\/wp-json\/wp\/v2\/comments?post=9577"}],"version-history":[{"count":0,"href":"https:\/\/travelshelper.com\/it\/wp-json\/wp\/v2\/pages\/9577\/revisions"}],"up":[{"embeddable":true,"href":"https:\/\/travelshelper.com\/it\/wp-json\/wp\/v2\/pages\/9568"}],"wp:featuredmedia":[{"embeddable":true,"href":"https:\/\/travelshelper.com\/it\/wp-json\/wp\/v2\/media\/4230"}],"wp:attachment":[{"href":"https:\/\/travelshelper.com\/it\/wp-json\/wp\/v2\/media?parent=9577"}],"curies":[{"name":"wp","href":"https:\/\/api.w.org\/{rel}","templated":true}]}}