{"id":9549,"date":"2024-09-08T18:35:53","date_gmt":"2024-09-08T18:35:53","guid":{"rendered":"https:\/\/travelshelper.com\/staging\/?page_id=9549"},"modified":"2026-03-13T23:18:06","modified_gmt":"2026-03-13T23:18:06","slug":"tuvalu","status":"publish","type":"page","link":"https:\/\/travelshelper.com\/it\/destinations\/australia-and-oceania\/tuvalu\/","title":{"rendered":"Tuvalu"},"content":{"rendered":"<p>Tuvalu, precedentemente nota come Isole Ellice, \u00e8 una piccola nazione insulare situata nella subregione polinesiana dell&#039;Oceania, nell&#039;Oceano Pacifico. Strategicamente a met\u00e0 strada tra le Hawaii e l&#039;Australia, questa insolita nazione presenta una meravigliosa fusione di importanza geografica e culturale. A est-nord-est delle Isole Santa Cruz, appartenenti alle Isole Salomone, Tuvalu si trova a nord-est di Vanuatu, a sud-est di Nauru, a sud di Kiribati, a ovest di Tokelau, a nord-ovest di Samoa e Wallis e Futuna, e a nord delle Figi. Sia per la ricerca storica che per quella moderna, Tuvalu \u00e8 un punto di interesse fondamentale, poich\u00e9 la sua posizione la pone al crocevia di culture e storie del Pacifico.<\/p>\n<p>Composto da tre isole coralline e sei atolli che si estendono tra i 5\u00b0 e i 10\u00b0 di latitudine sud e tra i 176\u00b0 e i 180\u00b0 di longitudine, il paese occupa una posizione geografica speciale nella geografia mondiale, trovandosi a ovest della linea internazionale del cambio di data. Subito dopo la Citt\u00e0 del Vaticano, Tuvalu contava 10.645 abitanti al censimento del 2017, il che la rende la seconda nazione meno popolosa al mondo. \u00c8 la nazione meno popolosa in cui l&#039;inglese \u00e8 la lingua ufficiale; sebbene si estenda per soli 26 chilometri quadrati (10 miglia quadrate), il valore culturale e ambientale di Tuvalu \u00e8 notevole nonostante le sue piccole dimensioni.<\/p>\n<p>Arrivati \u200b\u200bcome parte della pi\u00f9 ampia migrazione dei polinesiani nel Pacifico, un movimento iniziato circa tremila anni fa, i polinesiani furono i primi occupanti di Tuvalu. Sfruttando il loro talento per navigare tra le isole a bordo di canoe a vela a doppio scafo o canoe a bilanciere, questi primi coloni erano abili navigatori. Gli studiosi ritengono che i polinesiani migrarono da Samoa e Tonga verso gli atolli di Tuvaluan, fungendo da trampolino di lancio per ulteriori migrazioni verso le isole polinesiane in Melanesia e Micronesia. Nel pi\u00f9 ampio contesto dell&#039;esplorazione e della diffusione culturale polinesiana, questa ricca eredit\u00e0 di navigazione e insediamento sottolinea l&#039;importanza di Tuvalu.<\/p>\n<p>Quando l&#039;avventuriero e cartografo spagnolo \u00c1lvaro de Menda\u00f1a divenne il primo europeo di cui si abbia notizia ad attraversare l&#039;arcipelago, avvistando l&#039;isola di Nui durante la sua missione alla ricerca della Terra Australis, l&#039;interazione europea con Tuvalu inizi\u00f2 nel 1569. Successivamente, l&#039;isola di Funafuti fu chiamata Isola di Ellice nel 1819; l&#039;idrologo inglese Alexander George Findlay in seguito chiam\u00f2 l&#039;intero arcipelago Isole Ellice. La Gran Bretagna rivendic\u00f2 l&#039;autorit\u00e0 sulle Isole Ellice alla fine del XIX secolo, includendole cos\u00ec nella sua sfera d&#039;influenza. Il capitano Herbert Gibson della HMS Curacoa dichiar\u00f2 ogni isola di Ellice un protettorato britannico tra il 9 e il 16 ottobre 1892. Come parte dei Territori Britannici del Pacifico Occidentale (BWPT), la Gran Bretagna nomin\u00f2 un commissario residente per sovrintendere alle isole; dal 1916 al 1975, rimasero sotto il controllo coloniale.<\/p>\n<p>Nel 1974, un referendum volto a decidere se le Isole Gilbert e le Isole Ellice dovessero avere governi separati segn\u00f2 una svolta nella storia di Tuvalu. Il risultato port\u00f2 allo scioglimento legale della colonia delle Isole Gilbert ed Ellice il 1\u00b0 ottobre 1975. Ufficialmente divise dal 1\u00b0 gennaio 1976, il governo istitu\u00ec due colonie britanniche separate: Kiribati e Tuvalu. Il 1\u00b0 ottobre 1978, Tuvalu ottenne la piena indipendenza come stato sovrano all&#039;interno del Commonwealth; \u00e8 una monarchia costituzionale guidata da Re Carlo III. Lo status di Tuvalu come paese indipendente sulla scena internazionale fu rafforzato dall&#039;adesione alle Nazioni Unite, avvenuta il 5 settembre 2000, come 189\u00b0 membro.<\/p>\n<p>Sebbene Tuvalu abbia una superficie limitata e risorse limitate, la pesca e le importazioni determinano gran parte della sua economia. Le isole hanno poco terreno, quindi l&#039;agricoltura \u00e8 difficile. Il rilascio di licenze di pesca alle imprese straniere, sovvenzioni e progetti di aiuto, e le rimesse dei marittimi tuvaluani che gestiscono navi cargo sostengono quindi l&#039;economia. Essendo una nazione insulare a bassa quota, Tuvalu \u00e8 altamente suscettibile agli effetti del cambiamento climatico, in particolare all&#039;innalzamento del livello del mare. Come membro dell&#039;Alleanza dei Piccoli Stati Insulari, la nazione partecipa attivamente ai negoziati internazionali sul clima, sostenendo maggiori azioni a livello mondiale per affrontare il cambiamento climatico e le sue conseguenze sui paesi sottosviluppati come Tuvalu.<\/p>","protected":false},"excerpt":{"rendered":"<p>Tuvalu, precedentemente nota come Isole Ellice, \u00e8 una piccola nazione insulare situata nella subregione polinesiana dell&#039;Oceania, nell&#039;Oceano Pacifico. Strategicamente a met\u00e0 strada tra le Hawaii e l&#039;Australia, questa insolita nazione presenta una meravigliosa fusione di importanza geografica e culturale. A est-nord-est delle Isole Santa Cruz, appartenenti alle Isole Salomone, Tuvalu si trova a nord-est di Vanuatu, a sud-est di Nauru, a sud di Kiribati, a ovest di Tokelau, a nord-ovest di Samoa e Wallis e Futuna, e a nord delle Figi. Sia per la ricerca storica che per quella moderna, Tuvalu \u00e8 un punto di interesse fondamentale, poich\u00e9 la sua posizione la pone al crocevia di culture e storie del Pacifico.<\/p>","protected":false},"author":1,"featured_media":3712,"parent":24105,"menu_order":0,"comment_status":"closed","ping_status":"closed","template":"elementor_theme","meta":{"_eb_attr":"","footnotes":""},"class_list":["post-9549","page","type-page","status-publish","has-post-thumbnail"],"_links":{"self":[{"href":"https:\/\/travelshelper.com\/it\/wp-json\/wp\/v2\/pages\/9549","targetHints":{"allow":["GET"]}}],"collection":[{"href":"https:\/\/travelshelper.com\/it\/wp-json\/wp\/v2\/pages"}],"about":[{"href":"https:\/\/travelshelper.com\/it\/wp-json\/wp\/v2\/types\/page"}],"author":[{"embeddable":true,"href":"https:\/\/travelshelper.com\/it\/wp-json\/wp\/v2\/users\/1"}],"replies":[{"embeddable":true,"href":"https:\/\/travelshelper.com\/it\/wp-json\/wp\/v2\/comments?post=9549"}],"version-history":[{"count":0,"href":"https:\/\/travelshelper.com\/it\/wp-json\/wp\/v2\/pages\/9549\/revisions"}],"up":[{"embeddable":true,"href":"https:\/\/travelshelper.com\/it\/wp-json\/wp\/v2\/pages\/24105"}],"wp:featuredmedia":[{"embeddable":true,"href":"https:\/\/travelshelper.com\/it\/wp-json\/wp\/v2\/media\/3712"}],"wp:attachment":[{"href":"https:\/\/travelshelper.com\/it\/wp-json\/wp\/v2\/media?parent=9549"}],"curies":[{"name":"wp","href":"https:\/\/api.w.org\/{rel}","templated":true}]}}