{"id":9534,"date":"2024-09-08T17:58:51","date_gmt":"2024-09-08T17:58:51","guid":{"rendered":"https:\/\/travelshelper.com\/staging\/?page_id=9534"},"modified":"2026-03-13T23:07:31","modified_gmt":"2026-03-13T23:07:31","slug":"tonga","status":"publish","type":"page","link":"https:\/\/travelshelper.com\/it\/destinations\/australia-and-oceania\/tonga\/","title":{"rendered":"Tonga"},"content":{"rendered":"<p>Situata al centro della Polinesia, una sottoregione dell&#039;Oceania, Tonga \u00e8 un&#039;interessante nazione insulare formalmente nota come Regno di Tonga. Tonga \u00e8 una nazione bellissima e con un ricco patrimonio culturale. Composta da 171 isole, di cui solo 45 abitate, questa nazione insulare si estende per un&#039;ampia area nell&#039;Oceano Pacifico meridionale. La superficie totale di Tonga \u00e8 di soli 750.000 chilometri quadrati (290.000 miglia quadrate), eppure le sue isole sono sparse su una superficie di ben 700.000 chilometri quadrati (270.000 miglia quadrate). Nel 2021, circa il 70% dei 104.494 cittadini di Tonga vive sull&#039;isola principale, Tongatapu.<\/p>\n<p>Geograficamente, Tonga \u00e8 un arcipelago unico che si estende per circa 800 chilometri (500 miglia) da nord a sud. Tra i suoi vicini, Wallis e Futuna (Francia), le Figi a nord-ovest, Samoa a nord-est, Vanuatu e Nuova Caledonia (Francia) a ovest, Niue a est e Kermadec (Nuova Zelanda) a sud-ovest. A circa 1.800 chilometri (1.100 miglia) dall&#039;Isola del Nord della Nuova Zelanda, Tonga costituisce una parte significativa del complesso territorio geopolitico del Pacifico.<\/p>\n<p>Tanto intrigante quanto la topografia di Tonga \u00e8 la sua storia. La civilt\u00e0 Lapita, un gruppo di immigrati polinesiani, si insedi\u00f2 per la prima volta sulle isole circa 2.500 anni fa, gettando cos\u00ec le basi per il futuro popolo tongano. Creando progressivamente un&#039;identit\u00e0 etnica, una lingua e una cultura distinte, questi immigrati acquisirono una notevole importanza nel Pacifico meridionale. Conosciuto come l&#039;Impero Tu\u02bbi Tonga, il primo re tongano, `Aho\u02bbeitu, govern\u00f2 durante quest&#039;epoca di colonizzazione ed espansionismo tongano.<\/p>\n<p>Sotto &#039;Aho\u02bbeitu e i suoi successori, Tonga si evolse in una talassocrazia e in una potenza regionale con ampia influenza sul Pacifico. Da parti delle Isole Salomone e di tutta la Nuova Caledonia e le Figi a ovest, fino a Samoa, Niue e persino parti dell&#039;attuale Polinesia Francese a est, l&#039;Impero Tu\u02bbi Tonga soggiog\u00f2 e govern\u00f2 un territorio di notevoli dimensioni. L&#039;impero divenne noto per la sua influenza economica, etnica e culturale, che continu\u00f2 a lungo dopo la rivolta samoana del XIII secolo e la successiva scoperta europea delle isole nel 1616.<\/p>\n<p>Il rapporto unico di Tonga con le potenze coloniali ne definisce la storia moderna. Dal 1900 al 1970, Tonga fu uno stato protetto dal Regno Unito, protetto da un Trattato di Amicizia. Sebbene Tonga non abbia mai ceduto la propria sovranit\u00e0 a un paese straniero, il Regno Unito ne supervision\u00f2 la politica estera in quel periodo. Questo instancabile impegno per la sovranit\u00e0 \u00e8 la prova della volont\u00e0 del popolo tongano di preservare la propria libert\u00e0.<\/p>\n<p>Tonga ha compiuto un significativo passo avanti verso un governo moderno nel 2010, passando da una monarchia assoluta convenzionale a una monarchia semi-costituzionale. Questo cambiamento \u00e8 avvenuto in parte grazie alle riforme legislative che hanno aperto la strada alle prime elezioni rappresentative parziali del Paese. Questa evoluzione politica dimostra il costante impegno di Tonga nel bilanciare modernismo e tradizione, mantenendo cos\u00ec la rilevanza e la funzionalit\u00e0 dei suoi sistemi di governo nel XXI secolo.<\/p>\n<p>La presenza globale di Tonga \u00e8 testimoniata dalla sua appartenenza a diversi gruppi significativi. Fa parte delle Nazioni Unite, del Forum delle Isole del Pacifico, dell&#039;Alleanza dei Piccoli Stati Insulari e del Commonwealth delle Nazioni. Queste alleanze dimostrano l&#039;impegno di Tonga negli affari regionali e globali, nonch\u00e9 il suo impegno nell&#039;affrontare le sfide specifiche che le piccole nazioni insulari si trovano ad affrontare.<\/p>","protected":false},"excerpt":{"rendered":"<p>Situata al centro della Polinesia, una sottoregione dell&#039;Oceania, Tonga \u00e8 un&#039;interessante nazione insulare formalmente nota come Regno di Tonga. Tonga \u00e8 una nazione bellissima e con un ricco patrimonio culturale. Composta da 171 isole, di cui solo 45 abitate, questa nazione insulare si estende per un&#039;ampia area nell&#039;Oceano Pacifico meridionale. La superficie totale di Tonga \u00e8 di soli 750.000 chilometri quadrati (290.000 miglia quadrate), eppure le sue isole sono sparse su una superficie di ben 700.000 chilometri quadrati (270.000 miglia quadrate). Nel 2021, circa il 70% dei 104.494 cittadini di Tonga vive sull&#039;isola principale, Tongatapu.<\/p>","protected":false},"author":1,"featured_media":4050,"parent":24105,"menu_order":0,"comment_status":"closed","ping_status":"closed","template":"elementor_theme","meta":{"_eb_attr":"","footnotes":""},"class_list":["post-9534","page","type-page","status-publish","has-post-thumbnail"],"_links":{"self":[{"href":"https:\/\/travelshelper.com\/it\/wp-json\/wp\/v2\/pages\/9534","targetHints":{"allow":["GET"]}}],"collection":[{"href":"https:\/\/travelshelper.com\/it\/wp-json\/wp\/v2\/pages"}],"about":[{"href":"https:\/\/travelshelper.com\/it\/wp-json\/wp\/v2\/types\/page"}],"author":[{"embeddable":true,"href":"https:\/\/travelshelper.com\/it\/wp-json\/wp\/v2\/users\/1"}],"replies":[{"embeddable":true,"href":"https:\/\/travelshelper.com\/it\/wp-json\/wp\/v2\/comments?post=9534"}],"version-history":[{"count":0,"href":"https:\/\/travelshelper.com\/it\/wp-json\/wp\/v2\/pages\/9534\/revisions"}],"up":[{"embeddable":true,"href":"https:\/\/travelshelper.com\/it\/wp-json\/wp\/v2\/pages\/24105"}],"wp:featuredmedia":[{"embeddable":true,"href":"https:\/\/travelshelper.com\/it\/wp-json\/wp\/v2\/media\/4050"}],"wp:attachment":[{"href":"https:\/\/travelshelper.com\/it\/wp-json\/wp\/v2\/media?parent=9534"}],"curies":[{"name":"wp","href":"https:\/\/api.w.org\/{rel}","templated":true}]}}