{"id":9165,"date":"2024-09-07T15:39:47","date_gmt":"2024-09-07T15:39:47","guid":{"rendered":"https:\/\/travelshelper.com\/staging\/?page_id=9165"},"modified":"2026-03-13T16:03:17","modified_gmt":"2026-03-13T16:03:17","slug":"san-cristobal","status":"publish","type":"page","link":"https:\/\/travelshelper.com\/it\/destinations\/north-america\/dominican-republic\/san-cristobal\/","title":{"rendered":"San Cristobal"},"content":{"rendered":"<p>San Crist\u00f3bal, situata nell&#039;estremit\u00e0 meridionale della Repubblica Dominicana, occupa una fertile valle ai piedi della Cordigliera Centrale, incastonata tra i corsi tortuosi dei fiumi Nigua e Nizao, a circa trenta chilometri a ovest lungo la DR-2 dalla capitale. Capoluogo dell&#039;omonima provincia, presiede l&#039;unico distretto subordinato di Hato Damas. Il suo clima tropicale monsonico, caratterizzato da temperature miti tutto l&#039;anno e piogge torrenziali da maggio a novembre, plasma sia i ritmi della vita quotidiana sia i contorni del suo territorio verdeggiante e ondulato.<\/p>\n<p>Fin dai suoi albori, San Crist\u00f3bal fu testimone di epoche di trasformazione. Il secondo viaggio di Cristoforo Colombo, nel 1493, port\u00f2 gli occhi degli europei su questi pendii e, nel secolo successivo, ranch e haciendas de canna da zucchero iniziarono a proliferare lungo le fertili pianure tra i fiumi Haina e Nigua. La tradizione vuole che Miguel D\u00edaz, fuggitivo dalle dure pene di La Isabela, abbia scoperto qui giacimenti auriferi grazie alla guida della sua sposa indigena, Catalina. Il suo ritorno a La Isabela catalizz\u00f2 la decisione della Corona spagnola di fondare Fort Buenaventura, presto ribattezzato San Crist\u00f3bal in omaggio all&#039;ammiraglio, gettando cos\u00ec le basi per un insediamento la cui chiesa parrocchiale, San Gregorio de Nigua, eretta nel 1782, rimane tra i suoi edifici pi\u00f9 antichi.<\/p>\n<p>Il diciannovesimo secolo aggiunse strati di significato storico. Nel 1844, la costituzione della nascente Repubblica Dominicana fu solennizzata nel quartiere di San Crist\u00f3bal, consolidandone il ruolo di crogiolo di sovranit\u00e0 nazionale. Le strade e le piazze compatte della citt\u00e0 furono testimoni di quel fervente raduno di delegati, le cui firme furono una testimonianza indelebile della determinazione di una nazione nascente. All&#039;interno di questi quartieri, la solenne sala che ospit\u00f2 i firmatari permane nella memoria collettiva, sebbene le strutture circostanti siano state riconfigurate dal costante avanzare del tempo.<\/p>\n<p>Eppure \u00e8 il XX secolo a proiettare spesso l&#039;ombra pi\u00f9 lunga. Nel 1891 Rafael Le\u00f3nidas Trujillo Molina, che avrebbe assunto un governo autoritario trentennale, nacque entro i confini di San Crist\u00f3bal. La presenza del dittatore impresse il paesaggio urbano con monumenti al tempo stesso grandiosi e ostentati, tra cui il Balneario La Toma, un complesso turistico concepito come vetrina di modernit\u00e0 ricreativa, e il Parque Piedras Vivas, un colonnato di pietre provenienti da ogni provincia dominicana, eretto in omaggio autocelebrativo. Propriet\u00e0 private legate alla sua famiglia \u2013 El Castillo El Cerro, La Casa de Playa de Najayo (spesso chiamata Casa de Marfil), La Hacienda Mar\u00eda o Casa Blanca, e la sontuosa Casa de Caoba \u2013 un tempo simboleggiavano il suo dominio; oggi, sebbene ancora esistenti, queste strutture portano i segni dell&#039;incuria, con le facciate che si sgretolano come vestigia di un capitolo che molti avrebbero preferito non fosse mai stato scritto.<\/p>\n<p>La morte di Trujillo nel 1961 \u2013 ucciso a colpi d&#039;arma da fuoco da una banda di cospiratori mentre era in viaggio verso San Crist\u00f3bal \u2013 segn\u00f2 la brusca fine del regime autoritario, eppure la sua eredit\u00e0 architettonica rimane intessuta nel tessuto urbano. Mentre il resort di La Toma attrae ancora turisti locali in cerca di un rapido sollievo costiero e il parco di Piedras Vivas si erge come un monumento involontario all&#039;arroganza e all&#039;unit\u00e0, innumerevoli piccole imprese stanno sorgendo lungo le vie principali, a dimostrazione di un impulso civico a recuperare e riutilizzare gli spazi di un passato travagliato.<\/p>\n<p>Geograficamente, San Crist\u00f3bal presenta un quadro variegato. I fondovalle, irrigati da affluenti che convergono al Nizao, ospitano piccole piantagioni: campi di cipolle nelle pianure di Najayo-Palenque, piantagioni di caff\u00e8 che costeggiano i pendii montuosi pi\u00f9 vicini e agrumeti a Villa Altagracia. Oltre la cintura agricola, un corridoio industriale pulsa di attivit\u00e0. La fabbrica Maggi della Nestl\u00e9, l&#039;impianto di trasformazione di Goya Foods e gli stabilimenti del gruppo Sancela Family occupano posizioni di rilievo, a cui si aggiungono un parco industriale del vetro, lo stabilimento di tubature CEDELCA e laboratori di marmo e piastrelle sotto le insegne di Marmotech, Tecnotiles e Star Marble. Una zona franca per l&#039;armeria e diverse linee di produzione leggera completano il mosaico. Tuttavia, grazie alla vicinanza con Santo Domingo, una parte significativa della popolazione si imbarca quotidianamente per la capitale o per i centri limitrofi come Bajo de Haina e Nigua; il loro esodo \u00e8 una testimonianza quotidiana del magnetismo metropolitano.<\/p>\n<p>Dal punto di vista economico, San Crist\u00f3bal si colloca al quinto posto tra i centri urbani del paese, una distinzione che si riflette nell&#039;ampio spettro del suo commercio. L&#039;industria all&#039;interno del comune e delle zone franche adiacenti coesiste con le imprese agricole e le attivit\u00e0 portuali di Bajo de Haina e Palenque. I brulicanti magazzini delle zone franche, dove le merci destinate all&#039;esportazione si muovono in una processione regolata, smentiscono la silenziosa diligenza degli agricoltori che raccolgono le ciliegie di caff\u00e8 dalle alture boscose o si raggruppano tra i teneri germogli dei campi di cipolle. La giustapposizione di industria pesante e modesta coltivazione definisce un&#039;economia equilibrata, che non reclama esclusivamente megaprogetti n\u00e9 sussiste esclusivamente grazie al flusso e riflusso dei raccolti stagionali.<\/p>\n<p>Il turismo, principalmente nazionale, apporta ulteriore vitalit\u00e0. La spiaggia di Najayo invita le famiglie a oziare sulla sua sabbia e ad avventurarsi tra le calde onde del mare, mentre la costa di Palenque offre un rifugio pi\u00f9 appartato. Nell&#039;entroterra, le piscine e le aree picnic dei Balnearios de La Toma attirano gli escursionisti, e le Cuevas del Pomier, una rete di caverne punteggiate di incisioni rupestri precolombiane, offrono uno sguardo sugli antichi abitanti dell&#039;isola. I fiumi Haina e Nizao, che serpeggiano attraverso canyon ombreggiati da alberi di mango e ceiba, offrono anfiteatri naturali per nuotatori e pescatori, e le loro correnti limpide ricordano un tempo in cui la valle echeggiava solo del canto degli uccelli.<\/p>\n<p>In linea con le sue molteplici attivit\u00e0, San Crist\u00f3bal ha sviluppato un solido sistema di telecomunicazioni. I principali operatori telefonici nazionali mantengono la piena operativit\u00e0 e i servizi televisivi via cavo e via satellite sono ampiamente disponibili, consentendo ai residenti non solo di rimanere connessi all&#039;interno della repubblica, ma anche di essere al corrente dei dibattiti globali. Nei bar e nei piccoli negozi, i cittadini utilizzano laptop e dispositivi mobili, estendendo la portata della valle oltre i suoi limiti fisici attraverso arterie digitali.<\/p>\n<p>Nel corso della sua evoluzione, San Crist\u00f3bal ha assorbito strati successivi di identit\u00e0: insediamento precoloniale, agricoltura coloniale, crogiolo rivoluzionario, vetrina di un dittatore, potenza industriale e rifugio domestico. Ogni strato accresce anzich\u00e9 cancellare gli altri, dando vita a un palinsesto che resiste a una facile caratterizzazione. Passeggiando lungo Avenida Espa\u00f1a, si pu\u00f2 passare dalla facciata ornata, seppur fatiscente, dell&#039;ex residenza di Trujillo alle scintillanti catene di montaggio della moderna industria manifatturiera, in una transizione cos\u00ec brusca da invitare a riflettere sulle molteplici traiettorie del progresso e del potere.<\/p>\n<p>Nella penombra dell&#039;alba, la valle emana una calma quasi meditativa. I commercianti si preparano a spedire carichi di cipolle destinati a mercati lontani; i cancelli delle fabbriche si spalancano mentre gli operai convergono sotto gli striscioni che annunciano i cambi di turno; le acque del Nizao, setose sotto un sole precoce, mormorano contro le pietre levigate da secoli di passaggio. A mezzogiorno, la metropoli ronza a piena capacit\u00e0, e verso sera le rive dei fiumi si riempiono di risate e canti. Questo \u00e8 il balletto ciclico di San Crist\u00f3bal: una citt\u00e0 i cui contorni sono definiti dall&#039;acqua e dalle creste delle montagne, la cui storia \u00e8 incisa su pietre vive e cadute da tempo, e il cui futuro rimane vibrante e imprevedibile come le rapide che ne scolpiscono i confini.<\/p>\n<p>Attraversare San Crist\u00f3bal significa imbattersi in una sincronicit\u00e0 di motivi \u2013 genesi politica, intraprendenza coloniale, residui del dispotismo, vigore industriale e sollievo turistico \u2013 intrecciati in un arazzo al tempo stesso antico e emergente. La valle, cullata dalle montagne e attraversata dai fiumi, ospita una popolazione il cui lavoro e il cui tempo libero sono indissolubilmente legati alla terra. Qui, i firmatari della costituzione un tempo giurarono libert\u00e0; qui, un dittatore costru\u00ec monumenti alla propria immagine; qui, gli artigiani scolpiscono lastre di marmo mentre le famiglie piantano piantine di caff\u00e8. \u00c8 in questo intreccio di tradizione e slancio che San Crist\u00f3bal rivela la sua essenza: un luogo al tempo stesso riflessivo e anticipatore, dove il peso della storia sostiene la promessa del domani.<\/p>","protected":false},"excerpt":{"rendered":"<p>San Crist\u00f3bal \u00e8 una citt\u00e0 dinamica situata nella parte meridionale della Repubblica Dominicana. La citt\u00e0 \u00e8 il capoluogo della provincia di San Crist\u00f3bal, situata in una valle panoramica ai piedi della Cordigliera Centrale, delimitata dai fiumi Nigua e Nizao. Il comune comprende un distretto municipale chiamato Hato Damas.<\/p>","protected":false},"author":1,"featured_media":3743,"parent":9128,"menu_order":0,"comment_status":"closed","ping_status":"closed","template":"elementor_theme","meta":{"_eb_attr":"","footnotes":""},"class_list":["post-9165","page","type-page","status-publish","has-post-thumbnail"],"_links":{"self":[{"href":"https:\/\/travelshelper.com\/it\/wp-json\/wp\/v2\/pages\/9165","targetHints":{"allow":["GET"]}}],"collection":[{"href":"https:\/\/travelshelper.com\/it\/wp-json\/wp\/v2\/pages"}],"about":[{"href":"https:\/\/travelshelper.com\/it\/wp-json\/wp\/v2\/types\/page"}],"author":[{"embeddable":true,"href":"https:\/\/travelshelper.com\/it\/wp-json\/wp\/v2\/users\/1"}],"replies":[{"embeddable":true,"href":"https:\/\/travelshelper.com\/it\/wp-json\/wp\/v2\/comments?post=9165"}],"version-history":[{"count":0,"href":"https:\/\/travelshelper.com\/it\/wp-json\/wp\/v2\/pages\/9165\/revisions"}],"up":[{"embeddable":true,"href":"https:\/\/travelshelper.com\/it\/wp-json\/wp\/v2\/pages\/9128"}],"wp:featuredmedia":[{"embeddable":true,"href":"https:\/\/travelshelper.com\/it\/wp-json\/wp\/v2\/media\/3743"}],"wp:attachment":[{"href":"https:\/\/travelshelper.com\/it\/wp-json\/wp\/v2\/media?parent=9165"}],"curies":[{"name":"wp","href":"https:\/\/api.w.org\/{rel}","templated":true}]}}