{"id":8997,"date":"2024-09-06T20:44:09","date_gmt":"2024-09-06T20:44:09","guid":{"rendered":"https:\/\/travelshelper.com\/staging\/?page_id=8997"},"modified":"2026-03-13T17:19:57","modified_gmt":"2026-03-13T17:19:57","slug":"berkeley-springs","status":"publish","type":"page","link":"https:\/\/travelshelper.com\/it\/destinations\/north-america\/united-states\/berkeley-springs\/","title":{"rendered":"Berkeley Springs"},"content":{"rendered":"<p>Berkeley Springs (ufficialmente la citt\u00e0 di Bath) \u00e8 una piccola e storica cittadina turistica incastonata tra le colline appalachiane della Virginia Occidentale. La sua popolazione \u00e8 inferiore a 1.000 abitanti (circa 899 al censimento del 2020) ed \u00e8 una delle citt\u00e0 capoluogo pi\u00f9 piccole degli Stati Uniti. Situata nell&#039;Eastern Panhandle (contea di Morgan), la citt\u00e0 sorge alla foce del Warm Spring Run a 208 metri di altitudine, circondata da colline e montagne boscose. La contea di Washington, nel Maryland, confina a poche miglia a nord attraverso il fiume Potomac. La geografia conferisce a Berkeley Springs un fascino rurale: il terreno circostante si erge ripidamente (in particolare il monte Cacapon, alto circa 700 metri), e a 42 km a sud-est si trova Martinsburg, in Virginia Occidentale, mentre a 58 km a est si trova Hagerstown, nel Maryland.<\/p>\n<p><strong>Berkeley Springs in numeri:<\/strong> Questo \u00e8 il profilo di una piccola citt\u00e0:<\/p>\n<ul>\n<li><strong>Popolazione:<\/strong> Circa 900 (2020), in leggero calo rispetto ai mille dei conteggi precedenti. La citt\u00e0 si estende su soli 0,3 miglia quadrate.<\/li>\n<li><strong>Reddito ed economia:<\/strong> Ha una ricchezza modesta: il reddito familiare medio \u00e8 di circa <strong>$36,250<\/strong> (stima del 2017), ben al di sotto della media statunitense. La disoccupazione \u00e8 bassa (~3,6%), ma circa il 19,2% dei residenti vive in povert\u00e0. Molti posti di lavoro locali sono nel turismo, nei servizi sanitari\/termali, nella pubblica amministrazione e nel commercio al dettaglio.<\/li>\n<li><strong>Dati demografici:<\/strong> Quasi tutti sono cittadini statunitensi; la citt\u00e0 \u00e8 prevalentemente bianca. L&#039;et\u00e0 media \u00e8 alta (intorno ai 44 anni), il che ne riflette l&#039;attrattiva per pensionati e famiglie di lunga data. I valori e i costi degli immobili sono moderati, anche perch\u00e9 non si tratta di un centro urbano.<\/li>\n<\/ul>\n<p><strong>Posizione e clima:<\/strong> Berkeley Springs si trova nella regione degli Appalachi, una regione di montagne ondulate e foreste. Ha un clima continentale umido: estati calde e umide e inverni freddi e nevosi. La citt\u00e0 \u00e8 famosa per le sue sorgenti minerali calde (23 \u00b0C costanti) che sgorgano nel parco cittadino. Queste sorgenti hanno caratterizzato Berkeley Springs per secoli: hanno attirato i nativi americani e, in seguito, i coloni in cerca di acque curative.<\/p>\n<p><strong>Panoramica storica:<\/strong> Le sorgenti termali sono state utilizzate fin dall&#039;epoca precoloniale. Infatti, George Washington una volta vi disegn\u00f2 un disegno (si pu\u00f2 persino vedere una vasca nel parco statale che prende il nome dalla sua presunta visita). Nel 1776, l&#039;assemblea legislativa della Virginia incorpor\u00f2 ufficialmente la citt\u00e0 di Bath alle Warm Springs, dandole il nome di Bath, in Inghilterra. Nel XIX secolo, Bath (Berkeley Springs) era nota come localit\u00e0 termale; scrittori come Washington Irving e Robert Louis Stevenson ne elogiarono le acque curative. Quando la Virginia Occidentale si separ\u00f2 dalla Virginia nel 1863, la citt\u00e0 entr\u00f2 a far parte della Virginia Occidentale; il suo nome &#034;ufficio postale&#034; (Berkeley Springs) divenne di uso comune. Nel corso della sua storia, Berkeley Springs \u00e8 stata una tranquilla meta turistica. Ancora oggi si possono ammirare le vestigia del turismo vittoriano: l&#039;elegante edificio Bathhouse (costruito nel 1939) e i parchi che preservano le sorgenti dell&#039;era coloniale.<\/p>\n<p><strong>Cultura e atmosfera locale:<\/strong> Berkeley Springs ha l&#039;atmosfera di una piccola cittadina degli Appalachi. Si parla inglese (alcuni anziani potrebbero avere un leggero accento montano) e la vita quotidiana scorre a un ritmo tranquillo. I vicini si conoscono; passeggiando per Main Street ci si pu\u00f2 spesso scambiare saluti amichevoli. La citt\u00e0 ha una forte inclinazione artistica: molti artisti e pensionati vivono qui, e gallerie d&#039;arte e negozi di artigianato locale costeggiano il centro. Le tradizioni ruotano attorno alle sorgenti. Ad esempio, la degustazione internazionale di acqua di Berkeley Springs (ogni febbraio) \u00e8 famosa in tutto il mondo per essere il pi\u00f9 longevo e grande concorso del genere al mondo. Inoltre, ogni ottobre l&#039;Apple Butter Festival (che si tiene dal 1974) richiama folle di persone per assistere alla spremitura del sidro e alla musica. Questi festival incarnano lo spirito amichevole della comunit\u00e0: un visitatore osserva: &#034;Berkeley Springs sembra una gemma nascosta: i suoi abitanti sono orgogliosi del loro patrimonio e i festival qui hanno un&#039;atmosfera al tempo stesso festosa e accogliente&#034;. Gli abitanti del posto parlano spesso del &#034;senso di pace&#034; che pervade la citt\u00e0, un&#039;eredit\u00e0 di secoli di convivenza con le sorgenti.<\/p>\n<p><strong>Principali attrazioni:<\/strong> Ci sono pi\u00f9 cose da fare di quanto si possa immaginare in un posto cos\u00ec piccolo:<\/p>\n<ul>\n<li><strong>Berkeley Springs State Park e stabilimenti balneari:<\/strong> Il fiore all&#039;occhiello. Il Parco Statale (nel centro citt\u00e0) conserva l&#039;originale sorgente termale. \u00c8 possibile visitare le storiche Terme Romane e il museo, e persino pagare per un bagno termale o un massaggio. (L&#039;ingresso alle piscine termali e al museo \u00e8 gratuito, ma per fare il bagno \u00e8 richiesto un piccolo contributo). Questo \u00e8 letteralmente ci\u00f2 per cui la citt\u00e0 \u00e8 famosa: la gente del posto dice che l&#039;acqua \u00e8 terapeutica per qualsiasi dolore.<\/li>\n<li><strong>La vasca da bagno di George Washington:<\/strong> In fondo a un breve sentiero si trova un piccolo museo che ospita la leggendaria vasca di pietra in cui si dice che il presidente Washington si sia immerso durante una visita. (\u00c8 pi\u00f9 simbolica che funzionale, ma \u00e8 un&#039;originale opportunit\u00e0 fotografica.)<\/li>\n<li><strong>Arte e storia locale:<\/strong> Il Morgan County Museum (nell&#039;edificio del vecchio carcere della contea) si trova accanto al parco e racconta la storia locale. Numerose gallerie d&#039;arte e studi espongono ceramiche, vetri, dipinti e oggetti di artigianato. Una passeggiata lungo Fairfax Street vi porter\u00e0 a negozi unici (libri, antiquariato, gemme).<\/li>\n<li><strong>Attivit\u00e0 ricreative all&#039;aperto:<\/strong> A 16 km a sud della citt\u00e0 si trova il Cacapon Resort State Park, che offre sentieri escursionistici (tra cui la vetta del monte Cacapon, alta 700 metri), un campo da golf e possibilit\u00e0 di nuotare in lago o in spiaggia. Molti visitatori combinano una giornata alle terme con un&#039;escursione pomeridiana o un picnic. Anche la vicina George Washington National Forest e l&#039;Appalachian Trail offrono escursioni nella natura selvaggia.<\/li>\n<li><strong>Vigneti e Degustazione:<\/strong> Berkeley Springs si trova all&#039;estremit\u00e0 settentrionale della regione vinicola della Shenandoah Valley. Alcuni vigneti e cantine locali (ad esempio Cacapon e Warm Springs Winery) sono facilmente raggiungibili in auto e offrono degustazioni.<\/li>\n<li><strong>Centro citt\u00e0 e ristoranti:<\/strong> Il centro storico (con la sua architettura del XVIII secolo) \u00e8 facilmente percorribile a piedi. Non perdetevi la colazione in uno degli accoglienti caff\u00e8, o il piatto preferito della gente del posto: i waffle belgi da The Wild Bean. L&#039;Appalachian South \u00e8 noto per la sua cucina sostanziosa, e qui potrete gustare trote, barbecue e torte fatte in casa nei ristoranti locali. Un ristorante locale \u00e8 famoso per il suo prosciutto di campagna e le uova. Data la piccola citt\u00e0, \u00e8 comune incontrare gente del posto al ristorante o all&#039;ufficio postale, il che non fa che aumentare l&#039;atmosfera amichevole e di vicinato.<\/li>\n<\/ul>\n<p><strong>Panoramica pratica:<\/strong> A Berkeley Springs non ci sono aeroporti o treni importanti. La maggior parte dei visitatori vola a Washington Dulles (IAD, circa 112 km a nord) o a Baltimora\/Washington (BWI, circa 145 km) e noleggia un&#039;auto. \u00c8 a circa 2 ore di macchina da Washington (tramite la I-270 e la I-70 ovest). La citt\u00e0 \u00e8 servita direttamente dalla US Highway 522 (che corre da nord a sud) e dalla WV Route 9 (provenendo da Martinsburg, Virginia Occidentale). Il paesaggio lungo il percorso \u00e8 quello rurale degli Appalachi: splendido ma tortuoso, quindi guida con prudenza. (In inverno, sui tratti ghiacciati potrebbero essere necessarie catene o un fuoristrada).<\/p>\n<p>Una volta arrivati, tutto a Berkeley Springs \u00e8 vicino. Il parco centrale e i negozi sono a meno di mezzo miglio di distanza l&#039;uno dall&#039;altro, quindi si pu\u00f2 esplorare facilmente a piedi. I taxi sono praticamente inesistenti, quindi si consiglia di noleggiare un&#039;auto per raggiungere luoghi come il Cacapon Park o sentieri pi\u00f9 lontani.<\/p>\n<p><strong>Suggerimenti locali:<\/strong> Porta contanti per piccoli acquisti (alcune locande e negozi accettano solo contanti) e lascia una mancia del 15-20% nei ristoranti. Si applica il galateo standard statunitense (strette di mano, &#034;per favore\/grazie&#034;). La gente del posto \u00e8 molto ospitale: non sorprenderti se una cameriera attacca bottone o se un altro cliente offre consigli sui sentieri. Sicurezza: Berkeley Springs \u00e8 estremamente sicura; la criminalit\u00e0 \u00e8 minima. (\u00c8 comune vedere tutti chiudere a chiave solo i bagagli, non le porte). Tuttavia, se fai un&#039;escursione, fai attenzione alla fauna selvatica: orsi neri e zecche possono comparire nelle foreste, quindi pianifica di conseguenza. La ricezione del cellulare pu\u00f2 essere scarsa sui crinali: una mappa stampata o un GPS offline sono utili quando esplori le strade secondarie. Goditi le sorgenti e il fascino di una piccola citt\u00e0, e ricorda che le zone rurali della Virginia Occidentale sono a rischio incendi a fine estate: controlla gli avvisi locali se organizzi dei fal\u00f2.<\/p>","protected":false},"excerpt":{"rendered":"<p>Berkeley Springs, un&#039;incantevole cittadina incastonata tra i Monti Appalachi, \u00e8 il capoluogo della Contea di Morgan, in Virginia Occidentale. Questa pittoresca localit\u00e0, situata nella parte orientale dello stato, \u00e8 spesso chiamata con il suo nome storico, la citt\u00e0 di Bath. Le origini della citt\u00e0 risalgono al 1776, quando l&#039;assemblea legislativa della Virginia la incorpor\u00f2 attorno alle sorgenti naturali, chiamandola Bath. Tuttavia, dal 1802, \u00e8 comunemente nota come Berkeley Springs, dal nome del suo ufficio postale originario. Secondo il censimento del 2020, la popolazione della citt\u00e0 ammonta a 758 abitanti, il che la rende una parte pittoresca ma significativa dell&#039;area metropolitana di Hagerstown-Martinsburg.<\/p>","protected":false},"author":1,"featured_media":17466,"parent":8072,"menu_order":0,"comment_status":"closed","ping_status":"closed","template":"elementor_theme","meta":{"_eb_attr":"","footnotes":""},"class_list":["post-8997","page","type-page","status-publish","has-post-thumbnail"],"_links":{"self":[{"href":"https:\/\/travelshelper.com\/it\/wp-json\/wp\/v2\/pages\/8997","targetHints":{"allow":["GET"]}}],"collection":[{"href":"https:\/\/travelshelper.com\/it\/wp-json\/wp\/v2\/pages"}],"about":[{"href":"https:\/\/travelshelper.com\/it\/wp-json\/wp\/v2\/types\/page"}],"author":[{"embeddable":true,"href":"https:\/\/travelshelper.com\/it\/wp-json\/wp\/v2\/users\/1"}],"replies":[{"embeddable":true,"href":"https:\/\/travelshelper.com\/it\/wp-json\/wp\/v2\/comments?post=8997"}],"version-history":[{"count":0,"href":"https:\/\/travelshelper.com\/it\/wp-json\/wp\/v2\/pages\/8997\/revisions"}],"up":[{"embeddable":true,"href":"https:\/\/travelshelper.com\/it\/wp-json\/wp\/v2\/pages\/8072"}],"wp:featuredmedia":[{"embeddable":true,"href":"https:\/\/travelshelper.com\/it\/wp-json\/wp\/v2\/media\/17466"}],"wp:attachment":[{"href":"https:\/\/travelshelper.com\/it\/wp-json\/wp\/v2\/media?parent=8997"}],"curies":[{"name":"wp","href":"https:\/\/api.w.org\/{rel}","templated":true}]}}