{"id":8943,"date":"2024-09-06T15:20:18","date_gmt":"2024-09-06T15:20:18","guid":{"rendered":"https:\/\/travelshelper.com\/staging\/?page_id=8943"},"modified":"2026-03-13T18:14:42","modified_gmt":"2026-03-13T18:14:42","slug":"tecopa","status":"publish","type":"page","link":"https:\/\/travelshelper.com\/it\/destinations\/north-america\/united-states\/tecopa\/","title":{"rendered":"Tecopa"},"content":{"rendered":"<p>Piccola comunit\u00e0 desertica, la popolazione di Tecopa \u00e8 stata registrata a sole 120 persone nel 2020 (in calo rispetto alle circa 150 di un decennio prima). Questo la rende uno dei luoghi pi\u00f9 piccoli della California designati dal censimento. La stragrande maggioranza dei residenti \u00e8 bianca. Il censimento del 2010 ha rilevato che circa il 79% dei 150 abitanti della citt\u00e0 si identificava come bianca, con una piccola percentuale (circa il 5%) di nativi americani e alcuni multirazziali. Le minoranze etniche o razziali e gli ispanici sono molto pochi (meno del 10% complessivamente). L&#039;et\u00e0 media \u00e8 alta \u2013 intorno ai 57-60 anni \u2013 il che indica una popolazione in gran parte anziana. Molte famiglie sono pensionate o famiglie locali di lunga data.<\/p>\n<p>Tecopa non ha una base industriale; la sua economia \u00e8 orientata ai servizi e al turismo. Storicamente era un campo minerario, ma dalla met\u00e0 del XX secolo ha fatto affidamento sulle sorgenti termali, su una modesta attivit\u00e0 agricola e sui servizi per i visitatori. Una piccola azienda agricola di datteri (China Ranch) e alcune locande e ristoranti servono i turisti. Il reddito familiare medio \u00e8 basso (circa 27.000 dollari) e una percentuale significativa di residenti vive al di sotto della soglia di povert\u00e0. In sintesi, i &#034;numeri&#034; di Tecopa dipingono il quadro di un villaggio desertico molto piccolo e obsoleto, dipendente dal turismo e dall&#039;agricoltura leggera.<\/p>\n<p>Tecopa si trova nella California sud-orientale, nel deserto del Mojave, nella contea di Inyo. Si trova a circa 640 metri di altitudine in un remoto bacino arido, circa 48 chilometri a ovest del confine con il Nevada e appena fuori dal Parco Nazionale della Death Valley. Il paesaggio \u00e8 aspro e aspro: piane desertiche circondate da montagne scoscese (le catene del Nopah e del Panamint si trovano a ovest e a nord) e intersecate da canyon calcarei. Il fiume Amargosa scorre stagionalmente attraverso una profonda gola nelle vicinanze. Questo remoto avamposto \u00e8 accessibile solo tramite tortuose strade statali (CA-127 da nord\/sud o CA-178 da ovest).<\/p>\n<p>Tecopa sorge su un ampio altopiano desertico sotto cieli sconfinati. A est si ergono le White Mountains e, poco oltre, a nord-est, si trova la catena montuosa di Salt Springs, in Nevada. China Ranch, con le sue palme da dattero e la vegetazione lussureggiante, si trova a otto chilometri a sud, lungo un ramo del fiume Amargosa. Le citt\u00e0 pi\u00f9 vicine sono Pahrump, Nevada (circa 96 chilometri a est) e Shoshone, California (8 chilometri a nord).<\/p>\n<p>Il clima \u00e8 desertico e arido. Le estati sono caldissime; le massime medie di luglio superano i 38 \u00b0C e le punte di met\u00e0 estate possono raggiungere i 43 \u00b0C. Il cielo \u00e8 quasi sempre sereno e le precipitazioni sono minime (a Tecopa la media \u00e8 di soli 13 cm all&#039;anno). Gli inverni sono miti per gli standard continentali; le massime diurne possono raggiungere i 15 \u00b0C e le notti gelide (-1 \u00b0C) sono possibili. La neve \u00e8 praticamente inesistente. In breve, Tecopa \u00e8 soggetta agli estremi del clima desertico: sole cocente di giorno, brusche gelate di notte, praticamente senza precipitazioni.<\/p>\n<p>La storia di Tecopa affonda le sue radici sia nel patrimonio indigeno che nelle imprese di frontiera. I nativi americani (le trib\u00f9 Koso e Chemehuevi) conoscevano queste sorgenti da secoli. A met\u00e0 del XIX secolo, l&#039;Old Spanish Trail passava non lontano da qui, e i pionieri che percorrevano le rotte del Mojave e della Owens Valley ne conoscevano sicuramente l&#039;acqua (infatti, il nome Tecopa \u00e8 un omaggio a un capo Paiute locale). Intorno al 1870, i cercatori di minerali scoprirono giacimenti di argento e piombo nelle montagne vicine.<\/p>\n<p>Nel 1875-1877 i fratelli William e Wallace Brown aprirono una miniera di piombo e argento in un sito chiamato Brownsville (in seguito Tecopa Heights). Jonas Osborne acquist\u00f2 l&#039;attivit\u00e0 e nel 1877 ribattezz\u00f2 l&#039;insediamento &#034;Tecopa&#034;, in onore del capo locale. Nello stesso anno venne inaugurato un ufficio postale, a segnare il riconoscimento ufficiale dell&#039;accampamento. Tuttavia, il primo boom minerario fu breve e discontinuo; nel 1879 il minerale si esaur\u00ec e il giacimento fu in gran parte abbandonato.<\/p>\n<p>Tecopa sopravvisse come una piccola stazione di allevamento e di approvvigionamento di acqua sorgiva. Nel 1907, la ferrovia Tonopah and Tidewater raggiunse la zona (rasentando il margine della Death Valley), facendo rivivere Tecopa come breve stazione ferroviaria. Un nuovo ufficio postale apr\u00ec, collegandola alle reti postali nazionali. Ma negli anni &#039;30 anche la ferrovia chiuse i battenti e Tecopa torn\u00f2 a decadere.<\/p>\n<p>L&#039;era moderna inizi\u00f2 dopo il 1957, quando le miniere vicine (le miniere di talco di Talc Hill) chiusero i battenti. Negli anni &#039;60 e &#039;70 il governo federale vendette i terreni statali intorno alle sorgenti termali, aprendo l&#039;area allo sviluppo privato. Gli imprenditori costruirono piccole spa e motel vicino alle sorgenti naturali. Verso la fine del XX secolo, Tecopa si reinvent\u00f2 come luogo di cura termale: aprirono le Tecopa Hot Springs (i bagni pubblici) e diversi resort rustici (Tecopa Spa, le strutture del China Ranch e altri) sorsero intorno alle calde acque minerali. Il DNA della citt\u00e0 si trasform\u00f2 da avamposto minerario a comunit\u00e0 termale. Oggi, la sua storia riecheggia in una manciata di vecchi edifici e miniere abbandonate, ma il punto di riferimento pi\u00f9 affascinante \u00e8 ancora l&#039;insieme di sorgenti termali naturali che hanno reso Tecopa un paradiso nel deserto.<\/p>\n<p>Tecopa \u00e8 tranquilla e spoglia come il suo paesaggio, con un carattere rurale e rilassato. Lingua e popolazione: l&#039;inglese \u00e8 universale qui; praticamente tutti parlano inglese a casa. La comunit\u00e0 \u00e8 piccola e prevalentemente anziana. Gli abitanti del posto accolgono gli stranieri con la naturale cordialit\u00e0 tipica delle piccole citt\u00e0 americane, ma la vita qui scorre con un ritmo lento. Un visitatore ha osservato che il ritmo \u00e8 &#034;lento come al tramonto&#034;: i pomeriggi scivolano via con solo il caldo a rompere il silenzio.<\/p>\n<p>Nonostante le sue dimensioni, Tecopa ospita alcuni eventi locali. Ogni novembre, il corpo dei vigili del fuoco volontari organizza il &#034;Firehouse Fling&#034;, una cena con ballo in comune che raccoglie fondi per il servizio antincendio. Dal 2014, la citt\u00e0 ospita anche il Tecopa Takeover Music Festival, un piccolo raduno di musicisti locali e ospiti che propongono musica folk e roots. Questi eventi riflettono lo spirito &#034;fai da te&#034; di Tecopa e il suo obiettivo di mantenere forti i legami con la comunit\u00e0 in un luogo remoto.<\/p>\n<p>Tecopa sembra isolata, ma non inospitale. Trasuda un&#039;atmosfera da campo di frontiera: tramonti polverosi, una manciata di palme e cactus, il rombo occasionale di un pick-up di passaggio. Di notte, il cielo stellato \u00e8 vasto e brillante. Non c&#039;\u00e8 una vera vita notturna; le serate si trascorrono in silenzio (spesso alle sorgenti termali al chiaro di luna). L&#039;assenza di folla \u2013 e persino di semafori o distributori di benzina \u2013 \u00e8 palpabile. Eppure i visitatori spesso riferiscono che la gente del posto \u00e8 amichevole e curiosa: potreste essere invitati a chiacchierare al bar o alle sorgenti, o a chiedere informazioni sulla vita nella &#034;citt\u00e0&#034; oltre il deserto. In breve, Tecopa ha un&#039;atmosfera remota e contemplativa. \u00c8 un luogo in cui le routine quotidiane sono scandite dalle necessit\u00e0 e dalla natura (innaffiare le piante, controllare la posta, rilassarsi presso una sorgente calda) piuttosto che dagli orologi e dalle auto di una grande citt\u00e0.<\/p>\n<p>Il fascino di Tecopa risiede nel suo ambiente naturale. Le sorgenti termali sono l&#039;attrazione principale: diverse piscine geotermiche e centri benessere in citt\u00e0 permettono ai viaggiatori di immergersi nelle acque minerali tutto l&#039;anno. Presso l&#039;area ricreativa pubblica di Tecopa Hot Springs State Recreation Area, \u00e8 possibile fare il bagno in modeste piscine all&#039;aperto alimentate dall&#039;acqua delle sorgenti termali di Furnace Creek Ranch (precedentemente chiamate Tecopa Hot Springs). Un breve tragitto in auto verso sud conduce alla China Ranch Date Farm, un&#039;oasi inaspettata con rigogliose palme da dattero. I visitatori possono passeggiare in un boschetto di datteri, provare frullati di datteri e fare escursioni lungo il fiume Amargosa.<\/p>\n<p>Oltre le sorgenti, il Parco Nazionale della Death Valley \u00e8 facilmente raggiungibile in auto (circa 65 km a nord). Molti usano Tecopa come un pittoresco avamposto vicino al parco. Una gita di un giorno nella Death Valley rivela paesaggi spettacolari (Badwater Basin, Zabriskie Point, le dune di Mesquite Flat, ecc.) che fanno da suggestivo complemento alla quiete cittadina di Tecopa.<\/p>\n<p>La vicina Shoshone, a soli 8 chilometri a nord, ospita lo Shoshone Museum (all&#039;interno di uno storico hotel di quattro camere), che espone manufatti minerari e nativi americani, offrendo un contesto alla storia della regione. Anche gli amanti della natura troveranno interessanti attrazioni: lo Spring Mountain Ranch e l&#039;Amargosa Chaos sono brevi escursioni attraverso i canyon, e il Grimshaw Lake (un raro bacino idrico nel deserto) \u00e8 talvolta utilizzato dagli amanti dello sci nautico.<\/p>\n<p>In sintesi, le esperienze imperdibili includono:<\/p>\n<ul>\n<li>Immergersi nelle sorgenti termali pubbliche e turistiche di Tecopa (spesso citate come la ragione per cui i visitatori vengono qui).<\/li>\n<li>Esplorando il Death Valley NP, accessibile dalla citt\u00e0.<\/li>\n<li>Visita al China Ranch per assaggiare i prodotti a base di datteri e passeggiare lungo le rive del fiume.<\/li>\n<li>Visita al piccolo Shoshone Museum dedicato alla storia locale.<\/li>\n<li>Escursioni fuoristrada sulle vicine dune di Dumont (per veicoli da avventura) o escursioni sui sentieri panoramici del deserto.<br \/>\nOgnuna di queste incarna il mix di natura selvaggia e fascino peculiare di una piccola cittadina tipico di Tecopa.<\/li>\n<\/ul>\n<p>A Tecopa non ci sono aeroporti n\u00e9 stazioni ferroviarie. La maggior parte dei visitatori arriva in auto. La citt\u00e0 si trova all&#039;incrocio tra le autostrade 127 e 178 della California. A ovest (sud) la Highway 178 conduce per 145 km in California passando per Inyokern (con accesso alla zona di Ridgecrest), mentre a est (nord) la Highway 127 si collega al Nevada e all&#039;Interstate 15 all&#039;altezza di Baker. Gli aeroporti principali pi\u00f9 vicini sono a Las Vegas, Nevada (McCarran International, circa 190 km a est) o Los Angeles, California (LAX, circa 370 km a sud-ovest). Tra gli aeroporti regionali pi\u00f9 vicini ci sono Bishop (a nord) o il terminal pi\u00f9 piccolo di Las Vegas. Non \u00e8 disponibile un servizio ferroviario passeggeri.<\/p>\n<p>Tecopa \u00e8 estremamente piccola e percorribile in gran parte a piedi (negozi, bar, spa e alloggi si concentrano lungo l&#039;unica strada principale). Tuttavia, un&#039;auto \u00e8 essenziale per esplorare i dintorni. Si noti che il trasporto pubblico locale \u00e8 minimo: un tempo un autobus bimestrale collegava Tecopa a Pahrump, Nevada (tramite Eastern Sierra Transit), ma il servizio \u00e8 stato sospeso. Auto a noleggio o veicoli personali sono l&#039;unico modo pratico per visitare le sorgenti termali e le attrazioni circostanti. Per luoghi come le Dumont Dunes sono necessari veicoli fuoristrada. Le condizioni stradali sono generalmente buone (strade a due corsie), ma gli automobilisti dovrebbero fare attenzione al bestiame o alla fauna selvatica che vagano di notte nel deserto.<\/p>\n<p>La valuta \u00e8 il dollaro statunitense e la lingua principale \u00e8 l&#039;inglese. I visitatori dovrebbero prepararsi alle condizioni desertiche: portare acqua, indossare protezione solare ed evitare sforzi all&#039;aperto durante la calura estiva di mezzogiorno. La copertura del cellulare \u00e8 scarsa; alcune zone potrebbero non avere segnale. I negozi di alimentari pi\u00f9 vicini si trovano a Pahrump, Nevada, o a Bishop, California, quindi pianificate le vostre provviste di conseguenza.<\/p>\n<p>Tecopa \u00e8 molto sicura per gli standard generali: la criminalit\u00e0 \u00e8 praticamente inesistente grazie alla piccola e unita comunit\u00e0. I \u200b\u200bvicini tendono a salutarsi calorosamente; un saluto educato al supermercato o alle terme \u00e8 comune. Chi viene da fuori citt\u00e0 trover\u00e0 la gente disponibile, ma ricordate che questa non \u00e8 una &#034;citt\u00e0 turistica&#034; in senso stretto: abbigliamento sobrio e modi pacati sono la norma. Non ci sono particolarit\u00e0 legali al di l\u00e0 delle leggi californiane (rispettate i limiti di velocit\u00e0 e non disturbate la fauna selvatica o le propriet\u00e0 private). In breve, considerate Tecopa come una tranquilla destinazione rurale: siate amichevoli, mantenete un ritmo tranquillo e vi troverete a vostro agio.<a href=\"https:\/\/travelshelper.com\/it\/destinazioni\/america-del-nord\/stati-uniti-damerica\/berkeley-springs\/\" target=\"_self\" aria-labelledby=\"uael-post-8997\"><br \/>\n<\/a><\/p>","protected":false},"excerpt":{"rendered":"<p>Tecopa \u00e8 un luogo designato dal censimento (CDP) situato nel deserto del Mojave, nella regione sud-orientale della contea di Inyo, in California. Caratterizzata dalla sua importanza storica e dalla sua bellezza naturale, questa piccola citt\u00e0 \u00e8 cambiata significativamente nel corso degli anni. Rispecchiando i costumi e la cultura degli indiani Koso e Chemehuevi, il passato di Tecopa \u00e8 strettamente legato al loro. Spinta dalla possibilit\u00e0 di trarre ricchezza mineraria dalle vicine miniere, la zona vide un notevole aumento del numero di pionieri alla fine del XIX secolo.<\/p>","protected":false},"author":1,"featured_media":17576,"parent":8072,"menu_order":0,"comment_status":"closed","ping_status":"closed","template":"elementor_theme","meta":{"_eb_attr":"","footnotes":""},"class_list":["post-8943","page","type-page","status-publish","has-post-thumbnail"],"_links":{"self":[{"href":"https:\/\/travelshelper.com\/it\/wp-json\/wp\/v2\/pages\/8943","targetHints":{"allow":["GET"]}}],"collection":[{"href":"https:\/\/travelshelper.com\/it\/wp-json\/wp\/v2\/pages"}],"about":[{"href":"https:\/\/travelshelper.com\/it\/wp-json\/wp\/v2\/types\/page"}],"author":[{"embeddable":true,"href":"https:\/\/travelshelper.com\/it\/wp-json\/wp\/v2\/users\/1"}],"replies":[{"embeddable":true,"href":"https:\/\/travelshelper.com\/it\/wp-json\/wp\/v2\/comments?post=8943"}],"version-history":[{"count":0,"href":"https:\/\/travelshelper.com\/it\/wp-json\/wp\/v2\/pages\/8943\/revisions"}],"up":[{"embeddable":true,"href":"https:\/\/travelshelper.com\/it\/wp-json\/wp\/v2\/pages\/8072"}],"wp:featuredmedia":[{"embeddable":true,"href":"https:\/\/travelshelper.com\/it\/wp-json\/wp\/v2\/media\/17576"}],"wp:attachment":[{"href":"https:\/\/travelshelper.com\/it\/wp-json\/wp\/v2\/media?parent=8943"}],"curies":[{"name":"wp","href":"https:\/\/api.w.org\/{rel}","templated":true}]}}