{"id":8395,"date":"2024-09-03T19:44:52","date_gmt":"2024-09-03T19:44:52","guid":{"rendered":"https:\/\/travelshelper.com\/staging\/?page_id=8395"},"modified":"2026-03-13T18:41:29","modified_gmt":"2026-03-13T18:41:29","slug":"santa-monica","status":"publish","type":"page","link":"https:\/\/travelshelper.com\/it\/destinations\/north-america\/united-states\/santa-monica\/","title":{"rendered":"Santa Monica"},"content":{"rendered":"<p>Santa Monica \u00e8 una citt\u00e0 costiera nella parte occidentale della contea di Los Angeles, dove la baia di Santa Monica incontra l&#039;Oceano Pacifico. Si estende lungo circa 5 km di spiaggia sabbiosa e scogliere piatte. Il paesaggio comprende ampi sentieri asfaltati in riva all&#039;oceano, piste ciclabili e parchi con vista sul mare (il pi\u00f9 famoso dei quali \u00e8 il Palisades Park, sopra le scogliere). Il clima \u00e8 mite tutto l&#039;anno: estati calde e secche e inverni miti, molto simili a quelli della vicina Los Angeles, ma solitamente un po&#039; pi\u00f9 freschi in estate a causa dell&#039;oceano. La zona \u00e8 caratterizzata dalla nebbia mattutina (la foschia di giugno) che spesso si dirada lasciando il cielo soleggiato nel pomeriggio. Le temperature tipiche variano dai 21 \u00b0C in estate ai 15 \u00b0C in inverno, praticamente senza gelate. Il sole splende circa 310 giorni all&#039;anno, rendendo Santa Monica essenzialmente una citt\u00e0 adatta alle spiagge.<\/p>\n<p>La popolazione di Santa Monica \u00e8 di circa 88.000 abitanti (stima del 2025). Negli ultimi decenni \u00e8 leggermente diminuita rispetto al picco del 2020, a causa della sua ridotta superficie e degli elevati costi degli alloggi. L&#039;et\u00e0 media si aggira intorno ai 40 anni e il reddito familiare medio si aggira intorno ai 110.000 dollari (molto alto per gli standard statunitensi). La popolazione \u00e8 prevalentemente bianca (circa il 67%), con asiatici (circa il 10%) e percentuali minori di residenti neri (5%) e ispanici (circa il 13% di ispanici di qualsiasi etnia). La citt\u00e0 vanta una significativa forza lavoro creativa e tecnologica, come discusso di seguito.<\/p>\n<p>La stima di Santa Monica per il 2025 \u00e8 di 87.900 residenti. La densit\u00e0 della citt\u00e0 \u00e8 elevata (oltre 10.000 persone per miglio quadrato). Dal punto di vista demografico, il 67% si identifica come bianco, il 9,8% come asiatico e il 4,9% come nero, mentre il resto \u00e8 costituito da altri e da coloro che si identificano con due o pi\u00f9 etnie. I residenti ispanici\/latini costituiscono circa l&#039;11% della popolazione. Circa il 42% delle famiglie \u00e8 costituito da coppie sposate.<\/p>\n<p>L&#039;economia locale \u00e8 solida e diversificata. Santa Monica si definisce parte di &#034;Silicon Beach&#034; per la sua concentrazione di industrie tecnologiche e creative. In effetti, il settore creativo e tecnologico \u00e8 il principale datore di lavoro: oltre 3.100 aziende nei settori dell&#039;informatica, del cinema, dei video, del design e della pubblicit\u00e0 (come Snap, Hulu, Lionsgate, ecc.) impiegano circa 29.000 persone, ovvero circa un terzo dei posti di lavoro della citt\u00e0. Altri settori significativi includono la sanit\u00e0 (10.000 posti di lavoro), l&#039;istruzione (Santa Monica College) e il turismo\/ospitalit\u00e0 (alberghi, ristoranti). L&#039;industria del turismo \u00e8 in crescita: circa 4,6 milioni di visitatori sono arrivati \u200b\u200ba Santa Monica nel 2023, generando circa 940 milioni di dollari di spesa locale, grazie al famoso molo, alla spiaggia e ai quartieri dello shopping della citt\u00e0. Anche il commercio al dettaglio \u00e8 degno di nota: le aziende di Santa Monica hanno registrato oltre 3,2 miliardi di dollari di vendite imponibili nel 2023. In breve, l&#039;economia di Santa Monica unisce i lavori locali nel commercio al dettaglio e nei servizi con un nucleo creativo-tecnologico sorprendentemente ampio (la pi\u00f9 grande concentrazione mondiale di aziende di media e intrattenimento digitale si trova nella zona ovest di Los Angeles).<\/p>\n<p>La citt\u00e0 vanta redditi elevati: reddito pro capite di circa 88.900 dollari e reddito familiare medio di circa 109.700 dollari, sebbene il tasso di povert\u00e0 (11,6%) indichi una disuguaglianza di reddito. I ricavi derivanti da immobili e turismo finanziano servizi locali (ad esempio, i distretti commerciali organizzano eventi di strada e manutenzione del centro). Anche l&#039;imprenditoria sostenibile \u00e8 una priorit\u00e0: Santa Monica promuove l&#039;edilizia verde e le piste ciclabili, ed \u00e8 stata classificata tra le citt\u00e0 &#034;pi\u00f9 sostenibili&#034; per le sue politiche ambientali.<\/p>\n<p>Santa Monica si trova nella California meridionale, immediatamente a ovest della citt\u00e0 di Los Angeles (quartiere di Venice) e 15 miglia a nord di LAX. Si trova su scogliere pianeggianti sopra la baia di Santa Monica. Il parco di Pacific Palisades e le montagne di Santa Monica si trovano appena a nord, mentre Venice Beach confina a sud. Il suo litorale di 3 miglia comprende la famosa Santa Monica State Beach (con reti da pallavolo e ampia spiaggia sabbiosa). Sulla costa, la citt\u00e0 \u00e8 prevalentemente pianeggiante, con un leggero pendio dalle Palisades fino all&#039;acqua. L&#039;iconico molo di Santa Monica (costruito nel 1909) si protende nella baia, con un piccolo parco divertimenti, un acquario e la storica giostra del molo, simboli della citt\u00e0. Il principale cuore commerciale si trova intorno a Third Street e Broadway, noto come Third Street Promenade (una vivace area pedonale) e gli isolati vicino all&#039;oceano (il &#034;Downtown&#034;), tutti brulicanti di negozi, artisti di strada e ristoranti.<\/p>\n<p>Dal punto di vista climatico, la posizione di Santa Monica sulla costa garantisce pochissime escursioni termiche. Come indicato nella sezione climatica di Wikipedia, Santa Monica gode di un clima mediterraneo costiero. La nebbia costiera si verifica spesso dalla tarda primavera all&#039;estate, ma la citt\u00e0 di solito si schiarisce entro mezzogiorno. Anche nelle giornate pi\u00f9 calde dell&#039;entroterra, le brezze oceaniche rinfrescano la spiaggia. Le precipitazioni annue si aggirano intorno ai 38 cm, soprattutto in inverno. Le lunghe estati secche e gli inverni miti permettono di trovare caff\u00e8 all&#039;aperto e festival di strada tutto l&#039;anno. La spiaggia e le scogliere sono circondate da parchi (Palisades Park si estende sulla cima della scogliera, Tongva Park \u00e8 un parco con vista sull&#039;oceano pi\u00f9 recente in centro), rafforzando l&#039;integrazione tra citt\u00e0 e mare.<\/p>\n<p>La storia di Santa Monica riflette l&#039;arco pi\u00f9 ampio della California meridionale. L&#039;area fu nominata e rivendicata nelle concessioni terriere messicane del 1839 (Rancho San Vicente e Santa M\u00f3nica). La citt\u00e0 fu formalmente costituita il 30 novembre 1886. Nei suoi primi anni, Santa Monica si svilupp\u00f2 come localit\u00e0 balneare per Los Angeles: hotel, stabilimenti balneari e moli per il tempo libero divennero le sue attrazioni. All&#039;inizio del XX secolo, aveva traghetti e il &#034;Red Car&#034; (tram) della Pacific Electric che la collegavano a Los Angeles. In effetti, i moli per il divertimento erano una cosa importante: il molo di Santa Monica fu ampliato e divenne un&#039;attrazione importante negli anni &#039;20.<\/p>\n<p>Un capitolo chiave \u00e8 la Douglas Aircraft Company, che fond\u00f2 qui un importante stabilimento aeronautico negli anni &#039;20; Santa Monica divenne un centro di guerra con decine di migliaia di impiegati nel settore aerospaziale entro il 1940. Dopo la Seconda Guerra Mondiale, lo stabilimento Douglas\/McDonnell mantenne un&#039;importanza significativa fino agli anni &#039;70, creando posti di lavoro e il think tank RAND. La chiusura dello stabilimento Douglas (1968-70) fu un duro colpo, ma contribu\u00ec ad aprire la strada alla diversificazione economica. La citt\u00e0 si oppose all&#039;ampliamento dell&#039;autostrada (nel 1975 impedirono alla Santa Monica Freeway di proseguire verso ovest oltre Ocean Park), il che mantenne il centro pedonale. Nel corso dei decenni si trasform\u00f2 in una piccola citt\u00e0 cosmopolita: il molo e la spiaggia rimasero icone, ma nuovi centri commerciali (Third Street) e piccole aziende tecnologiche iniziarono a definirla. Eventi degni di nota: la fine degli anni &#039;80 vide conflitti tra sviluppo e conservazione (alcuni quartieri costieri si opposero alla costruzione di nuovi grattacieli). Oggi il mix di edifici storici della met\u00e0 del secolo e nuovi negozi alla moda testimonia un cambiamento continuo.<\/p>\n<p>Santa Monica \u00e8 nota per un&#039;atmosfera sana, progressista e creativa. La citt\u00e0 \u00e8 sia residenziale che commerciale; da tempo attrae artisti, imprenditori e una giovane comunit\u00e0 di professionisti, oltre a ricchi pensionati. L&#039;inglese \u00e8 parlato ovunque, mentre lo spagnolo \u00e8 comunemente parlato tra i lavoratori dei servizi e in alcuni quartieri. Lo stile di vita privilegia il fitness: vedrete corridori e ciclisti su Ocean Avenue, studi di yoga in quasi ogni isolato e mercati agricoli aperti molti giorni della settimana. La cultura della spiaggia \u00e8 molto diffusa: torrette di salvataggio, campi da pallavolo e negozi di surf informali sono ovunque. La citt\u00e0 \u00e8 particolarmente adatta ai bambini (parchi gioco, scuole) e anche agli animali domestici (spiaggia per cani senza guinzaglio in determinati orari).<\/p>\n<p>Dal punto di vista politico e sociale, Santa Monica \u00e8 piuttosto progressista; le politiche comunali lo riflettono. La citt\u00e0 \u00e8 orgogliosa del suo impegno ambientale (riciclo rigoroso, obiettivi per le energie rinnovabili, divieto di alcune materie plastiche). Arte e tecnologia si fondono qui: murales e gallerie di strada si affiancano a spazi di co-working e incubatori di startup. Gli eventi comunitari rafforzano il carattere locale: ogni settimana si tengono concerti al parco, serate cinematografiche estive e celebrazioni stagionali (come la serie di concerti al crepuscolo del molo di Santa Monica). L&#039;amministrazione comunale e la Camera di Commercio spesso mettono in risalto il concetto di &#034;Acquista locale&#034; e le attivit\u00e0 commerciali sostenibili, a dimostrazione dell&#039;attenzione all&#039;etica della comunit\u00e0.<\/p>\n<p>In termini di cordialit\u00e0, l&#039;atmosfera a Santa Monica \u00e8 tipicamente accogliente e rilassata. Anche in centro, l&#039;abbigliamento formale \u00e8 raro; l&#039;abbigliamento da spiaggia o casual da citt\u00e0 \u00e8 la norma. Le persone tendono a sorridere e salutare con un &#034;ciao&#034;, anche se non con la familiarit\u00e0 tipica delle citt\u00e0 rurali come forse lo stile di Santa Barbara. C&#039;\u00e8 un pizzico di anonimato urbano (come in qualsiasi sobborgo di Los Angeles), ma molti conoscono i loro vicini. Il traffico \u00e8 un problema (i locali sanno di non provare a guidare su per la collina fino a LAX nell&#039;ora di punta), quindi la pazienza sulle strade \u00e8 una regola tacita.<\/p>\n<p>Le attrazioni di Santa Monica sono incentrate sul mare. Naturalmente, il Santa Monica Pier \u00e8 una tappa obbligata. La sua giostra di Second Street, la ruota panoramica e le sale giochi richiamano un&#039;atmosfera da luna park d&#039;altri tempi, e l&#039;atmosfera del molo \u00e8 immediatamente riconoscibile (a differenza di qualsiasi altra cosa a Los Angeles). Le giostre del Pacific Park, oltre a un piccolo acquario e ai ristoranti, attraggono famiglie e visitatori occasionali. Adiacente si trova il Palisades Park, una cintura verde in cima a una scogliera che si affaccia sull&#039;oceano, ideale per andare in bicicletta o passeggiare al tramonto. Qui si gode di uno dei panorami pi\u00f9 iconici di Los Angeles: l&#039;immenso Pacifico e il profilo di Malibu a nord.<\/p>\n<p>La Third Street Promenade \u00e8 un&#039;altra attrazione di grande interesse: un quartiere commerciale pedonale ricco di boutique, artisti di strada e caff\u00e8 all&#039;aperto. \u00c8 spesso citato come uno dei migliori centri commerciali all&#039;aperto d&#039;America. Il vicino Santa Monica Place Mall (shopping di lusso) e il quartiere artistico 4th\/Colorado (lo SMC Performing Arts Center) ne accrescono il fascino. La spiaggia stessa, Santa Monica State Beach, \u00e8 ampia e ben tenuta, con campi da pallavolo e piste ciclabili che collegano a Venice Beach (a sud) e alla pista ciclabile di Marina del Rey (a nord).<\/p>\n<p>Altri punti di interesse includono il Tongva Park &amp; \u200b\u200bGreenbelt (un nuovo parco multilivello con aree gioco e fontane in centro) e il Palisades Park (come gi\u00e0 accennato). Sul lungomare, lo storico Angels Knight Pier (la casa sulla spiaggia di Caruso) e la Lifeguard Headquarters Tower sono strutture degne di nota. Sport e tempo libero: Muscle Beach (l&#039;originale palestra all&#039;aperto della California) e il North Beach Playground sono mete piacevoli da visitare. Inoltre, il Santa Monica Museum of Art e la Bergamot Station (un complesso artistico con decine di gallerie) attraggono i visitatori amanti della cultura. Chi desidera immergersi nella cultura locale pu\u00f2 passeggiare al Farmers Market in Arizona Avenue (aperto tutto l&#039;anno, mercoled\u00ec e sabato).<\/p>\n<p>In breve, la lista delle cose da fare assolutamente \u00e8 definita dall&#039;oceano e dalle attivit\u00e0 all&#039;aria aperta: una gita in bicicletta fino al molo, una passeggiata al tramonto, un giro sui pattini a rotelle in riva al mare e un pasto in uno dei tanti ristoranti sulla spiaggia. Santa Monica offre la classica esperienza di una citt\u00e0 balneare californiana, rivisitata per l&#039;era moderna con negozi alla moda e uno stile sostenibile.<\/p>\n<p>Santa Monica non ha un proprio aeroporto commerciale; i visitatori di solito atterrano all&#039;Aeroporto Internazionale di Los Angeles (LAX), a soli 15 minuti di auto a sud. Anche gli aeroporti di Burbank (BUR) e Long Beach (LGB) sono raggiungibili in auto o con una navetta. In auto, l&#039;autostrada I-10 termina a Santa Monica (dove incontra Ocean Avenue). \u00c8 anche collegata tramite strade di superficie a West LA e oltre. Il treno Pacific Surfliner di Amtrak ferma alla vicina stazione Downtown Santa Monica (in 4th Street), collegando la tratta Los Angeles-San Diego.<\/p>\n<p>Santa Monica \u00e8 relativamente piccola. Molti residenti e visitatori si spostano a piedi o in bicicletta, soprattutto in centro e lungo la spiaggia. Il trasporto pubblico include il Big Blue Bus (il sistema di autobus municipali di Santa Monica) e la metropolitana leggera della linea E della metropolitana di Los Angeles (linea Expo), che collega il centro di Santa Monica (stazione di Downtown) al centro di Los Angeles e oltre circa ogni 8 minuti. Taxi e servizi di ride-sharing sono abbondanti nelle zone centrali, ma possono essere scarsi a tarda notte nei quartieri periferici. I parcheggi sono spesso a pagamento lungo le strade e nei garage pubblici; fate attenzione agli orari di pulizia delle strade. Poich\u00e9 il traffico pu\u00f2 intasare gli ingressi delle autostrade, molti abitanti del posto usano biciclette o monopattini per brevi spostamenti (i programmi di scooter e bike-sharing sono molto diffusi).<\/p>\n<p>Si applicano le solite mance californiane. La valuta \u00e8 il dollaro statunitense (USD). L&#039;inglese \u00e8 una lingua universale; lo spagnolo \u00e8 comune in molti contesti di servizio (molte insegne dei negozi sono bilingue). La mancia standard del 15-20% per i ristoranti \u00e8 del 15-20%. Sandali e abbigliamento da spiaggia sono accettabili quasi ovunque durante il giorno, anche se si pu\u00f2 optare per un abbigliamento pi\u00f9 elegante per ristoranti o bar raffinati. Santa Monica \u00e8 generalmente sicura: il tasso di criminalit\u00e0 \u00e8 molto pi\u00f9 basso rispetto al centro di Los Angeles. Tuttavia, fate attenzione ai vostri effetti personali nelle strade affollate e sulle spiagge. La citt\u00e0 \u00e8 molto adatta a pedoni e ciclisti, ma rispettate sempre l&#039;etichetta locale per bici e monopattini. \u00c8 anche piuttosto internazionale e accogliente; i visitatori dovrebbero sentirsi a proprio agio indossando ci\u00f2 che preferiscono. Una nota pratica: a causa delle politiche locali, Santa Monica \u00e8 molto attenta all&#039;ambiente: i visitatori troveranno fontanelle al posto delle bottiglie di plastica in molti parchi e i ristoranti spesso incoraggiano l&#039;uso di borse riutilizzabili.<a href=\"https:\/\/travelshelper.com\/it\/destinazioni\/america-del-nord\/stati-uniti-damerica\/berkeley-springs\/\" target=\"_self\" aria-labelledby=\"uael-post-8997\"><br \/>\n<\/a><\/p>","protected":false},"excerpt":{"rendered":"<p>Santa Monica, situata lungo la pittoresca baia di Santa Monica, sulla costa meridionale della California, \u00e8 una vivace citt\u00e0 nella contea di Los Angeles. Con una popolazione di 93.076 abitanti secondo il censimento degli Stati Uniti del 2020, Santa Monica \u00e8 una rinomata localit\u00e0 turistica, apprezzata per le sue temperature miti, le spiagge mozzafiato e la vivace attivit\u00e0 alberghiera. Tra le grandi aziende che sostengono la variegata economia della citt\u00e0, che funge da importante polo sia per gli affari che per il tempo libero, figurano Hulu, Universal Music Group, Lionsgate, Illumination e The Recording Academy.<\/p>","protected":false},"author":1,"featured_media":3396,"parent":8072,"menu_order":0,"comment_status":"closed","ping_status":"closed","template":"elementor_theme","meta":{"_eb_attr":"","footnotes":""},"class_list":["post-8395","page","type-page","status-publish","has-post-thumbnail"],"_links":{"self":[{"href":"https:\/\/travelshelper.com\/it\/wp-json\/wp\/v2\/pages\/8395","targetHints":{"allow":["GET"]}}],"collection":[{"href":"https:\/\/travelshelper.com\/it\/wp-json\/wp\/v2\/pages"}],"about":[{"href":"https:\/\/travelshelper.com\/it\/wp-json\/wp\/v2\/types\/page"}],"author":[{"embeddable":true,"href":"https:\/\/travelshelper.com\/it\/wp-json\/wp\/v2\/users\/1"}],"replies":[{"embeddable":true,"href":"https:\/\/travelshelper.com\/it\/wp-json\/wp\/v2\/comments?post=8395"}],"version-history":[{"count":0,"href":"https:\/\/travelshelper.com\/it\/wp-json\/wp\/v2\/pages\/8395\/revisions"}],"up":[{"embeddable":true,"href":"https:\/\/travelshelper.com\/it\/wp-json\/wp\/v2\/pages\/8072"}],"wp:featuredmedia":[{"embeddable":true,"href":"https:\/\/travelshelper.com\/it\/wp-json\/wp\/v2\/media\/3396"}],"wp:attachment":[{"href":"https:\/\/travelshelper.com\/it\/wp-json\/wp\/v2\/media?parent=8395"}],"curies":[{"name":"wp","href":"https:\/\/api.w.org\/{rel}","templated":true}]}}