{"id":8331,"date":"2024-09-03T15:25:07","date_gmt":"2024-09-03T15:25:07","guid":{"rendered":"https:\/\/travelshelper.com\/staging\/?page_id=8331"},"modified":"2026-03-13T18:08:36","modified_gmt":"2026-03-13T18:08:36","slug":"palm-springs","status":"publish","type":"page","link":"https:\/\/travelshelper.com\/it\/destinations\/north-america\/united-states\/palm-springs\/","title":{"rendered":"Palm Springs"},"content":{"rendered":"<p>Palm Springs \u00e8 una citt\u00e0 di medie dimensioni e localit\u00e0 turistica nella Coachella Valley, nella California meridionale. La popolazione era di 44.575 abitanti al censimento del 2020. A differenza della maggior parte delle citt\u00e0 delle sue dimensioni, Palm Springs ospita una numerosa popolazione di passaggio: pensionati e &#034;snowbird&#034; provenienti dalle regioni pi\u00f9 fredde si riversano qui in inverno, triplicando temporaneamente il numero di persone presenti. In particolare, oltre il 30% dei residenti a tempo pieno ha 65 anni o pi\u00f9 e l&#039;et\u00e0 media di circa 55 anni riflette la sua reputazione di paradiso per i pensionati. Palm Springs \u00e8 economicamente trainata dal turismo, dal settore immobiliare e dai servizi. Il reddito familiare medio \u00e8 di circa 57.900 dollari e il tasso di povert\u00e0 si aggira intorno al 16%; i valori immobiliari sono elevati (abitazione mediana ~398.000 dollari) grazie alla desiderabilit\u00e0 della zona. L&#039;economia locale vede milioni di visitatori ogni anno, soprattutto per il golf, i festival culturali e i matrimoni, oltre alle convention cinematografiche e tecnologiche in corso.<\/p>\n<p>Palm Springs si trova nel deserto di Sonora, nella California meridionale, a circa 160 chilometri a est di Los Angeles. Geograficamente, si trova nella Coachella Valley, parte del pi\u00f9 ampio deserto del Colorado, circondata da montagne. A ovest si ergono i Monti San Jacinto (che raggiungono i 3.300 metri sul Monte San Jacinto), e a est si trovano i Monti Santa Rosa e Little San Bernardino. Il fondovalle \u00e8 asciutto e pianeggiante, a circa 145 metri sul livello del mare. Il clima \u00e8 arido: Palm Springs \u00e8 famosa per il suo clima desertico caldo (K\u00f6ppen BWh), con oltre 300 giorni di sole all&#039;anno. Le estati sono estremamente calde (spesso superano i 43 \u00b0C) e gli inverni sono brevi e miti, solitamente sopra lo zero. La pioggia \u00e8 scarsa: la media annua \u00e8 di soli 13 cm circa. Questa incessante esposizione al sole permette solo alle piante resistenti alla siccit\u00e0 (palme, cactus) di prosperare senza irrigazione. Nel complesso, la posizione e il clima di Palm Springs ne fanno un paradiso per gli uccelli che migrano verso luoghi pi\u00f9 freddi dell&#039;anno e una vera e propria oasi in mezzo al deserto arido.<\/p>\n<p>L&#039;area di Palm Springs fu originariamente abitata dal popolo Cahuilla per secoli, prima dell&#039;arrivo degli europei. Chiamavano le oasi naturali Se-Khi (&#034;acqua bollente&#034;) e utilizzavano le calde sorgenti fiancheggiate da palme e querce in inverno come riparo e per le cerimonie. La trib\u00f9 Agua Caliente degli indiani Cahuilla gestisce oggi una riserva sotto la citt\u00e0. La citt\u00e0 moderna inizi\u00f2 a prendere forma all&#039;inizio del XX secolo. Nel 1938 Palm Springs fu ufficialmente incorporata, dopo essere stata promossa come localit\u00e0 termale nel deserto e oasi frutticola (i primi anni dell&#039;economia si basavano su datteri, agrumi e ulivi).<\/p>\n<p>Palm Springs conobbe un vero e proprio boom dopo la Seconda Guerra Mondiale. Star di Hollywood e magnati scoprirono il clima soleggiato della valle e commissionarono case e hotel in stile Mid-Century Modern. Personaggi famosi come Frank Sinatra, John Wayne e Lucille Ball costruirono qui le loro case. L&#039;architettura dell&#039;epoca (piani piani, vita all&#039;aperto e al chiuso) divenne parte dell&#039;identit\u00e0 di Palm Springs. La crescita culturale della citt\u00e0 rispecchiava questa ricchezza: teatri, gallerie e una scena artistica in crescita apparvero tra gli anni &#039;50 e &#039;60. Negli ultimi decenni, Palm Springs ha rivitalizzato la sua eredit\u00e0 Mid-Century attraverso la conservazione e il turismo. La citt\u00e0 \u00e8 nota a livello internazionale per il design &#034;Palm Springs Modern&#034;, ospitando tour di architettura e l&#039;annuale festival Modernism Week che celebra il suo patrimonio degli anni &#039;50.<\/p>\n<p>Palm Springs ha un&#039;atmosfera da citt\u00e0 turistica ben definita. L&#039;inglese \u00e8 la lingua ufficiale, ma molti residenti parlano spagnolo o altre lingue; la popolazione della citt\u00e0 \u00e8 composta per circa il 79% da bianchi e per il 25% da ispanici\/latini. Il suo carattere internazionale deve molto al turismo: ospiti provenienti da Stati Uniti, Canada e oltreoceano vengono per il golf, le spa e i congressi. Lo stile di vita \u00e8 rilassato e orientato al tempo libero. Le giornate si trascorrono in piscina, sui campi da golf o passeggiando per le strade alberate. Tra i passatempi pi\u00f9 gettonati ci sono lo yoga all&#039;alba, le esposizioni di auto d&#039;epoca e le cene all&#039;aperto in patii ventilati.<\/p>\n<p>Palm Springs \u00e8 anche orgogliosa della sua vivace scena artistica e dei festival. Oltre alla Settimana del Modernismo (febbraio e talvolta ottobre, eventi dedicati ai tour di architettura), la citt\u00e0 ospita ogni gennaio un famoso Festival Internazionale del Cinema. Vanta una numerosa comunit\u00e0 LGBTQ+ e numerosi eventi correlati (ad esempio, il White Party e il Pride), a testimonianza della sua reputazione di una delle citt\u00e0 pi\u00f9 gay-friendly d&#039;America. Il centro citt\u00e0 (Avenida Caballeros e Palm Canyon Drive) ospita boutique eclettiche, gallerie d&#039;arte e teatri. Di notte, scintillanti luci a ghirlanda illuminano ristoranti e bar, offrendo una vita notturna informale ma di alto livello. Nel complesso, l&#039;atmosfera fonde il fascino rilassato del deserto con esplosioni di energia urbana durante gli eventi. Chi viene da fuori spesso nota il caloroso benvenuto della citt\u00e0 \u2013 &#034;Palm Springs nice&#034; \u2013 in un contesto di consapevole orgoglio per la storia locale e l&#039;eleganza degli anni &#039;50.<\/p>\n<p>I visitatori di Palm Springs sono attratti dalla sua combinazione di attrazioni naturali e architettoniche. La pi\u00f9 importante \u00e8 la Palm Springs Aerial Tramway. Con una salita di 10 minuti in funivia, la funivia trasporta i visitatori a 1.770 metri dal suolo del deserto agli altopiani montuosi. Le cabine rotanti e la stazione di vetta alpina (a 2.600 metri) offrono viste panoramiche sulla valle, sulla neve in inverno, sui sentieri escursionistici e sui ristoranti. \u00c8 una meraviglia ingegneristica del 1963 (che utilizza ancora le cabine Rotair originali) e un modo unico per esplorare cinque zone climatiche in un unico viaggio.<\/p>\n<p>Gli amanti delle attivit\u00e0 all&#039;aria aperta possono raggiungere in pochi minuti di auto gli Indian Canyon e il Tahquitz Canyon. Queste oasi nel deserto offrono letti di torrenti all&#039;ombra delle palme e sentieri escursionistici dei nativi americani attraverso le imponenti pareti del canyon. Una salita vigorosa alle Cahuilla Falls o al Murray Canyon rivela cascate stagionali e resti dell&#039;impianto di irrigazione di Cahuilla. Per scenari desertici pi\u00f9 aspri, il Joshua Tree National Park (a breve distanza in auto verso est) \u00e8 iconico per i suoi alberi di Giosu\u00e8 e le aspre formazioni rocciose, una gita di un giorno da non perdere da Palm Springs.<\/p>\n<p>Palm Springs vanta anche numerosi siti culturali e architettonici. Il Palm Springs Art Museum ospita opere d&#039;arte moderna e dei nativi americani. Gli appassionati di architettura possono visitare case famose: la vicina Taliesin West di Frank Lloyd Wright (la sua residenza invernale e sede della sua scuola di architettura) \u00e8 aperta al pubblico. Le residenze moderniste della citt\u00e0, come la Kaufmann House e il cottage per la luna di miele di Elvis, possono essere visitate in auto o con tour guidati. Sul fondovalle, la Coachella Valley Preserve e i rifugi per la fauna selvatica proteggono la flora e la fauna locali, mentre il Moorten Botanical Garden espone cactus e succulente tipiche del deserto di Sonora.<\/p>\n<p>Il centro citt\u00e0 \u00e8 ricco di attrazioni. Palm Canyon Drive (la via principale) vanta insegne al neon di met\u00e0 secolo e il marciapiede Walk of Stars, che rende omaggio alle celebrit\u00e0. Nelle vicinanze, l&#039;Air Museum e la statua di Frank Sinatra, sede dell&#039;IGA, ricordano l&#039;eredit\u00e0 dello spettacolo della citt\u00e0. Gli amanti del cibo e dello shopping si godono i mercati agricoli settimanali e quelli aperti tutto l&#039;anno, che celebrano prodotti freschi e artigianali. In breve, le attrazioni imperdibili di Palm Springs spaziano dai panorami desertici (tram, canyon) ai siti culturali (tour di met\u00e0 secolo, musei), il tutto unito da palme ondeggianti e sole infinito.<\/p>\n<p>Palm Springs \u00e8 facilmente raggiungibile. L&#039;Aeroporto Internazionale di Palm Springs (PSP) si trova appena a ovest del centro e gestisce voli nazionali dai principali hub (Los Angeles, San Francisco, Phoenix), oltre a rotte stagionali. L&#039;Aeroporto Internazionale di Los Angeles (LAX) si trova a circa 190 km a ovest, a 2-2 ore e mezza di auto tramite la I-10. Sunset Limited e Texas Eagle di Amtrak fermano nella vicina Palm Springs, e gli autobus a lunga percorrenza servono la valle. Per gli automobilisti, l&#039;Interstate 10 attraversa Palm Springs da est a ovest (collegandosi a Los Angeles a ovest e a Phoenix\/Arizona a est), mentre la CA-111 e la CA-62 consentono di raggiungere le zone desertiche circostanti.<\/p>\n<p>Palm Springs dipende fortemente dall&#039;uso dell&#039;auto, soprattutto per raggiungere i canyon o i campi da golf pi\u00f9 lontani. Tuttavia, il centro citt\u00e0 \u00e8 ben frequentato da ciclisti e pedoni, con molti hotel che offrono il noleggio di biciclette. Il trasporto pubblico locale \u00e8 gestito dalla SunLine Transit Agency, che gestisce autobus lungo i principali corridoi della valle (tra cui Palm Canyon Dr ed East Palm Canyon). Una linea regionale di metropolitana leggera (in costruzione) collegher\u00e0 Palm Springs con altre citt\u00e0 della Coachella Valley. Per la maggior parte dei visitatori, il noleggio auto o il car sharing sono le soluzioni pi\u00f9 semplici. I parcheggi in strada a Palm Springs sono abbondanti e spesso gratuiti, tranne che nei parcheggi a pagamento e nelle aree dedicate agli eventi speciali.<\/p>\n<p>La valuta \u00e8 il dollaro statunitense e l&#039;inglese \u00e8 universalmente compreso (anche lo spagnolo \u00e8 diffuso tra il personale di servizio). Il dress code prevede un abbigliamento casual da resort: pantaloncini, sandali e cappelli da sole in estate (pi\u00f9 una giacca leggera nelle notti invernali nel deserto). Il sole del deserto pu\u00f2 essere intenso; la crema solare e molta acqua sono essenziali, soprattutto se si fa trekking. Le mance seguono la prassi standard statunitense (15-20% in ristoranti, taxi, guide). La cortesia \u00e8 la norma (un cenno del capo o un &#034;grazie&#034; sono sufficienti). La sicurezza \u00e8 generalmente buona: Palm Springs ha poca criminalit\u00e0 nelle zone turistiche, anche se, come in ogni citt\u00e0, \u00e8 opportuno prestare attenzione agli effetti personali nei luoghi affollati. In estate, fate attenzione al caldo estremo e alle inondazioni improvvise causate dai monsoni estivi nei laghi di montagna. Nel complesso, un soggiorno qui unisce la libert\u00e0 del deserto con i comfort di una citt\u00e0 turistica ben sviluppata.<a href=\"https:\/\/travelshelper.com\/it\/destinazioni\/america-del-nord\/stati-uniti-damerica\/berkeley-springs\/\" target=\"_self\" aria-labelledby=\"uael-post-8997\"><br \/>\n<\/a><\/p>","protected":false},"excerpt":{"rendered":"<p>Palm Springs \u00e8 una citt\u00e0 turistica nel deserto della contea di Riverside, in California, Stati Uniti, incastonata nella Coachella Valley, nel deserto del Colorado. Con una superficie di quasi 240 km\u00b2, \u00e8 la citt\u00e0 pi\u00f9 grande della contea di Riverside per superficie. Coprendo oltre il 10% del territorio cittadino, la riserva Agua Caliente Band of Cahuilla Indians presenta una caratteristica struttura a scacchiera. Oltre a essere una delle caratteristiche principali della topografia della citt\u00e0, questa riserva \u00e8 il centro amministrativo della pi\u00f9 popolosa della California.<\/p>","protected":false},"author":1,"featured_media":3401,"parent":8072,"menu_order":0,"comment_status":"closed","ping_status":"closed","template":"elementor_theme","meta":{"_eb_attr":"","footnotes":""},"class_list":["post-8331","page","type-page","status-publish","has-post-thumbnail"],"_links":{"self":[{"href":"https:\/\/travelshelper.com\/it\/wp-json\/wp\/v2\/pages\/8331","targetHints":{"allow":["GET"]}}],"collection":[{"href":"https:\/\/travelshelper.com\/it\/wp-json\/wp\/v2\/pages"}],"about":[{"href":"https:\/\/travelshelper.com\/it\/wp-json\/wp\/v2\/types\/page"}],"author":[{"embeddable":true,"href":"https:\/\/travelshelper.com\/it\/wp-json\/wp\/v2\/users\/1"}],"replies":[{"embeddable":true,"href":"https:\/\/travelshelper.com\/it\/wp-json\/wp\/v2\/comments?post=8331"}],"version-history":[{"count":0,"href":"https:\/\/travelshelper.com\/it\/wp-json\/wp\/v2\/pages\/8331\/revisions"}],"up":[{"embeddable":true,"href":"https:\/\/travelshelper.com\/it\/wp-json\/wp\/v2\/pages\/8072"}],"wp:featuredmedia":[{"embeddable":true,"href":"https:\/\/travelshelper.com\/it\/wp-json\/wp\/v2\/media\/3401"}],"wp:attachment":[{"href":"https:\/\/travelshelper.com\/it\/wp-json\/wp\/v2\/media?parent=8331"}],"curies":[{"name":"wp","href":"https:\/\/api.w.org\/{rel}","templated":true}]}}