{"id":8297,"date":"2024-09-03T14:24:43","date_gmt":"2024-09-03T14:24:43","guid":{"rendered":"https:\/\/travelshelper.com\/staging\/?page_id=8297"},"modified":"2026-03-13T18:02:23","modified_gmt":"2026-03-13T18:02:23","slug":"new-orleans","status":"publish","type":"page","link":"https:\/\/travelshelper.com\/it\/destinations\/north-america\/united-states\/new-orleans\/","title":{"rendered":"New Orleans"},"content":{"rendered":"<p>Adagiata lungo il corso inferiore del fiume Mississippi, nella Louisiana sud-orientale, New Orleans \u00e8 oggi una citt\u00e0 di circa 380.000 abitanti (censimento del 2020), il che la rende la citt\u00e0 pi\u00f9 grande della Louisiana e la capitale culturale del Sud America. Al 2025, la popolazione della citt\u00e0 \u00e8 stimata in circa 351.000 abitanti, dopo decenni di fluttuazioni dovute a migrazioni e calamit\u00e0 naturali. La demografia di New Orleans \u00e8 distintiva: una comunit\u00e0 a maggioranza afroamericana (circa il 55% nera secondo stime recenti) con una significativa presenza di bianchi (circa il 32%), ispanici\/latini e altre minoranze. La sua economia \u00e8 riccamente diversificata: storicamente fondata sulle industrie portuali, petrolifere e petrolchimiche, oggi New Orleans prospera anche grazie all&#039;istruzione superiore, all&#039;assistenza sanitaria e soprattutto al turismo e ai settori creativi. Infatti, il solo turismo ha generato circa 5,5 miliardi di dollari di impatto economico nel 2017, rappresentando circa il 40% delle entrate fiscali della citt\u00e0.<\/p>\n<p>New Orleans gode di un clima subtropicale mite: inverni rigogliosi ed estati lunghe e calde. Si trova al livello del mare lungo la costa del Golfo: met\u00e0 della citt\u00e0 si trova effettivamente al livello del mare o al di sotto di esso e fa affidamento su argini e pompe per il controllo delle inondazioni. Le precipitazioni annuali sono abbondanti (circa 127 cm all&#039;anno), con estati afose che spesso spingono la colonnina di mercurio sopra i 32 \u00b0C e inverni che si mantengono solitamente ben al di sopra dello zero (media giornaliera di gennaio intorno a 0,7 \u00b0C). L&#039;ambiente subtropicale della citt\u00e0 le ha fatto guadagnare il soprannome di &#034;La citt\u00e0 che si \u00e8 dimenticata degli impegni&#034;, un omaggio al suo clima caldo e ai ritmi rilassati. Paludi, parchi fiancheggiati da querce e querce vive che gocciolano muschio spagnolo sono onnipresenti nel paesaggio moderno, anche mentre i grattacieli sorgono in centro.<\/p>\n<p>New Orleans \u00e8 il centro culturale, economico e accademico della Louisiana. Secondo il censimento degli Stati Uniti del 2020, la popolazione della citt\u00e0 era di 383.997 abitanti (con l&#039;area metropolitana di New Orleans-Metairie di circa 1 milione). Si prevede che nel 2025 tale numero sar\u00e0 leggermente diminuito, attestandosi a circa 351.000 abitanti. La composizione razziale della citt\u00e0 \u00e8 a maggioranza afroamericana (circa il 55%), con i bianchi che rappresentano circa il 32%, gli ispanici\/latini circa il 5%, gli asiatici il 2% e il resto nativi americani o multietnici. Dal punto di vista economico, New Orleans genera circa 51 miliardi di dollari di Prodotto Interno Lordo Metropolitano annuo (dati del 2023), posizionandosi tra le 25 principali economie urbane della nazione. Wall Street pu\u00f2 dominare New York, ma New Orleans domina il trasporto marittimo della Costa del Golfo: gestisce uno dei porti pi\u00f9 grandi del mondo ed \u00e8 un importante centro di raffinazione del petrolio e produzione petrolchimica. La citt\u00e0 \u00e8 anche un polo educativo e sanitario (sede di istituzioni come la Tulane University e Ochsner Health) e un polo tecnologico in crescita. Fondamentalmente, l&#039;ospitalit\u00e0 e le industrie creative sono importanti fonti di impiego; solo turismo e congressi generano milioni di entrate all&#039;anno. In breve, in termini numerici, New Orleans \u00e8 una citt\u00e0 del Sud di medie dimensioni con un&#039;influenza economica smisurata grazie ai suoi settori portuale, energetico e culturale.<\/p>\n<p>Crescent City si trova nel Nord America, nel cuore del profondo Sud. Geograficamente, \u00e8 situata sulla riva orientale del fiume Mississippi, a circa 145 chilometri a monte del Golfo del Messico. L&#039;ambiente circostante \u00e8 una pianura costiera: paludi e delta fluviale a sud e zone umide a est. Questo territorio pianeggiante fa s\u00ec che New Orleans si trovi per lo pi\u00f9 al livello del mare o al di sotto di esso, rendendo necessario un esteso sistema di argini. A differenza di Denver, che si trova in pianura o in montagna, New Orleans \u00e8 una citt\u00e0 fluviale, plasmata dall&#039;acqua in ogni direzione: il grande fiume a ovest, il lago Pontchartrain a nord, il Golfo a sud. Una battuta dice che \u00e8 &#034;seduta sulla terra, sospesa sull&#039;acqua&#034;. Il caldo estivo \u00e8 mitigato dalle brezze del Golfo e dai numerosi canali; gli inverni sono miti.<\/p>\n<p>Le origini di New Orleans risalgono all&#039;inizio del XVIII secolo. I coloni francesi, guidati da Jean-Baptiste Le Moyne de Bienville, fondarono la citt\u00e0 nel 1718 su un&#039;ansa del Mississippi. La sua maestosa architettura francese e i suoi toponimi riflettono questo passato coloniale. Nel 1763, dopo la Guerra dei Sette Anni, la Francia cedette la Louisiana (e New Orleans) alla Spagna, prima che Napoleone la restituisse ai francesi nel 1800. Solo tre anni dopo, nel 1803, gli Stati Uniti acquisirono New Orleans con l&#039;acquisto della Louisiana, aprendo il Mississippi al commercio americano. New Orleans prosper\u00f2 nel periodo anteguerra: nel 1840 era la terza citt\u00e0 pi\u00f9 grande degli Stati Uniti e la pi\u00f9 grande di tutto il Sud. Il suo porto rivaleggiava con quelli di Boston e Filadelfia in termini di volume, e il cotone e lo zucchero la resero una citt\u00e0 ricca, seppur altamente stratificata. La svolta avvenne durante la guerra del 1812. Nel gennaio del 1815, il generale Andrew Jackson guid\u00f2 un eterogeneo esercito americano per sconfiggere gli inglesi nella battaglia di New Orleans, consolidando il posto della citt\u00e0 nella tradizione statunitense.<\/p>\n<p>Dopo la Guerra Civile, New Orleans ha affrontato la Ricostruzione e le leggi Jim Crow, rimanendo un vivace centro commerciale fino al XX secolo. La musica jazz nacque qui nei primi anni del Novecento e, negli anni Venti, la vita notturna del Quartiere Francese era leggendaria. Alla fine del XX secolo, la citt\u00e0 ha vissuto alti e bassi. Nel 2005, l&#039;uragano Katrina ha colpito duramente. Gran parte della citt\u00e0 \u00e8 stata allagata a causa delle rotture degli argini, oltre 1.800 residenti sono morti e la popolazione si \u00e8 ridotta di circa la met\u00e0. La ripresa \u00e8 stata in parte drammatica: il centro e alcuni quartieri sono stati ricostruiti, mentre altri portano ancora le cicatrici. La New Orleans di oggi porta l&#039;impronta di tutte queste epoche. Targhe storiche fiancheggiano Jackson Square (risalenti all&#039;epoca di Bienville), ma le vetrine dei negozi pubblicizzano anche consulenti energetici e startup tecnologiche. La catastrofe dell&#039;uragano Katrina rimane una pietra miliare, ma lo \u00e8 anche la rinascita della citt\u00e0, che bilancia il rispetto per il passato con la crescita moderna.<\/p>\n<p>New Orleans ha un sapore culturale unico, un mix di influenze francesi, spagnole, africane, caraibiche e del Sud. Il suo carattere locale \u00e8 evidente fin dal momento in cui si scende dall&#039;aereo o dalla nave da crociera: cartelli stradali in francese (ad esempio, &#034;Rue&#034; per strada), un atteggiamento rilassato e musica onnipresente sui marciapiedi. L&#039;eredit\u00e0 francese e creola perdura non solo nell&#039;architettura, ma anche nelle tradizioni ancora vive. I francofoni e i dialetti creoli della Louisiana sono rari oggi, ma alcuni anziani conversano ancora in quelle lingue. Pi\u00f9 comunemente, l&#039;inglese quotidiano della Louisiana \u00e8 condito da espressioni cajun e creole (&#034;lagniappe&#034;, &#034;lagniappe&#034; significa &#034;qualcosa in pi\u00f9&#034;, ecc.). La citt\u00e0 ha celebrato il suo bicentenario nel 2018 con allegria franco-yiddish, riconoscendo le sue radici francofone.<\/p>\n<p>A New Orleans regna la tradizione. Come osserva poeticamente una guida, &#034;New Orleans \u00e8 una citt\u00e0 di abitudini che si sono evolute in venerabili tradizioni&#034;. I fagioli rossi della domenica, i funerali jazz e le mascherate di carnevale sono nati come usanze quotidiane e sono diventati punti di riferimento della citt\u00e0. La stagione annuale delle sfilate del Mardi Gras (Carnival) \u00e8 l&#039;espressione pi\u00f9 vivida di questa tradizione: settimane di balli in maschera e sfilate notturne in cui le &#034;krewes&#034; in costume lanciano perline per le strade. Ma anche al di fuori del Mardi Gras, lo spirito di festa \u00e8 costante. Ogni sera si sente jazz dal vivo uscire dai club di Frenchmen Street e i festival riempiono il calendario durante tutto l&#039;anno: dal Jazz &amp; Heritage Festival ogni primavera al Congo Square Rhythms in estate, al French Quarter Festival e alle innumerevoli sfilate etniche.<\/p>\n<p>Rispetto ad altre grandi citt\u00e0, il ritmo di vita a New Orleans sembra languido. Gli abitanti del posto sono orgogliosi dell&#039;ospitalit\u00e0 e del calore tipici del Sud. Gli stranieri spesso salutano con un sorriso o con un cordiale &#034;Come va?&#034;, persino al banco gastronomia o in un negozio di riparazioni. Come ha osservato un visitatore, &#034;I residenti trasudano calore e cordialit\u00e0&#034;, un tratto attribuito alla carit\u00e0 cristiana e al fascino antico della citt\u00e0. I \u200b\u200bcaff\u00e8 di Jackson Square pullulano di gente che si sofferma con nonchalance a sorseggiare caffellatte e beignet. I musicisti di strada che suonano al sole sono frequenti come i pick-up sulle strade. Eppure, sotto questa convivialit\u00e0, si cela un&#039;arguzia tagliente: i neworleans scherzano dicendo che la citt\u00e0 \u00e8 cos\u00ec rilassata che &#034;anche gli orologi vanno per il loro tempo&#034;.<\/p>\n<p>Nonostante questi attrattive, la vita qui ha un lato oscuro. La citt\u00e0 ha lottato a lungo contro la disuguaglianza economica e la criminalit\u00e0. Per decenni, New Orleans ha sofferto di uno dei tassi di omicidio pi\u00f9 alti d&#039;America. Questa realt\u00e0 attenua l&#039;immagine altrimenti bizzarra. Negli ultimi cinque anni la citt\u00e0 ha compiuto alcuni progressi nella sicurezza pubblica; a met\u00e0 del 2024, la criminalit\u00e0 segnalata era diminuita di circa il 26% rispetto all&#039;anno precedente. I visitatori sono comunque invitati a rimanere vigili, soprattutto dopo il tramonto. Ma pi\u00f9 spesso, un nuovo arrivato ricorder\u00e0 i gentili conducenti dei tram, il dolce profumo delle magnolie e la facile risata della gente al Caf\u00e9 du Monde. In definitiva, &#034;l&#039;atmosfera del Quartiere Francese&#034; \u2013 la cordiale insegna francofona agli angoli delle strade, gli ombrelli rossi, i balconi in ferro battuto \u2013 \u00e8 ci\u00f2 che lascia un&#039;impressione duratura.<\/p>\n<p>Per ogni viaggiatore, New Orleans offre una miriade di attrazioni imperdibili. Primo fra tutti il \u200b\u200bQuartiere Francese, il centro storico fondato nel 1718. Il suo cuore \u00e8 Jackson Square, una piazza pubblica dominata dalla Cattedrale di San Luigi in pietra bianca (la pi\u00f9 antica cattedrale cattolica in attivit\u00e0 continua negli Stati Uniti). Intorno alla piazza e alla vicina Bourbon Street si trovano case a schiera color pastello con balconi in ferro battuto decorati con fiori. Qui si possono ammirare luoghi leggendari: musicisti che ondeggiano sulle verande, statue, venditori di street art e il famosissimo Caf\u00e9 du Monde che serve beignet di praline e caff\u00e8 di cicoria. Il Quartiere ospita anche la Preservation Hall, dove si tengono concerti di jazz acustico serali, e le boutique di Royal Street, dove si trovano oggetti d&#039;antiquariato e belle arti.<\/p>\n<p>Oltre al quartiere, le attrazioni abbondano. Il National WWII Museum nel Warehouse District si \u00e8 ripetutamente classificato tra i migliori musei d&#039;America: le sue mostre immersive sullo sbarco in Normandia, Midway e altro ancora attraggono gli appassionati di storia militare. Gli amanti dell&#039;arte saranno attratti dal New Orleans Museum of Art (NOMA) e dall&#039;adiacente Sydney and Walda Besthoff Sculpture Garden nel City Park. Gli abitanti di Crescent City ammirano l&#039;Audubon Park e lo Zoo nella zona alta, e persino il City Park, molto amato dalla gente del posto, con le sue antiche querce e i suoi giardini botanici. Per un divertimento panoramico, il battello a vapore Natchez sul lungofiume offre crociere giornaliere a pale che scavalcano lo skyline. Da non perdere i cimiteri in superficie (come il St. Louis No. 1), inquietanti &#034;Citt\u00e0 dei Morti&#034;, dove mausolei riccamente ornati ospitano generazioni di abitanti di New Orleans.<\/p>\n<p>Tra le attrazioni classiche c&#039;\u00e8 anche il Garden District, a pochi chilometri a nord della citt\u00e0, dove maestose dimore del XIX secolo fiancheggiano strade ombreggiate da querce. Si pu\u00f2 prendere lo storico tram di St. Charles Avenue lungo una volta di querce e superare la Loyola University fino alle imponenti colonne della Tulane University. Il Museum of Art e il Confederate Memorial in citt\u00e0 completano le tappe pi\u00f9 orientate alla cultura. Nel complesso, si percepisce una piacevole tensione tra i quartieri storici degradati (la &#034;sottile eleganza e il delicato degrado&#034; della vecchia New Orleans) e i quartieri moderni rivitalizzati, ricchi di gallerie e caff\u00e8. Ogni angolo offre un assaggio della storia stratificata della citt\u00e0: i bar al neon di Bourbon Street vibrano accanto alle case coloniali francesi; gli argini bassi ricordano che il possente fiume e il golfo non sono mai lontani.<\/p>\n<p>New Orleans \u00e8 ben collegata. L&#039;Aeroporto Internazionale Louis Armstrong di New Orleans (MSY) si trova a circa 11 miglia a ovest del centro; serve decine di compagnie aeree e rotte non-stop verso citt\u00e0 di tutto il mondo. Pi\u00f9 vicino, il piccolo aeroporto di Lakefront offre voli pendolari limitati. Anche le principali autostrade convergono qui, rendendola un crocevia della costa del Golfo: l&#039;Interstatale 10 e la 610 circondano la citt\u00e0, mentre l&#039;Interstatale 55 e l&#039;Interstatale 59 si dirigono a nord. La linea Crescent di Amtrak (da New York a New Orleans) arriva ogni giorno all&#039;Union Passenger Terminal, comodamente accanto alle linee del tram e al centro degli autobus. In auto, le strade panoramiche lungo il fiume (US-61) o lungo il Golfo (US-90) offrono percorsi indimenticabili.<\/p>\n<p>Una volta in citt\u00e0, i visitatori hanno a disposizione numerose opzioni di trasporto pubblico. I famosi tram verdi e rossi attraversano i principali corridoi cittadini: le linee Riverfront, Canal Street, St. Charles (per Garden District) e Rampart-St. Claude. Questi affascinanti tram d&#039;epoca (alcuni risalenti agli anni &#039;20) offrono un modo semplice per visitare la citt\u00e0 in superficie. Un sistema di autobus completo (RTA) copre tutti i quartieri e la moderna estensione della linea di tram della metropolitana leggera (inaugurata nel 2016) raggiunge Tulane Avenue. Taxi, ride-hailing e traghetti fluviali (per Algiers Point, attraversando il Mississippi) sono numerosi. Da notare che il Quartiere Francese \u00e8 percorribile a piedi ed \u00e8 in gran parte privo di traffico automobilistico. Molti residenti e turisti si spostano a piedi o noleggiando una bicicletta.<\/p>\n<p>La valuta \u00e8 il dollaro statunitense e l&#039;inglese \u00e8 parlato universalmente (anche se molti menu elencano ancora i piatti con nomi francesi). La mancia \u00e8 consuetudine: circa il 15-20% nei ristoranti e nei bar. Il ritmo e il dress code della citt\u00e0 sono informali; l&#039;abbigliamento casual \u00e8 accettabile quasi ovunque (anche se nei ristoranti di lusso potrebbe essere obbligatorio indossare la giacca per gli uomini). Gli abitanti di New Orleans sono veloci a salutare con un &#034;ya&#039;ll&#034;, quindi conversare di sfuggita con un amichevole &#034;bonjour&#034; o &#034;merci&#034; (grazie) \u00e8 sempre apprezzato. Culturalmente, la gente qui si muove lentamente: se avete fretta, programmate pi\u00f9 tempo del solito.<\/p>\n<p>Storicamente, New Orleans ha avuto tassi di criminalit\u00e0 pi\u00f9 elevati rispetto a molte altre citt\u00e0, ma le condizioni variano a seconda del quartiere. Le zone pi\u00f9 turistiche (Quartiere Francese, CBD, Garden District) sono generalmente sicure di giorno. I visitatori dovrebbero adottare le normali precauzioni di notte, rimanere nelle aree illuminate e custodire i propri effetti personali in modo sicuro. Il Dipartimento di Polizia di New Orleans (NOPD) rileva che la criminalit\u00e0 complessiva \u00e8 in calo nel 2024. Soprattutto, un comportamento sensato da parte dei viaggiatori (non ostentare oggetti di valore, viaggiare in gruppo, se possibile, dopo il tramonto) contribuir\u00e0 a garantire un viaggio piacevole. Il pronto soccorso o l&#039;assistenza della polizia sono facilmente reperibili in centro. Con queste precauzioni, New Orleans rimane una citt\u00e0 accogliente, che premia il visitatore di mentalit\u00e0 aperta con musica, cibo e l&#039;ospitalit\u00e0 del Sud indimenticabili.<a href=\"https:\/\/travelshelper.com\/it\/destinazioni\/america-del-nord\/stati-uniti-damerica\/berkeley-springs\/\" target=\"_self\" aria-labelledby=\"uael-post-8997\"><br \/>\n<\/a><\/p>","protected":false},"excerpt":{"rendered":"<p>New Orleans, spesso chiamata NOLA o Big Easy, \u00e8 una citt\u00e0-parrocchia consolidata situata lungo il fiume Mississippi, nella parte sud-orientale della Louisiana. Con una popolazione di 383.997 abitanti, il censimento statunitense del 2020 la classifica come la pi\u00f9 popolosa della Louisiana e del territorio della Louisiana francese. \u00c8 la terza citt\u00e0 pi\u00f9 popolosa del profondo Sud e la dodicesima citt\u00e0 pi\u00f9 popolosa del sud-est degli Stati Uniti. Per la costa del Golfo degli Stati Uniti, New Orleans \u00e8 un importante porto e un riconosciuto centro commerciale ed economico.<\/p>","protected":false},"author":1,"featured_media":3170,"parent":8072,"menu_order":0,"comment_status":"closed","ping_status":"closed","template":"elementor_theme","meta":{"_eb_attr":"","footnotes":""},"class_list":["post-8297","page","type-page","status-publish","has-post-thumbnail"],"_links":{"self":[{"href":"https:\/\/travelshelper.com\/it\/wp-json\/wp\/v2\/pages\/8297","targetHints":{"allow":["GET"]}}],"collection":[{"href":"https:\/\/travelshelper.com\/it\/wp-json\/wp\/v2\/pages"}],"about":[{"href":"https:\/\/travelshelper.com\/it\/wp-json\/wp\/v2\/types\/page"}],"author":[{"embeddable":true,"href":"https:\/\/travelshelper.com\/it\/wp-json\/wp\/v2\/users\/1"}],"replies":[{"embeddable":true,"href":"https:\/\/travelshelper.com\/it\/wp-json\/wp\/v2\/comments?post=8297"}],"version-history":[{"count":0,"href":"https:\/\/travelshelper.com\/it\/wp-json\/wp\/v2\/pages\/8297\/revisions"}],"up":[{"embeddable":true,"href":"https:\/\/travelshelper.com\/it\/wp-json\/wp\/v2\/pages\/8072"}],"wp:featuredmedia":[{"embeddable":true,"href":"https:\/\/travelshelper.com\/it\/wp-json\/wp\/v2\/media\/3170"}],"wp:attachment":[{"href":"https:\/\/travelshelper.com\/it\/wp-json\/wp\/v2\/media?parent=8297"}],"curies":[{"name":"wp","href":"https:\/\/api.w.org\/{rel}","templated":true}]}}