{"id":7628,"date":"2024-08-27T21:07:30","date_gmt":"2024-08-27T21:07:30","guid":{"rendered":"https:\/\/travelshelper.com\/staging\/?page_id=7628"},"modified":"2026-03-13T23:47:54","modified_gmt":"2026-03-13T23:47:54","slug":"brasilia","status":"publish","type":"page","link":"https:\/\/travelshelper.com\/it\/destinations\/south-america\/brazil\/brasilia\/","title":{"rendered":"Bras\u00edlia"},"content":{"rendered":"<p>Nella vasta distesa degli altopiani dell&#039;entroterra brasiliano, un pallido nastro di viali si snoda tra prati curati e giardini scolpiti. Qui sorge Brasilia, una citt\u00e0 dalle curve di cemento e dai cieli aperti, concepita non da secoli di crescita, ma da un unico, ambizioso colpo di pianificazione. Dalla sua inaugurazione, il 21 aprile 1960, sotto la presidenza di Juscelino Kubitschek, Brasilia ha sopportato il peso delle aspettative: unire una nazione tentacolare, onorare la promessa di modernit\u00e0 e fungere da emblema vivente delle aspirazioni del Brasile. Oggi \u00e8 la terza citt\u00e0 pi\u00f9 popolosa del paese, dopo San Paolo e Rio de Janeiro, e vanta il PIL pro capite pi\u00f9 alto tra le principali metropoli latinoamericane, a testimonianza sia della sua centralit\u00e0 politica che del suo dinamismo economico.<\/p>\n<p>Alla fine degli anni &#039;50, la leadership brasiliana decise che la capitale dovesse trasferirsi dalla costa affollata a una posizione pi\u00f9 centrale, promuovendo cos\u00ec un senso di unit\u00e0 tra regioni disparate. L&#039;audace mossa del presidente Kubitschek coinvolse tre visionari: l&#039;urbanista L\u00facio Costa, l&#039;architetto Oscar Niemeyer e l&#039;ingegnere strutturale Joaquim Cardozo. Il piano generale di Costa prevedeva una citt\u00e0 a forma di aeroplano \u2013 la fusoliera un asse principale sinuoso, la cabina di pilotaggio la sede del potere \u2013 e suddivisa in settori distinti per hotel, finanza, ambasciate, alloggi e altro ancora. In questo scheletro Niemeyer scolp\u00ec forme bianche e contemporanee, mentre l&#039;architetto paesaggista Roberto Burle Marx aggiunse rigogliose fasce di vegetazione autoctona, ancorando la citt\u00e0 splendente al suo contesto di savana tropicale.<\/p>\n<p>L&#039;effetto complessivo fu a dir poco rivoluzionario. Brasilia incarnava una nuova etica urbana: chiarezza di intenti, zonizzazione funzionale e purezza architettonica. Ogni curva, colonna e specchio d&#039;acqua riflettente aveva un significato, un&#039;inversione deliberata dell&#039;espansione organica che aveva caratterizzato le capitali precedenti. Collocando i ministeri lungo superblocchi numerati con precisione e riservando aree dedicate al commercio e alla cultura, Costa stabil\u00ec una logica tanto razionale quanto poetica.<\/p>\n<p>Passeggiando sotto gli ampi archi parabolici della Cattedrale di Brasilia \u2013 la sua struttura iperboloide sorretta da sedici snelle colonne \u2013 si percepisce una grazia silenziosa, come se l&#039;aria stessa fosse stata plasmata dalla luce. Questo spazio sacro, completato nel 1970, cattura il dono di Niemeyer di coniugare monumentalit\u00e0 ed eleganza impalpabile. Altrove, il palazzo del Congresso Nazionale si erge come due vaste ciotole, una rovesciata, fiancheggiate da torri gemelle: una sintesi visiva dell&#039;equilibrio legislativo delle camere.<\/p>\n<p>Nel cuore dell&#039;&#034;aereo&#034;, Pra\u00e7a dos Tr\u00eas Poderes funge da cabina di pilotaggio di Brasilia. Disposti attorno a un&#039;ampia piscina riflettente simile a uno specchio, il Pal\u00e1cio do Planalto (potere esecutivo), il Congresso (potere legislativo) e la Corte Suprema Federale (potere giudiziario) siedono in un dialogo silenzioso. Pi\u00f9 avanti, lungo l&#039;Asse Monumentale \u2013 la fusoliera \u2013 due ampi viali paralleli abbracciano l&#039;Esplanada dos Minist\u00e9rios, dove ogni ministero occupa la propria striscia di prato e vetro, come ali individuali che si estendono da una spina dorsale centrale.<\/p>\n<p>Le ali residenziali della citt\u00e0, le cosiddette &#034;ala A&#034; e &#034;ala B&#034;, ospitano complessi residenziali progettati per i dipendenti pubblici e le loro famiglie. Ogni complesso \u00e8 costituito da gruppi di edifici che circondano spazi verdi comuni e aree gioco, riflettendo la convinzione di Costa che l&#039;architettura debba essere al servizio sia dei bisogni collettivi che del comfort individuale. Le piantumazioni di Burle Marx \u2013 erbe alte, croton rosso fuoco e sentieri sinuosi \u2013 addolciscono l&#039;orizzonte di cemento, offrendo un po&#039; di sollievo dal sole di mezzogiorno.<\/p>\n<ul>\n<li>Cattedrale di Brasilia: famosa per la sua forma iperboloide e le vetrate colorate che si estendono dal pavimento al soffitto, le sottili colonne della cattedrale si aprono verso il cielo, invitando la luce del sole a giocare sul pavimento di marmo.<\/li>\n<li>Pal\u00e1cio da Alvorada: la residenza ufficiale del presidente, modesta ma suggestiva, si erge sopra una piscina riflettente, e la sua sagoma colonnata si specchia nell&#039;acqua calma.<\/li>\n<li>Congresso nazionale: le torri gemelle e le camere legislative a forma di ciotola incarnano la tensione e l&#039;equilibrio insiti nel governo democratico.<\/li>\n<li>Corte Federale Suprema: una struttura pi\u00f9 compatta e curva, completa il trio di Pra\u00e7a dos Tr\u00eas Poderes; la sua austera facciata in vetro suggerisce trasparenza e riflessione.<\/li>\n<\/ul>\n<p>L&#039;audace esperimento di Brasilia non pass\u00f2 inosservato. Nel 1987, l&#039;UNESCO iscrisse la citt\u00e0 nella lista del Patrimonio Mondiale, definendola &#034;un esempio eccezionale del movimento modernista in architettura e urbanistica&#034;. Tre decenni dopo, nel 2017, l&#039;UNESCO ha ulteriormente onorato Brasilia come &#034;Citt\u00e0 del Design&#034;, riconoscendone la continua influenza sulle industrie creative e sul dibattito architettonico. Questi riconoscimenti hanno rafforzato l&#039;identit\u00e0 della citt\u00e0 come laboratorio di innovazione, dove gallerie, studi e festival trovano terreno fertile tra i quartieri governativi.<\/p>\n<p>Oltre al suo ruolo di centro nevralgico politico del Brasile, Brasilia funge da importante snodo per le relazioni internazionali. Oltre 120 ambasciate straniere si trovano nel suo Settore Ambasciate, creando un microcosmo di diplomazia globale. Gli inviati passeggiano da una cancelleria all&#039;altra all&#039;ombra delle acacie, mentre gli addetti culturali coordinano mostre che portano frammenti di culture lontane in questa capitale pianificata.<\/p>\n<p>I viaggiatori arrivano attraverso il terzo aeroporto pi\u00f9 trafficato del Brasile, che collega Brasilia a tutte le principali destinazioni nazionali e a un numero crescente di rotte internazionali. Ogni giorno, i jet trasportano funzionari, uomini d&#039;affari e turisti in citt\u00e0, sottolineando la duplice identit\u00e0 di Brasilia: sede amministrativa e crocevia di scambi globali.<\/p>\n<p>Brasilia ha dimostrato il suo valore sulla scena sportiva internazionale. Nel 2013 ha ospitato partite della FIFA Confederations Cup e un anno dopo ha accolto migliaia di tifosi di calcio per i Mondiali del 2014, con il suo stadio che brillava sotto un cielo equatoriale. Durante le Olimpiadi estive di Rio 2016, la citt\u00e0 ha ospitato le partite preliminari di calcio, dimostrando la sua capacit\u00e0 di supportare eventi di portata globale. Queste occasioni hanno lasciato un&#039;eredit\u00e0 di infrastrutture migliorate \u2013 nuove strade, linee di trasporto pubblico ampliate e impianti sportivi rinnovati \u2013 che beneficiano i residenti ben oltre il fischio finale.<\/p>\n<p>Dal punto di vista giuridico, Brasilia non \u00e8 un comune, ma fa parte del Distretto Federale, un&#039;area amministrativa con un proprio governatore e una propria camera legislativa. Il distretto comprende 33 regioni amministrative, ciascuna con un certo grado di autonomia locale. Al suo centro si trova il Plano Piloto, il &#034;piano pilota&#034; originale progettato da Costa. Questo territorio snello e cruciforme ospita gli edifici governativi, i superblocchi residenziali e le istituzioni culturali: il cuore pulsante della capitale. I visitatori che si spingono oltre i suoi confini trovano citt\u00e0 pi\u00f9 piccole e paesaggi rurali, a ricordare che Brasilia \u00e8 sia una metropoli che una testimonianza dell&#039;entroterra brasiliano.<\/p>\n<p>Muoversi per Brasilia significa imbattersi in un gioco di proporzioni e intimit\u00e0. In cima a uno dei cavalcavia pedonali che attraversano l&#039;Asse Monumentale, ci si sente minuscoli di fronte a infiniti viali, ma quando ci si infila in uno dei parchi ombreggiati o ci si ferma per una cr\u00eape di tapioca in una bancarella lungo la strada, il calore della citt\u00e0 si insinua. Le notti qui sono mitigate da brezze fresche e punteggiate dal tenue chiarore dei lampioni sulle facciate curve. I musicisti si riuniscono sul prato fuori dal Museo Nazionale, strimpellando accordi mentre le famiglie fanno picnic sull&#039;erba. Un senso di calma pervade anche mentre il traffico ronza in lontananza.<\/p>\n<p>Brasilia sfida ogni facile paragone. Non \u00e8 n\u00e9 antica n\u00e9 generica; \u00e8 la manifestazione fisica della determinazione di un paese a plasmare il proprio destino. Per i viaggiatori attratti da luoghi dove l&#039;architettura parla a lungo, dove la pianificazione diventa poesia, la capitale offre insegnamenti oltre che piaceri. Percorrete i suoi viali, fermatevi sotto gli archi di Niemeyer e percepirete non solo il peso dell&#039;ideologia, ma anche la fragile bellezza dell&#039;ambizione umana resa nella pietra e nel cielo. A Brasilia, ogni angolo racchiude una storia, e ogni storia ci ricorda che anche la citt\u00e0 pi\u00f9 attentamente progettata pu\u00f2 sorprendere chi si prende il tempo di ascoltarla.<\/p>","protected":false},"excerpt":{"rendered":"<p>Bras\u00edlia, which stands in the Brazilian highlands, epitomizes modernist architectural ideas and creative urban planning. Originally founded on April 21, 1960, under President Juscelino Kubitschek, this city was meant to replace Rio de Janeiro as the next capital of Brazil. After S\u00e3o Paulo and Rio de Janeiro, Bras\u00edlia is today the third most populous city in Brazil as well as the seat of government. Its economic relevance is shown by its greatest GDP per capita among big Latin American cities.<\/p>","protected":false},"author":1,"featured_media":4060,"parent":7508,"menu_order":0,"comment_status":"closed","ping_status":"closed","template":"elementor_theme","meta":{"_eb_attr":"","footnotes":""},"class_list":["post-7628","page","type-page","status-publish","has-post-thumbnail"],"_links":{"self":[{"href":"https:\/\/travelshelper.com\/it\/wp-json\/wp\/v2\/pages\/7628","targetHints":{"allow":["GET"]}}],"collection":[{"href":"https:\/\/travelshelper.com\/it\/wp-json\/wp\/v2\/pages"}],"about":[{"href":"https:\/\/travelshelper.com\/it\/wp-json\/wp\/v2\/types\/page"}],"author":[{"embeddable":true,"href":"https:\/\/travelshelper.com\/it\/wp-json\/wp\/v2\/users\/1"}],"replies":[{"embeddable":true,"href":"https:\/\/travelshelper.com\/it\/wp-json\/wp\/v2\/comments?post=7628"}],"version-history":[{"count":0,"href":"https:\/\/travelshelper.com\/it\/wp-json\/wp\/v2\/pages\/7628\/revisions"}],"up":[{"embeddable":true,"href":"https:\/\/travelshelper.com\/it\/wp-json\/wp\/v2\/pages\/7508"}],"wp:featuredmedia":[{"embeddable":true,"href":"https:\/\/travelshelper.com\/it\/wp-json\/wp\/v2\/media\/4060"}],"wp:attachment":[{"href":"https:\/\/travelshelper.com\/it\/wp-json\/wp\/v2\/media?parent=7628"}],"curies":[{"name":"wp","href":"https:\/\/api.w.org\/{rel}","templated":true}]}}