{"id":7304,"date":"2024-08-25T11:43:52","date_gmt":"2024-08-25T11:43:52","guid":{"rendered":"https:\/\/travelshelper.com\/staging\/?page_id=7304"},"modified":"2026-03-14T00:27:09","modified_gmt":"2026-03-14T00:27:09","slug":"suriname","status":"publish","type":"page","link":"https:\/\/travelshelper.com\/it\/destinations\/south-america\/suriname\/","title":{"rendered":"Suriname"},"content":{"rendered":"<p>Il Suriname occupa una stretta fascia lungo la costa settentrionale del Sud America, delimitata dall&#039;Oceano Atlantico a nord, dalla Guyana Francese a est, dalla Guyana a ovest e dal Brasile a sud. I suoi 163.820 chilometri quadrati sono ricoperti quasi interamente da foresta pluviale, la pi\u00f9 grande percentuale di copertura forestale di qualsiasi nazione. Meno di sette abitanti per chilometro quadrato occupano l&#039;entroterra meridionale; la maggior parte della popolazione si concentra lungo le pianure costiere. Paramaribo, situata sul fiume Suriname a circa dieci chilometri dalla costa nell&#039;entroterra, ospita quasi la met\u00e0 dei 625.000 residenti della nazione.<\/p>\n<p>Estendendosi da 1\u00b0 a 6\u00b0 di latitudine nord e da 54\u00b0 a 58\u00b0 di longitudine ovest, il Suriname si divide in due regioni geografiche principali. I dieci-venti chilometri settentrionali sono costituiti da polder costieri, arginati e prosciugati fin dall&#039;epoca coloniale per consentire la coltivazione di riso, banane e altre colture da esportazione. Tre estuari principali \u2013 Coppename, Commewijne e Saramacca \u2013 sfociano in mangrovie soggette a maree prima di raggiungere il mare. Nell&#039;entroterra si eleva gradualmente fino alle savane e alle praterie di altopiano che circondano vaste zone umide lungo il confine con il Brasile. Oltre queste, lo Scudo della Guyana d\u00e0 origine a due basse catene montuose: i Bakhuys a ovest e la catena Van Asch Van Wijck al centro. Julianatop, a 1.286 metri sul livello del mare, segna il punto pi\u00f9 alto del Suriname.<\/p>\n<p>La presenza umana nella regione risale al IV millennio a.C., quando le comunit\u00e0 Arawak e Caribe si adattarono alla vita fluviale e forestale. Il contatto con gli europei inizi\u00f2 nel XVI secolo e, alla fine del XVII secolo, gli olandesi avevano ormai acquisito il controllo su gran parte del territorio odierno. Mantennero la colonia come un&#039;economia basata sulle piantagioni di zucchero, sostenuta dagli schiavi africani fino all&#039;emancipazione nel 1863. La caduta del lavoro schiavistico spinse al reclutamento di lavoratori a contratto provenienti dall&#039;India britannica e dalle Indie orientali olandesi; i loro discendenti si uniscono a quelli di origine africana, indigena, cinese e giavanese nell&#039;attuale societ\u00e0 etnicamente plurale. Nessun singolo gruppo supera il trenta per cento della popolazione. Le percentuali di fedeli ind\u00f9 e musulmani sono tra le pi\u00f9 alte delle Americhe.<\/p>\n<p>L&#039;autorit\u00e0 olandese si \u00e8 evoluta nel XX secolo. Nel 1954, il Suriname ottenne lo status di paese autonomo all&#039;interno del Regno dei Paesi Bassi; la piena indipendenza segu\u00ec il 25 novembre 1975. I legami diplomatici ed economici con i Paesi Bassi rimangono forti. L&#039;olandese \u00e8 l&#039;unica lingua ufficiale, utilizzata nella pubblica amministrazione, nel commercio, nei media e nell&#039;istruzione. Lo sranan tongo, un creolo derivato dall&#039;inglese, funge da lingua franca. Circa il 60% dei residenti parla olandese come lingua madre; la maggior parte degli altri lo acquisisce attraverso la scuola.<\/p>\n<p>Dal punto di vista amministrativo, la repubblica \u00e8 divisa in dieci distretti, ciascuno sotto la guida di un commissario nominato dal presidente. Questi distretti si suddividono ulteriormente in 62 localit\u00e0 turistiche (ressorten), che a loro volta comprendono villaggi, citt\u00e0 e quartieri. La divisione riflette sia le piantagioni dell&#039;era coloniale che i confini indigeni.<\/p>\n<p>Il clima del Suriname \u00e8 caldo e umido tutto l&#039;anno, con temperature medie tra i 29 e i 34 \u00b0C e un&#039;umidit\u00e0 relativa tra l&#039;80 e il 90%. Due stagioni umide \u2013 da aprile ad agosto e da novembre a febbraio \u2013 si alternano a due periodi secchi pi\u00f9 brevi. L&#039;elevata umidit\u00e0 intensifica il calore percepito fino a 6 \u00b0C. Il sole equatoriale e le frequenti tempeste modellano un paesaggio di vegetazione lussureggiante e corsi d&#039;acqua abbondanti.<\/p>\n<p>La repubblica vanta sei ecoregioni terrestri. Le mangrovie costiere lasciano il posto alle foreste paludose vicino a Paramaribo. Nell&#039;entroterra, la foresta umida ricopre gli altopiani della Guyana e le pianure di pianura. Enclavi di savana compaiono lungo i confini meridionali e isolati tepui di arenaria ne perforano la volta. Sacre per scienziati e ambientalisti, queste foreste raggiungono un punteggio dell&#039;Indice di Integrit\u00e0 del Paesaggio Forestale di 9,39 su 10, il quinto pi\u00f9 alto a livello globale. Il 27% del territorio si trova all&#039;interno di riserve formalmente protette. La sola Riserva Naturale del Suriname Centrale si estende per 16.000 chilometri quadrati, un&#039;estensione maggiore di quella di diversi stati europei.<\/p>\n<p>L&#039;economia dipende dalle esportazioni di minerali \u2013 bauxite, oro e petrolio \u2013 a cui si aggiunge l&#039;agricoltura. L&#039;estrazione di bauxite ha reso il Suriname un&#039;importante fonte di alluminio a met\u00e0 del XX secolo, mentre le concessioni per l&#039;estrazione dell&#039;oro si concentrano sui fiumi interni. Riso, banane e gamberetti figurano tra i prodotti agricoli. L&#039;attivit\u00e0 economica si concentra a Paramaribo, dove strutture portuali e impianti di lavorazione servono sia il commercio nazionale che quello internazionale.<\/p>\n<p>L&#039;infrastruttura dei trasporti riflette la natura complessa del territorio nazionale. La rete stradale totale conta 4.303 chilometri, di cui 1.119 chilometri asfaltati. Il ponte Jules Wijdenbosch, completato nel 2000, attraversa il fiume Suriname vicino a Paramaribo per collegare la capitale con il distretto di Commewijne, sostituendo un attraversamento in traghetto e promuovendo lo sviluppo a est della metropoli. Il traffico rispetta la guida a sinistra, una vestigia dell&#039;occupazione britannica e della pratica olandese del XVIII secolo. Il parco veicoli include modelli con guida a sinistra e a destra. L&#039;aviazione si basa su 55 aeroporti, sei dei quali dispongono di piste asfaltate. L&#039;aeroporto internazionale Johan Adolf Pengel gestisce jet a lungo raggio e la maggior parte degli arrivi internazionali.<\/p>\n<p>La vita urbana si concentra sulla stretta pianura costiera. Il centro storico di Paramaribo, patrimonio mondiale dell&#039;UNESCO, presenta una griglia di edifici coloniali in legno: facciate neoclassiche con verande e finestre con persiane. Qui, la Cattedrale dei Santi Pietro e Paolo, la cui costruzione inizi\u00f2 nel 1883 sulle rovine di un ex teatro, si erge a rivale delle controparti in pietra europee. Nelle vicinanze sorgono una moschea e una sinagoga, entrambe in prossimit\u00e0; le rispettive congregazioni hanno predisposto parcheggi comuni quando le celebrazioni religiose coincidono. Nel distretto di Wanica, il tempio di Arya Diwaker, inaugurato nel 2001, reca iscrizioni di testi vedici al posto di icone figurative, a testimonianza dei principi dell&#039;Arya Samaj.<\/p>\n<p>Le attrazioni rurali e dell&#039;entroterra derivano dall&#039;ecosistema amazzonico. Il Parco Naturale di Brownsberg si affaccia sul bacino idrico di Brokopondo, a sua volta creato da una delle pi\u00f9 grandi dighe idroelettriche del mondo. L&#039;Isola di Tonka, situata sul bacino, ospita un progetto ecoturistico gestito dalle comunit\u00e0 di Saramaccaner Maroon, che producono anche ciotole di zucca dipinte a mano e oggetti decorativi in \u200b\u200blegno per i visitatori. La Riserva di Raleighvallen, incentrata sulle scogliere e sulle rapide del fiume Coppename, offre opportunit\u00e0 di birdwatching; le cascate Blanche Marie e Wonotobo punteggiano altri corsi fluviali. I lodge nella foresta e i villaggi amerindi consentono lo scambio culturale nel rispetto delle linee guida per la conservazione.<\/p>\n<p>Il livello di sicurezza stradale del Suriname contrasta con quello delle sue tranquille citt\u00e0 costiere; i tassi di criminalit\u00e0 sono aumentati a Paramaribo e le rapine a mano armata si verificano con crescente frequenza. Il Dipartimento di Stato americano valuta il rischio di viaggio al Livello 1: adottare le normali precauzioni.<\/p>\n<p>Le tendenze demografiche mostrano una crescita costante dal censimento del 2012, quando la popolazione era di 541.638 abitanti. Nel 2022, le stime delle Nazioni Unite indicavano una popolazione di circa 624.900 abitanti. L&#039;urbanizzazione persiste lungo la costa; quasi il novanta percento dei residenti vive a Paramaribo o negli insediamenti adiacenti.<\/p>\n<p>Le affiliazioni diplomatiche includono l&#039;appartenenza alla Comunit\u00e0 Caraibica (CARICOM), all&#039;Organizzazione per la Cooperazione Islamica, all&#039;Organizzazione degli Stati Americani e alle Nazioni Unite. Questi legami estendono la portata del Suriname oltre le sue modeste dimensioni, consentendo la partecipazione agli scambi economici e culturali regionali.<\/p>\n<p>Nonostante la sua popolazione compatta, l&#039;abbondante ricchezza naturale e la diversit\u00e0 culturale del Suriname compongono una narrazione nazionale stratificata. Dalle piantagioni coloniali e dal lavoro migratorio alle riserve di foresta pluviale e alle infrastrutture moderne, la repubblica rimane un paesaggio di contrasti duraturi. Le sue fitte foreste e i suoi fiumi lenti testimoniano l&#039;interazione tra la vita ancestrale degli amerindi e il commercio globale, tra il clima tropicale e i polder progettati, tra una societ\u00e0 multietnica e un&#039;unica statualit\u00e0. Il Suriname \u00e8 al tempo stesso remoto e connesso, un deposito di integrit\u00e0 ecologica e complessit\u00e0 umana lungo la costa settentrionale del Sud America.<\/p>","protected":false},"excerpt":{"rendered":"<p>Suriname, a little nation on the northeastern coast of South America, offers a unique mix of cultures, unspoiled environment, and welcoming hospitality. For those looking for real experiences and unspoiled beauty, this hidden treasure is fast rising as a must-see.<\/p>","protected":false},"author":1,"featured_media":4488,"parent":24096,"menu_order":0,"comment_status":"closed","ping_status":"closed","template":"elementor_theme","meta":{"_eb_attr":"","footnotes":""},"class_list":["post-7304","page","type-page","status-publish","has-post-thumbnail"],"_links":{"self":[{"href":"https:\/\/travelshelper.com\/it\/wp-json\/wp\/v2\/pages\/7304","targetHints":{"allow":["GET"]}}],"collection":[{"href":"https:\/\/travelshelper.com\/it\/wp-json\/wp\/v2\/pages"}],"about":[{"href":"https:\/\/travelshelper.com\/it\/wp-json\/wp\/v2\/types\/page"}],"author":[{"embeddable":true,"href":"https:\/\/travelshelper.com\/it\/wp-json\/wp\/v2\/users\/1"}],"replies":[{"embeddable":true,"href":"https:\/\/travelshelper.com\/it\/wp-json\/wp\/v2\/comments?post=7304"}],"version-history":[{"count":0,"href":"https:\/\/travelshelper.com\/it\/wp-json\/wp\/v2\/pages\/7304\/revisions"}],"up":[{"embeddable":true,"href":"https:\/\/travelshelper.com\/it\/wp-json\/wp\/v2\/pages\/24096"}],"wp:featuredmedia":[{"embeddable":true,"href":"https:\/\/travelshelper.com\/it\/wp-json\/wp\/v2\/media\/4488"}],"wp:attachment":[{"href":"https:\/\/travelshelper.com\/it\/wp-json\/wp\/v2\/media?parent=7304"}],"curies":[{"name":"wp","href":"https:\/\/api.w.org\/{rel}","templated":true}]}}