{"id":7225,"date":"2024-08-23T20:00:24","date_gmt":"2024-08-23T20:00:24","guid":{"rendered":"https:\/\/travelshelper.com\/staging\/?page_id=7225"},"modified":"2026-03-14T00:29:25","modified_gmt":"2026-03-14T00:29:25","slug":"cusco","status":"publish","type":"page","link":"https:\/\/travelshelper.com\/it\/destinations\/south-america\/peru\/cusco\/","title":{"rendered":"Cusco"},"content":{"rendered":"<p>Cusco sorge in una stretta valle delle Ande, con strade scavate nella pietra e mura che ne ripercorrono la duplice eredit\u00e0. A circa 3.400 metri sul livello del mare, sorge nel punto in cui il fiume Huatanay si incurva, dove si incontrano due mondi: quello incaico e quello coloniale. Nel Per\u00f9 moderno, Cusco \u00e8 la capitale della sua provincia e del suo dipartimento, con una popolazione che nel 2017 ha superato i 428.000 abitanti. Il passato e il presente stratificati della citt\u00e0 si rivelano in ogni piazza, tempio e mercato.<\/p>\n<p>Cusco si estende lungo la valle del fiume Huatanay (o Watanay). A nord si erge la catena del Vilcabamba, con vette che raggiungono i 4.000-6.000 metri; il Salcantay, con i suoi 6.271 metri, si trova a circa 60 chilometri a nord-ovest. Il clima locale rientra nella categoria subtropicale degli altopiani (K\u00f6ppen Cwb). Tra aprile e settembre, il cielo diurno \u00e8 sereno, le temperature si aggirano intorno ai 10 \u00b0C, con il minimo di luglio, e compaiono gelate notturne. Da ottobre a marzo, le piogge inondano le colline terrazzate e inondano gli stretti vicoli; la media di novembre \u00e8 di 13,3 \u00b0C. Nonostante frequenti grandinate e gelate occasionali, l&#039;ultima nevicata si \u00e8 verificata nel giugno 1911. Le temperature giornaliere oscillano tra 0,2 \u00b0C e 20,9 \u00b0C, con temperature estreme che vanno da -8,9 \u00b0C a 30 \u00b0C. L&#039;intensit\u00e0 solare raggiunge il picco nel mese di luglio, analogamente a gennaio nell&#039;emisfero settentrionale, mentre febbraio registra il minor numero di ore di sole.<\/p>\n<p>Molto prima dell&#039;arrivo dei soldati spagnoli, Cusco era il cuore dell&#039;Impero Inca. La pianta originaria della citt\u00e0 si adattava al terreno, con le sue strade che si snodavano su ripidi pendii e si inarcavano sopra i corsi d&#039;acqua. I primi abitanti coltivavano una vasta gamma di variet\u00e0 di patate \u2013 circa 3.000 variet\u00e0 \u2013 su terrazze montane. Gli architetti Inca eressero templi in pietra finemente lavorata, tra cui il Qurikancha, il Tempio del Sole, e costruirono fortificazioni urbane intorno a Sacsayhuam\u00e1n. Intorno al 1100 d.C., la cultura Killke aveva gi\u00e0 tracciato i primi percorsi della fortezza e scavato acquedotti per convogliare l&#039;acqua di montagna.<\/p>\n<p>Le truppe di Francisco Pizarro arrivarono nel 1535. Smantellarono le mura dei palazzi, riutilizzarono le pietre per costruire chiese e fondarono la citt\u00e0 spagnola sulle fondamenta Inca. La Cattedrale di Santo Domingo sorge ora dove un tempo sorgevano i templi. Nonostante i numerosi terremoti subiti nel corso dei secoli, l&#039;architettura muraria Inca sopravvisse alle fondamenta coloniali, una silenziosa testimonianza di precisione ingegneristica.<\/p>\n<p>L&#039;impronta urbana di Cusco riflette due sistemi in tensione e armonia. I costruttori precolombiani rispettarono la &#034;matrice geografica&#034;, allineando le strade ai crinali, rispecchiando i profili delle colline e convogliando l&#039;acqua attraverso canali lastricati. Gli spagnoli imposero una griglia su questo schema, scavando piazze \u2013 in particolare Plaza de Armas \u2013 nel cuore della citt\u00e0. Le facciate coloniali mascherano le opere in pietra di epoca Inca inferiore in molti edifici; un&#039;archeologia stratificata per chi osserva da vicino.<\/p>\n<p>Nel 1972, il governo peruviano ha designato il centro storico Patrimonio Culturale della Nazione. Undici anni dopo, l&#039;UNESCO lo ha riconosciuto Patrimonio dell&#039;Umanit\u00e0. Le autorit\u00e0 hanno creato un&#039;area centrale di edifici conservati, circondata da una zona cuscinetto che si estende sulle colline circostanti.<\/p>\n<p>L&#039;economia di Cusco si \u00e8 trasformata nel corso dei secoli: da riserva imperiale ad avamposto coloniale, da polo agricolo a destinazione globale. Nei campi circostanti, gli agricoltori coltivano mais e tuberi autoctoni, mentre i produttori artigianali producono birra, cioccolato e chicchi di caff\u00e8 tostati. Le industrie estrattive operano ai margini della citt\u00e0, sebbene l&#039;andamento dell&#039;occupazione dipenda dal turismo. Dall&#039;inizio degli anni 2000, il numero di visitatori ha superato 1,2 milioni all&#039;anno; entro il 2019, oltre 2,7 milioni di turisti hanno visitato la regione. La spesa turistica \u00e8 aumentata da circa 837 milioni di dollari nel 2002 a 2,47 miliardi di dollari nel 2009. Cusco ora mantiene un tasso di occupazione pressoch\u00e9 pieno.<\/p>\n<p>Per far fronte al crescente numero di arrivi, le autorit\u00e0 hanno approvato la costruzione dell&#039;Aeroporto Internazionale di Chinchero. Situato a oltre 3.700 metri sulle colline a nord-ovest della citt\u00e0, l&#039;aeroporto mira a collegare Cusco direttamente con il Nord America e l&#039;Europa, bypassando Lima. Sostituir\u00e0 l&#039;Aeroporto Internazionale Alejandro Velasco Astete, che prende il nome dal pilota che complet\u00f2 il primo volo Lima-Cusco nel 1925. Fino all&#039;apertura di Chinchero, l&#039;Astete servir\u00e0 cinque destinazioni nazionali e tre internazionali.<\/p>\n<p>Le cucine di Cusco uniscono influenze andine, coloniali e moderne. I venditori ambulanti propongono choclo con queso \u2013 mais dai chicchi spessi con formaggio fresco \u2013 accanto a bancarelle che offrono cuy al horno, porcellino d&#039;India arrostito e rosolato alla brace. Le picanter\u00edas servono zuppe sostanziose e carni fritte: caldo de panza (zuppa di trippa), costillar frito (costolette fritte), malaya frita (bistecca di fianco). Altri piatti hanno nomi spagnoli \u2013 chuleta frita, churrasco al jugo \u2013 ma adattano ingredienti locali. Il legume tarwi, arrostito o mescolato in insalate come il solterito de kuchicara, offre proteine \u200b\u200bvegetali. Il maiale saltato in padella si chiama chicharr\u00f3n, mentre i cuori grigliati alla brace si chiamano coraz\u00f3n a la brasa. I ristoranti fusion fondono i piatti tipici andini con tecniche internazionali, mantenendo una base di tuberi autoctoni ed erbe selvatiche.<\/p>\n<p>Cusco funge da portale per l&#039;eredit\u00e0 Inca. Machu Picchu, 80 chilometri a nord, \u00e8 in cima alla maggior parte degli itinerari. Gli escursionisti seguono il Cammino Inca, attraversando passi scoscesi prima di raggiungere la cittadella all&#039;alba. I treni serpeggiano lungo i canyon fluviali per chi preferisce una salita pi\u00f9 dolce.<\/p>\n<p>Entro i confini della citt\u00e0, Sacsayhuam\u00e1n si erge su una cresta sopra il confine settentrionale. Pietre gigantesche, ciascuna del peso di 100 tonnellate, si incastrano senza malta. Dalle sue terrazze, i visitatori osservano le nuvole che si riversano nella valle. Nelle vicinanze, l&#039;acquedotto di Killke e la strada collegano i templi preistorici alla fortezza.<\/p>\n<p>Oltre le rovine familiari, la valle di Watanay \u00e8 disseminata di rovine. Tip\u00f3n mostra canali d&#039;acqua fluenti su ampie terrazze. A \u00d1usta Hisp&#039;ana, pietre scolpite si ergono come un giardino di sculture. Incahuasi rivendica il titolo di sito Inca pi\u00f9 alto, a quasi 4.000 metri. Moray si snoda in piattaforme concentriche, un esperimento agricolo di microclimi. Vilcabamba, l&#039;ultimo rifugio dei sovrani Inca, si nasconde tra pendii boscosi. Vitcos e Patallaqta giacciono sotto palme muschiose, con le pareti semi-inghiottite dalle viti.<\/p>\n<p>Cusco \u00e8 collegata in treno a Juliaca e Arequipa attraverso la linea principale delle Ferrovie del Sud, con capolinea alla stazione di Wanchaq. Dalla stazione di San Pedro, la linea curva verso sud-est verso Santa Ana e Quillabamba, la storica via per Machu Picchu. I treni sono gestiti da PeruRail, che offre finestrini panoramici e carrozze ristorante.<\/p>\n<p>Le strade si diramano dalla citt\u00e0 come raggi. Le autostrade collegano Cusco ad Abancay, la via pi\u00f9 veloce per raggiungere Lima in circa 20 ore, e a Puno, sulle rive del Lago Titicaca. Gli autobus partono ogni ora per Puerto Maldonado, Arequipa e Juliaca, attraversando passi montani e pianure d&#039;alta quota.<\/p>\n<p>Cusco rimane una citt\u00e0 di pietre e memoria, dove ogni angolo racconta una storia di fatica, conquista e rinnovamento. La sua economia si basa su terra e pietre, su tuberi e turisti, su un&#039;architettura che si piega ma resiste. Qui, l&#039;altitudine acuisce i sensi: il fresco dell&#039;aria prima dell&#039;alba, il bagliore del sole sulla roccia pallida, il grido lontano di un falco sopra terrazze che si increspano come onde oceaniche. Un tempo la citt\u00e0 era al servizio di un impero; oggi sorge al crocevia tra passato e presente, tra montagna e cielo. Nelle sue piazze, tra le sue rovine, i visitatori intravedono resistenza e cambiamento, in un luogo che prospera ai confini del respiro e del tempo.<\/p>","protected":false},"excerpt":{"rendered":"<p>Cusco, the historic capital of the Inca Empire, exemplifies Peru&#8217;s profound history and cultural legacy. Nestled high in the Andes Mountains, this city presents tourists with a special fusion of pre-Columbian and colonial Spanish influences. While its lively markets and local cuisine give a sense of modern Peruvian life, its cobblestone walkways, great plazas, and well-preserved architecture carry visitors back in time.<\/p>","protected":false},"author":1,"featured_media":3211,"parent":7175,"menu_order":0,"comment_status":"closed","ping_status":"closed","template":"elementor_theme","meta":{"_eb_attr":"","footnotes":""},"class_list":["post-7225","page","type-page","status-publish","has-post-thumbnail"],"_links":{"self":[{"href":"https:\/\/travelshelper.com\/it\/wp-json\/wp\/v2\/pages\/7225","targetHints":{"allow":["GET"]}}],"collection":[{"href":"https:\/\/travelshelper.com\/it\/wp-json\/wp\/v2\/pages"}],"about":[{"href":"https:\/\/travelshelper.com\/it\/wp-json\/wp\/v2\/types\/page"}],"author":[{"embeddable":true,"href":"https:\/\/travelshelper.com\/it\/wp-json\/wp\/v2\/users\/1"}],"replies":[{"embeddable":true,"href":"https:\/\/travelshelper.com\/it\/wp-json\/wp\/v2\/comments?post=7225"}],"version-history":[{"count":0,"href":"https:\/\/travelshelper.com\/it\/wp-json\/wp\/v2\/pages\/7225\/revisions"}],"up":[{"embeddable":true,"href":"https:\/\/travelshelper.com\/it\/wp-json\/wp\/v2\/pages\/7175"}],"wp:featuredmedia":[{"embeddable":true,"href":"https:\/\/travelshelper.com\/it\/wp-json\/wp\/v2\/media\/3211"}],"wp:attachment":[{"href":"https:\/\/travelshelper.com\/it\/wp-json\/wp\/v2\/media?parent=7225"}],"curies":[{"name":"wp","href":"https:\/\/api.w.org\/{rel}","templated":true}]}}