{"id":6705,"date":"2024-08-19T09:41:47","date_gmt":"2024-08-19T09:41:47","guid":{"rendered":"https:\/\/travelshelper.com\/staging\/?page_id=6705"},"modified":"2026-03-14T00:18:05","modified_gmt":"2026-03-14T00:18:05","slug":"uruguay","status":"publish","type":"page","link":"https:\/\/travelshelper.com\/it\/destinations\/south-america\/uruguay\/","title":{"rendered":"Uruguay"},"content":{"rendered":"<p>L&#039;Uruguay occupa una sottile striscia di territorio tra il R\u00edo de la Plata a sud e le dolci colline dei Cuchillas a nord. Con una superficie di circa 176.215 chilometri quadrati, rimane la seconda nazione indipendente pi\u00f9 piccola del continente sudamericano. Montevideo, la sua capitale e porto principale, domina la sponda meridionale, attirando quasi due milioni di residenti in un mosaico metropolitano che abbraccia antiche fortificazioni, viali modernisti e tranquilli quartieri residenziali. Oltre quel cuore urbano, una popolazione di circa 3,4 milioni di persone si disperde tra fertili pascoli, pianure fluviali e occasionali rilievi boschivi.<\/p>\n<p>La geografia si dispiega in dolci contorni. Nessuna catena montuosa fende il territorio; al contrario, basse catene collinari si innalzano fino a raggiungere altezze modeste, il cui punto pi\u00f9 alto, il Cerro Catedral, raggiunge i 514 metri sul livello del mare. Queste colline condividono il palcoscenico con un reticolo di corsi d&#039;acqua. Il fiume Uruguay, che delinea il confine occidentale, si unisce all&#039;estuario del R\u00edo de la Plata all&#039;estremit\u00e0 sud-occidentale. Nell&#039;entroterra, il R\u00edo Negro taglia in due il paese, il cui corso si \u00e8 arrestato nel 1945 per formare il bacino artificiale del Rinc\u00f3n del Bonete. Lungo la costa atlantica, una successione di lagune e zone umide sostiene un ecosistema variegato noto come savana uruguaiana. Dieci parchi nazionali tutelano distese di zone umide, zone collinari e foresta ripariale, sebbene un modesto punteggio dell&#039;Indice di Integrit\u00e0 del Paesaggio Forestale indichi che gran parte della copertura arborea originaria ha ceduto il posto al pascolo.<\/p>\n<p>Situato interamente a sud del Tropico del Capricorno, l&#039;Uruguay gode di un clima uniformemente temperato. Le estati si estendono da dicembre a marzo, mitigate dalle brezze atlantiche, mentre gli inverni vanno da giugno a settembre, con gelate annuali ma raramente temperature rigide. Le precipitazioni sono distribuite uniformemente durante tutto l&#039;anno; occasionali temporali si abbattono sulle pianure aperte, portando temporali, grandine o, raramente, tornado. La nebbia si deposita lungo le valli fluviali e la pianura costiera; l&#039;umidit\u00e0 rimane elevata.<\/p>\n<p>La presenza umana qui risale a oltre 13.000 anni fa, quando gruppi di cacciatori-raccoglitori seguivano la selvaggina attraverso le pianure. Alla vigilia dell&#039;arrivo degli europei, il popolo Charr\u00faa dominava quello che oggi \u00e8 l&#039;Uruguay centrale, insieme alle comunit\u00e0 Guaran\u00ed a nord e alle popolazioni Chan\u00e1 lungo i corsi d&#039;acqua. I coloni portoghesi fondarono Colonia do Sacramento sulle rive del R\u00edo de la Plata nel 1680, spingendo i governatori spagnoli a fondare Montevideo prima della met\u00e0 del secolo.<\/p>\n<p>All&#039;inizio del XIX secolo, questi avamposti coloniali divennero teatro di rivendicazioni contrastanti da parte di Spagna, Portogallo e, in seguito, delle repubbliche emergenti di Argentina e Brasile. Tra il 1811 e il 1828, una lotta a quattro culmin\u00f2 con l&#039;indipendenza dell&#039;Uruguay. Tuttavia, il nuovo stato rimase soggetto a influenze e interventi stranieri fino alla met\u00e0 del secolo. Nei decenni successivi, una serie di riforme sociali ed economiche pose le basi per un sistema di welfare completo. L&#039;istruzione pubblica, la tutela del lavoro e i programmi pensionistici presero piede tra il 1880 e il 1920. Gli osservatori dell&#039;epoca paragonarono il quadro sociale a quello della Svizzera, un paragone che diede all&#039;Uruguay l&#039;epiteto di &#034;Svizzera delle Americhe&#034;.<\/p>\n<p>Questa traiettoria cambi\u00f2 verso la fine del XX secolo. Le crisi economiche degli anni &#039;60 coincisero con l&#039;attivit\u00e0 di guerriglia urbana, che port\u00f2 a un colpo di stato nel 1973. Un&#039;amministrazione civico-militare impose rigidi controlli fino al 1985. Dal ripristino dell&#039;ordine costituzionale, l&#039;Uruguay ha consolidato le sue istituzioni democratiche. Il presidente ricopre sia la carica di capo di Stato che di capo di governo. Nell&#039;Economist Democracy Index del 2023, l&#039;Uruguay si \u00e8 classificato tra le poche nazioni classificate come una democrazia a pieno titolo. Il paese ottiene ottimi risultati anche nelle valutazioni di trasparenza governativa, libert\u00e0 economica e progresso sociale.<\/p>\n<p>Le riforme legislative degli ultimi anni riflettono un approccio misurato alle politiche sociali. L&#039;Uruguay \u00e8 stato il primo paese a istituire un quadro normativo per la produzione, la distribuzione e il consumo di cannabis. Il matrimonio tra persone dello stesso sesso e il diritto all&#039;aborto hanno ottenuto l&#039;approvazione e l&#039;attuazione parlamentare, posizionando il paese all&#039;avanguardia per quanto riguarda le libert\u00e0 civili nella regione.<\/p>\n<p>L&#039;autorit\u00e0 amministrativa divide il paese in diciannove dipartimenti. Ogni dipartimento elegge un sovrintendente per supervisionare le funzioni esecutive e un consiglio dipartimentale per la legislazione. Questa struttura riproduce la separazione dei poteri a livello regionale. Tale decentramento sostiene la governance locale nei centri urbani, nelle tenute pastorali e nelle localit\u00e0 costiere.<\/p>\n<p>Il turismo si \u00e8 affermato come un settore economico in crescita. Nel 2012 rappresentava circa il 9% del PIL e quasi 97.000 posti di lavoro; entro il 2023 sono arrivati \u200b\u200bquasi 3,8 milioni di visitatori, la maggior parte provenienti dai vicini Argentina e Brasile, seguiti da contingenti minori da Cile, Paraguay, Stati Uniti ed Europa. Il quartiere coloniale restaurato di Colonia del Sacramento attira i viaggiatori con le sue strade in pietra, le mura di calicanto e l&#039;ombra delle fortificazioni spagnole del XIX secolo. A Montevideo, gli itinerari culturali includono la Galleria Jos\u00e9 Gurvich, il Museo Torres Garc\u00eda, che ospita opere del pittore modernista Joaqu\u00edn Torres Garc\u00eda, e l&#039;Estadio Centenario, lo stadio che ospit\u00f2 la finale inaugurale della Coppa del Mondo FIFA nel 1930.<\/p>\n<p>Pi\u00f9 a est, Punta del Este si erge su una stretta penisola tra le acque calme della baia di Mansa e l&#039;oceano aperto della costa di Brava. Lussuose residenze e gallerie d&#039;arte contemporanea sono un omaggio al tempo libero del XXI secolo; la folla del fine settimana si riversa sul porto, sul faro e sulla vasta Playa Brava. Le localit\u00e0 turistiche vicine, La Barra e Jos\u00e9 Ignacio, offrono distese di sabbia pi\u00f9 tranquille e una serie di spiagge orlate di dune. L&#039;aeroporto internazionale di Punta del Este, inaugurato nel 1997 e progettato da Carlos Ott, \u00e8 il secondo aeroporto pi\u00f9 trafficato del Paese.<\/p>\n<p>Tornando al cuore del commercio marittimo, il porto di Montevideo movimenta oltre 1,1 milioni di container all&#039;anno, e le sue banchine accolgono navi con pescaggi fino a 14 metri. Le gru sollevano le merci a una velocit\u00e0 di ottanta-cento movimenti all&#039;ora. Pi\u00f9 a monte, Nueva Palmira funge da centro di trasbordo per le merci regionali, integrando strutture statali e private.<\/p>\n<p>Anche il trasporto aereo \u00e8 incentrato sull&#039;Aeroporto Internazionale di Carrasco, inaugurato nel 1947 e modernizzato nel 2009 con un ampliamento da 165 milioni di dollari a cura dello studio Rafael Vi\u00f1oly Architects. Il suo terminal passeggeri, una sala di luce e vetro, accoglie fino a 4,5 milioni di viaggiatori ogni anno. Fino al suo scioglimento, PLUNA, la compagnia di bandiera dell&#039;Uruguay, aveva sede l\u00ec.<\/p>\n<p>La demografia dell&#039;Uruguay riflette ondate migratorie. Il censimento del 2023 ha rilevato che circa l&#039;85% dei residenti si identifica come bianco, una percentuale influenzata dall&#039;immigrazione da Spagna, Italia, Germania, Francia e Gran Bretagna nel XIX e all&#039;inizio del XX secolo. Una comunit\u00e0 discendente da popolazioni africane portate durante l&#039;era coloniale comprende circa il 5% della popolazione. Gruppi pi\u00f9 piccoli di discendenza giapponese e comunit\u00e0 di origini miste completano un mosaico sociale simile a quello delle province limitrofe dell&#039;Argentina e del Brasile meridionale.<\/p>\n<p>Lo spagnolo funge da lingua nazionale, la cui variante uruguaiana \u00e8 influenzata da modelli rioplatensi, coniugazioni voseo e mutamenti linguistici tipici dello ye\u00edsmo. I dialetti italiani permeano il gergo locale, mentre nei dipartimenti di confine circola un ibrido portoghese-spagnolo senza una codificazione formale. Lo studio dell&#039;inglese occupa un posto di rilievo nei programmi scolastici, preparando gli uruguaiani al commercio e alla diplomazia.<\/p>\n<p>La vita culturale porta l&#039;impronta delle correnti artistiche europee e dell&#039;ethos locale plasmato dai gaucho. Le tradizioni dell&#039;allevamento influenzano il folklore, la letteratura e le arti visive, rendendo omaggio al cavaliere solitario che un tempo attraversava la pampa alla ricerca del bestiame. Sia nei contesti urbani che in quelli rurali, le feste scandiscono i cicli stagionali del lavoro, le ricorrenze religiose e il complesso patrimonio culturale della nazione.<\/p>\n<p>La traiettoria dell&#039;Uruguay, lunga tre secoli, mostra una costante stratificazione dell&#039;impegno umano in territorio aperto. Dalle abitazioni dei primi cacciatori-raccoglitori alla rete stradale di Montevideo, dagli avamposti coloniali ai moderni aeroporti, il paese presenta uno studio sul cambiamento misurato. Le sue pianure temperate portano le impronte del progresso sociale, della trasformazione politica e degli scambi culturali. Qui, economia e ambiente rimangono intrecciati, la governance si basa sulla partecipazione locale e nazionale e un patrimonio di pianure e porti persiste negli spostamenti quotidiani della sua gente.<\/p>","protected":false},"excerpt":{"rendered":"<p>Uruguay, a small but intriguing nation situated between Brazil and Argentina, frequently goes unnoticed by many travelers. This nation offers a unique mix of natural, historical, and cultural aspects that could challenge those of its more well-known neighbors. Beyond its breathtaking beaches and mesmerizing sunsets, Uruguay offers a convincing case for investigation marked by its outstanding coastline, energetic metropolitan centers, and rich agricultural areas.<\/p>","protected":false},"author":1,"featured_media":4280,"parent":24096,"menu_order":0,"comment_status":"closed","ping_status":"closed","template":"elementor_theme","meta":{"_eb_attr":"","footnotes":""},"class_list":["post-6705","page","type-page","status-publish","has-post-thumbnail"],"_links":{"self":[{"href":"https:\/\/travelshelper.com\/it\/wp-json\/wp\/v2\/pages\/6705","targetHints":{"allow":["GET"]}}],"collection":[{"href":"https:\/\/travelshelper.com\/it\/wp-json\/wp\/v2\/pages"}],"about":[{"href":"https:\/\/travelshelper.com\/it\/wp-json\/wp\/v2\/types\/page"}],"author":[{"embeddable":true,"href":"https:\/\/travelshelper.com\/it\/wp-json\/wp\/v2\/users\/1"}],"replies":[{"embeddable":true,"href":"https:\/\/travelshelper.com\/it\/wp-json\/wp\/v2\/comments?post=6705"}],"version-history":[{"count":0,"href":"https:\/\/travelshelper.com\/it\/wp-json\/wp\/v2\/pages\/6705\/revisions"}],"up":[{"embeddable":true,"href":"https:\/\/travelshelper.com\/it\/wp-json\/wp\/v2\/pages\/24096"}],"wp:featuredmedia":[{"embeddable":true,"href":"https:\/\/travelshelper.com\/it\/wp-json\/wp\/v2\/media\/4280"}],"wp:attachment":[{"href":"https:\/\/travelshelper.com\/it\/wp-json\/wp\/v2\/media?parent=6705"}],"curies":[{"name":"wp","href":"https:\/\/api.w.org\/{rel}","templated":true}]}}