{"id":35647,"date":"2024-12-01T01:12:51","date_gmt":"2024-12-01T01:12:51","guid":{"rendered":"https:\/\/travelshelper.com\/staging\/?page_id=35647"},"modified":"2026-03-11T01:22:04","modified_gmt":"2026-03-11T01:22:04","slug":"tradizioni-e-festival-a-manama","status":"publish","type":"page","link":"https:\/\/travelshelper.com\/it\/destinations\/asia\/bahrain\/manama\/traditions-festivals-in-manama\/","title":{"rendered":"Tradizioni e feste a Manama"},"content":{"rendered":"<p>Nonostante la reputazione del Bahrein come nazione sofisticata e in rapido sviluppo, gli abitanti continuano a osservare le tradizioni pi\u00f9 care ai loro antenati, con grande riverenza e rispetto. Qui, \u00e8 tipico dedicare molto tempo allo sviluppo morale e spirituale, che si fonda indiscutibilmente sulle credenze spirituali islamiche. I giovani mostrano grande rispetto per gli anziani. Tutte le decisioni importanti vengono prese esclusivamente con il consenso delle giovani generazioni. La popolazione indigena non pu\u00f2 consumare carne di maiale per motivi religiosi. Inoltre, le bevande alcoliche sono soggette a rigorose restrizioni. Anche fumare \u00e8 vietato, ma non \u00e8 severamente proibito.<\/p>\n\n\n\n<p>Anche l&#039;abbigliamento della popolazione indigena \u00e8 molto vario e insolito. Le donne indossano abiti che coprono tutto il corpo, dalla testa ai piedi. Questo abito nazionale femminile \u00e8 noto come &#034;Abaya&#034;. Un ampio velo \u00e8 parte integrante dell&#039;abito nazionale. Le donne del Bahrein lo indossano per nascondere il viso da occhi indiscreti. Gli uomini in Bahrein indossano pantaloni a gamba larga, camicette e cappotti. Anche tra gli uomini del posto sono diffuse sciarpe che coprono solo la parte superiore della testa. Spesso, gli uomini della zona indossano abiti eleganti. Esistono anche varianti estive e invernali di capi di abbigliamento simili.<\/p>\n\n\n\n<p>\u00c8 normale che solo una parte di queste norme e regolamenti locali riguardi i viaggiatori. Pertanto, non dovresti considerare restrizioni rigorose nella scelta dell&#039;abbigliamento da viaggio. L&#039;unica regola da non dimenticare \u00e8 quella di evitare di indossare abiti che espongano o che possano suscitare un&#039;attrazione sessuale in pubblico. Questo comportamento provocher\u00e0 senza dubbio una reazione negativa e sar\u00e0 facilmente frainteso. Tieni presente che \u00e8 illegale consumare bevande alcoliche nei luoghi pubblici e per le strade della citt\u00e0, sebbene l&#039;acquisto e il consumo di alcolici non rappresentino un problema nei negozi e nei ristoranti locali.<\/p>\n\n\n\n<p>Quando si pianifica un viaggio nei luoghi religiosi del Bahrein, \u00e8 opportuno tenere a mente i seguenti dettagli. I turisti possono entrare nelle moschee solo se vestiti in modo appropriato. Questo indica che il vostro abbigliamento dovrebbe essere il pi\u00f9 aderente possibile. Prima di entrare in una moschea, \u00e8 necessario togliersi le scarpe. Quando si osserva una moschea, \u00e8 possibile vedere persone che sono venute a pregare. Assicuratevi di passare queste persone esclusivamente da dietro. La gente del Bahrein \u00e8 estremamente cordiale e gentile, quindi non dovreste mai rifiutare un invito per un t\u00e8 o un caff\u00e8. I mercati locali hanno gi\u00e0 ottenuto lo status di tesoro nazionale. Numerosi indigeni trascorrono un&#039;intera giornata in questi mercati, conversando con gli amici, sorseggiando caff\u00e8 e discutendo di attualit\u00e0 con i passanti.<\/p>\n\n\n\n<p>Il Bahrein \u00e8 un paese in cui gli stranieri sono spesso visti per strada e la sua capitale ospita spesso fiere economiche e industriali. Oltre a festival di altro tipo, musicali, gastronomici e sportivi, la capitale del Bahrein invita partecipanti da tutto il mondo durante il Bahrein International Music Festival a met\u00e0 ottobre. Il caff\u00e8 Lilou \u00e8 la sede dell&#039;evento. E poich\u00e9 l&#039;evento si svolge in questo luogo, oltre alla musica, \u00e8 stato previsto un programma culinario per tutti i partecipanti.<\/p>\n\n\n\n<p>A partire da febbraio, potrete partecipare alla Mostra Annuale di Belle Arti del Bahrein. La mostra si tiene presso il Teatro Nazionale del Bahrein. Questo evento riunisce artisti provenienti da tutto il paese per mostrare al grande pubblico le proprie capacit\u00e0. Dalla calligrafia al surrealismo, vengono esposti una variet\u00e0 di stili e direzioni. I visitatori possono assistere a mostre, dibattiti, incontri e workshop. Poich\u00e9 il festival si concentra sull&#039;arte bahreinita, rappresenta un&#039;ottima opportunit\u00e0 per conoscere la cultura locale.<\/p>\n\n\n\n<p>Il Bahrain Summer Festival \u00e8 un altro evento a Manama che vale la pena di frequentare. Durante l&#039;evento, potrete ascoltare musica tradizionale bahreinita eseguita da rinomati artisti locali. Il programma di intrattenimento include anche workshop e mostre d&#039;arte, e il festival si propone come un evento adatto alle famiglie. La durata dell&#039;evento \u00e8 di un mese intero, iniziando a inizio luglio e concludendosi a inizio agosto. La sede del festival \u00e8 un&#039;istituzione culturale come il Bahrain Fort Site.<\/p>\n\n\n\n<p>A inizio settembre, inizia un evento che promuove i talenti emergenti. Ta&#039;a Al Shabab crea opportunit\u00e0 per i giovani \u00e8 l&#039;argomento di questo articolo. Il festival si svolge in quattro location: il Seef Mall Bahrain e il Bahrain Fort a Manama, Durrat Al-Bahrain e The Pearling Trail nelle vicinanze della citt\u00e0. Letteratura, poesia, belle arti, architettura, tecnologia e discipline umanistiche offrono una vasta gamma di conoscenze interessanti e utili. Inoltre, godetevi la programmazione musicale e teatrale. Il programma dell&#039;evento \u00e8 davvero ampio, quindi non ve ne pentirete.<\/p>\n\n\n\n<p>La fine di febbraio ha visto un enorme afflusso di buongustai a Manama. In questo periodo, potrete partecipare al Bahrain Food Festival, che si svolge al Four Seasons Hotel sulla Bahrain Bay, l&#039;hotel pi\u00f9 famoso di Manama. Non dimenticate di assaggiare le specialit\u00e0 bahreinite, come il pur\u00e8 di datteri, i Balalis (uova con noodles dolci) e i Jalebi (pretzel fritti), per scoprire di pi\u00f9 sulla sua variegata cultura. Sono disponibili anche vari tipi di piatti tradizionali, ma il onore va ovviamente alla cucina locale. Oltre all&#039;intrattenimento gastronomico, il pubblico potr\u00e0 aspettarsi musica ed eventi appositamente pensati per i bambini.<\/p>\n\n\n\n<p>A fine ottobre, il Festival del Mare di Manama, il pi\u00f9 grande evento del suo genere in tutto il regno, delizia i visitatori. L&#039;evento si tiene nella Baia del Bahrein ed \u00e8 gratuito. Grazie alla posizione privilegiata di Manama sul Golfo Persico, questo festival introduce i visitatori alla ricca cultura marinara del Bahrein. Durante l&#039;evento, agli ospiti vengono mostrate fotografie e filmati, e possono anche acquistare frutti di mare e vari oggetti di artigianato a tema marino in una vicina esposizione. Questa celebrazione \u00e8 un&#039;utopia per subacquei e pescatori, poich\u00e9 questi passatempi sono pi\u00f9 popolari che mai in questo periodo.<\/p>\n\n\n\n<p>La Bahrain Consumer Products Fair \u00e8 forse la pi\u00f9 grande fiera commerciale del paese. Si tiene presso il Bahrain International Exhibition Centre verso la fine di gennaio. Centinaia di imprenditori espongono attualmente i loro prodotti al pubblico nella capitale del Bahrain. Contemporaneamente si svolge anche il Bahrain Bay Business Forum. Il Four Seasons Hotel \u00e8 stato scelto come sede. Il festival offre numerose prospettive per l&#039;imprenditorialit\u00e0 e la creazione di solide partnership. I media coprono ampiamente l&#039;evento.<\/p>\n\n\n\n<h2 class=\"wp-block-heading\">Festival e mostre in Bahrein<\/h2>\n\n\n\n<figure class=\"wp-block-table\"><table class=\"has-fixed-layout\"><thead><tr><th>Nome del festival\/mostra<\/th><th>Tempistica approssimativa<\/th><th>Sede principale\/i<\/th><th>Focus\/temi chiave<\/th><\/tr><\/thead><tbody><tr><td>Festival Internazionale di Musica del Bahrein<\/td><td>met\u00e0 ottobre<\/td><td>Teatro Nazionale del Bahrein, Sala Culturale<\/td><td>Spettacoli musicali locali e internazionali, scambi culturali<\/td><\/tr><tr><td>Mostra annuale di belle arti del Bahrein<\/td><td>Inizio di febbraio<\/td><td>Teatro Nazionale del Bahrein, Museo Nazionale del Bahrein<\/td><td>Mostra di arti visive del Bahrein, stili e media diversi, discussioni sull&#039;arte<\/td><\/tr><tr><td>Festival estivo del Bahrein<\/td><td>Da inizio luglio a inizio agosto<\/td><td>Sito del Forte del Bahrein, Museo Nazionale del Bahrein, ecc.<\/td><td>Musica tradizionale, laboratori, mostre d&#039;arte, eventi per famiglie<\/td><\/tr><tr><td>Ta&#039;a Al Shabab crea opportunit\u00e0 per i giovani<\/td><td>Inizio settembre<\/td><td>Centro commerciale Seef, Forte del Bahrain, Durrat Al-Bahrain, Pearling Trail<\/td><td>Coinvolgimento dei giovani in letteratura, arte, tecnologia, discipline umanistiche, spettacoli<\/td><\/tr><tr><td>Festival del cibo del Bahrein<\/td><td>Fine febbraio<\/td><td>Marassi Al Bahrain<\/td><td>Evento gastronomico con cucina locale e internazionale, intrattenimento<\/td><\/tr><tr><td>Festival del mare di Manama<\/td><td>fine ottobre<\/td><td>Baia del Bahrein<\/td><td>Cultura marina, pesca delle perle, frutti di mare, artigianato, attivit\u00e0 per subacquei<\/td><\/tr><tr><td>Fiera dei prodotti di consumo del Bahrein (fiera autunnale)<\/td><td>Fine gennaio\/dicembre<\/td><td>Centro espositivo internazionale del Bahrein<\/td><td>Ampia gamma di prodotti di consumo, fiera<\/td><\/tr><tr><td>Forum commerciale della baia del Bahrain<\/td><td>Fine gennaio\/dicembre<\/td><td>Four Seasons Hotel Bahrain Bay<\/td><td>Commercio, occupazione, sviluppo economico, imprenditorialit\u00e0, partnership<\/td><\/tr><\/tbody><\/table><\/figure>","protected":false},"excerpt":{"rendered":"<p>Nonostante la reputazione del Bahrein come nazione sofisticata e in rapido sviluppo, gli abitanti continuano a osservare le tradizioni pi\u00f9 care ai loro antenati, con grande riverenza e rispetto. Qui, \u00e8 tipico dedicare molto tempo allo sviluppo morale e spirituale, che si fonda indiscutibilmente sulle credenze spirituali islamiche. I giovani mostrano grande rispetto per gli anziani. Tutte le decisioni importanti vengono prese esclusivamente con il consenso delle giovani generazioni. La popolazione indigena non pu\u00f2 consumare carne di maiale per motivi religiosi. Inoltre, le bevande alcoliche sono soggette a rigorose restrizioni. Anche fumare \u00e8 vietato, ma non \u00e8 severamente proibito.<\/p>","protected":false},"author":1,"featured_media":35654,"parent":35561,"menu_order":0,"comment_status":"closed","ping_status":"closed","template":"elementor_theme","meta":{"_eb_attr":"","footnotes":""},"class_list":["post-35647","page","type-page","status-publish","has-post-thumbnail"],"_links":{"self":[{"href":"https:\/\/travelshelper.com\/it\/wp-json\/wp\/v2\/pages\/35647","targetHints":{"allow":["GET"]}}],"collection":[{"href":"https:\/\/travelshelper.com\/it\/wp-json\/wp\/v2\/pages"}],"about":[{"href":"https:\/\/travelshelper.com\/it\/wp-json\/wp\/v2\/types\/page"}],"author":[{"embeddable":true,"href":"https:\/\/travelshelper.com\/it\/wp-json\/wp\/v2\/users\/1"}],"replies":[{"embeddable":true,"href":"https:\/\/travelshelper.com\/it\/wp-json\/wp\/v2\/comments?post=35647"}],"version-history":[{"count":0,"href":"https:\/\/travelshelper.com\/it\/wp-json\/wp\/v2\/pages\/35647\/revisions"}],"up":[{"embeddable":true,"href":"https:\/\/travelshelper.com\/it\/wp-json\/wp\/v2\/pages\/35561"}],"wp:featuredmedia":[{"embeddable":true,"href":"https:\/\/travelshelper.com\/it\/wp-json\/wp\/v2\/media\/35654"}],"wp:attachment":[{"href":"https:\/\/travelshelper.com\/it\/wp-json\/wp\/v2\/media?parent=35647"}],"curies":[{"name":"wp","href":"https:\/\/api.w.org\/{rel}","templated":true}]}}