{"id":35488,"date":"2024-11-30T23:23:21","date_gmt":"2024-11-30T23:23:21","guid":{"rendered":"https:\/\/travelshelper.com\/staging\/?page_id=35488"},"modified":"2026-03-11T02:09:40","modified_gmt":"2026-03-11T02:09:40","slug":"rimani-al-sicuro-e-in-salute-a-bahrein","status":"publish","type":"page","link":"https:\/\/travelshelper.com\/it\/destinations\/asia\/bahrain\/stay-safe-healthy-in-bahrain\/","title":{"rendered":"Rimani al sicuro e in salute in Bahrein"},"content":{"rendered":"<h2 class=\"wp-block-heading\">Rimani al sicuro in Bahrein<\/h2>\n\n\n\n<p>Nel 2011, il Bahrein ha vissuto una quasi guerra civile, con centinaia di morti, centinaia di feriti e un numero significativo di attivisti e operatori sanitari incarcerati e torturati. Sebbene le enormi proteste siano state represse spietatamente, il clima rimane instabile e proteste, rivolte e uccisioni da parte della polizia possono verificarsi in qualsiasi momento. I viaggiatori dovrebbero evitare le regioni e le comunit\u00e0 rurali del nord-ovest del paese. Grandi proteste possono verificarsi in qualsiasi momento e, sebbene a volte possano diventare violente, raramente sono anti-occidentali. Evitate i luoghi in cui sembrano radunarsi grandi gruppi di persone.<\/p>\n\n\n\n<p>In Bahrein, l&#039;incidenza media della criminalit\u00e0 sociale \u00e8 bassa, mentre i crimini violenti sono rari. Tuttavia, si verificano rapine, furti e furti. Sono stati registrati reati minori come il furto di portafogli e il furto di portafogli, in particolare nei quartieri del vecchio mercato, noti come souk. Le discoteche della maggior parte degli hotel sono frequentate da individui poco raccomandabili. Nonostante gli hotel dispongano di adeguate misure di sicurezza, tra cui telecamere, si sono verificati casi di visitatori che hanno occupato le loro camere.<\/p>\n\n\n\n<p>Se vi trovate su Exhibition Avenue (vicino a Hoora), fate attenzione perch\u00e9 le donne potrebbero avere incontri spiacevoli con sauditi (principalmente) ubriachi. \u00c8 consigliabile avere un ragazzo con voi se andate l\u00ec (soprattutto di notte).<\/p>\n\n\n\n<h3 class=\"wp-block-heading\">Crimine<\/h3>\n\n\n\n<p>Circa 4.000 cittadini britannici vivono in Bahrein e altre migliaia lo visitano ogni anno. La maggior parte dei viaggi si svolge senza incidenti. Nonostante la criminalit\u00e0 sia poco frequente nella maggior parte delle regioni, i turisti dovrebbero prendere precauzioni, ad esempio utilizzando servizi di taxi affidabili.<\/p>\n\n\n\n<h3 class=\"wp-block-heading\">Droghe<\/h3>\n\n\n\n<p>Anche tracce di sostanze illegali sono assolutamente vietate. Anche se si transita da un aeroporto all&#039;altro, il consumo o il trasporto di stupefacenti illegali pu\u00f2 comportare l&#039;incarcerazione e l&#039;espulsione. L&#039;acquisto o la vendita di droghe e stupefacenti illegali \u00e8 un reato grave che prevede una pena massima fino all&#039;ergastolo.<\/p>\n\n\n\n<p>Alcuni articoli cosmetici e ricariche per sigarette elettroniche potrebbero contenere sostanze proibite in Bahrein, come l&#039;olio di CBD.<\/p>\n\n\n\n<p>\u00c8 consigliabile portare con s\u00e9 un certificato medico se si utilizzano farmaci con obbligo di ricetta. Se si intende importare farmaci con obbligo di ricetta in Bahrein, potrebbe essere necessario ottenere un&#039;autorizzazione preventiva dalle autorit\u00e0. Prima di partire, si consiglia di contattare l&#039;Ambasciata o il Consolato del Bahrein pi\u00f9 vicino.<\/p>\n\n\n\n<h3 class=\"wp-block-heading\">Alcol<\/h3>\n\n\n\n<p>L&#039;alcol \u00e8 legale in Bahrein, dove sono presenti numerosi bar, ristoranti e punti vendita di alcolici; tuttavia, il comportamento in stato di ebbrezza in pubblico o la guida sotto l&#039;effetto dell&#039;alcol sono illegali e comportano una multa, la reclusione e\/o l&#039;espulsione, oltre alla sospensione della patente di guida. L&#039;aggressione fisica e la distruzione di propriet\u00e0 pubblica sotto l&#039;effetto dell&#039;alcol sono reati che possono comportare l&#039;incarcerazione.<\/p>\n\n\n\n<h3 class=\"wp-block-heading\">Guida<\/h3>\n\n\n\n<p>In Bahrein, la guida in stato di ebbrezza \u00e8 tollerata a zero. Se vieni sorpreso con anche solo tracce di alcol nell&#039;organismo, potresti essere incriminato e incarcerato. Le violazioni della legge, come il tallonamento, l&#039;eccesso di velocit\u00e0, le corse automobilistiche, il sorpasso e l&#039;uso del cellulare alla guida, possono comportare multe salate. Su strade e autostrade sono presenti numerosi autovelox. L&#039;uso delle cinture di sicurezza \u00e8 obbligatorio. La mancata osservanza di questa norma pu\u00f2 comportare una multa.<\/p>\n\n\n\n<p><strong>codice della strada<\/strong><\/p>\n\n\n\n<ul class=\"wp-block-list\">\n<li>Il traffico si svolge a destra.<\/li>\n\n\n\n<li>Nelle rotatorie, le auto che si trovano nella rotatoria hanno la precedenza su quelle che tentano di entrarvi.<\/li>\n\n\n\n<li>Gli automobilisti spesso superano il limite di velocit\u00e0 nonostante le sanzioni severe, tra cui multe e possibile reclusione.<\/li>\n\n\n\n<li>La polizia pu\u00f2 fermare gli automobilisti in caso di violazioni del codice stradale.<\/li>\n\n\n\n<li>\u00c8 illegale usare il cellulare mentre si guida, sebbene ci\u00f2 sia molto comune.<\/li>\n\n\n\n<li>Gli autisti sono tenuti a indossare le cinture di sicurezza.<\/li>\n\n\n\n<li>Il traffico \u00e8 pi\u00f9 congestionato nei fine settimana, a causa dell&#039;afflusso di veicoli dai paesi vicini.<\/li>\n<\/ul>\n\n\n\n<h3 class=\"wp-block-heading\">Codice di abbigliamento<\/h3>\n\n\n\n<p>I cittadini del Bahrein solitamente vestono in modo conservativo, con abiti tradizionali, e possono arrabbiarsi quando gli altri vestono in modo poco rispettoso o contrario alle norme islamiche.<\/p>\n\n\n\n<p>In luoghi pubblici come centri commerciali, ristoranti e parchi, \u00e8 incoraggiato un abbigliamento appropriato. Gli abiti non devono essere trasparenti, esporre parti del corpo in modo indecente o mostrare immagini o messaggi sgradevoli. Se si visita uno di questi luoghi in modo inadeguato, potrebbe essere chiesto di andarsene (la maggior parte dei centri commerciali pi\u00f9 grandi espone cartelli che raccomandano di indossare abiti decorosi). Qualsiasi forma di nudit\u00e0 \u00e8 severamente vietata, persino prendere il sole senza maglietta. Durante il mese di Ramadan, quando l&#039;umilt\u00e0 \u00e8 incoraggiata, questi principi sono rispettati ancora pi\u00f9 rigorosamente.<\/p>\n\n\n\n<h3 class=\"wp-block-heading\">Religione<\/h3>\n\n\n\n<p>In Bahrein, le credenze religiose islamiche sono molto venerate. Qualsiasi mancanza di rispetto per idee o pratiche religiose \u00e8 considerata estremamente irrispettosa e pu\u00f2 comportare una multa salata e\/o l&#039;incarcerazione. Le altre religioni sono rispettate e possono essere praticate liberamente in Bahrein. Seguite alcune semplici linee guida sul rispetto:<\/p>\n\n\n\n<p>I musulmani recitano cinque preghiere al giorno. Noterete che le moschee usano altoparlanti per chiamare i fedeli alla preghiera. Tenete presente che le auto che non si trovano nelle vicinanze di una moschea potrebbero fermarsi in una piazzola di sosta per pregare con discrezione.<\/p>\n\n\n\n<p>I musulmani digiunano dall&#039;alba al tramonto durante il mese sacro del Ramadan. Durante il mese del Ramadan, mangiare, bere, fumare, ascoltare musica ad alto volume e ballare in pubblico durante le ore diurne sono proibiti e puniti dalla legge, anche per i non musulmani.<\/p>\n\n\n\n<h3 class=\"wp-block-heading\">Clima e disastri naturali<\/h3>\n\n\n\n<p>In Bahrein le temperature sono spesso estremamente elevate. Da giugno ad agosto, le temperature possono superare i 50 \u00b0C.<\/p>\n\n\n\n<p>Per evitare colpi di calore e disidratazione:<\/p>\n\n\n\n<ul class=\"wp-block-list\">\n<li>bere molta acqua<\/li>\n\n\n\n<li>evitare lunghi periodi al caldo<\/li>\n<\/ul>\n\n\n\n<p>Le tempeste di sabbia e polvere sono frequenti.<\/p>\n\n\n\n<h3 class=\"wp-block-heading\">Dimostrazioni<\/h3>\n\n\n\n<p>Sono possibili occasionali manifestazioni e proteste. Ci\u00f2 pu\u00f2 comportare tentativi di interrompere il traffico e disordini nelle aree rurali e in prossimit\u00e0 dei centri economici. Raramente, ci\u00f2 porta a conflitti localizzati tra le forze di sicurezza governative e i manifestanti. Occasionalmente, gli anniversari di eventi chiave in Bahrein aumentano la probabilit\u00e0 di manifestazioni spontanee. In passato, casi analoghi si sono verificati a Sitra, Bani Jamra, Karbabad, Saar, Karzakan, lungo l&#039;autostrada Budaiya e nei villaggi limitrofi.<\/p>\n\n\n\n<p>Anche se fino ad oggi non si sono verificate minacce o attacchi diretti contro cittadini britannici, \u00e8 opportuno prestare attenzione, seguire i consigli delle autorit\u00e0 locali e fare attenzione all&#039;ambiente circostante, ovunque ci si trovi sull&#039;isola.<\/p>\n\n\n\n<p>Chiunque si trovi per errore nelle vicinanze di una manifestazione violenta \u00e8 a rischio.<\/p>\n\n\n\n<p>In caso di grandi assembramenti o manifestazioni pubbliche, \u00e8 necessario evacuare rapidamente l&#039;area. Se si osserva un oggetto sospetto, evitare di avvicinarsi o toccarlo. Allontanarsi e chiamare il 999 o il numero di emergenza della Polizia 8000 8008.<\/p>\n\n\n\n<p>Durante le ore diurne, la circolazione sulle principali autostrade \u00e8 spesso ordinata. Sono presenti diversi posti di blocco della polizia.<\/p>\n\n\n\n<p>Durante le dimostrazioni, le strade potrebbero diventare impraticabili, rendendo necessarie deviazioni. Queste potrebbero portarvi in \u200b\u200bterritorio sconosciuto. \u00c8 consigliabile familiarizzare con altri percorsi.<\/p>\n\n\n\n<p>L&#039;opinione pubblica locale nella regione continua a essere influenzata dagli sviluppi regionali. \u00c8 necessario essere consapevoli della sensibilit\u00e0 locale riguardo a queste questioni. Seguire le notizie e tenersi aggiornati sugli sviluppi locali e regionali che potrebbero scatenare disordini pubblici.<\/p>\n\n\n\n<p>Il Ministero dell&#039;Interno ha ricordato che tutti i residenti e gli ospiti sono tenuti a portare con s\u00e9 un documento d&#039;identit\u00e0 con foto. \u00c8 prevista una multa fino a 300 BHD per chi non \u00e8 in grado di esibire un documento d&#039;identit\u00e0 con foto quando richiesto da un membro del governo del Bahrein, come previsto dalla legislazione del Bahrein.<\/p>\n\n\n\n<h2 class=\"wp-block-heading\">Rimani in salute in Bahrein<\/h2>\n\n\n\n<p>Assicuratevi di bere molta acqua. Da aprile ad agosto il clima pu\u00f2 diventare estremamente caldo (fino a 50 gradi Celsius) e umido. Proteggetevi dal sole con un ombrello. Rimanere idratati \u00e8 fondamentale, soprattutto se si sta all&#039;aperto tutto il giorno. L&#039;acqua in bottiglia \u00e8 disponibile a prezzi estremamente convenienti quasi ovunque in citt\u00e0, nei &#034;Cold Stores&#034; e nei piccoli ristoranti.<\/p>\n\n\n\n<p>Piccole bottiglie refrigerate vengono vendute dai venditori ambulanti nel suk, ma potreste ritrovarvi a spendere pi\u00f9 del valore della bottiglia. Se intendete soggiornare in Bahrein per un lungo periodo, potete chiedere a un Cold Shop locale di consegnarvi l&#039;acqua in bottiglia a casa vostra, oppure prenotare un servizio di consegna a domicilio tramite una delle tante attivit\u00e0 commerciali dell&#039;isola. Molti cold shop (cos\u00ec come alcuni hotel) portano gratuitamente i loro prodotti (o pasti) in hotel o appartamento.<\/p>\n\n\n\n<h3 class=\"wp-block-heading\">COVID 19<\/h3>\n\n\n\n<p>Non ci sono limitazioni legate al COVID-19 nelle aree pubbliche e tutte le attivit\u00e0 commerciali, inclusi negozi, banche e ristoranti, sono operative regolarmente. L&#039;uso della mascherina \u00e8 facoltativo sia negli ambienti interni che esterni (ad eccezione delle strutture sanitarie).<\/p>\n\n\n\n<p>Non ci sono limiti legati al COVID-19 alla disponibilit\u00e0 di alloggi e strutture, compresi hotel e unit\u00e0 abitative private in affitto.<\/p>\n\n\n\n<p>Se ritieni di avere sintomi di COVID-19, chiama il numero verde locale 444 e segui le indicazioni delle autorit\u00e0. Per informazioni generali sul COVID-19 in Bahrein, contatta il Ministero della Salute all&#039;indirizzo covid19@moh.gov.bh. Chiunque risulti positivo al COVID-19 verr\u00e0 contattato dalle autorit\u00e0 tramite l&#039;app &#034;BeAware&#034; e sar\u00e0 obbligato ad autoisolarsi a casa o in hotel per 7 giorni (se completamente vaccinato) o 10 giorni (se non vaccinato) dalla data del contagio. Ottenendo un risultato negativo del test PCR da un ospedale privato, il periodo di autoisolamento pu\u00f2 essere completato prima. Se necessario, la terapia per il COVID-19 sar\u00e0 fornita gratuitamente.<\/p>","protected":false},"excerpt":{"rendered":"<p>Nel 2011, il Bahrein ha vissuto una quasi guerra civile, con centinaia di morti, centinaia di feriti e un numero significativo di attivisti e operatori sanitari incarcerati e torturati. Sebbene le enormi proteste siano state represse spietatamente, il clima rimane instabile e proteste, rivolte e uccisioni da parte della polizia possono verificarsi in qualsiasi momento. I viaggiatori dovrebbero evitare le regioni e le comunit\u00e0 rurali del nord-ovest del paese. Grandi proteste possono verificarsi in qualsiasi momento e, sebbene a volte possano diventare violente, raramente sono anti-occidentali. Evitate i luoghi in cui sembrano radunarsi grandi gruppi di persone.<\/p>","protected":false},"author":1,"featured_media":35491,"parent":35335,"menu_order":0,"comment_status":"closed","ping_status":"closed","template":"elementor_theme","meta":{"_eb_attr":"","footnotes":""},"class_list":["post-35488","page","type-page","status-publish","has-post-thumbnail"],"_links":{"self":[{"href":"https:\/\/travelshelper.com\/it\/wp-json\/wp\/v2\/pages\/35488","targetHints":{"allow":["GET"]}}],"collection":[{"href":"https:\/\/travelshelper.com\/it\/wp-json\/wp\/v2\/pages"}],"about":[{"href":"https:\/\/travelshelper.com\/it\/wp-json\/wp\/v2\/types\/page"}],"author":[{"embeddable":true,"href":"https:\/\/travelshelper.com\/it\/wp-json\/wp\/v2\/users\/1"}],"replies":[{"embeddable":true,"href":"https:\/\/travelshelper.com\/it\/wp-json\/wp\/v2\/comments?post=35488"}],"version-history":[{"count":0,"href":"https:\/\/travelshelper.com\/it\/wp-json\/wp\/v2\/pages\/35488\/revisions"}],"up":[{"embeddable":true,"href":"https:\/\/travelshelper.com\/it\/wp-json\/wp\/v2\/pages\/35335"}],"wp:featuredmedia":[{"embeddable":true,"href":"https:\/\/travelshelper.com\/it\/wp-json\/wp\/v2\/media\/35491"}],"wp:attachment":[{"href":"https:\/\/travelshelper.com\/it\/wp-json\/wp\/v2\/media?parent=35488"}],"curies":[{"name":"wp","href":"https:\/\/api.w.org\/{rel}","templated":true}]}}