{"id":35472,"date":"2024-11-30T22:59:50","date_gmt":"2024-11-30T22:59:50","guid":{"rendered":"https:\/\/travelshelper.com\/staging\/?page_id=35472"},"modified":"2026-03-11T02:07:26","modified_gmt":"2026-03-11T02:07:26","slug":"tradizioni-costumi-a-bahrein","status":"publish","type":"page","link":"https:\/\/travelshelper.com\/it\/destinations\/asia\/bahrain\/traditions-customs-in-bahrain\/","title":{"rendered":"Tradizioni e costumi in Bahrein"},"content":{"rendered":"<p>Il Bahrein \u00e8 un paese ospitale e accogliente, tuttavia \u00e8 sempre necessario mostrare rispetto e cortesia nei confronti delle proprie tradizioni culturali e religiose. Quando si visitano zone frequentate dagli arabi locali, \u00e8 preferibile indossare pantaloni lunghi piuttosto che pantaloncini corti, e le donne dovrebbero evitare di indossare abiti trasparenti.<\/p>\n\n\n\n<p>Costumi da bagno, bikini e pantaloncini corti sono accettabili presso stabilimenti balneari e hotel. In pubblico, non mostrare segni di affetto verso persone del sesso opposto. Persone del sesso opposto sono state arrestate per essersi baciate in pubblico e sono socialmente inaccettabili. Evitate sempre di litigare e non impegnatevi mai in discussioni, soprattutto con persone del posto.<\/p>\n\n\n\n<p>La religione ufficiale del regno \u00e8 l&#039;Islam. \u00c8 praticata da oltre il 70% della popolazione. Cristiani, buddisti e ind\u00f9 costituiscono la restante parte. Una piccola parte degli abitanti non dichiara alcuna affiliazione religiosa. Chiesa e Stato non sono separati. In questo caso si applica la Sharia (legge islamica). Il concetto di libert\u00e0 religiosa \u00e8 sancito dalla Costituzione. \u00c8 un dato di fatto. Qui non esiste alcuna persecuzione religiosa. Ai rappresentanti di diverse religioni \u00e8 consentito osservare liberamente i propri riti e celebrare le festivit\u00e0.<\/p>\n\n\n\n<p>La comunit\u00e0 musulmana \u00e8 eterogenea. I musulmani sunniti considerano i beduini i loro antenati. Gli sciiti discendono dal Profeta, secondo le loro credenze. La maggior parte degli sciiti appartiene alla comunit\u00e0 etnica e religiosa Baharna. Sono tradizionalisti e pii. Sunniti e sciiti formano comunit\u00e0 separate. I loro conflitti legali sono risolti da tribunali separati.<\/p>\n\n\n\n<p>La posizione sociale delle donne in Bahrein \u00e8 superiore a quella della maggior parte delle nazioni arabe. Qui, le donne possono lavorare. Costituiscono quasi un terzo della forza lavoro del paese. Hanno accesso all&#039;istruzione e all&#039;assistenza sanitaria. Circa il 60% delle donne possiede una laurea. Molte donne lavorano nel mondo degli affari. Le donne sono ancora sottorappresentate in politica. Sono assenti dalle autorit\u00e0 governative. Non esistono leggi ufficiali che violino i diritti delle donne. Tuttavia, la normativa \u00e8 in conflitto con la Sharia, che impone alle donne di coprirsi il volto e il corpo. La maggior parte delle donne indossa un chador che non copre il volto. Il niqab nasconde completamente il volto delle donne appartenenti a famiglie pi\u00f9 tradizionali. Le donne straniere sono tollerate dagli indigeni. Tuttavia, \u00e8 necessario coprire spalle e gambe. Inoltre, ci sono dei requisiti per gli uomini stranieri. \u00c8 vietato apparire in pubblico indossando pantaloncini corti e abbigliamento sportivo.<\/p>\n\n\n\n<p>Questa democrazia \u00e8 il risultato della rapida crescita economica del Bahrein, che attrae un gran numero di stranieri. Il Bahrein \u00e8 la nazione musulmana pi\u00f9 libera. I residenti di altri paesi arabi vi trascorrono spesso le vacanze. Il paese vende e consuma alcolici. Durante il mese sacro del Ramadan, gli standard morali diventano pi\u00f9 rigidi. In questo periodo, i credenti digiunano. Ai musulmani \u00e8 vietato mangiare e bere durante le ore diurne.<\/p>\n\n\n\n<p>La religione ha un impatto sull&#039;etichetta. La mano sinistra \u00e8 tradizionalmente considerata sporca perch\u00e9 viene utilizzata per l&#039;igiene personale. \u00c8 accettabile accettare cibo e denaro, ma solo con la mano destra. Quando si entra in una casa o in una moschea, \u00e8 obbligatorio togliersi le scarpe. Non \u00e8 consentito puntare i piedi verso l&#039;interlocutore, fissarlo intensamente negli occhi, mangiare mentre si cammina o gesticolare attivamente durante una conversazione.<\/p>\n\n\n\n<p>La famiglia \u00e8 di fondamentale importanza per i cittadini del Paese. Le donne si sposano molto giovani, a partire dai 14 anni. Gli uomini si sposano tra i 20 e i 22 anni. \u00c8 pratica comune chiedere un riscatto alle spose. La poligamia \u00e8 consentita dalla Sharia. Tuttavia, ogni moglie dovrebbe avere una propria residenza confortevole. Esistono anche i matrimoni transitori (muta). Sono accettati esclusivamente dagli sciiti. Alla conclusione di tali matrimoni, alla donna viene data una ricompensa. Formalmente, i diritti di una donna sono equivalenti a quelli di una moglie normale. Anche la sua prole \u00e8 considerata legittima. Ha diritto a un mahr (dono da parte del marito). La durata del matrimonio pu\u00f2 essere prolungata un numero indefinito di volte. Una donna deve prendersi un intervallo prima di risposarsi dopo un matrimonio fallito. Questo intervallo \u00e8 necessario per escludere la possibilit\u00e0 di una gravidanza. Durante questo intervallo, che va dalle quattro alle venti settimane, il marito continua a sostenere la moglie.<\/p>\n\n\n\n<p>Dopo l&#039;indipendenza del paese nel 1971, la cultura del Bahrein inizi\u00f2 a fiorire in modo significativo. Oltre allo sviluppo dell&#039;arte tradizionale, anche l&#039;arte moderna stava crescendo. Impressionismo, espressionismo e surrealismo stavano guadagnando popolarit\u00e0. Vengono organizzate frequenti mostre d&#039;arte moderna. Diversi musei e gallerie vengono utilizzati a questo scopo. Degne di nota sono le arti tradizionali della calligrafia araba, della ceramica, della gioielleria e della forgiatura. Anche la letteratura inizi\u00f2 a svilupparsi rapidamente alla fine del XX secolo. Una forte influenza occidentale \u00e8 insita in essa. Il Bahrein, a differenza di altre nazioni islamiche, vanta un gran numero di poetesse che pubblicano le loro opere.<\/p>\n\n\n\n<p>La musica araba, indiana e persiana ha influenzato la musica tradizionale del Bahrein. Gli stili pi\u00f9 popolari sono il Saut, il Fijri e il Liwa. I cittadini del Bahrein sono da tempo coinvolti nell&#039;estrazione delle perle. I pescatori di perle hanno sviluppato una propria cultura, che include anche la musica. Il Fijri \u00e8 la musica dei pescatori di perle. \u00c8 importante notare che esistono canti costieri e canti marinari. Il Liwa \u00e8 la musica dei popoli africani. La musica araba, nota come Saut, viene eseguita con l&#039;oud, uno strumento a percussione e il rebab. Esiste anche musica moderna. Ci sono gruppi che suonano musica rock. In Bahrein ci sono anche studi di registrazione. Il cinema non \u00e8 illegale, ma i film locali non vengono praticamente mai girati.<\/p>","protected":false},"excerpt":{"rendered":"<p>Il Bahrein \u00e8 un paese ospitale e accogliente, tuttavia \u00e8 sempre necessario mostrare rispetto e cortesia nei confronti delle proprie tradizioni culturali e religiose. Quando si visitano zone frequentate dagli arabi locali, \u00e8 preferibile indossare pantaloni lunghi piuttosto che pantaloncini corti, e le donne dovrebbero evitare di indossare abiti trasparenti.<\/p>","protected":false},"author":1,"featured_media":35474,"parent":35335,"menu_order":0,"comment_status":"closed","ping_status":"closed","template":"elementor_theme","meta":{"_eb_attr":"","footnotes":""},"class_list":["post-35472","page","type-page","status-publish","has-post-thumbnail"],"_links":{"self":[{"href":"https:\/\/travelshelper.com\/it\/wp-json\/wp\/v2\/pages\/35472","targetHints":{"allow":["GET"]}}],"collection":[{"href":"https:\/\/travelshelper.com\/it\/wp-json\/wp\/v2\/pages"}],"about":[{"href":"https:\/\/travelshelper.com\/it\/wp-json\/wp\/v2\/types\/page"}],"author":[{"embeddable":true,"href":"https:\/\/travelshelper.com\/it\/wp-json\/wp\/v2\/users\/1"}],"replies":[{"embeddable":true,"href":"https:\/\/travelshelper.com\/it\/wp-json\/wp\/v2\/comments?post=35472"}],"version-history":[{"count":0,"href":"https:\/\/travelshelper.com\/it\/wp-json\/wp\/v2\/pages\/35472\/revisions"}],"up":[{"embeddable":true,"href":"https:\/\/travelshelper.com\/it\/wp-json\/wp\/v2\/pages\/35335"}],"wp:featuredmedia":[{"embeddable":true,"href":"https:\/\/travelshelper.com\/it\/wp-json\/wp\/v2\/media\/35474"}],"wp:attachment":[{"href":"https:\/\/travelshelper.com\/it\/wp-json\/wp\/v2\/media?parent=35472"}],"curies":[{"name":"wp","href":"https:\/\/api.w.org\/{rel}","templated":true}]}}