{"id":35452,"date":"2024-11-30T22:41:22","date_gmt":"2024-11-30T22:41:22","guid":{"rendered":"https:\/\/travelshelper.com\/staging\/?page_id=35452"},"modified":"2026-03-11T02:11:40","modified_gmt":"2026-03-11T02:11:40","slug":"vita-notturna-a-bahrein","status":"publish","type":"page","link":"https:\/\/travelshelper.com\/it\/destinations\/asia\/bahrain\/nightlife-in-bahrain\/","title":{"rendered":"Vita notturna a Bahrein"},"content":{"rendered":"<p>La vita notturna del Bahrein \u00e8 piuttosto sviluppata, il che \u00e8 sorprendente. Ci\u00f2 \u00e8 dovuto principalmente alla tolleranza del governo e all&#039;elevato numero di stranieri residenti nel paese. Il Bahrein \u00e8 spesso definito le &#034;Hawaii del Medio Oriente&#034;. Dopo il tramonto, chiunque pu\u00f2 divertirsi. In tutto il paese, ci sono discoteche, karaoke e locali con musica dal vivo.<\/p>\n\n\n\n<p>Adliya \u00e8 particolarmente rinomata per la sua vita notturna. \u00c8 il quartiere boh\u00e9mien di Manama. Gli hotel di lusso offrono diverse possibilit\u00e0 di intrattenimento serale. Il consumo di alcolici \u00e8 consentito in tutto il paese, anche nei club. Questo attrae turisti dai vicini paesi arabi pi\u00f9 conservatori.<\/p>\n\n\n\n<h2 class=\"wp-block-heading\">Bar e club in Bahrein<\/h2>\n\n\n\n<p>Poich\u00e9 praticamente tutti i locali autorizzati devono essere affiliati ad hotel a quattro e cinque stelle, a Manama non esiste un quartiere specifico per la vita notturna; piuttosto, esiste una distribuzione a griglia dei locali in tutta la citt\u00e0. Una volta che un bar \u00e8 aperto da un po&#039; di tempo, si guadagna una buona reputazione tra la gente del posto e molti di essi diventano locali noti in tutti gli Stati del Golfo. Uno di questi \u00e8 lo Sherlock Holmes (Gulf Hotel, Manama), un bar a tema con una storia illustre. Sebbene piuttosto accogliente, non \u00e8 riuscito a perdere il suo aspetto da tradizionale pub londinese e offre musica dal vivo quasi tutte le sere della settimana, che sono tipicamente affollate di clienti abituali; tuttavia, anche i fine settimana in Bahrein possono essere estremamente affollati.<\/p>\n\n\n\n<p>Il Trader Vic&#039;s (Le M\u00e9ridien, Manama) si trova vicino a una delle spiagge di Manama e offre un&#039;ampia vista sul Golfo dal comfort dei suoi interni climatizzati. \u00c8 rinomato per i suoi cocktail ispirati ai Mari del Sud, serviti in eleganti bicchieri, che lo rendono uno dei migliori locali della citt\u00e0 per un aperitivo serale. Il Warbler Club (Baisan Hotel, Manama) \u00e8 un altro locale che offre regolarmente musica dal vivo, un pubblico attraente e deliziosi piatti da bar. Questo \u00e8 uno dei posti migliori in Bahrein per gli appassionati di sport, grazie ai numerosi televisori di grandi dimensioni sintonizzati su tutte le partite.<\/p>\n\n\n\n<h3 class=\"wp-block-heading\">Bar del centro<\/h3>\n\n\n\n<p><em>Indirizzo: 1507 King Faisal Highway, Manama \u2013 Orari di apertura: tutti i giorni: dalle 16:00 alle 2:00<\/em><\/p>\n\n\n\n<p>Downtown, una sezione dell&#039;Intercontinental Regency Hotel, \u00e8 una delle mete preferite da gente del posto e turisti e attira grandi folle, soprattutto nelle serate con musica dal vivo. Qui si esibiscono band locali, si tengono serate open mic e jam session, e il mercoled\u00ec \u00e8 la serata dedicata alle sole donne.<\/p>\n\n\n\n<h3 class=\"wp-block-heading\">Pub irlandese di JJ<\/h3>\n\n\n\n<p><em>Indirizzo: Blocco 326, Al Qudaibiya, Manama<\/em><\/p>\n\n\n\n<p>Il bar di JJ \u00e8 un grande locale dall&#039;atmosfera accogliente e con un&#039;ampia variet\u00e0 di birre alla spina. Numerose le attivit\u00e0 settimanali, tra cui karaoke, quiz da pub, serate per sole donne e musica dal vivo con la house band The Noise.<\/p>\n\n\n\n<h3 class=\"wp-block-heading\">Il cantore<\/h3>\n\n\n\n<p><em>Indirizzo: Blocco 320, Manama \u2013 Orari di apertura: tutti i giorni: dalle 12:00 alle 2:00<\/em><\/p>\n\n\n\n<p>Il Warbler, un rinomato pub sportivo in stile britannico che ospita eventi quasi ogni sera, si trova all&#039;interno del Baisan International Hotel. Offre balli, musica dal vivo, trasmissioni di importanti eventi sportivi, serate per sole donne il marted\u00ec e una cucina completamente attrezzata che serve una variet\u00e0 di piatti.<\/p>\n\n\n\n<h3 class=\"wp-block-heading\">Il cantore<\/h3>\n\n\n\n<p><em>Indirizzo: Blocco 320, Manama \u2013 Orari di apertura: tutti i giorni: dalle 12:00 alle 2:00<\/em><\/p>\n\n\n\n<p>Il Warbler, un rinomato pub sportivo in stile britannico che ospita eventi quasi ogni sera, si trova all&#039;interno del Baisan International Hotel. Offre balli, musica dal vivo, trasmissioni di importanti eventi sportivi, serate per sole donne il marted\u00ec e una cucina completamente attrezzata che serve una variet\u00e0 di piatti.<\/p>\n\n\n\n<h2 class=\"wp-block-heading\">Ristoranti e cucina in Bahrein<\/h2>\n\n\n\n<p>In Bahrein, il prezzo e la qualit\u00e0 del cibo variano notevolmente. Se non avete voglia di spendere molto, potete scegliere tra una variet\u00e0 di hotel con prezzi molto diversi. Vivere da espatriati comporta un&#039;ampia scelta di ristoranti, quindi sentitevi liberi di chiedere consigli aggiornati a chiunque; in genere saranno lieti di aiutarvi. A Manama, il passaparola \u00e8 molto influente.<\/p>\n\n\n\n<p>Adilya, Mezzaluna (3808 Road, Manama) \u00e8 un gioiello nel cuore del quartiere dei ristoranti e uno dei ristoranti pi\u00f9 popolari di Manama, quindi assicuratevi di prenotare con largo anticipo. Lo chef francese del Mezzaluna prepara un&#039;ampia variet\u00e0 di piatti internazionali, e le bistecche di costata sono altamente raccomandate. Il ristorante si trova in un&#039;antica dimora del Bahrein, con arredi in stile.<\/p>\n\n\n\n<p>Nel frattempo, Jim&#039;s (Osama bin Zaid Avenue, Manama) \u00e8 diventato un&#039;istituzione per gli espatriati, famoso tanto per le sue vodka al cioccolato artigianali quanto per le sue colazioni irlandesi complete servite in un&#039;incantevole atmosfera da cottage. Grazie alla cordialit\u00e0 e al senso dell&#039;umorismo di Jim, questo ristorante in Bahrein rischia di essere estremamente affollato, quindi \u00e8 consigliabile prenotare in anticipo.<\/p>\n\n\n\n<p>L&#039;elegante Casa Blu (Sheikh Isa Avenue, Manama) in stile arabo \u00e8 decorato con macchine da scrivere d&#039;epoca, vecchi registratori di cassa rovinati, divani lussuosi e musica hip-hop dal vivo, che contribuiscono a creare l&#039;atmosfera del ristorante. La cucina \u00e8 eccellente quanto l&#039;atmosfera.<\/p>\n\n\n\n<h2 class=\"wp-block-heading\">Dove mangiare e bere in Bahrein<\/h2>\n\n\n\n<p>Come si addice alla sua reputazione di unico stato del Golfo in cui \u00e8 legale acquistare alcolici, la gastronomia e la vita notturna del Bahrein sono molto apprezzate dagli espatriati locali e dai turisti sauditi.<\/p>\n\n\n\n<p>A Manama, i bar sportivi sono molto diffusi e il JJ&#039;s Irish Restaurant \u00e8 uno dei migliori. Il Bizarre Lounge al Le M\u00e9ridien e il Casa Bar &amp; Terrace al Mercure Grand Seef sono due dei bar e locali notturni pi\u00f9 raffinati tra gli hotel di lusso della zona. L&#039;Ibrida al Ramee Grand Hotel e il Club XS al Ramee Rose Hotel sono locali notturni molto popolari. Nella maggior parte dei locali notturni pi\u00f9 importanti, durante la settimana vengono offerti happy hour con promozioni e serate per sole donne.<\/p>\n\n\n\n<h3 class=\"wp-block-heading\">Brunch<\/h3>\n\n\n\n<p>Visto che l&#039;azione in pista non inizier\u00e0 prima del previsto, perch\u00e9 non iniziare la giornata con una tradizione molto popolare? Sontuosi brunch &#034;all you can eat&#034; vengono serviti in innumerevoli ristoranti di Manama, soprattutto in hotel di lusso come Le M\u00e9ridien e Ritz Carlton. Venerd\u00ec e sabato sono i giorni pi\u00f9 gettonati. Si paga un importo fisso (normalmente 20-40 BHD \/ 50-100 USD) per tutto il cibo e le bevande che si riescono a consumare in 3-4 ore. Se si arriva in anticipo per la gara del prossimo anno, molti ristoranti festeggeranno il giorno di San Patrizio il 17 marzo con eventi a tema.<\/p>\n\n\n\n<h3 class=\"wp-block-heading\">Buffet<\/h3>\n\n\n\n<p>Oltre al brunch, molti dei migliori hotel e ristoranti della citt\u00e0 offrono buffet &#034;a volont\u00e0&#034; durante la settimana, in particolare dal mercoled\u00ec al venerd\u00ec sera. Tra i buffet pi\u00f9 gettonati ci sono le serate a tema al Crowne Plaza, la cucina indiana il gioved\u00ec e il venerd\u00ec al Lanterns Restaurant e il pesce il gioved\u00ec sera al Le M\u00e9ridien.<\/p>\n\n\n\n<h3 class=\"wp-block-heading\">Giustizia<\/h3>\n\n\n\n<p>Molti dei migliori ristoranti di Manama si trovano nel quartiere di Adliya. Tra i caff\u00e8 pi\u00f9 gettonati ci sono Coco&#039;s, che serve cucina tradizionale americana, e il Caf\u00e9 Lilou, dall&#039;atmosfera parigina. Rasoi by Vineet serve alcuni dei migliori piatti della cucina indiana di Manama; nelle vicinanze, il Polo Gastropub del Palace Boutique Hotel offre gustosi hamburger e musica dal vivo, mentre The Meat Company serve tagli di carne di prima qualit\u00e0.<\/p>\n\n\n\n<h3 class=\"wp-block-heading\">Cucina del Bahrein<\/h3>\n\n\n\n<p>Non lasciate Manama senza aver assaggiato la deliziosa cucina locale. Tra le ricette pi\u00f9 popolari ci sono il machboos (riso profumato al gusto di carne), la carne alla griglia con khubus (pane morbido), il nasheef (stufato di patate e carne) e i luqaimat (ravioli dolci). Haji Gahwa \u00e8 un caff\u00e8 all&#039;aperto nel suk di Manama che serve deliziosi ed economici piatti fatti in casa, mentre Basta 23, nel Riyadat Mall, offre una rivisitazione moderna della cucina tradizionale locale.<\/p>","protected":false},"excerpt":{"rendered":"<p>La vita notturna del Bahrein \u00e8 piuttosto sviluppata, il che \u00e8 sorprendente. Ci\u00f2 \u00e8 dovuto principalmente alla tolleranza del governo e all&#039;elevato numero di stranieri residenti nel paese. Il Bahrein \u00e8 spesso definito le &#034;Hawaii del Medio Oriente&#034;. Dopo il tramonto, chiunque pu\u00f2 divertirsi. In tutto il paese, ci sono discoteche, karaoke e locali con musica dal vivo.<\/p>","protected":false},"author":1,"featured_media":35455,"parent":35335,"menu_order":0,"comment_status":"closed","ping_status":"closed","template":"elementor_theme","meta":{"_eb_attr":"","footnotes":""},"class_list":["post-35452","page","type-page","status-publish","has-post-thumbnail"],"_links":{"self":[{"href":"https:\/\/travelshelper.com\/it\/wp-json\/wp\/v2\/pages\/35452","targetHints":{"allow":["GET"]}}],"collection":[{"href":"https:\/\/travelshelper.com\/it\/wp-json\/wp\/v2\/pages"}],"about":[{"href":"https:\/\/travelshelper.com\/it\/wp-json\/wp\/v2\/types\/page"}],"author":[{"embeddable":true,"href":"https:\/\/travelshelper.com\/it\/wp-json\/wp\/v2\/users\/1"}],"replies":[{"embeddable":true,"href":"https:\/\/travelshelper.com\/it\/wp-json\/wp\/v2\/comments?post=35452"}],"version-history":[{"count":0,"href":"https:\/\/travelshelper.com\/it\/wp-json\/wp\/v2\/pages\/35452\/revisions"}],"up":[{"embeddable":true,"href":"https:\/\/travelshelper.com\/it\/wp-json\/wp\/v2\/pages\/35335"}],"wp:featuredmedia":[{"embeddable":true,"href":"https:\/\/travelshelper.com\/it\/wp-json\/wp\/v2\/media\/35455"}],"wp:attachment":[{"href":"https:\/\/travelshelper.com\/it\/wp-json\/wp\/v2\/media?parent=35452"}],"curies":[{"name":"wp","href":"https:\/\/api.w.org\/{rel}","templated":true}]}}