{"id":35418,"date":"2024-11-30T21:45:41","date_gmt":"2024-11-30T21:45:41","guid":{"rendered":"https:\/\/travelshelper.com\/staging\/?page_id=35418"},"modified":"2026-03-11T01:22:03","modified_gmt":"2026-03-11T01:22:03","slug":"soldi-shopping-a-bahrein","status":"publish","type":"page","link":"https:\/\/travelshelper.com\/it\/destinations\/asia\/bahrain\/money-shopping-in-bahrain\/","title":{"rendered":"Denaro e shopping in Bahrein"},"content":{"rendered":"<p>Il Bahrein ospita sia moderni centri commerciali che suk tradizionali, garantendo che l&#039;isola sia in grado di soddisfare ogni esigenza di shopping. In Bahrein, lo shopping \u00e8 molto pi\u00f9 di un hobby: \u00e8 uno stile di vita. Il venerd\u00ec e il sabato, che compongono il weekend del Golfo, le aree commerciali si animano di turisti provenienti da tutto il mondo in cerca di affari, ristoranti e occasioni di incontro.<\/p>\n\n\n\n<p>Se l&#039;alta moda e i marchi di stilisti sono allettanti, a quanto pare un nuovo centro commerciale apre ogni mese. In termini di disposizione, motivi e atmosfera, ogni hotel \u00e8 unico. Al Seef \u00e8 uno dei centri commerciali pi\u00f9 grandi dell&#039;isola, ma Al A&#039;ali non \u00e8 da meno in termini di dimensioni. Il Bahrain Mall, il Dana Mall e il Sitra Mall si trovano tutti a Sanabis, mentre il Sitra Mall \u00e8 un po&#039; pi\u00f9 distante dal centro principale. L&#039;ampio Bahrain City Centre \u00e8 anche un complesso ricreativo completamente attrezzato con due hotel, un parco acquatico e un cinema multisala.<\/p>\n\n\n\n<p>All&#039;estremo opposto, i suk tradizionali sono altrettanto piacevoli e offrono una variet\u00e0 di prodotti paragonabile. Rilassati e ospitali, offrono ai turisti un&#039;esperienza unica oltre a fare buoni affari. Il suk di Manama \u00e8 il pi\u00f9 grande e popolare, mentre il suk di Muharraq offre un&#039;autentica atmosfera da villaggio all&#039;interno della citt\u00e0. Il suk iraniano di Isa Town offre un&#039;ampia variet\u00e0 di prodotti usati, cianfrusaglie e persino un intrigante mercato di uccelli. Ad Adilya, ci sono molti commercianti di tappeti e negozi di artigianato che vendono oggetti di artigianato del Bahrein.<\/p>\n\n\n\n<h2 class=\"wp-block-heading\">Denaro in Bahrein<\/h2>\n\n\n\n<p>Il dinaro del Bahrein (BD) \u00e8 la valuta del Bahrein ed \u00e8 suddiviso in 1000 fils. Un dinaro vale quasi tre dollari (2,66 dollari USA, per l&#039;esattezza, dato che il tasso di cambio \u00e8 fisso), il che lo rende una delle valute pi\u00f9 forti al mondo (seconda solo al Kuwait), e questo pu\u00f2 essere difficile da accettare. A quanto pare, una corsa in taxi low cost da 10 dinari in realt\u00e0 costa quasi 27 dollari, il che lo rende un&#039;estorsione!<\/p>\n\n\n\n<p>Il dinaro \u00e8 una valuta liberamente convertibile, al momento senza restrizioni all&#039;importazione o all&#039;esportazione. Le monete sono disponibili in tagli da 5 fils, 10 fils, 25 fils, 50 fils e 100 fils (raramente si vedono monete da 500 fils, ma sono valide). Le banconote sono disponibili in tagli da 500 fils (BD 1\/2), BD 1, BD 5, BD 10 e BD 20.<\/p>\n\n\n\n<p>Il dinaro \u00e8 agganciato al riyal saudita con un tasso di cambio di 1:10, e i rial sono accettati quasi ovunque a questo tasso. Tuttavia, quasi certamente riceverete il resto in dinari, e gli hotel potrebbero tentare di truffarvi sottraendovi una piccola parte del denaro. Se provenite dall&#039;Arabia Saudita, non \u00e8 necessario cambiare i soldi, ma dovreste cercare di liberarvi di eventuali dinari in eccesso prima di lasciare il paese, poich\u00e9 sono difficili da cambiare ovunque, persino in Arabia Saudita.<\/p>\n\n\n\n<h2 class=\"wp-block-heading\">Prezzi in Bahrein<\/h2>\n\n\n\n<p>Il Bahrein, come altre nazioni del Golfo, non \u00e8 economico. Un buon pasto pu\u00f2 costare circa 4,0 dirham (BD) e il noleggio di un veicolo per 10-20 dirham al giorno \u00e8 accettabile, tuttavia le tariffe degli hotel possono influire sul budget: una camera d&#039;albergo nella media pu\u00f2 costare anche 50 dirham (BD). Se volete fare un buon affare, evitate di andare in Bahrein per l&#039;annuale evento di Formula 1 ad aprile. I costi degli hotel triplicheranno. Durante la gara, una camera al Gulf Hotel pu\u00f2 costare pi\u00f9 di 300 dirham a notte.<\/p>\n\n\n\n<h2 class=\"wp-block-heading\">Shopping in Bahrein<\/h2>\n\n\n\n<p>In Bahrein ci sono molti grandi centri commerciali con negozi di lusso e di marche internazionali, farmacie, supermercati, punti ristoro, caff\u00e8 tradizionali e moderni, aree giochi e sale giochi, teatri (3D e 2D) e persino un ingresso per un parco acquatico.<\/p>\n\n\n\n<p>Una visita al suk locale \u00e8 d&#039;obbligo. L\u00ec, potrete contrattare sul prezzo di &#034;Rolex&#034;, gioielli e una variet\u00e0 di altri articoli. Nel suk si trovano molti sarti eccellenti. Se vi fermate abbastanza a lungo (diciamo una settimana), potrete indossare il vostro abito preferito e &#034;clonarlo&#034; con precisione in qualsiasi tessuto tra la vasta selezione disponibile.<\/p>\n\n\n\n<p>Il Bahrein \u00e8 una nazione estremamente costosa. Tuttavia, molti desiderano portare a casa souvenir da questa splendida localit\u00e0. Il famoso bazar arabo tradizionale dovrebbe essere la vostra prima tappa. L\u00ec potrete acquistare la maggior parte dei souvenir. Le colorate gallerie commerciali cattureranno immediatamente la vostra attenzione. Inoltre, i venditori arabi sono eccezionalmente persuasivi. Saranno sicuramente in grado di convincervi ad acquistare anche l&#039;oggetto pi\u00f9 inutile.<\/p>\n\n\n\n<p>Il vantaggio dei mercati arabi \u00e8 la possibilit\u00e0 di contrattare. \u00c8 fondamentale farlo perch\u00e9 la maggior parte dei commercianti stabilisce i prezzi tenendo conto della possibilit\u00e0 di negoziare. Se si insiste, si pu\u00f2 acquistare un prodotto a un prezzo doppio o addirittura triplo rispetto a quello iniziale. La contrattazione \u00e8 un vero spettacolo. L&#039;acquirente va e viene durante la transazione. Il venditore stringe i pugni e aggiusta il prezzo. Inoltre, \u00e8 possibile contrattare nei piccoli negozi privati. Tuttavia, farlo in un grande centro commerciale pu\u00f2 essere considerato sgradevole e sconsiderato.<\/p>\n\n\n\n<p>Bab Al Bahrain \u00e8 il mercato pi\u00f9 rinomato del Bahrein. Si trova a Manama. Si tratta di strade tortuose e strette. Camminare per esse \u00e8 come entrare in un&#039;autentica fiaba araba. Qui potrete acquistare i souvenir pi\u00f9 unici, prodotti freschi, prodotti tradizionali e spezie. Tenete presente che alcuni prodotti vengono importati dalla Cina. Sono molto meno costosi di altri. Pertanto, se desiderate portare qualcosa di arabo come ricordo, \u00e8 meglio scegliere l&#039;articolo con attenzione e spendere un po&#039; di pi\u00f9 per un souvenir degno di nota.<\/p>\n\n\n\n<p>Il Gold Souq (mercato dell&#039;oro) si trova nel cuore del vivace centro di Manama. Qui troverete la pi\u00f9 ampia selezione di gioielli in oro, oltre ad altri metalli preziosi e perle. Potrete acquistare anelli, bracciali e altri articoli. Inoltre, sul mercato troverete prodotti unici e speciali. Anche con un budget limitato, potrete trovare una versione appropriata di gioielli placcati in oro a un prezzo accessibile. Il Gold Souq \u00e8 un luogo dove provare sensazioni indimenticabili e meravigliose. Potete provare qualsiasi gioiello, anche se decidete di non acquistarlo.<\/p>\n\n\n\n<p>Il City Center Mall \u00e8 una meta popolare sia per la gente del posto che per i turisti. Oltre a curiosare tra gli eleganti negozi e fare acquisti, potrete anche gustare uno spuntino in un fantastico ristorante e divertirvi nel parco acquatico. Il centro commerciale Capital Mall vi stupir\u00e0 non solo con i suoi prodotti unici, ma anche con l&#039;opportunit\u00e0 di ammirare il lavoro degli artigiani del Bahrein.<\/p>\n\n\n\n<p>Se viaggiate in Bahrein per fare shopping, \u00e8 importante conoscere anche gli orari di apertura dei negozi e le tre ore di pausa. I venditori iniziano a lavorare alle 9:00. I negozi chiudono verso le 21:00. La settimana lavorativa va da sabato a gioved\u00ec. Il venerd\u00ec \u00e8 in genere un giorno di riposo per i commercianti. Oggi i negozi chiudono alle 16:00.<\/p>\n\n\n\n<p>Al Muharraq \u00e8 un rinomato luogo per lo shopping, ideale per i viaggiatori che desiderano acquistare souvenir di ogni tipo. Qui troverete un vasto assortimento di spezie, halva, caff\u00e8, dolciumi e altre deliziose prelibatezze arabe a prezzi accessibilissimi. Tuttavia, si consiglia di visitare questo luogo con una guida locale. Altrimenti, c&#039;\u00e8 il rischio di perdersi. Asia Carpet &amp; Antiques \u00e8 un negozio interessante. Qui troverete una variet\u00e0 di tappeti e pezzi d&#039;antiquariato insoliti disponibili per l&#039;acquisto.<\/p>\n\n\n\n<p>Dopo aver deciso dove fare acquisti, dovresti considerare cosa vorresti portare a casa come ricordo del tuo viaggio. I prodotti pi\u00f9 popolari sono articoli di alta qualit\u00e0 in stile arabo. Possono essere un costume per la danza orientale, un paio di scarpe con la punta piegata o altri abiti dai colori vivaci. In Oriente, il tessuto \u00e8 disponibile in un&#039;ampia variet\u00e0. Questo ti permette di scegliere l&#039;alternativa ottimale per ogni tipo di ricamo. Anche le perle sono molto popolari perch\u00e9 vengono prodotte in Bahrein, a differenza di molti altri articoli che vengono spesso importati. Tra i souvenir pi\u00f9 popolari che esprimono la cultura e l&#039;atmosfera di un paese come il Bahrein ci sono dipinti, lampade, narghil\u00e8 e ceramiche.<\/p>\n\n\n\n<h3 class=\"wp-block-heading\">Complesso commerciale Al Aali<\/h3>\n\n\n\n<p><em>Strada n. 2819, Seef, Bahrein<\/em><\/p>\n\n\n\n<p>Il complesso commerciale Al Aali, situato nel quartiere commerciale di Seef, offre un&#039;esperienza di shopping esclusiva e sofisticata. Questa squisita cornice mantiene la promessa di glamour, moda e lusso senza tempo con i suoi ambienti raffinati, l&#039;atmosfera sofisticata e la vasta gamma di marchi di lusso.<\/p>\n\n\n\n<p>Il complesso di 52.000 metri quadrati \u00e8 stato inaugurato nel 1996 come destinazione commerciale di lusso, con un design architettonico distintivo che integra elegantemente l&#039;architettura contemporanea con lo stile arabo tradizionale. La nuova estensione mette in risalto la componente pi\u00f9 moderna del complesso, fondendo il contemporaneo con lo storico.<\/p>\n\n\n\n<p>L&#039;atrio centrale vanta una spettacolare copertura in vetro che filtra la luce negli spazi commerciali e crea un&#039;atmosfera open air che si estende fino alla moderna ala Saraya. Il complesso commerciale Al A&#039;ali ospita negozi di arredamento per la casa, esclusivi negozi di souvenir, commercianti di perle e una spa.<\/p>\n\n\n\n<h3 class=\"wp-block-heading\">Bab Al Bahrain<\/h3>\n\n\n\n<p><em>Indirizzo: 304 Bab Al Bahrain Ave<\/em><\/p>\n\n\n\n<p>Bab Al Bahrain si trova all&#039;ingresso del Souq di Manama, nella capitale del Bahrain. Fu costruito nel 1949 e in passato ospitava uffici amministrativi governativi. Lo storico Souq di Manama si trova dietro Bab Al Bahrain.<\/p>\n\n\n\n<p>Si tratta di una vivace collezione di negozi che vendono una variet\u00e0 di prodotti provenienti da tutto il mondo, tra cui tessuti, spezie, incenso, profumi, artigianato e souvenir, oltre ad articoli pi\u00f9 contemporanei. Il Souq di Manama ospita anche una variet\u00e0 di caffetterie classiche. Il souq \u00e8 il simbolo del Bahrein; i visitatori apprezzeranno sicuramente il tempo trascorso l\u00ec.<\/p>\n\n\n\n<h3 class=\"wp-block-heading\">Centro commerciale Bahrain Dragon City<\/h3>\n\n\n\n<p><em>Indirizzo: Diyar Al-Muharraq<\/em><\/p>\n\n\n\n<p>Dragon City \u00e8 il pi\u00f9 grande polo commerciale all&#039;ingrosso e al dettaglio del Regno del Bahrein, con oltre 787 unit\u00e0 commerciali.<\/p>\n\n\n\n<p>Dragon City si trova a sud-ovest di Diyar Al Muharraq, nelle immediate vicinanze dell&#039;aeroporto internazionale del Bahrein, del modernissimo porto Khalifa Bin Salman e di Manama, la capitale del Regno del Bahrein. Dragon City \u00e8 ricca di elementi architettonici e culturali cinesi e offre prodotti cinesi di altissima qualit\u00e0 a residenti, clienti commerciali e turisti.<\/p>\n\n\n\n<h3 class=\"wp-block-heading\">Centro commerciale del Bahrein<\/h3>\n\n\n\n<p><em>Viale 28, Sanabis, Bahrein<\/em><\/p>\n\n\n\n<p>Il Bahrain Mall \u00e8 la destinazione principale per lo shopping per famiglie nel cuore della zona commerciale del Bahrein. Il Bahrain Mall \u00e8 la destinazione principale per lo shopping per famiglie e turisti provenienti da Bahrein, Arabia Saudita, Kuwait e Qatar, con oltre 120 marchi internazionali e il primo ipermercato del Paese.<\/p>\n\n\n\n<p>La facciata in mattoni rossi, che ricorda una roccaforte etnica, incarna la rinomata cultura del Bahrein. Vivi l&#039;emozione di uno shopping di livello mondiale in un ambiente tradizionale. Le palme del deserto, i giochi d&#039;acqua, le candele e le tende del Centre Court rappresentano la storia araba.<\/p>\n\n\n\n<h3 class=\"wp-block-heading\">Blocco 338<\/h3>\n\n\n\n<p><em>Strada n. 3831, Manama<\/em><\/p>\n\n\n\n<p>Il Block 338 \u00e8 un grazioso quartiere pedonale ricco di ristoranti internazionali, gallerie d&#039;arte e boutique, situato nel cuore di Manama.<\/p>\n\n\n\n<p>Il Block 338, noto come il quartiere gastronomico pi\u00f9 trendy del Bahrein, offre una variet\u00e0 di ristoranti che soddisfano clienti di tutte le et\u00e0 e preferenze, con selezioni che spaziano dalla cucina raffinata alla cucina tradizionale bahreinita, fino a un drink rilassante. Oltre a questa eccezionale esperienza culinaria, il Block 338 offre numerose eccellenti opportunit\u00e0 di shopping nelle sue vie laterali e nel corso degli anni si \u00e8 evoluto in una zona fiorente per gli amanti dell&#039;arte.<\/p>\n\n\n\n<p>Il quartiere Block 338 \u00e8 conosciuto come il quartiere pi\u00f9 alla moda del Bahrein per quanto riguarda la ristorazione, con una variet\u00e0 di ristoranti che attraggono clienti di tutte le et\u00e0 e preferenze.<\/p>\n\n\n\n<h3 class=\"wp-block-heading\">Centro citt\u00e0 del Bahrein<\/h3>\n\n\n\n<p><em>AlSeef<\/em><\/p>\n\n\n\n<p>Il City Centre Bahrain \u00e8 la destinazione pi\u00f9 popolare per lo shopping, il tempo libero e l&#039;intrattenimento in Bahrain, con oltre 13,5 milioni di visite all&#039;anno.<\/p>\n\n\n\n<p>Il City Centre Bahrain comprende pi\u00f9 di 158.000 mq di spazio commerciale e ospita pi\u00f9 di 340 marchi esclusivi e 60 ristoranti, oltre ad attivit\u00e0 commerciali di rilievo come il pi\u00f9 grande ipermercato Carrefour del regno, Saks Fifth Avenue, Debenhams, Centrepoint, Pottery Barn e Home Centre.<\/p>\n\n\n\n<p>Le opzioni di intrattenimento per famiglie integrate nel centro commerciale includono un Cineco Cinema da 20 schermi e un Magic Planet. Inoltre, il centro commerciale \u00e8 adiacente a due hotel a cinque stelle, il Westin Hotel City Centre Bahrain e il Le Meridien Hotel City Centre Bahrain.<\/p>\n\n\n\n<h3 class=\"wp-block-heading\">Citt\u00e0 d&#039;oro<\/h3>\n\n\n\n<p><em>Government Ave, Manama<\/em><\/p>\n\n\n\n<p>Gold City, un brillante esempio di commercio al dettaglio specializzato, trasporta ogni visitatore in un moderno suk dell&#039;oro. Gallerie esclusive dedicate a metalli preziosi e pietre di ogni tipo sono a disposizione dei clienti pi\u00f9 esigenti. Arredi moderni, personale cordiale e servizio di parcheggio gratuito rendono Gold City un luogo unico nel suo genere. Qui, i clienti possono entrare e fare acquisti in tutta sicurezza.<\/p>\n\n\n\n<p>Essendo un Paese con una lunga tradizione commerciale, il Regno del Bahrein continua a promuovere il settore dell&#039;oro. Le politiche di Gold City a favore delle imprese e il facile accesso al Regno dell&#039;Arabia Saudita e ad altri paesi del Consiglio di cooperazione del Golfo ne fanno la sede ideale per le aziende di gioielli di marca che desiderano stabilirsi nella zona.<\/p>\n\n\n\n<h3 class=\"wp-block-heading\">Centro commerciale di Dilmunia<\/h3>\n\n\n\n<p><em>Isola di Dilmunia<\/em><\/p>\n\n\n\n<p>Mall of Dilmunia, un centro commerciale con ristoranti alla moda, intrattenimento dinamico e giochi avventurosi, dall&#039;identit\u00e0 distintiva.<\/p>\n\n\n\n<p>Combinando forma e funzionalit\u00e0, il Mall of Dilmunia \u00e8 pensato per migliorare le vostre tipiche esperienze di shopping! Dal design elegante e sofisticato, al paesaggio lussureggiante, all&#039;enorme canale e alle fontane danzanti, fino al primo acquario degno di nota del Regno.<\/p>\n\n\n\n<p>Una colossale vasca cilindrica alta pi\u00f9 di diciassette metri che ospiter\u00e0 pi\u00f9 di duemilacinquecento specie di pesci marini e coralli: uno splendido regalo visivo e una fantastica opportunit\u00e0 educativa.<\/p>\n\n\n\n<h3 class=\"wp-block-heading\">Centro commerciale MODA<\/h3>\n\n\n\n<p><em>Bahrain World Trade Center, Torre Ovest, 2\u00b0 piano, Manama, Bahrain<\/em><\/p>\n\n\n\n<p>Il MODA Mall \u00e8 un centro commerciale e di ristorazione per tutte le occasioni, con la pi\u00f9 ampia selezione di marchi di lusso internazionali.<\/p>\n\n\n\n<p>Il MODA Mall \u00e8 una destinazione per lo shopping e la ristorazione adatta a ogni occasione, situata nello storico Bahrain World Trade Center. Il MODA Mall offre il pi\u00f9 ampio portfolio di marchi premium di stilisti internazionali, con oltre 80 marchi di moda, sotto lo stesso tetto nel Regno del Bahrain, permettendo a tutti di sentirsi speciali. Il MODA Mall deve le sue origini al precedente Sheraton Complex, che vanta una tradizione trentennale nel lusso.<\/p>\n\n\n\n<h3 class=\"wp-block-heading\">Souq di Muharraq<\/h3>\n\n\n\n<p><em>Muharraq<\/em><\/p>\n\n\n\n<p>Il suq di Muharraq, pi\u00f9 piccolo del suq di Manama, offre una grande variet\u00e0 di articoli e rinomati negozi di dolciumi. Al Qaisariya, la zona pi\u00f9 antica del suq, offre un&#039;esperienza di shopping piacevole. Il suq di al Qaisariya \u00e8 un elemento chiave di &#034;Perla, testimonianza di un&#039;economia insulare&#034; (Patrimonio dell&#039;Umanit\u00e0 UNESCO).<\/p>\n\n\n\n<h3 class=\"wp-block-heading\">Centro commerciale Sword<\/h3>\n\n\n\n<p><em>Distretto di Seef, Manama<\/em><\/p>\n\n\n\n<p>Il Seef Mall, il primo autentico centro commerciale del Bahrein, \u00e8 oggi una delle mete per lo shopping e l&#039;intrattenimento pi\u00f9 adatte alle famiglie del regno. La sua architettura distintiva e gli spazi aperti e luminosi invitano gli acquirenti a esplorare e rilassarsi.<\/p>\n\n\n\n<p>Il centro commerciale \u00e8 situato in posizione ideale nel quartiere di Seef e attrae ogni settimana un gran numero di visitatori, attratti dalla variet\u00e0 di marchi di lifestyle, vendita al dettaglio, moda e gioielli di fama mondiale, nonch\u00e9 dalle opzioni di intrattenimento per famiglie disponibili. Il Seef Mall ospita 370 negozi su una superficie totale di 135.000 piedi quadrati (circa 12.700 metri quadrati). Con quasi 72.000 piedi quadrati (circa 6.700 metri quadrati) di superficie lorda affittabile (circa 6.700 metri quadrati), tra cui, per citarne alcuni, M&amp;S, BHS, H&amp;M, Mango, Zara e Sun &amp; Sand Sport.<\/p>\n\n\n\n<p>In due affascinanti e ariose aree ristorazione, 55 ristoranti, stand gastronomici e bar offrono una deliziosa variet\u00e0 di opzioni gastronomiche per soddisfare tutti i gusti. Il parco divertimenti al coperto del Seef Mall, Magic Island, \u00e8 un&#039;attrazione importante per le famiglie, offrendo un&#039;esperienza entusiasmante per grandi e piccini. Intrattiene i bambini per ore mentre i genitori fanno shopping, rendendolo il luogo perfetto per una gita in famiglia. Inoltre, il Seef Mall ospita uno dei pi\u00f9 grandi cinema multisala del Medio Oriente, con un cineplex da sei sale e un megaplex da dieci sale; situati in posizione strategica accanto alle aree ristorazione, rappresentano un sogno per gli amanti del cinema.<\/p>\n\n\n\n<h3 class=\"wp-block-heading\">Centro commerciale Seef Muharraq<\/h3>\n\n\n\n<p><em>Viale 29, Arad<\/em><\/p>\n\n\n\n<p>Il Seef Mall \u00e8 rinomato per i servizi di intrattenimento che offre, in particolare per i bambini, che possono divertirsi in modo produttivo mentre i genitori fanno shopping, rendendolo una destinazione ideale per una gita in famiglia. Dispone di un&#039;area giochi ben attrezzata, asili nido e del parco divertimenti al coperto Magic Island.<\/p>\n\n\n\n<p>Dispone inoltre di un cinema multisala Seef da sei sale e di un megaplex Seef da dieci sale, il che lo rende uno dei pi\u00f9 grandi multisala cinematografici del Medio Oriente.<\/p>\n\n\n\n<h3 class=\"wp-block-heading\">Souq Al Cesarea<\/h3>\n\n\n\n<p>Il Souq Al Qaisariya \u00e8 la sezione pi\u00f9 antica del Souq di Muharraq, un quartiere di grande importanza storica. Questo Souq e i suoi dintorni sono il secondo sito patrimonio culturale del Bahrein iscritto nell&#039;elenco dell&#039;UNESCO. Il Souq Al Qaisariya offre un&#039;esperienza di shopping deliziosamente pittoresca. Qui \u00e8 possibile acquistare una vasta gamma di prodotti locali, tra cui perle naturali e spezie. Il Souq Al Qaisariya, parte del progetto &#034;Perle, testimonianza di un&#039;economia isolana&#034;, funge da capsula del tempo, offrendo uno sguardo al passato del Bahrein.<\/p>\n\n\n\n<p>Trascorrete il pomeriggio passeggiando nel Souk e lungo il Sentiero delle Perle, lungo tre chilometri. Potete concludere il vostro tour del Sentiero delle Perle con un boccone da Saffron by Jena nel Souq Al Qaisariya, dopo aver ascoltato interessanti racconti ed esperienze sull&#039;antica industria perlifera del Bahrein. Il pavimento di questo tradizionale ristorante bahreinita \u00e8 decorato con una madbasa, uno strumento utilizzato per spremere i datteri per la melassa. La madbasa, scoperta all&#039;inizio della costruzione, \u00e8 stata conservata come manufatto storico.<\/p>\n\n\n\n<h3 class=\"wp-block-heading\">The Avenues Bahrain<\/h3>\n\n\n\n<p><em>Baia del Bahrein, Manama<\/em><\/p>\n\n\n\n<p>The Avenues \u2013 Bahrain \u00e8 la prima destinazione per lo shopping e il tempo libero del suo genere nel Regno del Bahrain, con una posizione unica fronte oceano che si estende per 1,5 chilometri. Il complesso introduce un nuovo concept nel Regno, con un design ispirato a The Avenues of Kuwait, che offre agli ospiti la sensazione di essere all&#039;aperto pur rimanendo al chiuso, protetti dal calore grazie a un soffitto illuminato dal sole.<\/p>\n\n\n\n<p>L&#039;area di locazione del progetto \u00e8 di circa 40.000 metri quadrati e comprende 130 locali, di cui il 50% saranno ristoranti e bar con vista sulla Baia del Bahrein. Il complesso comprende anche un&#039;ampia area di intrattenimento per famiglie con una sala giochi, 10 cinema, parchi pubblici, percorsi pedonali e parcheggi.<\/p>\n\n\n\n<p>La costruzione della Fase II del progetto ha ottenuto l&#039;autorizzazione ufficiale. Questa fase offrir\u00e0 ulteriori 30.000 metri quadrati di spazio affittabile, oltre a nuovi quartieri e un hotel da 210 camere. Questo render\u00e0 The Avenues \u2013 Bahrain una destinazione attraente per i cittadini del Bahrein, cos\u00ec come per i turisti dei Paesi del Consiglio di Cooperazione del Golfo e internazionali, che desiderano fare shopping, divertirsi e trascorrere un piacevole soggiorno.<\/p>","protected":false},"excerpt":{"rendered":"<p>Il Bahrein ospita sia moderni centri commerciali che suk tradizionali, garantendo che l&#039;isola sia in grado di soddisfare ogni esigenza di shopping. In Bahrein, lo shopping \u00e8 molto pi\u00f9 di un hobby: \u00e8 uno stile di vita. Il venerd\u00ec e il sabato, che compongono il weekend del Golfo, le aree commerciali si animano di turisti provenienti da tutto il mondo in cerca di affari, ristoranti e occasioni di incontro.<\/p>","protected":false},"author":1,"featured_media":35420,"parent":35335,"menu_order":0,"comment_status":"closed","ping_status":"closed","template":"elementor_theme","meta":{"_eb_attr":"","footnotes":""},"class_list":["post-35418","page","type-page","status-publish","has-post-thumbnail"],"_links":{"self":[{"href":"https:\/\/travelshelper.com\/it\/wp-json\/wp\/v2\/pages\/35418","targetHints":{"allow":["GET"]}}],"collection":[{"href":"https:\/\/travelshelper.com\/it\/wp-json\/wp\/v2\/pages"}],"about":[{"href":"https:\/\/travelshelper.com\/it\/wp-json\/wp\/v2\/types\/page"}],"author":[{"embeddable":true,"href":"https:\/\/travelshelper.com\/it\/wp-json\/wp\/v2\/users\/1"}],"replies":[{"embeddable":true,"href":"https:\/\/travelshelper.com\/it\/wp-json\/wp\/v2\/comments?post=35418"}],"version-history":[{"count":0,"href":"https:\/\/travelshelper.com\/it\/wp-json\/wp\/v2\/pages\/35418\/revisions"}],"up":[{"embeddable":true,"href":"https:\/\/travelshelper.com\/it\/wp-json\/wp\/v2\/pages\/35335"}],"wp:featuredmedia":[{"embeddable":true,"href":"https:\/\/travelshelper.com\/it\/wp-json\/wp\/v2\/media\/35420"}],"wp:attachment":[{"href":"https:\/\/travelshelper.com\/it\/wp-json\/wp\/v2\/media?parent=35418"}],"curies":[{"name":"wp","href":"https:\/\/api.w.org\/{rel}","templated":true}]}}