{"id":35412,"date":"2024-11-30T21:37:11","date_gmt":"2024-11-30T21:37:11","guid":{"rendered":"https:\/\/travelshelper.com\/staging\/?page_id=35412"},"modified":"2026-03-11T02:09:09","modified_gmt":"2026-03-11T02:09:09","slug":"cose-da-fare-a-bahrein","status":"publish","type":"page","link":"https:\/\/travelshelper.com\/it\/destinations\/asia\/bahrain\/things-to-do-in-bahrain\/","title":{"rendered":"Cose da fare a Bahrein"},"content":{"rendered":"<p>Il Gran Premio del Bahrein di Formula 1, che si tiene ad aprile sul Circuito Internazionale del Bahrein, \u00e8 l&#039;evento annuale pi\u00f9 importante del Paese. Organizzatevi in \u200b\u200banticipo perch\u00e9 i biglietti sono esauriti e i prezzi degli hotel sono saliti alle stelle. In genere, le prime prenotazioni danno diritto a sconti che vanno dal 10 al 20%. A seconda della tribuna, i biglietti costano tra 150 e 60 dirham.<\/p>\n\n\n\n<p>Le immersioni subacquee stanno diventando sempre pi\u00f9 popolari in Bahrein. Qui sono presenti numerosi centri immersioni. Le calde acque costiere pullulano di vita acquatica. Ci sono circa 400 specie di pesci qui. Ci sono anche diverse centinaia di specie di coralli che sostengono la vita marina. Le acque settentrionali favoriscono una maggiore biodiversit\u00e0. Tuttavia, i lamantini sono presenti negli Stati Uniti meridionali. Anche le immersioni ricreative, derivate dall&#039;espressione inglese &#034;shipwreck&#034; (relitto), sono comuni. Ci sono numerosi relitti di varie epoche al largo della costa. Un&#039;altra popolare attivit\u00e0 a nord \u00e8 l&#039;immersione in corrente. Questo \u00e8 un esempio di immersione in corrente. Diffuse anche la pesca delle perle e la raccolta di spugne.<\/p>\n\n\n\n<p>Le perle prodotte in Bahrein sono le pi\u00f9 pregiate al mondo. La probabilit\u00e0 di trovare un&#039;ostrica contenente una perla \u00e8 molto alta: circa 1 su 100. \u00c8 possibile conservare l&#039;intero bottino. Anche in inverno, l&#039;elevata temperatura dell&#039;acqua (20 \u00b0C) rende le immersioni possibili tutto l&#039;anno. Tuttavia, il periodo ottimale per questa attivit\u00e0 \u00e8 da giugno a settembre. Attualmente non ci sono correnti significative. In Bahrein sono disponibili scuole di surf. La costa e le condizioni meteorologiche sono ideali per questa attivit\u00e0. Le localit\u00e0 pi\u00f9 belle si trovano a nord, vicino alla capitale. Il kitesurf \u00e8 un altro sport popolare.<\/p>\n\n\n\n<p>Il Bahrein \u00e8 stato il fulcro del Medio Oriente per secoli. \u00c8 inutile visitare il paese se non si desidera ammirare almeno una delle ricchezze culturali del Regno. Il meraviglioso Museo Nazionale del Bahrein \u00e8 un ottimo punto di partenza per gli avventurieri. \u00c8 anche possibile visitare l&#039;eredit\u00e0 perlifera di Muharraq. Contiene diverse ex residenze reali e stabilimenti mercantili.<\/p>\n\n\n\n<p>Il Bahrein offre una rara opportunit\u00e0 di cavalcare cavalli arabi purosangue. Questa \u00e8 una delle razze equine pi\u00f9 antiche allevate nella Penisola Arabica tra il IV e il VI secolo. Hanno un tasso di crescita moderato, ma sono incredibilmente aggraziati e belli. Lungo la costa e nel deserto, una moltitudine di scuderie e maneggi offre passeggiate a cavallo. Gli amanti della velocit\u00e0 possono attraversare il deserto in jeep, sia come passeggeri che come autista. Un viaggio in qualsiasi paese arabo non \u00e8 completo senza un giro in cammello. In Bahrein, \u00e8 anche una popolare forma di intrattenimento. Ad esempio, \u00e8 possibile cavalcare un cammello fino al famoso Albero della Vita.<\/p>\n\n\n\n<p>Il glamping nel deserto \u00e8 un&#039;attivit\u00e0 locale molto insolita. Il termine \u00e8 composto da due concetti apparentemente contraddittori: &#034;campeggio&#034; e &#034;glamour&#034;. In una splendida tenda con Wi-Fi, arredi di lusso e materassi, chiunque pu\u00f2 sentirsi come Lawrence d&#039;Arabia. Numerose strutture offrono questi servizi in diverse aree. Sono disponibili bagni, aree giochi e una TV per i turisti. Questo servizio \u00e8 molto apprezzato. Pertanto, \u00e8 consigliabile prenotare in anticipo. Il periodo ideale per il glamping va da novembre a marzo.<\/p>\n\n\n\n<p>In Bahrein, l&#039;escursionismo e il trekking sono attivit\u00e0 poco comuni. Le isole sono quasi pianeggianti. La cima si trova a soli 122 metri sul livello del mare. Tuttavia, la lunghezza della costa \u00e8 di 160 chilometri. Pertanto, il trekking comprende escursioni costiere. Inoltre, ci sono percorsi a nord, vicino ad Al Qurayyah. Differiscono per il loro livello di difficolt\u00e0. Ci sono pi\u00f9 sentieri intorno a Madnat Isa. Nel Regno non ci sono vere montagne o colline. Tuttavia, la mountain bike rimane popolare. Manama \u00e8 raggiungibile in mountain bike per escursioni giornaliere. La capitale offre servizi di noleggio attrezzature.<\/p>\n\n\n\n<p>Le acque costiere calde e poco profonde pullulano di pesci. Ci sono circa 300 specie di pesci. La pesca \u00e8 popolare tra i nativi del Bahrein e gli stranieri. Qui troverete pesci pappagallo, pesci angelo, cernie, barracuda, pesci pagliaccio e altre creature delle barriere coralline tropicali. Hotel e agenzie turistiche organizzano escursioni di pesca. Ci sono poche spiagge dove \u00e8 possibile praticare attivit\u00e0 all&#039;aperto. Tuttavia, sono eccellenti: ampie, spaziose, con sabbia fine e le infrastrutture necessarie. Non bisogna abusare della tolleranza degli abitanti del Bahrein nei confronti dei turisti. Sulle spiagge pubbliche non di propriet\u00e0 degli hotel, non si dovrebbero indossare costumi da bagno con la schiena eccessivamente scollata. Si sconsiglia agli uomini di indossare costumi da bagno corti. I costumi da bagno dovrebbero essere indossati con pantaloncini corti.<\/p>\n\n\n\n<p>Bahrain Al Beach \u00e8 una meta popolare per le vacanze in famiglia, soprattutto per i bambini piccoli. La spiaggia di Amwaj in Bahrain \u00e8 un luogo ideale per il kitesurf. \u00c8 molto apprezzata anche dagli amanti delle moto d&#039;acqua. Altri viaggiatori potrebbero trovare questa zona un po&#039; movimentata. Bahrain Arad Fort \u00e8 una piccola spiaggia situata vicino a un antico forte. Le attivit\u00e0 pi\u00f9 gettonate includono picnic, escursioni e giochi da spiaggia. Al tramonto, la spiaggia di Bahrain Hidd offre una vista spettacolare di Manama. Inoltre, i picnic in spiaggia sono pi\u00f9 comuni delle nuotate. Bahrain Jazair \u00e8 una spiaggia lunga un chilometro, rinomata tra la gente del posto. Qui, i bambini troveranno molto divertimento. Sulla spiaggia sono disponibili diverse strutture per il noleggio di attrezzature. Bahrain Karbabad \u00e8 una splendida localit\u00e0 vicino al Forte del Bahrain.<\/p>\n\n\n\n<p>La risposta del Regno del Bahrein alla conservazione della fauna selvatica in Medio Oriente \u00e8 stata l&#039;istituzione dell&#039;Al Areen Wildlife Park. Si sperava che l&#039;istituzione di una tale riserva avrebbe contribuito alla realizzazione di iniziative simili in altre nazioni della regione. Il santuario della fauna selvatica \u00e8 stato costruito per salvaguardare rare specie arabe, come l&#039;orice, l&#039;adax e la gazzella di Reem. \u00c8 un luogo ideale per gli amanti degli animali e le famiglie. \u00c8 possibile esplorarlo e osservare le creature nel loro habitat naturale. Qui, i turisti potranno trascorrere momenti di svago istruttivi e cavalcare cavalli di alta qualit\u00e0.<\/p>\n\n\n\n<p>Il Ramee Rose Hotel ospita uno dei migliori nightclub del Bahrein. La pista da ballo \u00e8 solitamente affollata nei fine settimana. Ad attrarre il pubblico sono le bevande gratuite per le donne e gli &#034;happy hour&#034; prolungati per gli ospiti. I turisti possono divertirsi nelle discoteche con insegne al neon luminose. Il Ramee Grand Club \u00e8 l&#039;epicentro della vita notturna del Bahrein. Sta diventando una destinazione sempre pi\u00f9 popolare tra gli espatriati che vogliono rilassarsi la sera.<\/p>\n\n\n\n<p>La vita notturna del paese offre qualcosa per tutti. L&#039;isola si trova al largo della costa orientale dell&#039;Arabia Saudita. Questo la rende una meta ambita per i viaggiatori provenienti da Stati Uniti, Europa e Medio Oriente. Citt\u00e0 saudite come Dhahran e al-Khobar si trovano vicino all&#039;ufficio del comandante di Re Fahd, che collega l&#039;Arabia Saudita al Bahrein. Questo facilita l&#039;accesso all&#039;isola. Lo stato offre una variet\u00e0 di club e pub che riflettono le diverse nazionalit\u00e0 della regione. Inoltre, l&#039;isola \u00e8 molto apprezzata dai turisti poich\u00e9 il consumo di alcolici \u00e8 consentito.<\/p>\n\n\n\n<p>La Primavera della Cultura \u00e8 un evento molto partecipato. Gli ospiti provenienti dall&#039;estero potranno partecipare alle esibizioni di musica nazionale. L&#039;isola ospita festival di danza durante tutto questo periodo. La sera, gli ospiti possono competere per il titolo di miglior cantante o interprete di danze latinoamericane. Questa \u00e8 la celebrazione culturale pi\u00f9 vivace dell&#039;area del Golfo Persico. Per tutto il mese, artisti, performer e autori provenienti da tutto il mondo celebrano insieme tutte le festivit\u00e0 culturali. Tradizionalmente, il programma \u00e8 cos\u00ec fitto che i partecipanti devono prenotare i posti con mesi di anticipo.<\/p>\n\n\n\n<h2 class=\"wp-block-heading\">Parco Adhari<\/h2>\n\n\n\n<p><em>Blocco stradale Ain Adhari 388 Edificio 111 Regno del Bahrein<\/em><\/p>\n\n\n\n<p>L&#039;Adhari Park \u00e8 un parco divertimenti nel Regno del Bahrein che ruota attorno all&#039;antica sorgente di acqua dolce Ain Adari.<\/p>\n\n\n\n<p>Adhari Park \u00e8 una nuovissima destinazione turistica in Bahrein, situata vicino al Parco Nazionale di Adhari. Mira a diventare l&#039;attrazione per famiglie numero uno nei Paesi del Consiglio di cooperazione del Golfo, con 38 emozionanti attrazioni all&#039;aperto e al coperto per persone di tutte le et\u00e0, un centro di intrattenimento per famiglie, 10 punti ristoro presso l&#039;area ristorazione, ristoranti, caffetterie e molto altro.<\/p>\n\n\n\n<h2 class=\"wp-block-heading\">Parco e riserva naturale di Al Areen<\/h2>\n\n\n\n<p><em>Casella postale 28690, Regno del Bahrein<\/em><\/p>\n\n\n\n<p>Nella Riserva Naturale di Al Areen, in Bahrein, specie vegetali e animali sono state conservate e coltivate per oltre tre decenni. Osservate vari animali, uccelli e piante del deserto nel loro ambiente naturale. Fate una passeggiata nel parco e avvicinatevi agli uccelli autoctoni che vagano liberi. Oppure, fate un giro in autobus per scoprire tutte le specie esposte, tra cui il leopardo arabo, lo struzzo, la gazzella araba, l&#039;orice e molte altre!<\/p>\n\n\n\n<h2 class=\"wp-block-heading\">Circuito Internazionale del Bahrein<\/h2>\n\n\n\n<p><em>Gate 255,Gulf of Bahrain Avenue,Umm Jidar 1062, Sakhir, Bahrein<\/em><\/p>\n\n\n\n<p>Il Bahrain International Circuit (BIC) \u00e8 un circuito all&#039;avanguardia per gli sport motoristici, situato nel cuore del deserto di Sakhir. Il tracciato \u00e8 stato progettato dal famoso ingegnere tedesco Hermann Tilke e incorpora numerosi elementi culturali locali.<\/p>\n\n\n\n<p>Ci sono voluti meno di 18 mesi per costruire l&#039;intera struttura, che \u00e8 costata circa 150 milioni di dollari e ha richiesto un&#039;importante iniziativa di sviluppo dell&#039;area.<\/p>\n\n\n\n<p>Il BIC vanta il maggior numero di tracciati certificati FIA di qualsiasi altro impianto al mondo. Questo permette al circuito di ospitare una variet\u00e0 di eventi automobilistici. Il circuito del Gran Premio, lungo 5.412 metri, ospita spesso competizioni internazionali, come il Gran Premio Gulf Air del Bahrain di Formula 1, la Sei Ore del Bahrain del Campionato Mondiale Endurance FIA, le gare della GP2 Series e la Porsche Mobil 1 Supercup.<\/p>\n\n\n\n<h2 class=\"wp-block-heading\">Gravit\u00e0<\/h2>\n\n\n\n<p><em>Edificio 234, Avenue 62, Zallaq 1058 Bahrein<\/em><\/p>\n\n\n\n<p>Il primo paracadutismo indoor in Bahrein.<\/p>\n\n\n\n<p>\u00c8 impossibile resistere alla sensazione di caduta libera in una delle gallerie del vento pi\u00f9 alte, realizzata in vetro temperato e alta 12 metri.<\/p>\n\n\n\n<p>Lanciati come se stessi saltando da un aereo, ma senza paracadute e senza nemmeno salire a bordo! Tutti possono provare questa esperienza di volo corporeo, tranne chi non \u00e8 disposto a intraprendere un viaggio che cambia la vita.<\/p>\n\n\n\n<p>Possiamo garantirti un&#039;esperienza straordinaria e straordinaria.<\/p>\n\n\n\n<h2 class=\"wp-block-heading\">Isole Dar<\/h2>\n\n\n\n<p><em>1005 Porto dei pescatori di Sitra, Sitra, Regno del Bahrein<\/em><\/p>\n\n\n\n<p>Il resort sulla spiaggia di Al Dar Island offre regolarmente escursioni per la pesca delle perle e crociere verso l&#039;isola di Jarada, dove potrete ritrovarvi a prendere il sole da soli su una lingua di sabbia bianca e a nuotare nelle sue acque incontaminate. Oltre alle perle, \u00e8 possibile osservare fino a 30 specie di coralli e oltre 200 specie di pesci. Un&#039;altra attivit\u00e0 molto apprezzata \u00e8 osservare i delfini tra le varie barriere coralline vicine, e i momenti migliori per avvistarli sono all&#039;alba o al tramonto.<\/p>\n\n\n\n<p>Una gita di un giorno alle barriere coralline \u00e8 davvero piacevole. Per un&#039;esperienza pi\u00f9 autentica, fate un giro in dhow. Potrete ordinare cucina araba e i pescatori di perle vi racconteranno storie di mare.<\/p>\n\n\n\n<p>Gli amanti della fauna selvatica non possono perdersi il viaggio in traghetto di 45 minuti dal molo di Al Dur fino all&#039;isola di Hawar. Le isole Hawar sono considerate una riserva naturale di importanza internazionale e offrono una spiaggia pulita e l&#039;opportunit\u00e0 di osservare delfini e uccelli rari grazie alla loro posizione al centro della loro rotta migratoria.<\/p>\n\n\n\n<h2 class=\"wp-block-heading\">Isole Hawar<\/h2>\n\n\n\n<p><em>Isole Hawar<\/em><\/p>\n\n\n\n<p>Il Bahrein controlla le Isole Hawar, un arcipelago di isole desertiche nel Golfo Persico del Bahrein. Gli amanti della fauna selvatica devono prendere il traghetto che collega il molo di Al Dar all&#039;isola di Hawar, raggiungibile in 45 minuti.<\/p>\n\n\n\n<p>Le isole Hawar sono considerate un rifugio naturale di importanza internazionale, con spiagge incontaminate e la possibilit\u00e0 di osservare delfini e specie rare durante la loro migrazione.<\/p>\n\n\n\n<h2 class=\"wp-block-heading\">Karting (BIKC)<\/h2>\n\n\n\n<p><em>Porta 255, Viale del Golfo del Bahrein, Umm Jidar 1062<\/em><\/p>\n\n\n\n<p>Il Bahrain International Karting Circuit (BIKC) \u00e8 una struttura all&#039;avanguardia e di livello mondiale, pensata per i piloti amatoriali. Al BIKC, i piloti di domani assaporeranno per la prima volta la vera estasi agonistica. Il BIKC \u00e8 conforme ai pi\u00f9 elevati standard internazionali. \u00c8 in grado di ospitare i campionati mondiali della Commissione Internazionale di Karting-F\u00e9d\u00e9ration Internationale de l&#039;Automobile (CIK-FIA). Nel 2012, il BIKC \u00e8 diventato il primo kartodromo al mondo a ospitare un evento di livello mondiale.<\/p>\n\n\n\n<p>Il circuito CIK misura 1.414 chilometri di lunghezza e presenta 14 curve. Il Campionato Mondiale Under 18 CIK-FIA e l&#039;Academy Trophy, che si sono svolti in Bahrein per la prima volta nel 2012, e i pi\u00f9 recenti Campionati del Mondo CIK-FIA si sarebbero svolti proprio l\u00ec. Il BIKC offre una variet\u00e0 di attivit\u00e0 di team building, accessibili senza prenotazione e aziendali, per appassionati di kart e aziende, tra cui esperienze di Gran Premio ed Endurance ispirate alla Formula 1. Il circuito \u00e8 dotato di fari da 200 lux, che consentono di ospitare anche gare notturne.<\/p>\n\n\n\n<h2 class=\"wp-block-heading\">Paradiso perduto di Dilmun<\/h2>\n\n\n\n<p><em>Porta 255, Viale del Golfo del Bahrein, Umm Jidar 1062<\/em><\/p>\n\n\n\n<p>Il Lost Paradise of Dilmun \u00e8 attualmente il parco acquatico pi\u00f9 grande del Bahrein, con una superficie totale di circa 77.000 metri quadrati, un&#039;area edificata di circa 45.000 metri quadrati e un&#039;area di circa 20.000 metri quadrati. Ogni elemento del parco \u00e8 incentrato sulla storia del periodo Dilmun, come testimoniano le caratteristiche sculture in pietra e l&#039;architettura del parco. Oltre 18 scivoli e attrazioni sono perfettamente integrati per creare un&#039;oasi nel deserto e un giardino da sogno per il divertimento degli ospiti.<\/p>\n\n\n\n<h2 class=\"wp-block-heading\">Spiaggia di Marassi<\/h2>\n\n\n\n<p><em>Citt\u00e0 di Al Muharraq<\/em><\/p>\n\n\n\n<p>Due chilometri di spiagge di sabbia bianca compongono la spiaggia di Marassi, un&#039;attrazione per gli amanti dello stile di vita all&#039;aria aperta. \u00c8 il primo food truck del Bahrein, che serve sapori internazionali e locali preparati da imprenditori indipendenti. Oltre a un&#039;area giochi per bambini e a un percorso per jogging lungo il mare, la spiaggia di Marassi offre un parco giochi per bambini.<\/p>\n\n\n\n<p>Numerosi eventi del fine settimana, come mercatini pop-up, cinema all&#039;aperto e giochi per bambini, vengono spesso annunciati. Tutti i servizi e le strutture della spiaggia di Marassi sono di altissima qualit\u00e0 e pulizia, e il costo d&#039;ingresso giornaliero per adulti \u00e8 di BD2. Questo pagamento \u00e8 parzialmente rimborsabile per lettini, ombrelloni e asciugamani.<\/p>\n\n\n\n<h2 class=\"wp-block-heading\">Royal Golf Club<\/h2>\n\n\n\n<p><em>Autostrada Al Muaskar Riffa, Bahrein<\/em><\/p>\n\n\n\n<p>Due chilometri di spiagge di sabbia bianca compongono la spiaggia di Marassi, un&#039;attrazione per gli amanti dello stile di vita all&#039;aria aperta. \u00c8 il primo food truck del Bahrein, che serve sapori internazionali e locali preparati da imprenditori indipendenti. Oltre a un&#039;area giochi per bambini e a un percorso per jogging lungo il mare, la spiaggia di Marassi offre un parco giochi per bambini.<\/p>\n\n\n\n<p>Numerosi eventi del fine settimana, come mercatini pop-up, cinema all&#039;aperto e giochi per bambini, vengono spesso annunciati. Tutti i servizi e le strutture della spiaggia di Marassi sono di altissima qualit\u00e0 e pulizia, e il costo d&#039;ingresso giornaliero per adulti \u00e8 di BD2. Questo pagamento \u00e8 parzialmente rimborsabile per lettini, ombrelloni e asciugamani.<\/p>","protected":false},"excerpt":{"rendered":"<p>Il Gran Premio del Bahrein di Formula 1, che si tiene ad aprile sul Circuito Internazionale del Bahrein, \u00e8 l&#039;evento annuale pi\u00f9 importante del Paese. Organizzatevi in \u200b\u200banticipo perch\u00e9 i biglietti sono esauriti e i prezzi degli hotel sono saliti alle stelle. In genere, le prime prenotazioni danno diritto a sconti che vanno dal 10 al 20%. A seconda della tribuna, i biglietti costano tra 150 e 60 dirham.<\/p>","protected":false},"author":1,"featured_media":35414,"parent":35335,"menu_order":0,"comment_status":"closed","ping_status":"closed","template":"elementor_theme","meta":{"_eb_attr":"","footnotes":""},"class_list":["post-35412","page","type-page","status-publish","has-post-thumbnail"],"_links":{"self":[{"href":"https:\/\/travelshelper.com\/it\/wp-json\/wp\/v2\/pages\/35412","targetHints":{"allow":["GET"]}}],"collection":[{"href":"https:\/\/travelshelper.com\/it\/wp-json\/wp\/v2\/pages"}],"about":[{"href":"https:\/\/travelshelper.com\/it\/wp-json\/wp\/v2\/types\/page"}],"author":[{"embeddable":true,"href":"https:\/\/travelshelper.com\/it\/wp-json\/wp\/v2\/users\/1"}],"replies":[{"embeddable":true,"href":"https:\/\/travelshelper.com\/it\/wp-json\/wp\/v2\/comments?post=35412"}],"version-history":[{"count":0,"href":"https:\/\/travelshelper.com\/it\/wp-json\/wp\/v2\/pages\/35412\/revisions"}],"up":[{"embeddable":true,"href":"https:\/\/travelshelper.com\/it\/wp-json\/wp\/v2\/pages\/35335"}],"wp:featuredmedia":[{"embeddable":true,"href":"https:\/\/travelshelper.com\/it\/wp-json\/wp\/v2\/media\/35414"}],"wp:attachment":[{"href":"https:\/\/travelshelper.com\/it\/wp-json\/wp\/v2\/media?parent=35412"}],"curies":[{"name":"wp","href":"https:\/\/api.w.org\/{rel}","templated":true}]}}