{"id":35405,"date":"2024-11-30T21:18:48","date_gmt":"2024-11-30T21:18:48","guid":{"rendered":"https:\/\/travelshelper.com\/staging\/?page_id=35405"},"modified":"2026-03-11T02:08:23","modified_gmt":"2026-03-11T02:08:23","slug":"cose-da-vedere-a-bahrein","status":"publish","type":"page","link":"https:\/\/travelshelper.com\/it\/destinations\/asia\/bahrain\/things-to-see-in-bahrain\/","title":{"rendered":"Cose da vedere a Bahrein"},"content":{"rendered":"<p>Il Bahrein \u00e8 una nazione insulare con una storia millenaria e offre un mix unico di escursioni culturali, intrattenimento e svago. Nella regione, il primo stato esisteva gi\u00e0 nel terzo millennio a.C. In diverse epoche storiche, il territorio appartenne al regno sasanide, al califfato arabo, al Portogallo e all&#039;Iran. La nazione fu sotto il protettorato britannico per un certo periodo. Tutte queste fasi storiche hanno lasciato il loro segno sul paesaggio del paese. Pertanto, sono numerose le attrazioni di interesse.<\/p>\n\n\n\n<p>Secondo numerosi archeologi, le isole un tempo ospitavano lo stato di Dilmun. I Sumeri pensavano che questa fosse l&#039;origine della civilt\u00e0. Qal&#039;at al-Bahrain \u00e8 il sito in cui si trovano i resti di questa antica cultura. Gli scienziati hanno scoperto strade, templi, negozi e palazzi risalenti a quasi 4.000 anni fa, sepolti sotto numerosi strati culturali, tra cui il castello portoghese. Oggi gli scavi continuano. Oggi, circa un quarto della regione \u00e8 accessibile. In cima alla collina si erge un castello portoghese chiamato Qal&#039;at al-Burtughal. Risale al XVII secolo. La fortificazione \u00e8 ancora in perfette condizioni.<\/p>\n\n\n\n<p>A nord si trovano diverse regioni che ospitano vaste necropoli della civilt\u00e0 dell&#039;et\u00e0 del bronzo di Umm Al Nar. Queste sono le pi\u00f9 grandi necropoli antiche sopravvissute fino ai giorni nostri. Le tombe in pietra hanno un diametro da 4,5 a 9 metri e un&#039;altezza di 1-2 metri. Nelle tombe sono stati rinvenuti ceramiche, sigilli in pietra o conchiglia, armi e manufatti in osso. Pi\u00f9 di centomila di queste tombe si trovano sul territorio del Bahrein. Il Tempio di Manama Saar e le tombe adiacenti risalgono allo stesso periodo storico.<\/p>\n\n\n\n<p>I portoghesi eressero anche il Forte di Abu Mahir. \u00c8 una delle numerose fortificazioni a protezione delle rotte commerciali marittime. La fortificazione \u00e8 in cattive condizioni. Tuttavia, il museo \u00e8 accessibile al suo interno. Oltre alla storia della struttura, potrete anche scoprire la storia della raccolta delle perle in Bahrein.<\/p>\n\n\n\n<p>Shajarat al-Hayat, spesso noto come l&#039;Albero della Vita, \u00e8 un albero di circa 400 anni. \u00c8 sorprendente che cresca autonomamente nel deserto. Numerose storie e supposizioni aleggiano su questo luogo. \u00c8 considerato l&#039;ultimo albero del Giardino dell&#039;Eden. Inoltre, si presume che un fiume sotterraneo ne alimenti le radici. L&#039;albero appartiene alla sottospecie Mimosa della specie Prosopis cineraria. Questi alberi possono tollerare temperature fino a 10 gradi Celsius senza richiedere molta acqua. Possono anche sopravvivere in terreni salati. Le sue radici raggiungono grandi profondit\u00e0 (decine di metri) e possono assorbire anche la pi\u00f9 piccola quantit\u00e0 d&#039;acqua. Le foglie assorbono l&#039;umidit\u00e0 dall&#039;ambiente circostante.<\/p>\n\n\n\n<p>Il Forte di Arad fu costruito nel XV secolo per difendere l&#039;isola di Muharraq. Fu edificato nello stile delle fortificazioni arabe. Il forte \u00e8 quadrato e compatto. Ai quattro angoli si trovano torri cilindriche. Il forte era perfettamente adatto alla difesa costiera e all&#039;osservazione. Recentemente \u00e8 stata effettuata una massiccia ricostruzione. Di notte, la fortificazione storica \u00e8 illuminata. \u00c8 uno spettacolo mozzafiato. Il Forte di Riffa fu costruito nel 1812. Tuttavia, alcuni archeologi ne datano la fondazione al XVII secolo. La cittadella era la casa dello sceicco Salman bin Ahmed. Vi avevano sede anche altre agenzie governative. Isa ibn Ali Al Khalifa, uno dei sovrani del Bahrein, nacque nella fortezza.<\/p>\n\n\n\n<p>La residenza di Isa ibn Ali Al Khalifa \u00e8 un superbo esempio di residenza reale. \u00c8 costruita nel classico stile arabo. La residenza \u00e8 dotata di un sistema di raffreddamento: una torre del vento, che forniva aria fredda all&#039;edificio. La torre veniva chiusa per l&#039;inverno. Archi, mobili in legno, porte, soffitti e vetrate decorate adornano gli interni.<\/p>\n\n\n\n<p>La moschea di al-Fatih \u00e8 tra le pi\u00f9 grandi al mondo. La cupola principale \u00e8 realizzata in fibra di vetro. \u00c8 un vero capolavoro di ingegneria. La struttura \u00e8 moderna. La sua costruzione fu completata nel 1987. L&#039;ingresso \u00e8 bloccato il venerd\u00ec (giorno sacro musulmano) e durante le altre festivit\u00e0 religiose. La moschea di Al-Khamis \u00e8 la struttura religiosa pi\u00f9 antica del paese. Si ritiene che la prima pietra delle fondamenta del tempio sia stata posta nel VII secolo. La moschea \u00e8 stata ristrutturata pi\u00f9 volte. I suoi elementi pi\u00f9 antichi risalgono al XIV secolo. Come mihrab viene utilizzata una lastra del XII secolo (una nicchia che indica la direzione in cui si trova la Mecca).<\/p>\n\n\n\n<p>Little India \u00e8 un quartiere di Manama che assomiglia pi\u00f9 a Delhi che alla capitale del Bahrein. Qui si trova il Tempio di Krishna, risalente a oltre duecento anni fa. Ci sono numerose antiche case in legno indiano, negozi di souvenir e caff\u00e8. I mini canyon di Al-Bahar sono un&#039;attrazione naturale. Formazioni rocciose dorate dalle forme sorprendenti offrono un habitat invernale a numerosi uccelli.<\/p>\n\n\n\n<p>Wahooo \u00e8 uno dei parchi acquatici pi\u00f9 innovativi e moderni del Medio Oriente. Supera i 15.000 metri quadrati. Con giochi, giostre, scivoli e piscine, il parco acquatico attrae milioni di persone. Lo stile del design del parco acquatico \u00e8 quello di un &#034;paradiso subtropicale&#034;. Al centro si trova una goletta all&#039;ancora. \u00c8 un luogo meraviglioso per persone di tutte le et\u00e0. Il parco offre il 30% di eventi all&#039;aperto e il 70% al coperto, garantendo una visita piacevole indipendentemente dalle condizioni meteorologiche. Inoltre, data la posizione centrale del parco acquatico, gli ospiti potranno passeggiare tra i numerosi negozi. Avranno l&#039;opportunit\u00e0 di dedicare qualche ora allo shopping o di cenare in un ristorante di cucina regionale.<\/p>\n\n\n\n<p>Il Regno degli Uccelli dell&#039;Asia \u00e8 un habitat gestito in modo unico. Oltre settanta specie di uccelli provenienti da tutto il mondo risiedono qui. Qui lavorano 500 persone. Alcune di queste specie sono minacciate. Per contribuire alla loro conservazione, vengono allevate e riprodotte con cura in cattivit\u00e0 nel Regno degli Uccelli dell&#039;Asia. L&#039;ambiente \u00e8 stato sviluppato non solo per affascinare e intrattenere l&#039;intera famiglia, ma anche per offrire ai pi\u00f9 piccoli e ai loro genitori un&#039;esperienza di apprendimento di tipo educativo. Passeggiando per questi labirinti, i turisti potranno scattare splendide fotografie e vivere emozioni meravigliose.<\/p>\n\n\n\n<h2 class=\"wp-block-heading\">Forti in Bahrein<\/h2>\n\n\n\n<h3 class=\"wp-block-heading\">Forte di Arad<\/h3>\n\n\n\n<p><em>Forte di Arad, Strada n. 4233, Arad, Bahrein<\/em><\/p>\n\n\n\n<p>Il Forte di Arad \u00e8 un esempio lampante di costruzione militare omanita dalla fine del XV secolo all&#039;inizio del XVI. Questo forte ha svolto un ruolo significativo nella difesa del Bahrein contro i predoni nel corso dei secoli, sebbene non sia chiaro quando sia stato costruito. Il forte, restaurato negli anni &#039;80 utilizzando esclusivamente materiali originali, \u00e8 splendidamente illuminato di notte e ospita periodicamente feste.<\/p>\n\n\n\n<h3 class=\"wp-block-heading\">Forte e Museo del Bahrein<\/h3>\n\n\n\n<p><em>Seef Area Karbabad, Governatorato della Capitale<\/em><\/p>\n\n\n\n<p>Situato a Seef e precedentemente noto come Porto del Portogallo, il Forte del Bahrein, o &#034;Qal&#039;at al-Bahrain&#034;, si estende su una superficie di 17.000 metri quadrati. Dal 2300 a.C. al XVI secolo, il forte \u00e8 stato abitato. Si trovava nella capitale della civilt\u00e0 Dilmun e prese il nome dal Qal&#039;at al-Burtughal.<\/p>\n\n\n\n<p>Gli scavi del forte rivelano che svolgeva funzioni residenziali, pubbliche, commerciali, religiose e militari. Gli scavi archeologici hanno portato alla luce diversi strumenti e manufatti, tra cui sigilli del timbro di Dilmun, attrezzi da pesca e imbarcazioni per cucinare e trasportare cibo provenienti dall&#039;Oman e dalla Mesopotamia. Il Forte del Bahrein, uno dei tre siti Patrimonio dell&#039;Umanit\u00e0 UNESCO in Bahrein, \u00e8 un edificio imponente che rende omaggio alla storia profonda del Bahrein.<\/p>\n\n\n\n<h3 class=\"wp-block-heading\">Forte dello sceicco Salman Bin Ahmed Al Fateh<\/h3>\n\n\n\n<p><em>Forte Sheikh Salman Bin Ahmed Al Fateh, Strada n. 368, Riffa<\/em><\/p>\n\n\n\n<p>Grazie alla sua posizione a Riffa, il Forte Sheikh Salman bin Ahmed Al-Fateh \u00e8 anche conosciuto come Forte di Riffa. Questo sito storico \u00e8 testimone di uno dei momenti pi\u00f9 cruciali della storia del Bahrein: gli Al Khalifa, la famiglia regnante del Bahrein, sono commemorati all&#039;interno della sua splendida architettura.<\/p>\n\n\n\n<p>Scoprite la famiglia Al Khalifa attraverso mostre accuratamente selezionate che ne illustrano l&#039;albero genealogico, gli oggetti personali e i passatempi preferiti. Inoltre, il forte ospita il Saffron Caf\u00e9, che si affaccia sulla suggestiva valle di Al-Haniniya.<\/p>\n\n\n\n<h2 class=\"wp-block-heading\">Musei in Bahrein<\/h2>\n\n\n\n<h3 class=\"wp-block-heading\">Museo nazionale del Bahrein<\/h3>\n\n\n\n<p>Il 15 dicembre 1988, il Museo Nazionale del Bahrein fu inaugurato dal defunto Emiro, Sua Altezza lo Sceicco Isa Bin Salman Al-Khalifa. Era considerato uno dei musei pi\u00f9 prestigiosi del suo genere nell&#039;area del Golfo. Il Museo Nazionale del Bahrein \u00e8 attualmente uno dei monumenti culturali pi\u00f9 significativi dell&#039;isola.<\/p>\n\n\n\n<p>L&#039;eccezionale edificio, ideato e progettato da Krohn e Hartvig Rasmussen, presenta un esterno in travertino bianco ed \u00e8 strategicamente posizionato su una penisola artificiale con vista sull&#039;isola di Muharraq. Il complesso museale \u00e8 costituito da due edifici collegati tra loro per una superficie totale di circa 20.000 metri quadrati. La struttura principale ospita l&#039;area espositiva permanente, sale per mostre temporanee, una galleria d&#039;arte, un auditorium per conferenze, una caffetteria e un negozio di souvenir. L&#039;edificio amministrativo ospita gli uffici amministrativi, le sale di ricerca curatoriali, i laboratori di restauro, gli allestimenti espositivi e i depositi delle collezioni.<\/p>\n\n\n\n<p>Il museo conserva 6.000 anni di storia del Bahrein. Le Sale delle Tombe, Dilmun, Tylos e Islam, Usi e Tradizioni, Mestieri e Artigianato Tradizionali, Documenti e Manoscritti danno vita alla storia del Bahrein. L&#039;imponente foyer d\u00e0 accesso alle sale espositive del piano terra e del primo piano, situate a loro volta al piano terra e al primo piano. Il foyer \u00e8 un&#039;ampia area scenografica, illuminata da pozzi di luce naturale, e ospita la mostra &#034;Investire nella Cultura&#034;.<\/p>\n\n\n\n<h2 class=\"wp-block-heading\">Moschee in Bahrein<\/h2>\n\n\n\n<h3 class=\"wp-block-heading\">Grande Moschea di Al Fateh<\/h3>\n\n\n\n<p><em>Grande Moschea di Al Fateh, angolo di Awal Avenue con Al Fatih Highway<\/em><\/p>\n\n\n\n<p>La Grande Moschea di Al Fateh \u00e8 la pi\u00f9 grande moschea del Bahrein e una delle pi\u00f9 grandi al mondo. Fu costruita nel 1987 sotto il patrocinio del defunto sceicco Isa bin Salman Al Khalifa e prese il nome di Ahmed Al Fateh. La moschea pu\u00f2 ospitare fino a 7.000 fedeli ed \u00e8 sormontata dalla cupola in fibra di vetro pi\u00f9 grande del mondo. Le sue pareti sono squisitamente decorate con calligrafia cufica.<\/p>\n\n\n\n<h3 class=\"wp-block-heading\">Moschea di Al Khamis<\/h3>\n\n\n\n<p><em>Bilad Al Qadim, autostrada Sheikh Salman<\/em><\/p>\n\n\n\n<p>La Moschea di Al Khamis, costruita nel 692 d.C., \u00e8 una delle pi\u00f9 antiche moschee del mondo arabo. Ricostruita tra il XIV e il XV secolo, la sua fondazione risale all&#039;XI secolo.<\/p>\n\n\n\n<p>Durante i lavori di restauro, alla storica struttura islamica furono aggiunti due minareti gemelli identici, rendendola immediatamente identificabile.<\/p>\n\n\n\n<h3 class=\"wp-block-heading\">Esca al-Quran<\/h3>\n\n\n\n<p><em>Edificio n. 17, Strada n. 1901, Area Diplomatica, Manama.<\/em><\/p>\n\n\n\n<p>Questo prestigioso museo ospita un&#039;importante collezione di manoscritti e scritture coraniche risalenti al VII secolo, in un edificio decorato con caratteri arabi. Diverse copie del Corano sono esse stesse opere d&#039;arte. Alcune copie pi\u00f9 piccole sono cos\u00ec piccole da stare nel palmo di una mano, e frasi coraniche sono state persino incise su chicchi di riso. Oltre alla sua significativa collezione storica, lo spazio espositivo Bait al Quran ospita spesso diverse mostre d&#039;arte, oltre a una piccola moschea, una prestigiosa biblioteca e un ambiente didattico per l&#039;insegnamento islamico.<\/p>\n\n\n\n<h2 class=\"wp-block-heading\">Parchi in Bahrein<\/h2>\n\n\n\n<p>Il Bahrein rappresenta un&#039;esperienza inedita per la comunit\u00e0 globale. L&#039;espressione &#034;terra di contrasti&#034; potrebbe essere abusata. Tuttavia, i viaggiatori considerano la nazione una perla unica al centro degli oceani. Sullo sfondo di un desolato scenario lunare, pi\u00f9 adatto alle corse di cammelli che ad automobili ben messe a punto e dotate di tecnologie all&#039;avanguardia, lo spettacolare paesaggio \u00e8 una forza architettonica. Il paese si estende per 700 chilometri quadrati. Ha circa 161 chilometri di costa. Le isole pi\u00f9 grandi includono Muharraq, Sitrah, Umm a Nasan e il gruppo di Hawar.<\/p>\n\n\n\n<p>Il Bahrein \u00e8 spesso definito la &#034;Porta del Golfo Persico&#034;, un concetto evidente nella diversit\u00e0 e nella tolleranza della popolazione. La lingua ufficiale \u00e8 l&#039;arabo. Tuttavia, l&#039;inglese \u00e8 spesso utilizzato nel mondo degli affari ed \u00e8 obbligatorio nelle scuole. A causa dell&#039;elevato numero di espatriati che vivono in Bahrein, altre lingue come il persiano e l&#039;urdu sono parlate sia nei mercati tradizionali che in quelli moderni. I geologi scoprirono il petrolio nel 1932. Era la prima volta che l&#039;&#034;oro nero&#034; veniva scoperto sul lato arabo del Golfo Persico.<\/p>\n\n\n\n<p>Un tempo, la piccola isola era un santuario lussureggiante, fertile e verdeggiante. La nazione traeva le sue fondamenta dalla ricchezza di sorgenti, alcune delle quali ancora esistenti sul sito dell&#039;antica civilt\u00e0 di Dilmun, rinomata per i suoi prodotti vegetali e la sua competenza agricola. L&#039;urbanizzazione e la bonifica del territorio nel corso di molte generazioni hanno reso il paese sempre pi\u00f9 simile ai suoi vicini del Golfo Persico: arido, inadatto alla produzione della maggior parte delle colture agricole.<\/p>\n\n\n\n<p>Il Parco Principe Khalifa Bin Salman \u00e8 magnifico. La sua propriet\u00e0 comprende un lago, sentieri, ristoranti, centri commerciali, spazi ricreativi privati \u200b\u200be una vegetazione rigogliosa. Questo parco di 80.000 metri quadrati \u00e8 stato realizzato con un costo di circa sei milioni di dinari. \u00c8 uno dei parchi pi\u00f9 grandi del Bahrein. Nel parco \u00e8 anche possibile noleggiare pattini, pedal\u00f2 e biciclette. I servizi in loco includono un parco giochi, giostre e una sala giochi con air hockey. \u00c8 possibile cenare al Chai &amp; Chapati o al ristorante Koffiatto nella torre con vista a 360 gradi sul lago.<\/p>\n\n\n\n<p>Le estati in Bahrein sono particolarmente calde. Le temperature invernali raramente scendono sotto i 17 gradi Celsius. Qui non piove frequentemente. Le piogge cadono principalmente in inverno. Ci sono pochi terreni fertili in questa regione. Solo l&#039;8% del territorio \u00e8 utilizzato per scopi agricoli. C&#039;\u00e8 anche un problema di acqua dolce. La vegetazione e la fauna selvatica delle isole non sono particolarmente ricche. Ci sono 195 specie di piante, 17 specie di mammiferi, 14 specie di rettili e una sola specie di anfibio. Qui, molti uccelli migratori trascorrono l&#039;inverno. Alcune specie di uccelli nidificano sulle isole. Numerose specie di piante del Bahrein sono ben adattate ai terreni desertici e salati. Sono in grado di attingere acqua da enormi profondit\u00e0 e di assorbire l&#039;umidit\u00e0 atmosferica. Pochi animali di grandi dimensioni abitano le isole. Tra questi c&#039;\u00e8 la gazzella delle sabbie. Qui si trovano anche ricci di sabbia, lepri arabe e manguste indiane. I deserti ospitano una variet\u00e0 di specie di pipistrelli.<\/p>\n\n\n\n<p>Il Bahrein \u00e8 una delle poche nazioni del Golfo Persico impegnate nella tutela ambientale. L&#039;Al Areen Wildlife Park \u00e8 stato istituito nel 1976 per proteggere la biodiversit\u00e0 unica della regione. Oltre alle piante e agli animali autoctoni del Bahrein, ospita anche esemplari della fauna africana e asiatica. Il parco ospita oltre 100.000 specie vegetali, 45 specie animali e 82 specie di uccelli. Numerose specie sono in via di estinzione. Tra queste, l&#039;orice d&#039;Arabia, il ghepardo sudafricano, il varano delle steppe, la gazzella persiana, l&#039;antilope saltante e il licaone. La politica del parco privilegia la conservazione di specie uniche, la riproduzione di popolazioni animali in via di estinzione e l&#039;allevamento di animali in cattivit\u00e0. Una parte del parco \u00e8 aperta al pubblico. Accoglie circa 200.000 visitatori ogni anno. L&#039;area ricreativa \u00e8 inaccessibile al pubblico. \u00c8 frequentata da veterinari, personale del parco e da una variet\u00e0 di professionisti.<\/p>\n\n\n\n<p>La baia di Tubli si trova tra le isole del Bahrein e di Sitrah, nella parte orientale del paese. \u00c8 qui che si trova l&#039;isola di Nabih Saleh. La baia \u00e8 rinomata per la sua abbondante vita marina e la sua popolazione di uccelli. I suoi bordi sono fiancheggiati da mangrovie. La baia offre una zona di riproduzione per numerose specie di pesci e gamberi. Diverse specie di uccelli svernano qui. A causa dell&#039;inquinamento e delle conseguenze dannose dell&#039;industria, l&#039;estensione della riserva \u00e8 drasticamente diminuita. Dal 1997, tuttavia, sono stati compiuti sforzi per preservare il caratteristico ecosistema della regione.<\/p>\n\n\n\n<p>Nel Golfo Persico si trova l&#039;arcipelago di Hawar. Le isole sono quasi spopolate. Un tempo la trib\u00f9 beduina abitava questa zona. Oggi, tuttavia, i loro villaggi sono deserti. Sulle isole sono rimasti solo la stazione di polizia e l&#039;hotel. \u00c8 richiesta una licenza di pesca specifica. Le isole ospitano diverse specie di uccelli. Qui nidifica una rara specie di cormorano. Sulle isole, oltre sessanta specie di uccelli migratori trascorrono l&#039;inverno. Questi uccelli migrano verso i loro luoghi di riproduzione durante la primavera. Gli uccelli nidificanti tornano ai loro nidi. Qui si possono trovare creature uniche, tra cui l&#039;orice arabo e la gazzella del deserto. Vicino alle isole, un&#039;importante colonia di dugonghi vive nelle acque. Dal 1997, il territorio \u00e8 sotto protezione statale.<\/p>\n\n\n\n<p>Arab Bay \u00e8 un&#039;area protetta. \u00c8 stata recentemente istituita sull&#039;isola di Muharraq, vicino alla citt\u00e0 di Arad. Il suo scopo \u00e8 preservare l&#039;ecosistema marittimo unico della regione. Tipicamente, delfini e focene vivono nelle acque vicino al Bahrein. Qui, \u00e8 meno probabile incontrare balene e orche. I dugonghi (lama di mare) sono spesso osservati nelle zone costiere. Questi sono i mammiferi marini pi\u00f9 peculiari. Ci sono circa 700 specie di pesci nelle acque del Golfo Persico. Oltre l&#039;80% di loro vive nelle barriere coralline, soprattutto coralline. Ci sono trenta specie di squali nel Golfo Persico, 16 delle quali sono considerate in via di estinzione. Nelle acque del Bahrein si trovano pi\u00f9 ostriche perlifere che in qualsiasi altro luogo. Pertanto, l&#039;estrazione delle perle \u00e8 molto consolidata in questa regione.<\/p>\n\n\n\n<p>L&#039;isola di Umm a Nasan \u00e8 di propriet\u00e0 della Corona. L&#039;area \u00e8 interdetta alla gente comune. L&#039;isola ospita una piccola popolazione di capre dalle corna a vite. Una piccola comunit\u00e0 si trova sulla riva occidentale. Diverse famiglie nomadi risiedono qui e si prendono cura dei cervi e delle gazzelle residenti sull&#039;isola. Negli ultimi anni, l&#039;attivit\u00e0 di impianti industriali e di desalinizzazione ha avuto un impatto negativo considerevole sulle specie marine al largo della costa. Il governo adotta misure per preservare la natura distintiva delle isole e delle vie d&#039;acqua costiere.<\/p>","protected":false},"excerpt":{"rendered":"<p>Il Bahrein \u00e8 una nazione insulare con una storia millenaria e offre un mix unico di escursioni culturali, intrattenimento e svago. Nella regione, il primo stato esisteva gi\u00e0 nel terzo millennio a.C. In diverse epoche storiche, il territorio appartenne al regno sasanide, al califfato arabo, al Portogallo e all&#039;Iran. La nazione fu sotto il protettorato britannico per un certo periodo. Tutte queste fasi storiche hanno lasciato il loro segno sul paesaggio del paese. Pertanto, sono numerose le attrazioni di interesse.<\/p>","protected":false},"author":1,"featured_media":35408,"parent":35335,"menu_order":0,"comment_status":"closed","ping_status":"closed","template":"elementor_theme","meta":{"_eb_attr":"","footnotes":""},"class_list":["post-35405","page","type-page","status-publish","has-post-thumbnail"],"_links":{"self":[{"href":"https:\/\/travelshelper.com\/it\/wp-json\/wp\/v2\/pages\/35405","targetHints":{"allow":["GET"]}}],"collection":[{"href":"https:\/\/travelshelper.com\/it\/wp-json\/wp\/v2\/pages"}],"about":[{"href":"https:\/\/travelshelper.com\/it\/wp-json\/wp\/v2\/types\/page"}],"author":[{"embeddable":true,"href":"https:\/\/travelshelper.com\/it\/wp-json\/wp\/v2\/users\/1"}],"replies":[{"embeddable":true,"href":"https:\/\/travelshelper.com\/it\/wp-json\/wp\/v2\/comments?post=35405"}],"version-history":[{"count":0,"href":"https:\/\/travelshelper.com\/it\/wp-json\/wp\/v2\/pages\/35405\/revisions"}],"up":[{"embeddable":true,"href":"https:\/\/travelshelper.com\/it\/wp-json\/wp\/v2\/pages\/35335"}],"wp:featuredmedia":[{"embeddable":true,"href":"https:\/\/travelshelper.com\/it\/wp-json\/wp\/v2\/media\/35408"}],"wp:attachment":[{"href":"https:\/\/travelshelper.com\/it\/wp-json\/wp\/v2\/media?parent=35405"}],"curies":[{"name":"wp","href":"https:\/\/api.w.org\/{rel}","templated":true}]}}