{"id":35385,"date":"2024-11-30T21:04:58","date_gmt":"2024-11-30T21:04:58","guid":{"rendered":"https:\/\/travelshelper.com\/staging\/?page_id=35385"},"modified":"2026-03-11T01:31:02","modified_gmt":"2026-03-11T01:31:02","slug":"come-spostarsi-nel-bahrein","status":"publish","type":"page","link":"https:\/\/travelshelper.com\/it\/destinations\/asia\/bahrain\/how-to-get-around-in-bahrain\/","title":{"rendered":"Come spostarsi nel Bahrein"},"content":{"rendered":"<p>Il Bahrein \u00e8 una nazione insulare compatta nel Golfo Persico, con un ricco patrimonio culturale e infrastrutture in rapida modernizzazione. Per i visitatori, capire come muoversi in modo efficiente nel paese \u00e8 fondamentale per un&#039;esperienza senza intoppi. Le opzioni di trasporto in Bahrein sono ben sviluppate, ma presentano caratteristiche e normative locali uniche. I viaggiatori in genere entrano nel regno in aereo o su strada e, una volta arrivati, possono scegliere tra autobus pubblici, taxi e servizi di ride-hailing, oppure veicoli privati, a seconda delle proprie esigenze. Questa guida unisce consigli pratici e contesto culturale per aiutare chiunque a muoversi in Bahrein con sicurezza e rispetto.<\/p>\n\n\n\n<p>L&#039;Aeroporto Internazionale del Bahrein (BIA) \u00e8 il principale scalo aereo del Paese. Gestisce voli verso destinazioni in tutto il mondo ed \u00e8 stato oggetto di una significativa espansione per accogliere il crescente volume di passeggeri. Negli ultimi anni, l&#039;aeroporto ha subito ammodernamenti ai terminal e alle strutture, con la possibilit\u00e0 di realizzare una &#034;citt\u00e0 aeroportuale&#034; nel prossimo futuro. Atterrando al BIA, il viaggiatore trover\u00e0 un aeroporto moderno ma compatto; l&#039;immigrazione e la dogana sono generalmente efficienti, anche se, come in qualsiasi aeroporto internazionale, \u00e8 normale che si formino code. L&#039;aeroporto si trova a breve distanza in auto dal centro di Manama, la capitale del Bahrein, il che lo rende facile da raggiungere. Poich\u00e9 il terminal \u00e8 molto frequentato sia dai visitatori internazionali che dai passeggeri in transito, \u00e8 consigliabile prevedere un po&#039; di tempo extra in arrivo o in partenza. L&#039;ampliamento dell&#039;aeroporto significa anche che le autorit\u00e0 locali sono interessate a migliorare i collegamenti: ad esempio, sono state aggiunte nuove linee di autobus che collegano l&#039;aeroporto con i principali quartieri cittadini.<\/p>\n\n\n\n<p>I viaggiatori che entrano in Bahrein via terra utilizzeranno la King Fahd Causeway, l&#039;unico collegamento terrestre tra il Bahrein e l&#039;Arabia Saudita. La strada rialzata \u00e8 una serie di ponti e isole bonificate lunga 25 chilometri che collega il Regno del Bahrein alla Provincia Orientale dell&#039;Arabia Saudita. Questo moderno sistema di ponti \u00e8 il risultato di un importante progetto di fine XX secolo e simboleggia gli stretti legami tra i due paesi. Per attraversare la strada rialzata \u00e8 necessario superare i controlli di immigrazione su entrambe le estremit\u00e0, quindi gli automobilisti devono avere tutti i documenti di viaggio a portata di mano. Nei fine settimana e nei giorni festivi pi\u00f9 affollati, la strada rialzata pu\u00f2 diventare piuttosto congestionata, poich\u00e9 molti sauditi e altri visitatori del Golfo attraversano il Bahrein per fare shopping, divertirsi o lavorare. La vista dalla strada rialzata in una giornata limpida rivela il sorprendente contrasto tra le acque blu del Golfo e le basse isole del Bahrein. Una volta superata la dogana, i viaggiatori si ritrovano sulle autostrade ben asfaltate del Bahrein. La strada rialzata ha semplificato i viaggi via terra tra gli stati del Golfo; Tuttavia, se si decide di arrivare in auto, bisogna tenere presente che per tornare in Arabia Saudita \u00e8 necessario passare il posto di blocco nella direzione opposta, cosa che potrebbe comportare dei ritardi nelle ore di punta.<\/p>\n\n\n\n<p>Una volta in Bahrein, spostarsi sull&#039;isola \u00e8 generalmente facile grazie alle sue piccole dimensioni: il Bahrein si estende per soli 50 chilometri da nord a sud. La rete stradale del paese \u00e8 moderna e la maggior parte delle destinazioni \u00e8 raggiungibile in auto in breve tempo. Il Bahrein offre diverse modalit\u00e0 di trasporto per spostarsi all&#039;interno del paese. Gli autobus pubblici servono molte zone dell&#039;isola, i taxi e i servizi di ride-sharing operano in citt\u00e0 e villaggi, e il noleggio auto \u00e8 un&#039;opzione diffusa. Ogni modalit\u00e0 di trasporto ha le sue norme e costi. Nelle aree urbane come Manama, Al Muharraq e altre citt\u00e0, le auto private e i taxi sono i mezzi pi\u00f9 comuni, mentre gli autobus sono utilizzati principalmente da pendolari e gente del posto. Come visitatore, puoi scegliere la modalit\u00e0 pi\u00f9 adatta al tuo itinerario: per brevi spostamenti in citt\u00e0, i taxi o Uber potrebbero essere i pi\u00f9 veloci, mentre per i viaggi pi\u00f9 lunghi all&#039;interno dell&#039;isola potresti trarre vantaggio dal noleggio di un&#039;auto o dall&#039;uso dell&#039;autobus per un&#039;autentica esperienza locale. Conoscere le leggi e le usanze locali del traffico ed essere preparati con mappe o app render\u00e0 il viaggio pi\u00f9 agevole.<\/p>\n\n\n\n<p>La spina dorsale del trasporto pubblico del Bahrein \u00e8 la sua rete di autobus che copre l&#039;intera citt\u00e0. Ci sono 28 linee regolari di autobus che percorrono l&#039;isola, collegando i principali quartieri, i quartieri commerciali e persino alcune attrazioni turistiche. Questi autobus sono gestiti dalla Bahrain Public Transport Company e sono stati notevolmente potenziati negli ultimi anni. Un&#039;importante revisione del servizio intorno al 2015 ha raddoppiato il numero di autobus in circolazione e introdotto molte nuove linee. Oggi la flotta \u00e8 moderna: ogni autobus \u00e8 completamente climatizzato (una benedizione nel caldo del Bahrein) e offre la connessione Wi-Fi gratuita ai passeggeri. I prezzi delle tariffe sono molto bassi, molto pi\u00f9 economici del taxi, rendendo gli autobus un&#039;opzione economica se il tempo lo permette. Il governo ha anche costruito decine di nuove fermate e pensiline per accogliere l&#039;espansione della rete. Anche gli orari e la frequenza degli autobus sono migliorati; sulle linee principali ci sono corse ogni 15-30 minuti durante il giorno, sebbene alcune linee suburbane o fuori dalle ore di punta siano meno frequenti. In particolare, presso importanti hub, tra cui il nuovo terminal dell&#039;aeroporto, sono presenti persino terminal degli autobus climatizzati, che consentono ai passeggeri di attendere in tutta comodit\u00e0. In breve, il sistema di autobus \u00e8 comodo ed economico, progettato per soddisfare in particolare le esigenze della popolazione lavorativa e degli studenti che ne fanno uso quotidiano.<\/p>\n\n\n\n<p>Nonostante questi miglioramenti, gli autobus in Bahrein rimangono pi\u00f9 popolari tra i residenti locali piuttosto che tra i turisti. Uno dei motivi \u00e8 che le mappe ufficiali dei percorsi e gli orari non sono sempre facili da trovare, soprattutto in inglese. Molte fermate degli autobus nei quartieri potrebbero semplicemente indicare il numero di una linea senza un orario. Per un visitatore straniero, questo pu\u00f2 significare dover raccogliere informazioni. Negli ultimi anni le autorit\u00e0 hanno iniziato ad aggiungere codici QR alle fermate e display in tempo reale nelle principali stazioni, e le app mobili (cos\u00ec come Google Maps e strumenti di navigazione simili) possono aiutare a pianificare un viaggio in autobus. Tuttavia, i nuovi arrivati \u200b\u200bdevono essere consapevoli che comprendere il sistema di autobus pu\u00f2 richiedere un po&#039; di pazienza. Si consiglia di consultare le risorse online o di chiedere a un terminal degli autobus pi\u00f9 grande il numero e la direzione corretti della linea, e di avere a disposizione monete in dinari bahreini per pagare la corsa. La carta di pagamento degli autobus locali, la Go Card, \u00e8 solitamente utilizzata dai residenti \u2013 offre sconti se si prevede di viaggiare frequentemente \u2013 ma i visitatori possono pagare in contanti a bordo con le monete. In ogni caso, prendere l&#039;autobus pu\u00f2 essere un modo piacevole per vedere il Bahrein dal punto di vista di un abitante del posto, a patto di avere un po&#039; di flessibilit\u00e0 negli orari e nell&#039;itinerario.<\/p>\n\n\n\n<p>Taxi e servizi di ride-hailing sono un altro modo fondamentale per spostarsi, soprattutto per i viaggiatori che preferiscono la comodit\u00e0 di spostarsi da un punto all&#039;altro. Nelle citt\u00e0 del Bahrein, i taxi sono numerosi: li troverete in attesa in aeroporto, nelle stazioni ferroviarie e degli autobus, nei principali hotel, nei centri commerciali e fuori da ristoranti o uffici. Sono anche facili da fermare per strada. I taxi tradizionali in Bahrein sono solitamente berline o minivan puliti, di recente costruzione, e sono tutti dotati di tassametro (anche se non tutti gli autisti lo usano). Negli ultimi anni, anche servizi basati su app come Uber si sono ampiamente diffusi. Uber funziona in modo simile qui come in altre citt\u00e0: si richiede una corsa tramite smartphone, l&#039;app mostra l&#039;autista e la tariffa stimata e il pagamento pu\u00f2 essere addebitato automaticamente o in contanti. Questa soluzione \u00e8 popolare tra gli espatriati e i visitatori perch\u00e9 elimina la difficolt\u00e0 di contrattare o trovare il resto esatto. Che si prenda un taxi o un veicolo Uber, gli autisti sono generalmente professionali e abituati ai turisti. Molti parlano inglese a sufficienza per capire indirizzi e istruzioni, anche se \u00e8 sempre utile avere il nome della destinazione scritto su un foglio o sul telefono. I taxi, come gli autobus, sono dotati di aria condizionata potente che gli autisti tengono sempre accesa, un comfort importante nelle calde giornate del Bahrein.<\/p>\n\n\n\n<p>Il costo di una corsa in taxi in Bahrein \u00e8 regolamentato dal governo. La tariffa ufficiale \u00e8 una tariffa base di 1.000 dirham (circa 2,65 dollari) pi\u00f9 0,200 dirham per chilometro. Questa tariffa \u00e8 valida per le tariffe a tassametro. Tuttavia, i visitatori devono sapere che a volte i tassametri non vengono utilizzati da tutti i conducenti. In pratica, alcuni conducenti potrebbero applicare una tariffa fissa, spesso superiore a quella indicata dal tassametro, soprattutto se presumono che il passeggero non abbia familiarit\u00e0 con i prezzi locali. In realt\u00e0, rifiutare il tassametro \u00e8 contro le regole; per legge, il taxi deve essere utilizzato fin dall&#039;inizio della corsa. Se un conducente insiste per una tariffa fissa, avete il diritto di esigere che venga utilizzato il tassametro o di andarvene. I casi di sovrapprezzi evidenti sono relativamente rari, ma un po&#039; di vigilanza \u00e8 consigliabile. Se una corsa in taxi inizia con il tassametro e il conducente tenta di passare a una tariffa fissa a met\u00e0 strada, potete gentilmente ricordargli la regola. Nell&#039;improbabile caso di una controversia seria, il Bahrein consente ai passeggeri di annotare il numero di licenza e di segnalare gli abusi alla polizia a posteriori. Per i viaggi di routine, \u00e8 solitamente possibile evitare conflitti utilizzando compagnie di taxi o app riconosciute, come descritto pi\u00f9 avanti.<\/p>\n\n\n\n<p>Per fornire un contesto pratico, una tipica breve corsa all&#039;interno di Manama (ad esempio, dal centro a un&#039;area commerciale suburbana) spesso si aggira intorno ai 3-5 BD (circa 8-13 dollari USA) quando il tassametro viene utilizzato normalmente. Un esempio potrebbe essere una corsa di 10 chilometri che costa circa 3 BD. In aeroporto, c&#039;\u00e8 un supplemento speciale: qualsiasi taxi che prelevi passeggeri dall&#039;Aeroporto Internazionale del Bahrein aggiunge una tariffa fissa di 2.000 BD alla tariffa del tassametro. Questo supplemento aeroportuale \u00e8 standard, quindi i viaggiatori dovrebbero tenerne conto. Altrimenti, spostarsi in taxi \u00e8 piuttosto economico rispetto a molte citt\u00e0 occidentali, poich\u00e9 il carburante \u00e8 relativamente economico nel Golfo. La mancia non \u00e8 obbligatoria nei taxi del Bahrein, ma arrotondare la tariffa o aggiungere qualche fils \u00e8 considerato un atto di cortesia, soprattutto se l&#039;autista aiuta con i bagagli.<\/p>\n\n\n\n<p>In Bahrein esistono anche compagnie di taxi ufficiali che \u00e8 possibile chiamare direttamente. Tra i servizi pi\u00f9 affidabili ci sono Speedy Motor Service (spesso abbreviato in SMS) e Online Taxi Bahrain. Queste compagnie offrono corse con servizio di trasferimento (simili ai radiotaxi) e generalmente godono di una migliore reputazione per il rispetto del tassametro. Bahrain Limo \u00e8 un altro servizio, gestito da SABTCO (la Saudi Arabian Bus Transport Company, di propriet\u00e0 statale). Bahrain Limo offre un servizio auto di fascia alta \u2013 le loro auto possono essere berline di grandi dimensioni o persino limousine di lusso \u2013 ma applicano una tariffa fissa anzich\u00e9 il tassametro. Il vantaggio di utilizzare un&#039;azienda come Bahrain Limo \u00e8 la certezza: \u00e8 possibile prenotare (anche online), confermare il tipo di veicolo e conoscere la tariffa in anticipo. Molti hotel e alcuni edifici ufficiali utilizzano questi servizi di default per gli ospiti internazionali. In breve, se avete bisogno di un servizio affidabile, chiedere al concierge dell&#039;hotel o a un conoscente locale di chiamare una di queste compagnie pu\u00f2 garantire un&#039;esperienza confortevole con un rischio minimo di addebiti a sorpresa.<\/p>\n\n\n\n<p>Per i viaggiatori che preferiscono la massima libert\u00e0, noleggiare un&#039;auto in Bahrein \u00e8 semplice. Diverse agenzie di autonoleggio internazionali e locali hanno uffici e chioschi in aeroporto e nelle principali citt\u00e0. I \u200b\u200bprezzi del noleggio sono piuttosto ragionevoli rispetto agli standard internazionali: per un&#039;auto compatta, si pu\u00f2 pagare circa 10-15 BD al giorno, mentre per berline o SUV pi\u00f9 grandi si pu\u00f2 arrivare a 20 BD o poco pi\u00f9 al giorno. Queste tariffe in genere includono chilometraggio illimitato, il che significa che si pu\u00f2 guidare quanto si desidera senza costi aggiuntivi. Il carburante in Bahrein \u00e8 relativamente economico (rispetto agli standard occidentali) e le stazioni di servizio sono numerose, quindi i rifornimenti non sono un problema frequente. Noleggiare un&#039;auto richiede una patente di guida valida; il Bahrein riconosce le patenti di guida internazionali di molti paesi, ma \u00e8 consigliabile verificare con la propria agenzia di autonoleggio la documentazione richiesta. Un deposito cauzionale con carta di credito e un&#039;assicurazione (spesso offerta al banco) sono standard. Guidare sulle strade del Bahrein pu\u00f2 essere piuttosto piacevole: la qualit\u00e0 delle strade \u00e8 buona e, data la dimensione dell&#039;isola, le destinazioni non sono mai lontane. Il traffico a Manama \u00e8 moderato e la conformazione delle strade \u00e8 solitamente ben progettata.<\/p>\n\n\n\n<p>Tuttavia, se noleggiate un&#039;auto o ne noleggiate una, dovete seguire scrupolosamente il codice della strada del Bahrein. Il Paese ha limiti di velocit\u00e0 rigorosi: in genere 50 km\/h nelle aree urbane (citt\u00e0) e tra 80 e 100 km\/h sulle autostrade. Alcune autostrade principali o la strada rialzata possono consentire fino a 120 km\/h, ma in genere il Bahrein mantiene i limiti autostradali a 100. Le forze dell&#039;ordine per le violazioni del codice della strada sono piuttosto severe. Telecamere e pattuglie della polizia sono comuni sulle strade interurbane. Le multe per eccesso di velocit\u00e0, passaggio con il rosso o altre infrazioni possono essere salate. Ad esempio, superare ampiamente il limite di velocit\u00e0 pu\u00f2 comportare multe salate e persino il divieto di guida. Non \u00e8 raro che le autorit\u00e0 impongano multe di centinaia di dinari bahreiniti per violazioni molto gravi. Invece, infrazioni minori (come un piccolo superamento del limite di velocit\u00e0 o una telefonata senza vivavoce) comportano in genere multe di poche decine di dinari. La polizia di solito non ferma tutte le auto a caso, ma pu\u00f2 effettuare controlli o pattugliamenti, soprattutto sulle autostrade e in prossimit\u00e0 di cantieri. \u00c8 sempre pi\u00f9 sicuro guidare responsabilmente e prestare attenzione alla segnaletica; anche gli automobilisti locali rispettano queste regole, almeno quando vengono sottoposti a controlli. Ricordate inoltre che in Bahrein si guida sul lato destro della strada.<\/p>\n\n\n\n<p>Muoversi in Bahrein in auto presenta alcune peculiarit\u00e0. La segnaletica sulle strade principali \u00e8 generalmente buona ed \u00e8 sia in arabo che in inglese, ma nelle citt\u00e0 pi\u00f9 piccole e nelle zone residenziali pu\u00f2 essere scarsa. Gli incroci a volte non sono ben segnalati, quindi \u00e8 fortemente consigliato affidarsi a un GPS o a un&#039;app di mappe. Fortunatamente, i dati mobili e i servizi GPS funzionano bene in Bahrein e app come Google Maps o Waze sono guide affidabili per la maggior parte dei percorsi. Se preferite le mappe offline, la rete stradale \u00e8 piuttosto semplice: Manama si trova al centro, collegata tramite strade rialzate e autostrade ai villaggi del nord e all&#039;aeroporto. L&#039;estremit\u00e0 meridionale dell&#039;isola ha meno insediamenti, ma un&#039;autostrada ben tenuta si snoda lungo la costa. Prima di partire, soprattutto se ci si dirige fuori dalla citt\u00e0 principale, \u00e8 consigliabile ottenere indicazioni stradali in anticipo o portare con s\u00e9 una mappa stampata, per ogni evenienza. Tenete presente che alcune strade secondarie potrebbero avere nomi in arabo che differiscono dalla traduzione in inglese.<\/p>\n\n\n\n<p>L&#039;orario di viaggio \u00e8 un altro aspetto pratico da considerare. Manama e altri centri cittadini possono essere congestionati durante le ore di punta mattutine e serali dei giorni feriali (all&#039;incirca dalle 7:00 alle 9:00 e dalle 16:00 alle 19:00). Al di fuori di questi periodi, il traffico \u00e8 solitamente scarso rispetto agli standard occidentali. Il fine settimana in Bahrein cade di venerd\u00ec e sabato (la settimana lavorativa va da domenica a gioved\u00ec). Il venerd\u00ec, gli uffici chiudono per la preghiera di mezzogiorno e il traffico spesso si dirada in seguito; tuttavia, centri commerciali e locali di intrattenimento rimangono aperti fino a tardi il gioved\u00ec sera, causando un aumento del traffico serale in uscita dalle citt\u00e0. Vale la pena notare che molte attivit\u00e0 commerciali aprono pi\u00f9 tardi il venerd\u00ec (giorno sacro) e nel primo pomeriggio, il che pu\u00f2 modificare i flussi di traffico locali. Se si prevede di guidare, tenere presente che i parcheggi nelle zone del centro come Manama sono per lo pi\u00f9 a pagamento o con barriere. Le citt\u00e0 sono compatte, quindi il parcheggio abusivo pu\u00f2 facilmente comportare multe o rimozione dell&#039;auto. Molti visitatori trovano pi\u00f9 facile parcheggiare in un centro commerciale o in un hotel (spesso gratuiti per i clienti) e poi a piedi o prendere un taxi in centro citt\u00e0.<\/p>\n\n\n\n<p>Oltre alla logistica, ci sono alcune note culturali per viaggiare senza intoppi. I bahreiniti sono generalmente accoglienti con gli stranieri e l&#039;inglese \u00e8 ampiamente compreso, quindi comunicare i piani di viaggio \u00e8 relativamente facile. Nei taxi, \u00e8 educato salutare l&#039;autista (&#034;Salam&#034; per &#034;pace&#034; o un semplice &#034;Ciao&#034;) quando si sale. Il dress code \u00e8 pi\u00f9 rilassato rispetto ad alcuni vicini, ma mantenere un atteggiamento rispettoso \u00e8 apprezzato: ad esempio, cercate di sedere tranquillamente su un autobus o un taxi se la gente del posto lo fa. Se usate gli autobus, tenete presente che i posti a sedere prioritari nelle prime file potrebbero essere riservati a donne e anziani. Gli uomini generalmente non dovrebbero occupare quei posti se salgono le donne. Chiedere gentilmente indicazioni o aiuto alla gente del posto (in inglese o con qualche frase in arabo) di solito porta a buoni consigli; i bahreiniti sono abituati a turisti ed espatriati che chiedono indicazioni.<\/p>\n\n\n\n<p>Taxi e automobilisti possono occasionalmente intrattenersi in conversazioni leggere. Non \u00e8 insolito che un autista amichevole indichi punti di riferimento o offra consigli di viaggio durante il viaggio. Ad esempio, un tassista potrebbe notare se c&#039;\u00e8 un percorso pi\u00f9 facile disponibile o segnalare la presenza di una chiusura stradale. Chi \u00e8 interessato alla cultura del Bahrein trover\u00e0 questo tipo di conversazione istruttiva: i bahreiniti apprezzano spesso l&#039;accento straniero, e se si pronunciano alcune parole arabe come &#034;shukran&#034; (grazie) o &#034;kam shhaansa&#034; (quanto costa), si pu\u00f2 creare simpatia. Naturalmente, ogni persona \u00e8 diversa; se si preferisce il silenzio, un cenno cortese va bene.<\/p>\n\n\n\n<p>In generale, i trasporti in Bahrein raggiungono un equilibrio tra comodit\u00e0 moderne e tradizione locale. Gli sforzi dello Stato per migliorare le infrastrutture fanno s\u00ec che gli automobilisti viaggino spesso su strade ampie e ben segnalate e possano contare su servizi come il pagamento con carta di credito (presso alcuni taxi e il distributore automatico Go Card degli autobus) e su un chiaro ricorso legale in caso di necessit\u00e0. D&#039;altra parte, il tessuto sociale tradizionale dell&#039;isola \u00e8 ancora presente: si possono vedere taxi a conduzione familiare o giovani locali in fila per accalcarsi su un taxi nei fine settimana, a testimonianza della cultura comunitaria. Anche gli orari di lavoro ruotano attorno agli orari di preghiera e alle norme sociali, quindi negozi e ristoranti hanno un ritmo diverso dai calendari occidentali. Tutto ci\u00f2 influenza il modo in cui ci si sposta nel Paese.<\/p>\n\n\n\n<p>In sintesi, muoversi in Bahrein \u00e8 piuttosto semplice una volta che si conoscono le opzioni e le usanze. L&#039;Aeroporto Internazionale del Bahrein \u00e8 il principale punto di accesso per i viaggiatori aerei e la King Fahd Causeway \u00e8 la principale via di comunicazione via terra dall&#039;Arabia Saudita. All&#039;interno del Bahrein, 28 linee di autobus formano una rete utile, economica, pulita e arricchita da servizi come l&#039;aria condizionata e il Wi-Fi gratuito. I taxi sono ovunque e sono convenienti se si usa il tassametro; le app di ride-hailing come Uber ne aumentano la facilit\u00e0 d&#039;uso. Il noleggio auto \u00e8 una scelta pratica, dati i bassi costi del carburante e le brevi distanze, ma guidare richiede attenzione al codice della strada locale: i limiti di velocit\u00e0 sono di 50 km\/h nei centri abitati e fino a 80-100 km\/h sulle autostrade. Portate sempre con voi una mappa o un GPS, poich\u00e9 alcuni segnali possono essere scarsi, e siate consapevoli delle regole di parcheggio in citt\u00e0. Che optiate per un viaggio panoramico in autobus o per la flessibilit\u00e0 di un&#039;auto a noleggio, le strade e i mezzi pubblici del Bahrein vi porteranno a destinazione. Pianificando in anticipo, rispettando le normative locali e tenendo a mente queste sfumature culturali, potrai viaggiare in Bahrein in modo efficiente e goderti tutte le esperienze che questa accogliente nazione insulare ha da offrire.<\/p>","protected":false},"excerpt":{"rendered":"<p>Ci sono solo due modi per raggiungere il Bahrein: in aereo o in automobile attraverso la strada rialzata dall&#039;Arabia Saudita. Dall&#039;aeroporto internazionale del Bahrein partono voli per destinazioni in tutto il mondo e attualmente \u00e8 in corso un enorme progetto per ammodernarne e ampliarne le strutture.<\/p>","protected":false},"author":1,"featured_media":35387,"parent":35335,"menu_order":0,"comment_status":"closed","ping_status":"closed","template":"elementor_theme","meta":{"_eb_attr":"","footnotes":""},"class_list":["post-35385","page","type-page","status-publish","has-post-thumbnail"],"_links":{"self":[{"href":"https:\/\/travelshelper.com\/it\/wp-json\/wp\/v2\/pages\/35385","targetHints":{"allow":["GET"]}}],"collection":[{"href":"https:\/\/travelshelper.com\/it\/wp-json\/wp\/v2\/pages"}],"about":[{"href":"https:\/\/travelshelper.com\/it\/wp-json\/wp\/v2\/types\/page"}],"author":[{"embeddable":true,"href":"https:\/\/travelshelper.com\/it\/wp-json\/wp\/v2\/users\/1"}],"replies":[{"embeddable":true,"href":"https:\/\/travelshelper.com\/it\/wp-json\/wp\/v2\/comments?post=35385"}],"version-history":[{"count":0,"href":"https:\/\/travelshelper.com\/it\/wp-json\/wp\/v2\/pages\/35385\/revisions"}],"up":[{"embeddable":true,"href":"https:\/\/travelshelper.com\/it\/wp-json\/wp\/v2\/pages\/35335"}],"wp:featuredmedia":[{"embeddable":true,"href":"https:\/\/travelshelper.com\/it\/wp-json\/wp\/v2\/media\/35387"}],"wp:attachment":[{"href":"https:\/\/travelshelper.com\/it\/wp-json\/wp\/v2\/media?parent=35385"}],"curies":[{"name":"wp","href":"https:\/\/api.w.org\/{rel}","templated":true}]}}