{"id":17035,"date":"2024-09-25T12:28:10","date_gmt":"2024-09-25T12:28:10","guid":{"rendered":"https:\/\/travelshelper.com\/staging\/?page_id=17035"},"modified":"2026-03-12T21:02:12","modified_gmt":"2026-03-12T21:02:12","slug":"baile-tusnad","status":"publish","type":"page","link":"https:\/\/travelshelper.com\/it\/destinations\/europe\/romania\/baile-tusnad\/","title":{"rendered":"B\u0103ile Tu\u0219nad"},"content":{"rendered":"<p>B\u0103ile Tu\u015fnad sorge alla confluenza di montagne e valli, e la sua stessa esistenza \u00e8 plasmata dal flusso costante di sorgenti ricche di minerali e dalla stratificata storia della Transilvania. Con una popolazione registrata di 1.372 abitanti nel 2021, detiene il primato di citt\u00e0 pi\u00f9 piccola della Romania per numero di abitanti, eppure esercita un&#039;influenza che supera di gran lunga la sua impronta demografica. Arroccato a un&#039;altitudine di 650 metri, nella parte meridionale della depressione del Ciuc, l&#039;insediamento si estende tra le catene montuose di Harghita e Bodoc, abbracciando il corso sinuoso del fiume Olt. Amministrando anche il vicino villaggio di Carpitus, B\u0103ile Tu\u015fnad si presenta non solo come un&#039;entit\u00e0 geografica, ma come un custode vivente di tradizione termale, meraviglie geologiche e continuit\u00e0 culturale.<\/p>\n<p>I contorni del patrimonio minerario di B\u0103ile Tu\u015fnad emersero gradualmente dalla memoria locale fino al riconoscimento formale all&#039;inizio del XIX secolo. Documenti scritti parlano di acque sorgive nella zona di Tu\u015fnad gi\u00e0 nel XVIII secolo, ma fu nel 1842 che le dicerie si consolidarono in leggenda, quando il figlio di un pastore presumibilmente trov\u00f2 sollievo da un&#039;ostinata eruzione cutanea dopo essersi immerso in una delle sorgenti. Tali racconti, narrati nel vernacolo del popolo dei Siculi, per la prima volta spinsero la curiosit\u00e0 locale a intraprendere un&#039;impresa organizzata. Nel 1845 fu fondata un&#039;azienda con l&#039;esplicito scopo di sfruttare sette sorgenti distinte, le cui acque effervescenti, gassate da processi sotterranei, contenevano una complessa composizione chimica di sodio, bicarbonato, cloro e oligoelementi ferrosi. Questo precoce investimento nell&#039;idroterapia anticip\u00f2 un approccio scientifico, ma non fu immune alle convulsioni della politica. Gli scontri durante le rivoluzioni del 1848-1849 ridussero in macerie la stazione termale appena fondata; solo l&#039;imperatore Francesco Giuseppe ne ordin\u00f2 personalmente la ricostruzione durante una visita nel 1852, confermando l&#039;imprimatur imperiale su questa nascente citt\u00e0 termale.<\/p>\n<p>Nel decennio successivo al 1860, B\u0103ile Tu\u015fnad acceler\u00f2 verso la sua identit\u00e0 moderna. La sorgente Mikes, che prende il nome dal conte Benedek Mikes, presidente del comitato termale, fu la prima a essere sottoposta ad analisi chimica, finanziata dallo stesso Mikes. Questo momento segn\u00f2 il passaggio dalla tradizione popolare all&#039;esame di laboratorio, e cos\u00ec le acque minerali di Tu\u015fnad assunsero una reputazione fondata su misurazioni empiriche. L&#039;apertura del Centro Medico Stef\u00e1nia nel 1890, progettato da B\u00e9la Kuklai e in seguito noto semplicemente come &#034;Sf\u00e2nta Ana&#034;, istituzionalizz\u00f2 la pratica terapeutica. Qui, i pazienti ricevevano trattamenti per disturbi cardiovascolari, disturbi del sistema nervoso, disturbi digestivi e irregolarit\u00e0 endocrine, il tutto supportato da un regime di bagni gassati, terapie galvaniche e alla paraffina, massaggio riflessologico manuale e assunzione mirata di acqua minerale.<\/p>\n<p>La costruzione del lago artificiale Ciuca\u015f nel 1900 introdusse un nuovo elemento nel paesaggio urbano, che sarebbe poi stato eclissato dalla meraviglia naturale del lago Sf\u00e2nta Ana. Formatosi all&#039;interno di un cratere vulcanico a 950 metri di altitudine e situato a soli due chilometri a sud-est, questo lago color smeraldo rimane unico in Romania. La sua emersione \u2013 da camera magmatica a bacino pieno d&#039;acqua \u2013 conferisce al paesaggio una peculiarit\u00e0 geologica, attraendo i visitatori sia per la sua superficie riflettente che per le rare comunit\u00e0 vegetali conservate nella vicina Tinovul Mohos, una torbiera ricca di sfagno designata come riserva naturale.<\/p>\n<p>Tra la fine del XIX e l&#039;inizio del XX secolo, l&#039;identit\u00e0 di B\u0103ile Tu\u015fnad si intrecci\u00f2 con le mutevoli geografie politiche. Situata nella Terra dei Siculi, nella storica Transilvania, fece parte del distretto di Cs\u00edksz\u00e9k sotto il Regno d&#039;Ungheria fino a quando le riforme amministrative del 1876 la assegnarono al distretto di Cs\u00edk. Le conseguenze della Prima Guerra Mondiale, e in particolare l&#039;unione della Transilvania alla Romania nel dicembre 1918, videro il trasferimento dell&#039;autorit\u00e0 amministrativa a Bucarest. Il conflitto ungherese-romeno del 1918-1919 riafferm\u00f2 il governo romeno e il Trattato del Trianon del 1920 ratificarono questi cambiamenti, collocando B\u0103ile Tu\u015fnad nel distretto di Ciuc durante il periodo tra le due guerre. Il Secondo Arbitrato di Vienna del 1940 invert\u00ec questa traiettoria, restituendo la Transilvania settentrionale all&#039;amministrazione ungherese fino alla fine del 1944, quando l&#039;avanzata delle forze rumene e sovietiche liberarono il territorio. L&#039;amministrazione militare sovietica persistette fino al 9 marzo 1945, dopodich\u00e9 la citt\u00e0 torn\u00f2 sotto la giurisdizione rumena. La riorganizzazione postbellica pose B\u0103ile Tu\u015fnad nella Regione Autonoma Magiara tra il 1952 e il 1960 e successivamente nella Regione Autonoma Mure\u015f-Magiara fino alla sua dissoluzione nel 1968. Da quell&#039;anno, la citt\u00e0 \u00e8 amministrata come parte del distretto di Harghita.<\/p>\n<p>I cambiamenti demografici degli ultimi decenni riflettono modelli pi\u00f9 ampi di spopolamento rurale e continuit\u00e0 etnica. Il censimento del 2011 registrava 1.617 abitanti, di cui il 90,3% erano ungheresi siculi, accanto a comunit\u00e0 di etnia rumena (6,9%) e rom (2,6%). Entro il 2021, la popolazione era scesa a 1.372, ma la composizione etnica \u00e8 rimasta prevalentemente ungherese. Il profilo confessionale sottolinea ulteriormente le affiliazioni storiche: i cattolici romani costituiscono i tre quarti dei fedeli, mentre ortodossi, riformati, testimoni di Geova e altre denominazioni costituiscono il resto, mentre una parte dei residenti ha scelto di non dichiarare la propria identit\u00e0 religiosa.<\/p>\n<p>In questo contesto demografico, la citt\u00e0 termale continua ad affermare il suo fascino naturale e culturale. Le indicazioni terapeutiche per i visitatori comprendono una vasta gamma di patologie, in particolare malattie cardiovascolari \u2013 recupero post-infarto, ipertensione e disturbi valvolari \u2013 nonch\u00e9 sindromi neurovegetative, disturbi digestivi cronici e lievi squilibri endocrini come l&#039;ipertiroidismo. I trattamenti si articolano in modalit\u00e0 che combinano l&#039;idroterapia \u2013 in acque gassate, ferruginose e ipotoniche, prelevate a temperature comprese tra 7 e 14 gradi Celsius \u2013 con correnti elettriche, magnetoterapia, applicazioni di paraffina, infusi di erbe e riflessologia manuale. Il clima subalpino, caratterizzato da una temperatura media annua di otto gradi Celsius, inverni freddi a tratti, scarsa copertura nuvolosa e aria arricchita di aerosol resinosi e ioni negativi, integra questi interventi, offrendo un bioclima tonico che la citt\u00e0 promuove come favorevole al ringiovanimento fisico e intellettuale.<\/p>\n<p>Oltre all&#039;infrastruttura terapeutica, il paesaggio circostante ospita una serie di attrazioni che arricchiscono l&#039;esperienza del visitatore. A un&#039;altitudine di 701 metri, la Torre di Apor offre viste panoramiche; eretta per la prima volta nel 1883 e meticolosamente restaurata nel 2008, \u00e8 una testimonianza del Romanticismo del XIX secolo e della conservazione contemporanea. Nelle vicinanze, la Roccia dei Falchi testimonia la ricchezza ornitologica della regione, mentre il bacino vulcanico del Lago Sf\u00e2nta Ana rimane il gioiello della corona delle meraviglie naturali. Il Lago della Palude Muschiata, o Tinovul Mohos, conserva rare piante vascolari e specie di sfagno, i cui morbidi rilievi invitano a un&#039;esplorazione cauta lungo le passerelle. In un raggio di trenta-quaranta chilometri si trovano siti etnografici e religiosi: la Fortezza di Miko a Miercurea Ciuc ospita un museo etnografico; il Monastero Francescano di \u015eumuleu Ciuc conserva uno dei pochi organi a canne gotici della Transilvania; Il monumento Szekler di Siculeni celebra il patrimonio locale; Odorheiu Secuiesc offre le rovine di una fortezza del XVI secolo; e Sf\u00e2ntu Gheorghe mette in mostra l&#039;architettura gotica nella sua chiesa riformata insieme a un museo nazionale d&#039;arte ed etnografia.<\/p>\n<p>Un calendario culturale scandisce i ritmi stagionali con festival e processioni folcloristiche. Ogni giugno, il Festival di Canti, Danze e Costumi Popolari di Balvanyos rivive coreografie e costumi tradizionali, mentre a luglio si tiene il Festival del Folklore presso la Fortezza di Ica, nel Comune di Cernat. A dicembre, la processione in maschera di Cernat evoca usanze precristiane attraverso elaborati costumi e rappresentazioni rituali. Le tradizioni artigianali persistono nelle botteghe che producono gioielli in corindone, ceramiche dipinte con motivi floreali blu e verdi e oggetti in vimini, ogni oggetto riflette la tradizione artigianale della regione.<\/p>\n<p>L&#039;offerta gastronomica rispecchia l&#039;intreccio delle tradizioni culinarie ungherese e rumena. La zuppa di cumino arriva fumante con il calore del cumino, seguita da paprikash e gulasch che combinano la paprika affumicata con la carne cotta a fuoco lento. Moussaka e pog\u0103ci punteggiano la tavola, mentre i k\u00fcrt\u0151skal\u00e1cs \u2013 cilindri di pasta arrotolata caramellati sulla brace \u2013 emanano profumi di vaniglia e cannella. La zuppa di cavolo cappuccio con panna acida e i funghi ripieni illustrano i prodotti locali tra i pascoli di montagna.<\/p>\n<p>L&#039;accesso a B\u0103ile Tu\u015fnad rimane agevole, sia in auto che in treno. L&#039;autostrada DN 12 si snoda da Bra\u015fov attraverso Sf\u00e2ntu Gheorghe fino a Miercurea Ciuc e oltre, offrendo un percorso di 67 chilometri da Bra\u015fov, 37 chilometri da Sf\u00e2ntu Gheorghe e 32 chilometri da Miercurea Ciuc. Un percorso secondario da Bac\u0103u via Com\u0103ne\u015fti si unisce a Miercurea Ciuc sulla DN 12A. La linea ferroviaria principale collega Bucarest a Baia Mare, con servizi che fermano alla stazione di B\u0103ile Tu\u015fnad, sebbene la frequenza degli orari rifletta le dimensioni ridotte della citt\u00e0.<\/p>\n<p>La storia di B\u0103ile Tu\u015fnad \u00e8 indissolubilmente legata alle vite di coloro che ne hanno plasmato le istituzioni. Iosif Blaga (1864\u20131937) prest\u00f2 la sua guida alla Societ\u00e0 Termale in qualit\u00e0 di presidente, guidandone i primi sviluppi, e Mihai \u015eerban (1877\u20131947) fond\u00f2 la prima chiesa ortodossa rumena della citt\u00e0, ampliando la dimensione culturale e spirituale di una comunit\u00e0 radicata nelle tradizioni ungheresi dei Siculi. La loro eredit\u00e0 perdura negli edifici ancora in piedi e nei rituali di culto e benessere che continuano a caratterizzare la vita quotidiana.<\/p>\n<p>In sintesi, B\u0103ile Tu\u015fnad offre pi\u00f9 di un semplice rifugio per il tempo libero o la cura; presenta un ritratto coerente dell&#039;impegno umano nei confronti dell&#039;ambiente, della scienza e della tradizione. I dati demografici, le proporzioni etniche e le affiliazioni religiose illustrano una comunit\u00e0 al tempo stesso stabile e in continua evoluzione. Le sorgenti minerali, cullate dalla topografia vulcanica, forniscono il fondamento fondamentale per terapie che fondono analisi empiriche e pratiche secolari. Il bioclima, magistralmente modulato dall&#039;altitudine e dalla copertura forestale, favorisce il recupero fisico e al contempo invita alla contemplazione. Torri, laghi e gole circostanti estendono la narrazione nel regno della storia naturale, mentre feste, artigianato e rituali culinari sostengono la continuit\u00e0 culturale. La perdurante sequenza di riallineamenti politici \u2013 decreti asburgici, trattati del XX secolo, regioni autonome e contee moderne \u2013 permea il paesaggio urbano di un palinsesto di autorit\u00e0 e identit\u00e0. Eppure, attraverso ogni trasformazione, il flusso dell&#039;acqua rimane costante, un filo conduttore che collega i racconti dei pastori ai resoconti di laboratorio, gli editti imperiali ai protocolli di benessere contemporanei. \u00c8 in questa costanza, che scorre sia nel calcare che nella memoria umana, che B\u0103ile Tu\u015fnad rivela il suo carattere essenziale: un luogo in cui la sottile chimica della terra e la pratica deliberata della cura convergono, invitando ogni visitatore a partecipare a un dialogo tra natura, storia e salute.<\/p>","protected":false},"excerpt":{"rendered":"<p>B\u0103ile Tu\u0219nad, pittoresca cittadina situata nella regione orientale della Transilvania, in Romania, vantava una popolazione di 1.372 abitanti nel 2021, il che la rende la citt\u00e0 pi\u00f9 piccola del paese per numero di abitanti. Adagiata tra i monti Harghita e Bodoc, nella valle del fiume Olt, questa cittadina, a 650 metri di altitudine nella parte meridionale della depressione del Ciuc, \u00e8 davvero incantevole.<\/p>","protected":false},"author":1,"featured_media":17485,"parent":11908,"menu_order":0,"comment_status":"closed","ping_status":"closed","template":"elementor_theme","meta":{"_eb_attr":"","footnotes":""},"class_list":["post-17035","page","type-page","status-publish","has-post-thumbnail"],"_links":{"self":[{"href":"https:\/\/travelshelper.com\/it\/wp-json\/wp\/v2\/pages\/17035","targetHints":{"allow":["GET"]}}],"collection":[{"href":"https:\/\/travelshelper.com\/it\/wp-json\/wp\/v2\/pages"}],"about":[{"href":"https:\/\/travelshelper.com\/it\/wp-json\/wp\/v2\/types\/page"}],"author":[{"embeddable":true,"href":"https:\/\/travelshelper.com\/it\/wp-json\/wp\/v2\/users\/1"}],"replies":[{"embeddable":true,"href":"https:\/\/travelshelper.com\/it\/wp-json\/wp\/v2\/comments?post=17035"}],"version-history":[{"count":0,"href":"https:\/\/travelshelper.com\/it\/wp-json\/wp\/v2\/pages\/17035\/revisions"}],"up":[{"embeddable":true,"href":"https:\/\/travelshelper.com\/it\/wp-json\/wp\/v2\/pages\/11908"}],"wp:featuredmedia":[{"embeddable":true,"href":"https:\/\/travelshelper.com\/it\/wp-json\/wp\/v2\/media\/17485"}],"wp:attachment":[{"href":"https:\/\/travelshelper.com\/it\/wp-json\/wp\/v2\/media?parent=17035"}],"curies":[{"name":"wp","href":"https:\/\/api.w.org\/{rel}","templated":true}]}}