{"id":16675,"date":"2024-09-23T16:58:08","date_gmt":"2024-09-23T16:58:08","guid":{"rendered":"https:\/\/travelshelper.com\/staging\/?page_id=16675"},"modified":"2026-03-12T00:23:34","modified_gmt":"2026-03-12T00:23:34","slug":"bad-muskau","status":"publish","type":"page","link":"https:\/\/travelshelper.com\/it\/destinations\/europe\/germany\/bad-muskau\/","title":{"rendered":"Bad Muskau"},"content":{"rendered":"<p>Con una popolazione di 3.759 abitanti e una superficie di 15,35 chilometri quadrati, Bad Muskau sorge come citt\u00e0 termale al confine nord-orientale della Germania, sulla riva occidentale del fiume Neisse in Lusazia, al confine con la Polonia. Parte del distretto di G\u00f6rlitz, in Sassonia, occupa una posizione unica sia geograficamente che culturalmente: attraversata da un fiume che un tempo divideva i mondi, oggi unisce due nazioni attraverso un parco paesaggistico condiviso, riconosciuto Patrimonio dell&#039;Umanit\u00e0 dall&#039;UNESCO. A un&#039;altitudine di circa 110 metri, il mix di eredit\u00e0 aristocratica, tradizioni sorabe e rinascita ecologica di Bad Muskau offre una narrazione articolata come il territorio stesso.<\/p>\n<p>Nel XIII secolo, Muskau emerse come centro fortificato lungo il fiume, la cui prima documentazione risale al 1249. Navig\u00f2 le maree politiche \u2013 entrando a far parte del Ducato di Jawor, della Corona Boema e infine della Prussia dopo il Congresso di Vienna \u2013 pur mantenendo un&#039;identit\u00e0 distinta, ancorata alle tradizioni e all&#039;artigianato sorabo. Una successione di famiglie nobili, culminata nella gestione del principe Hermann von P\u00fcckler-Muskau, ne determin\u00f2 le fortune. Sotto la sua guida, la citt\u00e0 trascese la mera geografia per ospitare un paesaggio innovativo che sarebbe stato poi spartito dalle dinamiche geopolitiche di met\u00e0 XX secolo tra Germania e Polonia.<\/p>\n<p>L&#039;ambientazione della citt\u00e0 \u00e8 avvincente quanto la sua storia. Bad Muskau sorge sulla pianura alluvionale del Neisse, il punto pi\u00f9 basso del distretto di G\u00f6rlitz, a 98 metri sul livello del mare, nella vicina K\u00f6beln, che divenne parte di Muskau dopo il 1950 (en.wikipedia.org). A sud, si erge il dolce arco della Piega di Muskau, e oltre si dispiega la Landa di Muskau, una vasta area boschiva che ha accolto il ritorno dei lupi in Germania alla fine degli anni &#039;90. Questi elementi conferiscono sia un senso di isolamento che un legame con un pi\u00f9 ampio rinnovamento ecologico.<\/p>\n<p>I contorni amministrativi della citt\u00e0 non si limitano al suo nucleo centrale. A nord si trova K\u00f6beln, un tempo comune autonomo e ora distretto, mentre Berg fu integrato nel 1940. Le stradine suburbane ricordano i villaggi di un tempo: Neustadt si \u00e8 fusa nel tessuto urbano dopo gli incendi e la ricostruzione del XIX secolo, e Burglehn Muskau, con i suoi castelli, si \u00e8 unita alla citt\u00e0 dopo le espropriazioni belliche del 1945. Ogni nome evoca fasi di espansione e riorganizzazione che riecheggiano lungo la Neisse, dove \u0141\u0119knica (ex Lugknitz) rispecchia Muskau in terra polacca.<\/p>\n<p>Le arterie di trasporto collegano Bad Muskau all&#039;Europa pi\u00f9 ampia, pur preservandone la tranquillit\u00e0. L&#039;autostrada federale B115 si snoda a nord da Forst, passando per Bad Muskau, fino a Niesky e G\u00f6rlitz, mentre la B156 costeggia la vicina Krauschwitz a sud. Un valico di frontiera presso il Ponte della Posta, un tempo Ponte di Sorau, offre l&#039;accesso ai mercati polacchi; due ponti pedonali e ciclabili, noti come Ponte Inglese e Ponte Doppio, garantiscono attraversamenti senza traffico all&#039;interno del parco paesaggistico. Fino al 2011, la Droga Krajowa 12 iniziava in questo punto, collegandosi al confine polacco-ucraino prima di deviare via Krauschwitz.<\/p>\n<p>Le ferrovie storiche incarnano un ulteriore livello di continuit\u00e0. La ferrovia della foresta di Muskau, una linea a scartamento ridotto di 600 millimetri, opera stagionalmente tra Wei\u00dfwasser e Bad Muskau, azionata a volte da locomotive a vapore, altre volte da locomotive diesel di vecchia data. I biglietti rimangono modesti, a sottolineare il suo ruolo di attrazione piuttosto che di canale di trasporto per pendolari; al contrario, linee un tempo attive come la linea principale Wei\u00dfwasser-Bad Muskau si sono arrese alla chiusura, i cui tracciati sono rinati come piste ciclabili che si insinuano in Polonia e si ricollegano alla linea Oder-Neisse attraverso soluzioni ingegneristiche innovative, tra cui una ripida rampa sopra un vecchio ponte.<\/p>\n<p>In aereo e in treno, la citt\u00e0 \u00e8 serenamente isolata. L&#039;aeroporto di Dresda si trova a 115 chilometri a sud-ovest, quello di Berlino Brandeburgo a 140 chilometri a nord-ovest. Chi viaggia in treno deve scendere a Wei\u00dfwasser, a nove chilometri di distanza, prima di prendere un autobus o una navetta per raggiungere l&#039;hotel; da Dresda o Berlino, i viaggi prevedono cambi a G\u00f6rlitz e negli snodi regionali, per un tempo di percorrenza di quasi tre ore. I treni stagionali a scartamento ridotto integrano il trasporto locale, ma il mezzo di trasporto pi\u00f9 utilizzato rimane l&#039;automobile, con la rete autostradale che incanala i visitatori lungo la A15 o la A4 prima di cedere il passo alle strade secondarie rurali.<\/p>\n<p>L&#039;esplorazione guidata del parco paesaggistico, fiore all&#039;occhiello di Bad Muskau, si pu\u00f2 effettuare a piedi, in bicicletta, in barca o in carrozza. In estate, il sabato e la domenica, tour pubblici partono dal Castello Nuovo, accompagnando piccoli gruppi attraverso panorami sinuosi e radure lacustri; durante tutto l&#039;anno, un tour settimanale \u00e8 dedicato agli ospiti delle terme, evocando il patrimonio terapeutico che \u00e8 alla base del moderno status di localit\u00e0 termale della citt\u00e0. I \u200b\u200bcarrettieri locali sono pronti ad accompagnare i visitatori attraverso vicoli di faggi secolari verso angoli nascosti, mentre Neisse-Tours mette a disposizione imbarcazioni gonfiabili per escursioni fluviali tra la vecchia diga e \u017barki Wielkie.<\/p>\n<p>Il cuore di questo regno \u00e8 il Parco del Principe P\u00fcckler, che si estende su oltre 2.050 acri nel pi\u00f9 grande giardino paesaggistico all&#039;inglese dell&#039;Europa continentale e iscritto nella Lista del Patrimonio Mondiale dell&#039;UNESCO nel 2004. Il motto di P\u00fcckler, secondo cui un giardino deve offrire un quadro nuovo a ogni passo, risuona nei prati solcati da sentieri, nei laghi asimmetrici che riflettono alte querce e nei ponti e negli edifici posizionati in modo mirato. Due terzi di questa distesa si trovano a est della Neisse, eppure regna la libert\u00e0 di passaggio: i visitatori attraversano senza controlli dei passaporti, sebbene debbano portare con s\u00e9 un documento d&#039;identit\u00e0 per occasionali ispezioni a campione.<\/p>\n<p>Intermezzi architettonici punteggiano questi verdi ondulati. Il Castello Nuovo, restaurato nel 2012, ospita una mostra intitolata &#034;P\u00fcckler! Catturalo se puoi?&#034;, un&#039;odissea multimediale nella poliedrica vita del principe, erudito, narratore e affascinante architetto paesaggista. L&#039;ingresso rimane modesto e si mostra accogliente per i visitatori di lingua inglese attraverso congegni interattivi &#034;perdi lettere&#034; e drammatizzazioni con la voce di attori. Nelle vicinanze, l&#039;Orangerie in stile moresco ospita serre di palme e cactus, mentre il Castello Vecchio evoca antecedenti medievali. La Casa del Cavaliere, riconvertita in bagno di torba, rende omaggio alle tradizioni terapeutiche locali, abbinando la polpa di torba naturale a moderne terapie manuali.<\/p>\n<p>La cultura termale \u00e8 alla base dello status ufficiale della citt\u00e0 come localit\u00e0 termale riconosciuta dallo Stato. I bagni di torba di Moorbad attingono ai giacimenti locali, sfruttando rimedi rinomati fin dal XVI secolo, quando le capanne di allume dominavano il paesaggio dell&#039;attuale parco termale. I trattamenti spaziano dai bagni termali in salamoia agli impacchi a base di gesso, integrati dalla fisioterapia. In questo contesto, la citt\u00e0 emerge come pi\u00f9 di un semplice sito storico: \u00e8 un crogiolo vivente di benessere che si \u00e8 evoluto parallelamente alla grandiosit\u00e0 dell&#039;orticoltura.<\/p>\n<p>Nella pi\u00f9 ampia rete di piste ciclabili di confine, Bad Muskau vanta una stazione sulla pista ciclabile Oder-Neisse, che collega G\u00f6rlitz, 66 chilometri a sud, con Guben, 61 chilometri a nord-ovest. I ciclisti spesso scelgono di arrivare con le proprie forze, trovando biciclette a noleggio presso l&#039;officina locale Fahrrad-Nowak, le cui officine sono aperte dalla primavera all&#039;autunno. Qui, il noleggio di biciclette sottolinea la convinzione della citt\u00e0 che una vera immersione richieda un movimento lento attraverso il suo territorio variegato.<\/p>\n<p>La narrazione di Bad Muskau non si conclude con un ultimo slancio, ma con la silenziosa persistenza della storia nella natura. I lupi nella brughiera coperta di muschio riecheggiano un intervallo in cui la natura selvaggia si riappropriava del suo posto; i ponti sul Neisse rispecchiano la riconciliazione dopo la divisione; i bagni di torba riecheggiano rituali pi\u00f9 antichi dei confini moderni. Nel movimento degli sguardi su prati e boschi, si discerne una citt\u00e0 che resiste a facili categorizzazioni. Rimane allo stesso tempo un luogo di cura, un monumento all&#039;arte paesaggistica e una testimonianza di ibridazione culturale, dove tedesco e sorabo, sassone e polacco, arte ed ecologia si allineano a cielo aperto.<\/p>","protected":false},"excerpt":{"rendered":"<p>Bad Muskau, un&#039;incantevole citt\u00e0 termale situata nella storica regione tedesca dell&#039;Alta Lusazia, conta circa 3.600 abitanti. Questo pittoresco comune, situato sulle rive del fiume Neisse, si trova a cavallo del confine tra Germania e Polonia, offrendo un connubio unico di patrimonio culturale e bellezze naturali.<\/p>","protected":false},"author":1,"featured_media":17501,"parent":13736,"menu_order":0,"comment_status":"closed","ping_status":"closed","template":"elementor_theme","meta":{"_eb_attr":"","footnotes":""},"class_list":["post-16675","page","type-page","status-publish","has-post-thumbnail"],"_links":{"self":[{"href":"https:\/\/travelshelper.com\/it\/wp-json\/wp\/v2\/pages\/16675","targetHints":{"allow":["GET"]}}],"collection":[{"href":"https:\/\/travelshelper.com\/it\/wp-json\/wp\/v2\/pages"}],"about":[{"href":"https:\/\/travelshelper.com\/it\/wp-json\/wp\/v2\/types\/page"}],"author":[{"embeddable":true,"href":"https:\/\/travelshelper.com\/it\/wp-json\/wp\/v2\/users\/1"}],"replies":[{"embeddable":true,"href":"https:\/\/travelshelper.com\/it\/wp-json\/wp\/v2\/comments?post=16675"}],"version-history":[{"count":0,"href":"https:\/\/travelshelper.com\/it\/wp-json\/wp\/v2\/pages\/16675\/revisions"}],"up":[{"embeddable":true,"href":"https:\/\/travelshelper.com\/it\/wp-json\/wp\/v2\/pages\/13736"}],"wp:featuredmedia":[{"embeddable":true,"href":"https:\/\/travelshelper.com\/it\/wp-json\/wp\/v2\/media\/17501"}],"wp:attachment":[{"href":"https:\/\/travelshelper.com\/it\/wp-json\/wp\/v2\/media?parent=16675"}],"curies":[{"name":"wp","href":"https:\/\/api.w.org\/{rel}","templated":true}]}}