{"id":16563,"date":"2024-09-23T12:55:14","date_gmt":"2024-09-23T12:55:14","guid":{"rendered":"https:\/\/travelshelper.com\/staging\/?page_id=16563"},"modified":"2026-03-12T00:19:58","modified_gmt":"2026-03-12T00:19:58","slug":"bad-berka","status":"publish","type":"page","link":"https:\/\/travelshelper.com\/it\/destinations\/europe\/germany\/bad-berka\/","title":{"rendered":"Bad Berka"},"content":{"rendered":"<p>Adagiata sulle dolci colline dell&#039;Ilm-Saale-Platte, nella Germania centrale, Bad Berka \u00e8 una cittadina di poco meno di 8.000 abitanti che si estende su circa 27,4 km\u00b2. Situata a dodici chilometri a sud di Weimar e a venti chilometri a ovest di Jena, occupa una verdeggiante valle scavata dal fiume Ilm in arenaria rossa recente. Dal 2008, i confini comunali hanno inglobato l&#039;ex villaggio di Gutendorf, unendosi ad altri sei distretti e creando un paesaggio che alterna giardini termali, terreni agricoli e fitte foreste di abeti rossi e faggi.<\/p>\n<p>L&#039;identit\u00e0 di Bad Berka \u00e8 stata forgiata attorno alle sue acque curative. Le origini della sua industria termale risalgono alla fondazione di un bagno sulfureo nel 1813, ispirato dalla scoperta di una sorgente ricca di ferro, la &#034;Stahlquelle&#034;, nel 1807. L&#039;utilizzo di queste acque per le terapie termali e idropiniche fu promosso da visionari locali in collaborazione con Johann Wolfgang von Goethe, conferendo alla citt\u00e0 il suo nome informale &#034;Das Goethebad im Gr\u00fcnen&#034;. Nel 2002, la sua eredit\u00e0 \u00e8 stata formalmente riconosciuta con la designazione di &#034;Centro termale riconosciuto dallo Stato con stabilimento termale minerale&#034;. Nel corso del tempo, le strutture si sono ampliate: nel 1952 \u00e8 sorta una clinica per la tubercolosi, che si \u00e8 evoluta nella Zentralklinik, un centro medico rinomato in tutta Europa, mentre la caduta del Muro di Berlino ha inaugurato le cliniche di riabilitazione &#034;Medien&#034; del 1994 e del 1997, che offrono trattamenti di follow-up completi.<\/p>\n<p>Nonostante le sue modeste dimensioni, Bad Berka \u00e8 da tempo legata alle correnti culturali tedesche. Tra il 1812 e il 1828, Goethe stesso soggiorn\u00f2 da Heinrich Friedrich Sch\u00fctz, la cui antica dimora \u00e8 oggi conosciuta come &#034;Casa di Goethe&#034;, un piccolo museo che racconta la vita dell&#039;organista-insegnante di Berka e del suo mecenate. Il continuo fluire di personaggi illustri che visitavano le terme diede origine a grandiosi edifici neoclassici: il municipio ricostruito da Clemens Wenzeslaus Coudray nel 1817, fulcro della piazza del mercato, \u00e8 famoso per il suo orologio con fasi lunari, mentre Casa Coudray (1825) fungeva da fulcro per balli, concerti e spettacoli teatrali prima di essere convertita in un museo termale interattivo. Nelle vicinanze, l&#039;edificio dell&#039;Armeria, alto 59 metri, un tempo deposito per l&#039;equipaggiamento da caccia ducale, oggi ospita la biblioteca, l&#039;archivio, una sala civica e un ristorante.<\/p>\n<p>Resti della Berka medievale persistono nel cortile interno del Castello Vecchio: un fossato, frammenti di mura e un guardaroba coperto suggeriscono la statura dei Conti di Berka prima del loro trasferimento in un palazzo in cima a una collina alla fine del XIII secolo. L&#039;&#034;Edelhof&#034; barocco, eretto nel 1786, pass\u00f2 da residenza di caccia ducale a foresteria per ricchi ospiti termali; Goethe e sua moglie Christiane vi alloggiarono durante le loro cure del 1814. L&#039;architettura ecclesiastica riflette la storia stratificata della citt\u00e0: la chiesa evangelica di Santa Maria occupa l&#039;ex complesso di un convento cistercense, il cui muro orientale gotico sopravvisse all&#039;incendio del 1608 che ritard\u00f2 la costruzione della navata barocca fino al 1739-1741. Una piccola chiesa cattolica, risalente al 1918 sulla strada di Tannroda, attesta l&#039;evoluzione spirituale di Bad Berka.<\/p>\n<p>L&#039;ambiente naturale che circonda la citt\u00e0 ne amplifica la reputazione rigenerante. La pista ciclabile della valle dell&#039;Ilm e il sentiero escursionistico certificato delle Tre Torri della Turingia si snodano attraverso un&#039;area protetta di 150 km\u00b2, mentre il parco termale si snoda su livelli di prati, torbiere e boschetti riparati. Gli impianti Kneipp \u2013 presso la fontana di Goethe, il Dammbachsgrund e il Gottesbr\u00fcnnlein \u2013 offrono idroterapie a base d&#039;acqua per pediluvi e percorsi di camminata. In cima all&#039;Adelsberg, la Torre Paolina (1884) offre una vista panoramica sulla campagna della Turingia, e la sua piattaforma \u00e8 una modesta ricompensa per la salita di ventisei metri.<\/p>\n<p>I collegamenti di trasporto di Bad Berka smentiscono le sue piccole dimensioni. Due stazioni della ferrovia della valle dell&#039;Ilm collegano il centro storico e il vicino distretto di Monaco a Weimar e Kranichfeld. Le autostrade federali B85 e B87 attraversano il comune, sebbene alcuni tratti di quest&#039;ultima siano stati riclassificati come strade statali negli ultimi decenni. Sei chilometri a nord si trovano gli svincoli di Nohra e Weimar dell&#039;autostrada A4, mentre un piccolo aeroporto \u00e8 utilizzato dai piloti di alianti e occasionalmente da voli charter.<\/p>\n<p>Storicamente, le fortune della citt\u00e0 hanno rispecchiato quelle della regione pi\u00f9 ampia. Nel Medioevo, un convento cistercense prosper\u00f2 dal 1251 fino alla Riforma, e la sua chiesa abbaziale costitu\u00ec la base per le successive strutture ecclesiastiche. Incorporata nel Granducato di Sassonia-Weimar-Eisenach nell&#039;Impero tedesco, Bad Berka sub\u00ec le disgregazioni del tempo di guerra: gli impianti petroliferi e un impianto sotterraneo per i lavori forzati la resero un bersaglio durante la Campagna Petrolifera Alleata del 1945. I bombardamenti alleati del 31 marzo, 5 aprile e 9 aprile causarono vittime civili e militari, commemorate oggi da stele commemorative nel cimitero comunale: tombe per 23 vittime e targhe in onore degli sfollati e dei soldati statunitensi caduti.<\/p>\n<p>L&#039;evoluzione amministrativa della citt\u00e0 ha anche rimodellato i suoi contorni comunali. La riforma della Turingia del 1994 ha unificato Berka con i comuni precedentemente indipendenti di Tannroda, Bergern, Schoppendorf, Meckfeld e Tiefengruben, mentre Gutendorf si \u00e8 unita nel dicembre 2008. Ogni distretto offre attrazioni uniche: Bergern ospita la chiesa del villaggio &#034;Zum Kripplein Christi&#034;, il cui interno \u00e8 stato restaurato dall&#039;artista Matt Lamb; Tannroda conserva il Museo della Cesteria della Turingia, una testimonianza dell&#039;artigianato regionale; Meckfeld e Tiefengruben conservano un tranquillo carattere agricolo.<\/p>\n<p>La vita culturale di Bad Berka rimane ancorata alla sua tradizione termale e al suo ambiente naturale. Dal 1996, l&#039;annuale festival all&#039;aperto Party.San attira gli appassionati di heavy metal nei campi aperti alla periferia della citt\u00e0. Pi\u00f9 tradizionalmente turingi sono la biennale Festa delle Fontane \u2013 con processioni, fuochi d&#039;artificio sul parco termale e uno spettacolo serale &#034;Liszt nel Verde&#034;, dove alberi illuminati accompagnano le registrazioni di brani per pianoforte dell&#039;Accademia musicale di Weimar \u2013 e la Festa degli Aquiloni presso l&#039;aeroporto di volo a vela. Una festa degli Sch\u00fctzen nel parco termale aggiunge al calendario un corteo di cacciatori, mentre feste del raccolto pi\u00f9 piccole e feste distrettuali scandiscono le stagioni con il calore locale.<\/p>\n<p>All&#039;interno del parco termale, la Fontana di Goethe conserva le sue acque ferrose del 1835, ombreggiata da ville storiche e impreziosita da letti di torba ricavati dalla torbiera. Le opere scultoree di Adolf Br\u00fctt \u2013 un busto di Goethe in una nicchia del giardino \u2013 e di Bruno Eyermann \u2013 un gruppo di bagnanti aggiunto nel 1946 \u2013 animano la tradizione delle sorgenti. Nelle vicinanze, l&#039;ex sanatorio &#034;Schloss Harth&#034;, inaugurato nel 1905 con il motto &#034;Mens sana in corpore sano&#034;, ospita oggi l&#039;Istituto della Turingia per la formazione degli insegnanti, lo sviluppo dei programmi di studio e i media, a testimonianza della trasformazione da luogo di cura a centro educativo.<\/p>\n<p>Nella sua dimensione compatta, Bad Berka offre un singolare connubio tra tradizione medica, associazioni letterarie e rifugio naturale. La corrente dell&#039;Ilm prosegue lungo antichi corsi attraverso mura di arenaria; i tetti in legno e le facciate neoclassiche persistono accanto a rigogliosi ricordi di guerra. I visitatori possono passeggiare lungo i sentieri della brughiera, fermarsi accanto a busti in marmo o salire per ammirare l&#039;alba su foreste lontane. Eppure, nel suo cuore, la citt\u00e0 rimane segnata dalla sorgente che per prima port\u00f2 speranza ai malati di tubercolosi e in seguito attir\u00f2 l&#039;attenzione di Goethe: un&#039;acqua che continua a plasmare la vita della comunit\u00e0, la pratica medica e i ritmi tranquilli della vita cittadina termale.<\/p>","protected":false},"excerpt":{"rendered":"<p>Bad Berka, un&#039;affascinante citt\u00e0 termale tedesca situata nella zona meridionale di Weimar, in Turingia, con una popolazione di circa 8.000 abitanti, \u00e8 la seconda citt\u00e0 pi\u00f9 grande del distretto di Weimarer Land. Questa pittoresca cittadina, situata lungo il fiume Ilm e circondata da verdeggianti foreste di abeti rossi e faggi, vanta un patrimonio storico che risale al XIII secolo. La sua posizione strategica, a soli 12 chilometri a sud di Weimar, ha influenzato significativamente il suo sviluppo culturale ed economico nel corso degli anni.<\/p>","protected":false},"author":1,"featured_media":17504,"parent":13736,"menu_order":0,"comment_status":"closed","ping_status":"closed","template":"elementor_theme","meta":{"_eb_attr":"","footnotes":""},"class_list":["post-16563","page","type-page","status-publish","has-post-thumbnail"],"_links":{"self":[{"href":"https:\/\/travelshelper.com\/it\/wp-json\/wp\/v2\/pages\/16563","targetHints":{"allow":["GET"]}}],"collection":[{"href":"https:\/\/travelshelper.com\/it\/wp-json\/wp\/v2\/pages"}],"about":[{"href":"https:\/\/travelshelper.com\/it\/wp-json\/wp\/v2\/types\/page"}],"author":[{"embeddable":true,"href":"https:\/\/travelshelper.com\/it\/wp-json\/wp\/v2\/users\/1"}],"replies":[{"embeddable":true,"href":"https:\/\/travelshelper.com\/it\/wp-json\/wp\/v2\/comments?post=16563"}],"version-history":[{"count":0,"href":"https:\/\/travelshelper.com\/it\/wp-json\/wp\/v2\/pages\/16563\/revisions"}],"up":[{"embeddable":true,"href":"https:\/\/travelshelper.com\/it\/wp-json\/wp\/v2\/pages\/13736"}],"wp:featuredmedia":[{"embeddable":true,"href":"https:\/\/travelshelper.com\/it\/wp-json\/wp\/v2\/media\/17504"}],"wp:attachment":[{"href":"https:\/\/travelshelper.com\/it\/wp-json\/wp\/v2\/media?parent=16563"}],"curies":[{"name":"wp","href":"https:\/\/api.w.org\/{rel}","templated":true}]}}