{"id":15986,"date":"2024-09-22T01:16:31","date_gmt":"2024-09-22T01:16:31","guid":{"rendered":"https:\/\/travelshelper.com\/staging\/?page_id=15986"},"modified":"2024-09-22T01:19:54","modified_gmt":"2024-09-22T01:19:54","slug":"termini-e-condizioni","status":"publish","type":"page","link":"https:\/\/travelshelper.com\/it\/terms-and-conditions\/","title":{"rendered":"Termini e Condizioni"},"content":{"rendered":"<div data-elementor-type=\"wp-page\" data-elementor-id=\"15986\" class=\"elementor elementor-15986\">\n\t\t\t\t<div class=\"elementor-element elementor-element-1aa50f8 e-flex e-con-boxed e-con e-parent\" data-id=\"1aa50f8\" data-element_type=\"container\" data-e-type=\"container\">\n\t\t\t\t\t<div class=\"e-con-inner\">\n\t\t<div class=\"elementor-element elementor-element-36c71f6b e-con-full e-flex e-con e-child\" data-id=\"36c71f6b\" data-element_type=\"container\" data-e-type=\"container\">\n\t\t\t\t<div class=\"elementor-element elementor-element-21e4fe46 elementor-widget elementor-widget-text-editor\" data-id=\"21e4fe46\" data-element_type=\"widget\" data-e-type=\"widget\" data-widget_type=\"text-editor.default\">\n\t\t\t\t\t\t\t\t\t<h1>Termini e Condizioni<\/h1>\n<p><\/p>\n<p>Ultimo aggiornamento: 26\/09\/2024<\/p>\n<p><\/p>\n<p>1.\u00a0<strong>Introduzione<\/strong><\/p>\n<p><\/p>\n<p>Benvenuti a\u00a0<strong>Aiuto per i viaggi<\/strong>\u00a0(&#034;Societ\u00e0&#034;, &#034;noi&#034;, &#034;nostro&#034;, &#034;ci&#034;)!<\/p>\n<p><\/p>\n<p>I presenti Termini di servizio (&#034;Termini&#034;, &#034;Termini di servizio&#034;) regolano l&#039;utilizzo del nostro sito Web situato all&#039;indirizzo\u00a0<strong>https:\/\/travelshelper.com<\/strong>\u00a0(insieme o individualmente \u201cServizio\u201d) gestito da\u00a0<strong>Aiuto per i viaggi<\/strong>.<\/p>\n<p><\/p>\n<p>La nostra Informativa sulla privacy regola anche l&#039;utilizzo del nostro Servizio e spiega come raccogliamo, tuteliamo e divulghiamo le informazioni derivanti dall&#039;utilizzo delle nostre pagine web.<\/p>\n<p><\/p>\n<p>Il tuo accordo con noi include i presenti Termini e la nostra Informativa sulla privacy (&#034;Contratti&#034;). Riconosci di aver letto e compreso i Contratti e accetti di esserne vincolato.<\/p>\n<p><\/p>\n<p>Se non sei d&#039;accordo (o non puoi rispettare) gli Accordi, non puoi utilizzare il Servizio, ma ti preghiamo di comunicarcelo inviando un&#039;e-mail a\u00a0<strong>office@travelshelper.com<\/strong>\u00a0cos\u00ec potremo cercare di trovare una soluzione. I presenti Termini si applicano a tutti i visitatori, utenti e altri soggetti che desiderano accedere o utilizzare il Servizio.<\/p>\n<p><\/p>\n<p>2.\u00a0<strong>Comunicazioni<\/strong><\/p>\n<p><\/p>\n<p>Utilizzando il nostro Servizio, accetti di iscriverti a newsletter, materiale di marketing o promozionale e altre informazioni che potremmo inviarti. Tuttavia, puoi scegliere di non ricevere pi\u00f9 alcuna di queste comunicazioni da parte nostra seguendo il link di annullamento dell&#039;iscrizione o inviando un&#039;e-mail all&#039;indirizzo office@travelshelper.com.<\/p>\n<p><\/p>\n<p>3.\u00a0<strong>Concorsi, lotterie e promozioni<\/strong><\/p>\n<p><\/p>\n<p>Eventuali concorsi, lotterie o altre promozioni (collettivamente, &#034;Promozioni&#034;) resi disponibili tramite il Servizio potrebbero essere regolati da norme diverse dalle presenti Condizioni di Servizio. Se partecipate a una Promozione, vi preghiamo di consultare le norme applicabili e la nostra Informativa sulla privacy. In caso di conflitto tra le norme di una Promozione e le presenti Condizioni di Servizio, si applicheranno le norme della Promozione.<\/p>\n<p><\/p>\n<p>4.\u00a0<strong>Contenuto<\/strong><\/p>\n<p><\/p>\n<p>Il nostro Servizio ti consente di pubblicare, collegare, archiviare, condividere e altrimenti rendere disponibili determinate informazioni, testi, grafici, video o altro materiale (&#034;Contenuti&#034;). Sei responsabile dei Contenuti che pubblichi su o tramite il Servizio, inclusa la loro legalit\u00e0, affidabilit\u00e0 e appropriatezza.<\/p>\n<p><\/p>\n<p>Pubblicando Contenuti sul o tramite il Servizio, dichiari e garantisci che: (i) i Contenuti sono di tua propriet\u00e0 (ne sei il proprietario) e\/o hai il diritto di utilizzarli e il diritto di concederci i diritti e la licenza previsti nei presenti Termini, e (ii) che la pubblicazione dei tuoi Contenuti sul o tramite il Servizio non viola i diritti alla privacy, i diritti di pubblicit\u00e0, i diritti d&#039;autore, i diritti contrattuali o qualsiasi altro diritto di qualsiasi persona o entit\u00e0. Ci riserviamo il diritto di chiudere l&#039;account di chiunque venga scoperto a violare un diritto d&#039;autore.<\/p>\n<p><\/p>\n<p>Mantieni tutti i tuoi diritti su qualsiasi Contenuto che invii, pubblichi o visualizzi su o tramite il Servizio e sei responsabile della protezione di tali diritti. Non ci assumiamo alcuna responsabilit\u00e0 per i Contenuti che tu o terzi pubblicate su o tramite il Servizio. Tuttavia, pubblicando Contenuti tramite il Servizio, ci concedi il diritto e la licenza di utilizzare, modificare, eseguire pubblicamente, visualizzare pubblicamente, riprodurre e distribuire tali Contenuti su e tramite il Servizio. Accetti che questa licenza includa il diritto per noi di rendere i tuoi Contenuti disponibili ad altri utenti del Servizio, che potranno a loro volta utilizzare i tuoi Contenuti in conformit\u00e0 con i presenti Termini.<\/p>\n<p><\/p>\n<p>Travel S Helper ha il diritto, ma non l&#039;obbligo, di monitorare e modificare tutti i Contenuti forniti dagli utenti.<\/p>\n<p><\/p>\n<p>Inoltre, i Contenuti presenti su o tramite questo Servizio sono di propriet\u00e0 di Travel S Helper o utilizzati con autorizzazione. Non \u00e8 consentito distribuire, modificare, trasmettere, riutilizzare, scaricare, ripubblicare, copiare o utilizzare tali Contenuti, in tutto o in parte, per scopi commerciali o per guadagno personale, senza la nostra espressa autorizzazione scritta.<\/p>\n<p><\/p>\n<p>5.\u00a0<strong>Usi proibiti<\/strong><\/p>\n<p><\/p>\n<p>L&#039;utente pu\u00f2 utilizzare il Servizio solo per scopi leciti e in conformit\u00e0 con i Termini. L&#039;utente accetta di non utilizzare il Servizio:<\/p>\n<p><\/p>\n<p>0.1. In qualsiasi modo che violi qualsiasi legge o regolamento nazionale o internazionale applicabile.<\/p>\n<p><\/p>\n<p>0.2. Allo scopo di sfruttare, danneggiare o tentare di sfruttare o danneggiare i minori in qualsiasi modo esponendoli a contenuti inappropriati o in altro modo.<\/p>\n<p><\/p>\n<p>0.3. Per trasmettere o procurare l&#039;invio di qualsiasi materiale pubblicitario o promozionale, inclusa qualsiasi &#034;posta indesiderata&#034;, &#034;catene di Sant&#039;Antonio&#034;, &#034;spam&#034; o qualsiasi altra sollecitazione simile.<\/p>\n<p><\/p>\n<p>0.4. Impersonare o tentare di impersonare la Societ\u00e0, un dipendente della Societ\u00e0, un altro utente o qualsiasi altra persona o entit\u00e0.<\/p>\n<p><\/p>\n<p>0.5. In qualsiasi modo che violi i diritti altrui o che sia in qualsiasi modo illegale, minaccioso, fraudolento o dannoso, o in relazione a qualsiasi scopo o attivit\u00e0 illecita, illegale, fraudolenta o dannosa.<\/p>\n<p><\/p>\n<p>0.6. Adottare qualsiasi altra condotta che limiti o inibisca l&#039;uso o il godimento del Servizio da parte di chiunque o che, a nostro giudizio, possa danneggiare od offendere la Societ\u00e0 o gli utenti del Servizio o esporli a responsabilit\u00e0.<\/p>\n<p><\/p>\n<p>Inoltre, accetti di non:<\/p>\n<p><\/p>\n<p>0.1. Utilizzare il Servizio in qualsiasi modo che possa disabilitare, sovraccaricare, danneggiare o compromettere il Servizio o interferire con l&#039;utilizzo del Servizio da parte di terzi, inclusa la loro capacit\u00e0 di intraprendere attivit\u00e0 in tempo reale tramite il Servizio.<\/p>\n<p><\/p>\n<p>0.2. Utilizzare robot, spider o altri dispositivi, processi o mezzi automatici per accedere al Servizio per qualsiasi scopo, incluso il monitoraggio o la copia di qualsiasi materiale sul Servizio.<\/p>\n<p><\/p>\n<p>0.3. Utilizzare qualsiasi processo manuale per monitorare o copiare qualsiasi materiale sul Servizio o per qualsiasi altro scopo non autorizzato senza il nostro previo consenso scritto.<\/p>\n<p><\/p>\n<p>0.4. Utilizzare qualsiasi dispositivo, software o routine che interferisca con il corretto funzionamento del Servizio.<\/p>\n<p><\/p>\n<p>0.5. Introdurre virus, trojan horse, worm, bombe logiche o altro materiale dannoso o tecnologicamente dannoso.<\/p>\n<p><\/p>\n<p>0.6. Tentare di ottenere un accesso non autorizzato, interferire con, danneggiare o interrompere qualsiasi parte del Servizio, il server su cui \u00e8 archiviato il Servizio o qualsiasi server, computer o database connesso al Servizio.<\/p>\n<p><\/p>\n<p>0.7. Attacco al servizio tramite un attacco denial-of-service o un attacco denial-of-service distribuito.<\/p>\n<p><\/p>\n<p>0.8. Intraprendere qualsiasi azione che possa danneggiare o falsificare la valutazione dell&#039;Azienda.<\/p>\n<p><\/p>\n<p>0.9. In caso contrario, tentare di interferire con il corretto funzionamento del Servizio.<\/p>\n<p><\/p>\n<p>6.\u00a0<strong>Analisi<\/strong><\/p>\n<p><\/p>\n<p>Potremmo avvalerci di Fornitori di servizi terzi per monitorare e analizzare l&#039;utilizzo del nostro Servizio.<\/p>\n<p><\/p>\n<p>7.\u00a0<strong>Vietato l&#039;uso ai minori<\/strong><\/p>\n<p><\/p>\n<p>Il Servizio \u00e8 destinato esclusivamente all&#039;accesso e all&#039;utilizzo da parte di persone di almeno diciotto (18) anni. Accedendo o utilizzando il Servizio, l&#039;utente garantisce e dichiara di avere almeno diciotto (18) anni e di avere la piena autorit\u00e0, il diritto e la capacit\u00e0 di stipulare il presente contratto e di rispettare tutti i termini e le condizioni dei Termini. Se l&#039;utente non ha almeno diciotto (18) anni, l&#039;accesso e l&#039;utilizzo del Servizio sono vietati.<\/p>\n<p><\/p>\n<p>8.\u00a0<strong>Propriet\u00e0 intellettuale<\/strong><\/p>\n<p><\/p>\n<p>Il Servizio e i suoi contenuti originali (esclusi i Contenuti forniti dagli utenti), le caratteristiche e le funzionalit\u00e0 sono e rimarranno di propriet\u00e0 esclusiva di Travel S Helper e dei suoi licenziatari. Il Servizio \u00e8 protetto da copyright, marchi registrati e altre leggi nazionali e internazionali. I nostri marchi non possono essere utilizzati in relazione ad alcun prodotto o servizio senza il previo consenso scritto di Travel S Helper.<\/p>\n<p><\/p>\n<p>9.\u00a0<strong>Politica sul copyright<\/strong><\/p>\n<p><\/p>\n<p>Rispettiamo i diritti di propriet\u00e0 intellettuale altrui. \u00c8 nostra politica rispondere a qualsiasi reclamo secondo cui i Contenuti pubblicati sul Servizio violino il copyright o altri diritti di propriet\u00e0 intellettuale (&#034;Violazione&#034;) di qualsiasi persona o entit\u00e0.<\/p>\n<p><\/p>\n<p>Se sei il titolare del copyright o sei autorizzato per conto di uno e ritieni che l&#039;opera protetta da copyright sia stata copiata in un modo che costituisce una violazione del copyright, invia il tuo reclamo via e-mail a office@travelshelper.com, con l&#039;oggetto: &#034;Violazione del copyright&#034; e includi nel tuo reclamo una descrizione dettagliata della presunta violazione come dettagliato di seguito, in &#034;Avviso DMCA e procedura per reclami di violazione del copyright&#034;<\/p>\n<p><\/p>\n<p>Potresti essere ritenuto responsabile dei danni (inclusi costi e parcelle degli avvocati) per dichiarazioni false o reclami in malafede in merito alla violazione di qualsiasi Contenuto trovato su e\/o tramite il Servizio sul tuo copyright.<\/p>\n<p><\/p>\n<p>10.\u00a0<strong>Avviso DMCA e procedura per reclami di violazione del copyright<\/strong><\/p>\n<p><\/p>\n<p>\u00c8 possibile inviare una notifica ai sensi del Digital Millennium Copyright Act (DMCA) fornendo al nostro agente per il copyright le seguenti informazioni per iscritto (vedere 17 USC 512(c)(3) per ulteriori dettagli):<\/p>\n<p><\/p>\n<p>0.1. una firma elettronica o fisica della persona autorizzata ad agire per conto del titolare del diritto d&#039;autore;<\/p>\n<p><\/p>\n<p>0.2. una descrizione dell&#039;opera protetta da copyright che ritieni sia stata violata, incluso l&#039;URL (ovvero l&#039;indirizzo della pagina web) del luogo in cui esiste l&#039;opera protetta da copyright o una copia dell&#039;opera protetta da copyright;<\/p>\n<p><\/p>\n<p>0.3. identificazione dell&#039;URL o di altra posizione specifica sul Servizio in cui si trova il materiale che si ritiene violi i diritti;<\/p>\n<p><\/p>\n<p>0.4. il tuo indirizzo, numero di telefono e indirizzo email;<\/p>\n<p><\/p>\n<p>0.5. una dichiarazione in cui attesti di ritenere in buona fede che l&#039;uso contestato non \u00e8 autorizzato dal titolare del copyright, dal suo agente o dalla legge;<\/p>\n<p><\/p>\n<p>0.6. una dichiarazione da parte tua, resa sotto pena di spergiuro, che le informazioni di cui sopra nella tua notifica sono accurate e che sei il titolare del copyright o sei autorizzato ad agire per conto del titolare del copyright.<\/p>\n<p><\/p>\n<p>Puoi contattare il nostro agente per i diritti d&#039;autore via e-mail all&#039;indirizzo office@travelshelper.com.<\/p>\n<p><\/p>\n<p>11.\u00a0<strong>Segnalazione errori e feedback<\/strong><\/p>\n<p><\/p>\n<p>Puoi fornirci direttamente all&#039;indirizzo office@travelshelper.com o tramite siti e strumenti di terze parti informazioni e feedback riguardanti errori, suggerimenti per miglioramenti, idee, problemi, reclami e altre questioni relative al nostro Servizio (&#034;Feedback&#034;). Riconosci e accetti che: (i) non conserverai, acquisirai o affermerai alcun diritto di propriet\u00e0 intellettuale o altro diritto, titolo o interesse sul o in relazione al Feedback; (ii) la Societ\u00e0 potrebbe avere idee di sviluppo simili al Feedback; (iii) il Feedback non contiene informazioni riservate o proprietarie tue o di terze parti; e (iv) la Societ\u00e0 non ha alcun obbligo di riservatezza in relazione al Feedback. Nel caso in cui il trasferimento della propriet\u00e0 del Feedback non sia possibile a causa di leggi imperative applicabili, concedi alla Societ\u00e0 e alle sue affiliate un diritto esclusivo, trasferibile, irrevocabile, gratuito, sublicenziabile, illimitato e perpetuo di utilizzare (inclusi copiare, modificare, creare opere derivate, pubblicare, distribuire e commercializzare) il Feedback in qualsiasi modo e per qualsiasi scopo.<\/p>\n<p><\/p>\n<p>12.\u00a0<strong>Collegamenti ad altri siti web<\/strong><\/p>\n<p><\/p>\n<p>Il nostro Servizio potrebbe contenere link a siti web o servizi di terze parti che non sono di propriet\u00e0 o controllati da Travel S Helper.<\/p>\n<p><\/p>\n<p>Travel S Helper non ha alcun controllo e non si assume alcuna responsabilit\u00e0 per i contenuti, le politiche sulla privacy o le pratiche di siti web o servizi di terze parti. Non garantiamo le offerte di nessuna di queste entit\u00e0\/individui o dei loro siti web.<\/p>\n<p><\/p>\n<p>L&#039;UTENTE RICONOSCE E ACCETTA CHE LA SOCIET\u00c0 NON SAR\u00c0 RESPONSABILE, DIRETTAMENTE O INDIRETTAMENTE, PER QUALSIASI DANNO O PERDITA CAUSATO O PRESUMIBILMENTE CAUSATO DA O IN RELAZIONE ALL&#039;USO O ALL&#039;AFFIDAMENTO SU TALI CONTENUTI, BENI O SERVIZI DISPONIBILI SU O ATTRAVERSO TALI SITI WEB O SERVIZI DI TERZE PARTI.<\/p>\n<p><\/p>\n<p>TI CONSIGLIAMO VIVAMENTE DI LEGGERE I TERMINI DI SERVIZIO E LE POLITICHE SULLA PRIVACY DI TUTTI I SITI WEB O SERVIZI DI TERZE PARTI CHE VISITI.<\/p>\n<p><\/p>\n<p>13.\u00a0<strong>Esclusione di garanzia<\/strong><\/p>\n<p><\/p>\n<p>QUESTI SERVIZI SONO FORNITI DALLA SOCIET\u00c0 &#034;COS\u00cc COME SONO&#034; E &#034;COME DISPONIBILI&#034;. LA SOCIET\u00c0 NON RILASCIA ALCUNA DICHIARAZIONE O GARANZIA, ESPLICITA O IMPLICITA, DI ALCUN TIPO, IN MERITO AL FUNZIONAMENTO DEI PROPRI SERVIZI O ALLE INFORMAZIONI, AI CONTENUTI O AI MATERIALI IN ESSI INCLUSI. L&#039;UTENTE ACCETTA ESPRESSAMENTE CHE L&#039;UTILIZZO DI QUESTI SERVIZI, DEI LORO CONTENUTI E DI QUALSIASI SERVIZIO O ELEMENTO OTTENUTO DA NOI \u00c8 A SUO ESCLUSIVO RISCHIO.<\/p>\n<p><\/p>\n<p>N\u00c9 LA SOCIET\u00c0 N\u00c9 ALCUNA PERSONA ASSOCIATA ALLA SOCIET\u00c0 FORNISCE ALCUNA GARANZIA O DICHIARAZIONE RIGUARDO ALLA COMPLETEZZA, SICUREZZA, AFFIDABILIT\u00c0, QUALIT\u00c0, PRECISIONE O DISPONIBILIT\u00c0 DEI SERVIZI. SENZA LIMITARE QUANTO SOPRA, N\u00c9 LA SOCIET\u00c0 N\u00c9 ALCUN SOGGETTO ASSOCIATO ALLA SOCIET\u00c0 DICHIARA O GARANTISCE CHE I SERVIZI, IL LORO CONTENUTO O QUALSIASI SERVIZIO O ELEMENTO OTTENUTO ATTRAVERSO I SERVIZI SARANNO ACCURATI, AFFIDABILI, ESENTI DA ERRORI O ININTERROTTI, CHE I DIFETTI SARANNO CORRETTI, CHE I SERVIZI O IL SERVER CHE LI RENDE DISPONIBILI SIANO ESENTI DA VIRUS O ALTRI COMPONENTI DANNOSI O CHE I SERVIZI O QUALSIASI SERVIZIO O ELEMENTO OTTENUTO ATTRAVERSO I SERVIZI SODDISFERANNO IN ALTRO MODO LE VOSTRE ESIGENZE O ASPETTATIVE.<\/p>\n<p><\/p>\n<p>CON LA PRESENTE LA SOCIET\u00c0 DECLINA OGNI GARANZIA DI ALCUN TIPO, SIA ESSE ESPRESSE O IMPLICITE, STATUTARIE O DI ALTRO TIPO, COMPRESE, A TITOLO ESEMPLIFICATIVO MA NON ESAUSTIVO, QUALSIASI GARANZIA DI COMMERCIABILIT\u00c0, NON VIOLAZIONE E IDONEIT\u00c0 PER UNO SCOPO PARTICOLARE.<\/p>\n<p><\/p>\n<p>QUANTO PRECEDENTE NON PREGIUDICA ALCUNA GARANZIA CHE NON POSSA ESSERE ESCLUSA O LIMITATA AI SENSI DELLA LEGGE APPLICABILE.<\/p>\n<p><\/p>\n<p>14.\u00a0<strong>Limitazione di responsabilit\u00e0<\/strong><\/p>\n<p><\/p>\n<p>SALVO QUANTO VIETATO DALLA LEGGE, CI TERRAI INDENNI, I NOSTRI FUNZIONARI, DIRETTORI, DIPENDENTI E AGENTI PER QUALSIASI DANNO INDIRETTO, PUNITIVO, SPECIALE, ACCIDENTALE O CONSEGUENTE, COMUNQUE SI VERIFICHI (COMPRESE LE SPESE LEGALI E TUTTI I COSTI E LE SPESE CORRELATI DI CONTENZIOSO E ARBITRATO, O IN PROCESSO O IN APPELLO, SE PRESENTI, INDIPENDENTEMENTE DAL FATTO CHE IL CONTENZIOSO O L&#039;ARBITRATO VENGANO ISTITUITI), SIA IN UN&#039;AZIONE CONTRATTUALE, DI NEGLIGENZA O ALTRO ATTO ILLECITO, O DERIVANTE DA O IN RELAZIONE AL PRESENTE CONTRATTO, COMPRESO SENZA LIMITAZIONE QUALSIASI RICHIESTA DI LESIONI PERSONALI O DANNI ALLA PROPRIET\u00c0, DERIVANTE DAL PRESENTE CONTRATTO E QUALSIASI VIOLAZIONE DA PARTE TUA DI QUALSIASI NORMA FEDERALE, STATALE O LEGGI, STATUTI, NORME O REGOLAMENTI LOCALI, ANCHE SE LA SOCIET\u00c0 \u00c8 STATA PRECEDENTEMENTE INFORMATA DELLA POSSIBILIT\u00c0 DI TALE DANNO. SALVO QUANTO VIETATO DALLA LEGGE, QUALORA VI SIA UNA RESPONSABILIT\u00c0 DELLA SOCIET\u00c0, QUESTA SAR\u00c0 LIMITATA ALL&#039;IMPORTO PAGATO PER I PRODOTTI E\/O I SERVIZI E IN NESSUN CASO SI VERIFICHERANNO DANNI CONSEGUENTI O PUNITIVI. ALCUNI STATI NON CONSENTONO L&#039;ESCLUSIONE O LA LIMITAZIONE DEI DANNI PUNITIVI, ACCIDENTALI O CONSEGUENTI, PERTANTO LA PRECEDENTE LIMITAZIONE O ESCLUSIONE POTREBBE NON ESSERE APPLICABILE.<\/p>\n<p><\/p>\n<p>15.\u00a0<strong>Risoluzione<\/strong><\/p>\n<p><\/p>\n<p>Possiamo terminare o sospendere il tuo account e impedirti l&#039;accesso al Servizio immediatamente, senza preavviso o responsabilit\u00e0, a nostra esclusiva discrezione, per qualsiasi motivo e senza limitazioni, inclusa, a titolo esemplificativo ma non esaustivo, la violazione dei Termini.<\/p>\n<p><\/p>\n<p>Se desideri chiudere il tuo account, puoi semplicemente interrompere l&#039;utilizzo del Servizio.<\/p>\n<p><\/p>\n<p>Tutte le disposizioni dei Termini che per loro natura dovrebbero sopravvivere alla risoluzione sopravvivranno alla risoluzione, comprese, a titolo esemplificativo ma non esaustivo, le disposizioni sulla propriet\u00e0, le esclusioni di garanzia, l&#039;indennizzo e le limitazioni di responsabilit\u00e0.<\/p>\n<p><\/p>\n<p>16.\u00a0<strong>Legge applicabile<\/strong><\/p>\n<p><\/p>\n<p>I presenti Termini saranno regolati e interpretati in conformit\u00e0 con le leggi dei Paesi Bassi, la cui legge applicabile si applicher\u00e0 al contratto, indipendentemente dalle disposizioni sui conflitti di legge.<\/p>\n<p><\/p>\n<p>La mancata applicazione di qualsiasi diritto o disposizione dei presenti Termini non sar\u00e0 considerata una rinuncia a tali diritti. Qualora una qualsiasi disposizione dei presenti Termini fosse ritenuta invalida o inapplicabile da un tribunale, le restanti disposizioni dei presenti Termini rimarranno in vigore. I presenti Termini costituiscono l&#039;intero accordo tra noi in merito al nostro Servizio e sostituiscono e annullano qualsiasi precedente accordo che potremmo aver avuto tra noi in merito al Servizio.<\/p>\n<p><\/p>\n<p>17.\u00a0<strong>Modifiche al servizio<\/strong><\/p>\n<p><\/p>\n<p>Ci riserviamo il diritto di ritirare o modificare il nostro Servizio e qualsiasi servizio o materiale fornito tramite il Servizio, a nostra esclusiva discrezione e senza preavviso. Non saremo responsabili se, per qualsiasi motivo, tutto o parte del Servizio non fosse disponibile in qualsiasi momento o per qualsiasi periodo di tempo. Di tanto in tanto, potremmo limitare l&#039;accesso ad alcune parti del Servizio, o all&#039;intero Servizio, agli utenti, inclusi gli utenti registrati.<\/p>\n<p><\/p>\n<p>18.\u00a0<strong>Modifiche ai termini<\/strong><\/p>\n<p><\/p>\n<p>Potremmo modificare i Termini in qualsiasi momento pubblicandoli su questo sito. \u00c8 tua responsabilit\u00e0 consultare periodicamente i presenti Termini.<\/p>\n<p><\/p>\n<p>L&#039;utilizzo continuato della Piattaforma dopo la pubblicazione dei Termini modificati implica l&#039;accettazione delle modifiche. Ti invitiamo a controllare questa pagina frequentemente per essere a conoscenza di eventuali modifiche, in quanto vincolanti per te.<\/p>\n<p><\/p>\n<p>Continuando ad accedere o utilizzare il nostro Servizio dopo l&#039;entrata in vigore di eventuali revisioni, accetti di essere vincolato dai termini modificati. Se non accetti i nuovi termini, non sei pi\u00f9 autorizzato a utilizzare il Servizio.<\/p>\n<p><\/p>\n<p>19.\u00a0<strong>Rinuncia e separabilit\u00e0<\/strong><\/p>\n<p><\/p>\n<p>Nessuna rinuncia da parte della Societ\u00e0 a qualsiasi termine o condizione stabiliti nei Termini sar\u00e0 considerata una rinuncia ulteriore o continuativa a tale termine o condizione o una rinuncia a qualsiasi altro termine o condizione, e qualsiasi mancata rivendicazione da parte della Societ\u00e0 di un diritto o di una disposizione ai sensi dei Termini non costituir\u00e0 una rinuncia a tale diritto o disposizione.<\/p>\n<p><\/p>\n<p>Se una qualsiasi disposizione dei Termini viene ritenuta da un tribunale o altro tribunale di giurisdizione competente non valida, illegale o inapplicabile per qualsiasi motivo, tale disposizione verr\u00e0 eliminata o limitata nella misura minima in modo che le restanti disposizioni dei Termini continuino ad avere pieno vigore ed efficacia.<\/p>\n<p><\/p>\n<p>20.\u00a0<strong>Riconoscimento<\/strong><\/p>\n<p><\/p>\n<p>UTILIZZANDO IL SERVIZIO O ALTRI SERVIZI DA NOI FORNITI, L&#039;UTENTE RICONOSCE DI AVER LETTO I PRESENTI TERMINI DI SERVIZIO E ACCETTA DI ESSERE VINCOLATO AD ESSI.<\/p>\n<p><\/p>\n<p>21.\u00a0<strong>Contattaci<\/strong><\/p>\n<p><\/p>\n<p>Inviateci i vostri feedback, commenti e richieste di supporto tecnico via email:\u00a0<a href=\"mailto:office@travelshelper.com\"><strong>office@travelshelper.com<\/strong><\/a>.<\/p>\n<p><\/p>\t\t\t\t\t\t\t\t<\/div>\n\t\t\t\t<\/div>\n\t\t\t\t\t<\/div>\n\t\t\t\t<\/div>\n\t\t\t\t<\/div>","protected":false},"excerpt":{"rendered":"<p>Terms And Conditions Last updated: 2024-09-26 1.\u00a0Introduction Welcome to\u00a0Travel S Helper\u00a0(\u201cCompany\u201d, \u201cwe\u201d, \u201cour\u201d, \u201cus\u201d)! These Terms of Service (\u201cTerms\u201d, \u201cTerms of Service\u201d) govern your use of our website located at\u00a0https:\/\/travelshelper.com\u00a0(together or individually \u201cService\u201d) operated by\u00a0Travel S Helper. Our Privacy Policy also governs your use of our Service and explains how we collect, safeguard and disclose [&hellip;]<\/p>\n","protected":false},"author":1,"featured_media":0,"parent":0,"menu_order":0,"comment_status":"closed","ping_status":"closed","template":"elementor_header_footer","meta":{"_eb_attr":"","footnotes":""},"class_list":["post-15986","page","type-page","status-publish"],"_links":{"self":[{"href":"https:\/\/travelshelper.com\/it\/wp-json\/wp\/v2\/pages\/15986","targetHints":{"allow":["GET"]}}],"collection":[{"href":"https:\/\/travelshelper.com\/it\/wp-json\/wp\/v2\/pages"}],"about":[{"href":"https:\/\/travelshelper.com\/it\/wp-json\/wp\/v2\/types\/page"}],"author":[{"embeddable":true,"href":"https:\/\/travelshelper.com\/it\/wp-json\/wp\/v2\/users\/1"}],"replies":[{"embeddable":true,"href":"https:\/\/travelshelper.com\/it\/wp-json\/wp\/v2\/comments?post=15986"}],"version-history":[{"count":0,"href":"https:\/\/travelshelper.com\/it\/wp-json\/wp\/v2\/pages\/15986\/revisions"}],"wp:attachment":[{"href":"https:\/\/travelshelper.com\/it\/wp-json\/wp\/v2\/media?parent=15986"}],"curies":[{"name":"wp","href":"https:\/\/api.w.org\/{rel}","templated":true}]}}