{"id":15974,"date":"2024-09-22T01:11:09","date_gmt":"2024-09-22T01:11:09","guid":{"rendered":"https:\/\/travelshelper.com\/staging\/?page_id=15974"},"modified":"2024-09-22T01:13:07","modified_gmt":"2024-09-22T01:13:07","slug":"disclaimer","status":"publish","type":"page","link":"https:\/\/travelshelper.com\/it\/disclaimer\/","title":{"rendered":"Disclaimer"},"content":{"rendered":"<div data-elementor-type=\"wp-page\" data-elementor-id=\"15974\" class=\"elementor elementor-15974\">\n\t\t\t\t<div class=\"elementor-element elementor-element-6f0bcdfa e-flex e-con-boxed e-con e-parent\" data-id=\"6f0bcdfa\" data-element_type=\"container\" data-e-type=\"container\">\n\t\t\t\t\t<div class=\"e-con-inner\">\n\t\t<div class=\"elementor-element elementor-element-627d6690 e-con-full e-flex e-con e-child\" data-id=\"627d6690\" data-element_type=\"container\" data-e-type=\"container\">\n\t\t\t\t<div class=\"elementor-element elementor-element-428000a8 elementor-widget elementor-widget-text-editor\" data-id=\"428000a8\" data-element_type=\"widget\" data-e-type=\"widget\" data-widget_type=\"text-editor.default\">\n\t\t\t\t\t\t\t\t\t<p><\/p><p>Ultimo aggiornamento: 26\/09\/2024<\/p><p> <\/p><p><strong>ESCLUSIONE DI RESPONSABILIT\u00c0 DEL SITO WEB<\/strong><\/p><p> <\/p><p>Le informazioni fornite da\u00a0<strong>Aiuto per i viaggi<\/strong>\u00a0(&#034;Societ\u00e0&#034;, &#034;noi&#034;, &#034;nostro&#034;, &#034;ci&#034;) su\u00a0<strong>https:\/\/travelshelper.com<\/strong>\u00a0(il &#034;Sito&#034;) ha solo scopo informativo generale. Tutte le informazioni presenti sul Sito sono fornite in buona fede, tuttavia non rilasciamo alcuna dichiarazione o garanzia di alcun tipo, espressa o implicita, in merito all&#039;accuratezza, adeguatezza, validit\u00e0, affidabilit\u00e0, disponibilit\u00e0 o completezza di qualsiasi informazione presente sul Sito.<\/p><p> <\/p><p>IN NESSUN CASO SAREMO RESPONSABILI NEI VOSTRI CONFRONTI PER QUALSIASI PERDITA O DANNO DI QUALSIASI TIPO SUBITO A SEGUITO DELL&#039;UTILIZZO DEL SITO O DELL&#039;AFFIDAMENTO SU QUALSIASI INFORMAZIONE FORNITA SUL SITO. L&#039;UTILIZZO DEL SITO E L&#039;AFFIDAMENTO SU QUALSIASI INFORMAZIONE PRESENTE SUL SITO AVVENGONO ESCLUSIVAMENTE A VOSTRO RISCHIO E PERICOLO.<\/p><p> <\/p><p><strong>ESCLUSIONE DI RESPONSABILIT\u00c0 SUI LINK ESTERNI<\/strong><\/p><p> <\/p><p>Il Sito potrebbe contenere (o potresti essere indirizzato tramite il Sito) link ad altri siti web o contenuti appartenenti o provenienti da terze parti, oppure link a siti web e funzionalit\u00e0. Tali link esterni non vengono da noi esaminati, monitorati o verificati per verificarne l&#039;accuratezza, l&#039;adeguatezza, la validit\u00e0, l&#039;affidabilit\u00e0, la disponibilit\u00e0 o la completezza.<\/p><p> <\/p><p>NON GARANTIAMO, APPROVIAMO, ASSICURIAMO O CI ASSUMIAMO LA RESPONSABILIT\u00c0 PER L&#039;ACCURATEZZA O L&#039;AFFIDABILIT\u00c0 DI QUALSIASI INFORMAZIONE OFFERTA DA SITI WEB DI TERZE PARTI COLLEGATI ATTRAVERSO IL SITO O DA QUALSIASI SITO WEB O FUNZIONE COLLEGATA IN BANNER O ALTRA PUBBLICIT\u00c0. NON SAREMO PARTE DI NESSUNA TRANSAZIONE E NON SAREMO IN ALCUN MODO RESPONSABILI DEL MONITORAGGIO DI QUALSIASI TRANSAZIONE TRA VOI E FORNITORI TERZI DI PRODOTTI O SERVIZI.<\/p><p> <\/p><p><strong>ESCLUSIONE DI RESPONSABILIT\u00c0 PER GLI AFFILIATI<\/strong><\/p><p> <\/p><p>Il Sito potrebbe contenere link a siti web affiliati e potremmo ricevere una commissione di affiliazione per qualsiasi acquisto o azione effettuata dall&#039;utente sui siti web affiliati utilizzando tali link.<\/p><p> <\/p><p><strong>ESCLUSIONE DI RESPONSABILIT\u00c0 PER LE TESTIMONIANZE<\/strong><\/p><p> <\/p><p>Il Sito potrebbe contenere testimonianze di utenti dei nostri prodotti e\/o servizi. Tali testimonianze riflettono le esperienze e le opinioni reali di tali utenti. Tuttavia, le esperienze sono personali e potrebbero non essere necessariamente rappresentative di tutti gli utenti dei nostri prodotti e\/o servizi. Non affermiamo, e non si deve presumere, che tutti gli utenti abbiano le stesse esperienze.<\/p><p> <\/p><p>I RISULTATI INDIVIDUALI POSSONO VARIARE.<\/p><p> <\/p><p>Le testimonianze presenti sul Sito sono presentate in vari formati, come testo, audio e\/o video, e vengono da noi riviste prima di essere pubblicate. Vengono pubblicate sul Sito esattamente come fornite dagli utenti, fatta eccezione per la correzione di errori grammaticali o di battitura. Alcune testimonianze potrebbero essere state abbreviate per brevit\u00e0, laddove la testimonianza completa contenesse informazioni estranee non rilevanti per il pubblico generale.<\/p><p> <\/p><p>I punti di vista e le opinioni contenuti nelle testimonianze appartengono esclusivamente al singolo utente e non riflettono i nostri punti di vista e opinioni.<\/p><p> <\/p><p><strong>ESCLUSIONE DI RESPONSABILIT\u00c0 PER ERRORI E OMISSIONI<\/strong><\/p><p> <\/p><p>Sebbene abbiamo fatto ogni sforzo per garantire che le informazioni contenute in questo sito provengano da fonti affidabili, Travel S Helper non \u00e8 responsabile per eventuali errori od omissioni n\u00e9 per i risultati ottenuti dall&#039;utilizzo di queste informazioni. Tutte le informazioni contenute in questo sito sono fornite &#034;cos\u00ec come sono&#034;, senza alcuna garanzia di completezza, accuratezza, tempestivit\u00e0 o dei risultati ottenuti dall&#039;utilizzo di queste informazioni, e senza garanzie di alcun tipo, esplicite o implicite, incluse, a titolo esemplificativo ma non esaustivo, le garanzie di prestazioni, commerciabilit\u00e0 e idoneit\u00e0 per uno scopo particolare.<\/p><p> <\/p><p>In nessun caso Travel S Helper, le sue societ\u00e0 o partnership correlate, o i loro partner, agenti o dipendenti saranno ritenuti responsabili nei tuoi confronti o di chiunque altro per qualsiasi decisione presa o azione intrapresa in base alle informazioni contenute in questo Sito o per eventuali danni consequenziali, speciali o simili, anche se informati della possibilit\u00e0 di tali danni.<\/p><p> <\/p><p><strong>ESCLUSIONE DI RESPONSABILIT\u00c0 PER I COLLABORATORI OSPITI<\/strong><\/p><p> <\/p><p>Questo sito pu\u00f2 includere contenuti di collaboratori ospiti e qualsiasi punto di vista o opinione espressa in tali post \u00e8 personale e non rappresenta quella di Travel S Helper o del suo staff o affiliati, salvo esplicita indicazione.<\/p><p> <\/p><p><strong>ESCLUSIONE DI RESPONSABILIT\u00c0 SU LOGHI E MARCHI<\/strong><\/p><p> <\/p><p>All logos and trademarks of third parties referenced on\u00a0https:\/\/travelshelper.com\u00a0are the trademarks and logos of their respective owners. Any inclusion of such trademarks or logos does not imply or constitute any approval, endorsement or sponsorship of\u00a0Travel S Helper\u00a0by such owners.<\/p><p> <\/p><p><strong>CONTATTACI<\/strong><\/p><p> <\/p><p>Per qualsiasi feedback, commento, richiesta di supporto tecnico o altre domande, contattateci via e-mail:\u00a0<strong>office@travelshelper.com<\/strong>.<\/p><p><\/p>\t\t\t\t\t\t\t\t<\/div>\n\t\t\t\t<\/div>\n\t\t\t\t\t<\/div>\n\t\t\t\t<\/div>\n\t\t\t\t<\/div>","protected":false},"excerpt":{"rendered":"<p>Last updated: 2024-09-26 WEBSITE DISCLAIMER The information provided by\u00a0Travel S Helper\u00a0(\u201cCompany\u201d, \u201cwe\u201d, \u201cour\u201d, \u201cus\u201d) on\u00a0https:\/\/travelshelper.com\u00a0(the \u201cSite\u201d) is for general informational purposes only. All information on the Site is provided in good faith, however we make no representation or warranty of any kind, express or implied, regarding the accuracy, adequacy, validity, reliability, availability, or completeness of [&hellip;]<\/p>\n","protected":false},"author":1,"featured_media":0,"parent":0,"menu_order":0,"comment_status":"closed","ping_status":"closed","template":"elementor_header_footer","meta":{"_eb_attr":"","footnotes":""},"class_list":["post-15974","page","type-page","status-publish"],"_links":{"self":[{"href":"https:\/\/travelshelper.com\/it\/wp-json\/wp\/v2\/pages\/15974","targetHints":{"allow":["GET"]}}],"collection":[{"href":"https:\/\/travelshelper.com\/it\/wp-json\/wp\/v2\/pages"}],"about":[{"href":"https:\/\/travelshelper.com\/it\/wp-json\/wp\/v2\/types\/page"}],"author":[{"embeddable":true,"href":"https:\/\/travelshelper.com\/it\/wp-json\/wp\/v2\/users\/1"}],"replies":[{"embeddable":true,"href":"https:\/\/travelshelper.com\/it\/wp-json\/wp\/v2\/comments?post=15974"}],"version-history":[{"count":0,"href":"https:\/\/travelshelper.com\/it\/wp-json\/wp\/v2\/pages\/15974\/revisions"}],"wp:attachment":[{"href":"https:\/\/travelshelper.com\/it\/wp-json\/wp\/v2\/media?parent=15974"}],"curies":[{"name":"wp","href":"https:\/\/api.w.org\/{rel}","templated":true}]}}