{"id":15920,"date":"2024-09-21T23:53:15","date_gmt":"2024-09-21T23:53:15","guid":{"rendered":"https:\/\/travelshelper.com\/staging\/?page_id=15920"},"modified":"2026-03-11T01:49:55","modified_gmt":"2026-03-11T01:49:55","slug":"brunei","status":"publish","type":"page","link":"https:\/\/travelshelper.com\/it\/destinations\/asia\/brunei\/","title":{"rendered":"Brunei"},"content":{"rendered":"<p>Il Brunei Darussalam occupa una nicchia singolare nel Sud-est asiatico: un sultanato compatto sulla costa settentrionale del Borneo, ricco di idrocarburi ma limitato dalla tradizione. Il suo territorio, diviso in due segmenti non contigui dal distretto malese di Limbang, si estende per soli 5.765 chilometri quadrati, ma comprende fitte foreste pluviali di pianura, aspri pendii montuosi e 161 chilometri di costa sul Mar Cinese Meridionale. Circa 455.858 abitanti (stima del 2023) considerano questo regno casa, pi\u00f9 di tre quarti dei quali concentrati nelle province occidentali di Brunei-Muara, Tutong e Belait; solo circa diecimila risiedono nel distretto montuoso di Temburong. Bandar Seri Begawan, la capitale, ospita circa 180.000 anime nel suo mosaico di kampong, moschee, uffici governativi e nascenti quartieri commerciali.<\/p>\n\n\n\n<p>Oltre i suoi confini si estende la pi\u00f9 ampia isola del Borneo, condivisa con Malesia e Indonesia; il Brunei \u00e8 l&#039;unico stato sovrano interamente nel Borneo. Il suo paesaggio \u00e8 ricoperto per quasi tre quarti da foreste: nel 2020, circa 380.000 ettari rimanevano coperti da alberi, di cui quasi il 70% era costituito da foresta primaria non toccata dalle attivit\u00e0 industriali. Il clima del sultanato \u00e8 perennemente umido e piovoso, plasmato pi\u00f9 dalle oscillazioni della Zona di Convergenza Intertropicale che dai monsoni stagionali o dai cicloni. Eppure, come i suoi vicini, il Brunei si confronta con le crescenti pressioni dei cambiamenti climatici \u2013 l&#039;innalzamento del livello del mare, il cambiamento dei regimi pluviometrici e l&#039;erosione costiera \u2013 in un contesto di rapido sviluppo economico.<\/p>\n\n\n\n<p>Uno sguardo al passato rivela il Brunei all&#039;apice della sua influenza marittima sotto il sultano Bolkiah (1485-1528). Cronache locali e resoconti esterni suggeriscono che il regno si estendesse allora su gran parte del Borneo nord-occidentale, nel Sabah e nel Sarawak, fino all&#039;arcipelago di Sulu. L&#039;equipaggio superstite della circumnavigazione di Magellano ne tocc\u00f2 le coste nel 1521; decenni dopo, nel 1578, la marina del Brunei si scontr\u00f2 con le forze spagnole nella Guerra di Castiglia. Eppure, nel XIX secolo, le rivalit\u00e0 interne e l&#039;avanzata del colonialismo europeo ne avevano ridotto drasticamente i domini. Nel 1841 il Sarawak pass\u00f2 a James Brooke, il &#034;Rajah Bianco&#034;; negli anni &#039;80 del XIX secolo, compagnie britanniche con statuto speciale assunsero il controllo del Sabah; e nel 1888 il Brunei divenne un protettorato britannico, con la politica estera e la difesa supervisionate da Londra.<\/p>\n\n\n\n<p>Il XX secolo segn\u00f2 il passaggio dal sultanato al governo moderno. Dopo una breve occupazione giapponese durante la Seconda Guerra Mondiale, una costituzione del 1959 inaugur\u00f2 un limitato autogoverno sotto la guida di un residente britannico. Un&#039;insurrezione del 1962, fomentata in parte dalle tensioni legate all&#039;adesione alla nuova federazione malese, fu sedata con il sostegno britannico; il suo fallimento convinse il sultano Omar Ali Saifuddien III a lasciare il Brunei al di fuori della Malesia. La piena indipendenza giunse finalmente il 1\u00b0 gennaio 1984. Dal 1967, il sultano Hassanal Bolkiah presiede le sorti della nazione, concentrando il potere esecutivo, legislativo e religioso all&#039;interno del palazzo. Il Consiglio Legislativo ha solo funzione consultiva e i suoi membri sono nominati per decreto reale.<\/p>\n\n\n\n<p>Petrolio e gas naturale sono alla base di quasi ogni aspetto della vita moderna del Brunei. I giacimenti di idrocarburi rappresentano circa il 90% del PIL; la produzione giornaliera si aggira intorno ai 167.000 barili di petrolio greggio e ai 25 milioni di metri cubi di gas naturale liquefatto, rendendo il sultanato uno dei principali produttori del Sud-est asiatico. Le entrate confluiscono attraverso la Brunei Investment Agency in azioni, obbligazioni e immobili globali, garantendo che, anche quando le riserve nazionali maturano, i flussi di reddito persistano. Questa generosit\u00e0 fiscale ha alimentato un sistema di welfare insolito nella regione: assistenza sanitaria, istruzione ed edilizia popolare sono fortemente sovvenzionate o gratuite, e riso, olio da cucina e servizi pubblici ricevono il sostegno statale. Di conseguenza, il Brunei si colloca &#034;molto in alto&#034; nell&#039;Indice di Sviluppo Umano \u2013 secondo solo a Singapore tra gli stati ASEAN \u2013 e detiene il nono PIL pro capite pi\u00f9 alto a parit\u00e0 di potere d&#039;acquisto a livello mondiale.<\/p>\n\n\n\n<p>Tuttavia, la dipendenza dagli idrocarburi ha spinto le autorit\u00e0 a elaborare piani per ampliare la base economica. Una visione di sviluppo a lungo termine punta all&#039;aumento della forza lavoro, alla crescita del turismo, all&#039;espansione dei servizi finanziari e all&#039;autosufficienza agricola, in particolare nella coltivazione del riso. Nel 2009, il governo ha introdotto il riso Laila, una variet\u00e0 ad alta resa coltivata a Wasan, che richiama le ambizioni di mezzo secolo per la produzione nazionale. Le iniziative di promozione del marchio Halal puntano sui mercati di esportazione, mentre le modeste imprese manifatturiere, in particolare nei settori petrolchimico e dell&#039;industria leggera, offrono opportunit\u00e0 di lavoro alternative. La compagnia aerea nazionale, Royal Brunei Airlines, aspira a posizionare Bandar Seri Begawan come hub di transito tra Europa e Australasia, mantenendo un apprezzato slot giornaliero a Londra Heathrow.<\/p>\n\n\n\n<p>Le infrastrutture del Brunei riflettono sia la sua ricchezza che il suo approccio prudente. La rete autostradale \u2013 circa 3.700 chilometri, l&#039;87% asfaltata \u2013 collega le principali citt\u00e0: Muara, Seria, Kuala Belait e Tutong. Il tasso di propriet\u00e0 di automobili \u00e8 tra i pi\u00f9 alti al mondo, con un veicolo privato ogni due abitanti; i prezzi del carburante rimangono fortemente sovvenzionati e il trasporto pubblico, sebbene funzionale, \u00e8 limitato. Un recente traguardo \u00e8 la strada e il ponte di 30 chilometri che collegano Muara a Temburong, inaugurati il \u200b\u200b17 marzo 2020 con un costo di 1,6 miliardi di dollari. L&#039;Aeroporto Internazionale del Brunei \u00e8 a met\u00e0 strada in un&#039;espansione da 150 milioni di dollari, affidata a Changi Airport Consultants, che raddoppier\u00e0 la capacit\u00e0 annuale fino a raggiungere i tre milioni di passeggeri.<\/p>\n\n\n\n<p>Nonostante la rapida crescita economica, lo stato mantiene ufficialmente un atteggiamento di cauto isolamento. I leader temono che un&#039;integrazione globale senza freni possa erodere la coesione sociale radicata nella cultura malese, nella fede islamica e nella lealt\u00e0 monarchica. Ciononostante, il Brunei \u00e8 impegnato a livello internazionale come membro dell&#039;ONU, dell&#039;OMC, del Commonwealth, dell&#039;ASEAN, dell&#039;OIC e del Movimento dei Paesi Non Allineati. Ha presieduto l&#039;APEC nel 2000, proiettando un&#039;immagine moderata nell&#039;area Asia-Pacifico, pur preservando la tranquillit\u00e0 interna.<\/p>\n\n\n\n<p>La vita sociale in Brunei si muove a un ritmo ponderato. L&#039;Islam, in particolare la scuola di giurisprudenza sunnita Shafi&#039;ita, \u00e8 la religione di stato; oltre l&#039;82% della popolazione si identifica come musulmano. La Sharia integra il diritto comune inglese e le punizioni \u2013 dalla fustigazione per alcuni reati alla (in teoria) pena di morte per reati gravi \u2013 sottolineano il rigido quadro giuridico dello stato. L&#039;alcol \u00e8 vietato in pubblico; i non musulmani possono importarne quantit\u00e0 limitate per uso privato e i ristoranti cinesi possono vendere carne di maiale con discrezione. Durante il Ramadan, la maggior parte dei ristoranti chiude il servizio diurno e il consumo di cibo o bevande in pubblico pu\u00f2 comportare multe salate. Le preghiere del venerd\u00ec interrompono le attivit\u00e0 per due ore e la vita notturna si sposta oltre confine, a Limbang, dove bar e club si rivolgono alla clientela brunei.<\/p>\n\n\n\n<p>Dal punto di vista etnico, il Brunei \u00e8 a maggioranza malese \u2013 secondo una stima di circa due terzi \u2013 con una minoranza cinese di circa il 10%, gruppi indigeni (Belait, Bisaya, Dusun, Kedayan, Lun Bawang, Murut, Tutong) e quasi il 26% di espatriati. L&#039;inglese prospera come lingua del commercio e dell&#039;istruzione dalla scuola primaria all&#039;universit\u00e0, coesistendo con il malese standard (scritto sia in latino che nella tradizionale scrittura jawi), il dialetto malese del Brunei, varie lingue cinesi e, in ambito religioso, l&#039;arabo. Queste componenti linguistiche riflettono la storica apertura del sultanato al commercio e alla cultura, nonostante la sua attuale reticenza verso l&#039;influenza straniera.<\/p>\n\n\n\n<p>L&#039;espressione culturale in Brunei \u00e8 discreta ma tangibile. Moschee di marmo bianco e cupole dorate punteggiano i profili urbani, mentre Kampong Ayer, il leggendario villaggio sull&#039;acqua, conserva uno stile di vita secolare su palafitte di legno. Musica tradizionale, tessitura e argenteria persistono all&#039;interno di istituzioni patrocinate dalla famiglia reale. La cucina offre piaceri semplici: il nasi katok \u2013 riso con pollo fritto e sambal \u2013 soddisfa anche chi ha un budget limitato; l&#039;ambuyat, un piatto a base di sago, richiede intingoli ritmici in salse piccanti. I vegetariani trovano rifugio nei ristoranti buddisti sud-asiatici o cinesi, sebbene questi si trovino fuori dai sentieri battuti. Il tarik e il kopi, serviti nelle bancarelle lungo la strada, conferiscono un tocco conviviale alla routine mattutina.<\/p>\n\n\n\n<p>Le interazioni quotidiane sono governate dalla monarchia islamica malese, pilastro fondante fin dall&#039;indipendenza. Il Sultano appare regolarmente sui media locali, emblema di una leadership sia temporale che spirituale. Eppure, sotto la volta dello sfarzo reale, espatriati e giovani brunei esprimono opinioni sfumate su sviluppo, identit\u00e0 ed equilibrio tra tradizione e cambiamento. Le leggi di lesa maest\u00e0 impongono cautela nel discorso pubblico, rafforzando la deferenza verso il palazzo. Ciononostante, tra gli ambienti pi\u00f9 fidati, si sviluppano conversazioni sulla politica regionale, sul ruolo dell&#039;Islam e sul ruolo del Brunei in un Sud-est asiatico in rapida evoluzione.<\/p>\n\n\n\n<p>Il paradosso del Brunei risiede nella giustapposizione di un&#039;enorme ricchezza materiale e di una contenuta apertura sociale. Le sue foreste rimangono in gran parte intatte, mentre le piattaforme petrolifere punteggiano i giacimenti offshore; le sue strade si estendono nella silenziosa natura tropicale; le sue moschee brillano accanto a modeste abitazioni in legno. In questo regno, la storia \u00e8 viva \u2013 nella recitazione misurata delle preghiere del venerd\u00ec, nel silenzioso orgoglio dei coltivatori di riso all&#039;alba, nella sala del trono intarsiata d&#039;oro del Sultano \u2013 e le aspirazioni future si agitano sotto un attento equilibrio. Il paese non ostenta le sue ricchezze come i petro-sceiccati mediorientali n\u00e9 si dissolve nella marea globale come Singapore, ma conserva una riserva, una promessa di serenit\u00e0 e ordine, che continua a plasmare il suo singolare percorso.<\/p>","protected":false},"excerpt":{"rendered":"<p>Il Brunei, formalmente noto come Brunei Darussalam, \u00e8 un paese compatto e prospero situato sulla costa settentrionale del Borneo, nel sud-est asiatico. Con una popolazione di 455.858 abitanti (al 2023), questo stato sovrano si distingue come l&#039;unica nazione indipendente situata interamente sull&#039;isola del Borneo. Con una popolazione di quasi 180.000 abitanti, Bandar Seri Begawan, la capitale e citt\u00e0 pi\u00f9 grande, funge da centro politico e commerciale della nazione.<\/p>","protected":false},"author":1,"featured_media":5108,"parent":24063,"menu_order":0,"comment_status":"closed","ping_status":"closed","template":"elementor_theme","meta":{"_eb_attr":"","footnotes":""},"class_list":["post-15920","page","type-page","status-publish","has-post-thumbnail"],"_links":{"self":[{"href":"https:\/\/travelshelper.com\/it\/wp-json\/wp\/v2\/pages\/15920","targetHints":{"allow":["GET"]}}],"collection":[{"href":"https:\/\/travelshelper.com\/it\/wp-json\/wp\/v2\/pages"}],"about":[{"href":"https:\/\/travelshelper.com\/it\/wp-json\/wp\/v2\/types\/page"}],"author":[{"embeddable":true,"href":"https:\/\/travelshelper.com\/it\/wp-json\/wp\/v2\/users\/1"}],"replies":[{"embeddable":true,"href":"https:\/\/travelshelper.com\/it\/wp-json\/wp\/v2\/comments?post=15920"}],"version-history":[{"count":0,"href":"https:\/\/travelshelper.com\/it\/wp-json\/wp\/v2\/pages\/15920\/revisions"}],"up":[{"embeddable":true,"href":"https:\/\/travelshelper.com\/it\/wp-json\/wp\/v2\/pages\/24063"}],"wp:featuredmedia":[{"embeddable":true,"href":"https:\/\/travelshelper.com\/it\/wp-json\/wp\/v2\/media\/5108"}],"wp:attachment":[{"href":"https:\/\/travelshelper.com\/it\/wp-json\/wp\/v2\/media?parent=15920"}],"curies":[{"name":"wp","href":"https:\/\/api.w.org\/{rel}","templated":true}]}}