{"id":15457,"date":"2024-09-21T12:44:01","date_gmt":"2024-09-21T12:44:01","guid":{"rendered":"https:\/\/travelshelper.com\/staging\/?page_id=15457"},"modified":"2026-03-11T21:44:48","modified_gmt":"2026-03-11T21:44:48","slug":"turkmenistan","status":"publish","type":"page","link":"https:\/\/travelshelper.com\/it\/destinations\/asia\/turkmenistan\/","title":{"rendered":"Turkmenistan"},"content":{"rendered":"<p>Incastonato tra le acque increspate del Mar Caspio e le aspre vette delle catene montuose del Kopet Dag e del Koytendag, si trova il Turkmenistan, terra di deserti silenziosi e antiche oasi, di scintillanti capitali di marmo e di fatiscenti fortezze carovaniere. Pochi paesi dell&#039;Asia centrale suscitano altrettanto fascino di questa repubblica di circa sette milioni di anime, dove il vasto deserto del Karakum domina oltre quattro quinti del paesaggio e dove lo stato moderno si sforza di conciliare la sua eredit\u00e0 sovietica, il governo autoritario e l&#039;ambiziosa modernizzazione alimentata a gas con la duratura austerit\u00e0 del deserto.<\/p>\n<p>Dai suoi albori come importante via di comunicazione lungo le arterie della Via della Seta fino al suo attuale status di uno dei maggiori detentori di gas naturale del pianeta, il Turkmenistan ha assistito all&#039;ascesa e al declino di imperi, alla crescita e al declino di citt\u00e0 grazie al commercio e alla successiva rovina, e a governanti i cui capricci hanno plasmato sia gli skyline urbani sia la vita quotidiana dei cittadini.<\/p>\n<p>Con una superficie di circa 488.100 chilometri quadrati, leggermente pi\u00f9 piccola della Spagna, il Turkmenistan si trova in un crocevia di placche tettoniche e condizioni climatiche estreme. A nord, le distese pianeggianti della depressione del Turan cedono il passo all&#039;altopiano di Ustyurt; a sud, il Kopet Dag si protende verso il cielo formando un muro di confine condiviso con l&#039;Iran, dove vette come il Kuh\u2011e Rizeh raggiungono quasi i 2.912 metri. Verso est, le vette alpine degli altipiani di Koytendag e Paropamyz culminano nell&#039;Ayrybaba (3.137 m), il punto pi\u00f9 alto del paese. Grandi fiumi \u2013 l&#039;Amu Darya, il Murghab, il Tejen e l&#039;Atrek \u2013 solcano oasi attraverso questa brulla topografia, ma le loro acque raramente saziano la sete del deserto.<\/p>\n<p>Le precipitazioni sono scarse. Le precipitazioni annue spesso scendono sotto i 12 millimetri nel cuore del Karakum; la sabbia chiara del deserto si estende sotto oltre 235 giorni sereni all&#039;anno, cuocendo sotto le termiche estive che possono superare i 50 \u00b0C. Gli inverni sono brevi e asciutti, fatta eccezione per i rovesci che da gennaio a maggio scivolano gi\u00f9 dall&#039;umidit\u00e0 atlantica, impallidendo contro le montagne meridionali che bloccano il calore dell&#039;Oceano Indiano. Questo clima spietato ha plasmato sia la flora \u2013 sette distinte ecoregioni che vanno dalle foreste ripariali lungo l&#039;Amu alla macchia semidesertica sottolineata dal Kopet Dag \u2013 sia lo spirito umano che persiste qui.<\/p>\n<p>Molto prima dei confini moderni, le citt\u00e0-oasi del Turkmenistan sostenevano il commercio carovaniero tra Oriente e Occidente. Merv, arroccata sul fiume Murghab, un tempo era tra le metropoli pi\u00f9 grandi del mondo, e le sue mura ospitavano studiosi e mercanti durante l&#039;et\u00e0 dell&#039;oro islamica. A ovest si trovano Nisa e Gonur Depe, vestigia di palazzi partici e insediamenti dell&#039;et\u00e0 del bronzo. A sud di Ashgabat, le rovine cinte da mura di Anau e Jeitun ricordano i pionieri mesolitici che per primi sfruttarono le falde acquifere sotterranee. Con il passaggio di orde mongole, satrapi persiani e conquistatori arabi, le culture si sovrapposero, forgiando l&#039;eredit\u00e0 plurale della regione.<\/p>\n<p>Nel 1881, l&#039;Impero russo annesse le terre turkmene. Nel 1925, i pianificatori sovietici avevano istituito la RSS Turkmena, legando la produzione di cotone e gas ai piani economici di Mosca. Un devastante terremoto nel 1948 rase al suolo Ashgabat, che fu poi ricostruita in cemento stalinista. Con il crollo dell&#039;Unione Sovietica nel 1991, il Turkmenistan dichiar\u00f2 l&#039;indipendenza, ma lo stato che ne emerse assomigliava pi\u00f9 a un feudo personale che a una democrazia liberale.<\/p>\n<p>Saparmurat Niyazov, autoproclamato &#034;T\u00fcrkmenba\u015fy&#034;, ha presieduto il Turkmenistan dall&#039;indipendenza fino al 2006. I suoi eccentrici decreti \u2013 il divieto delle auto nere, considerate di cattivo auspicio, la prescrizione obbligatoria della lettura personale dei suoi testi meditativi nelle scuole, e persino la messa al bando dei cani nella capitale \u2013 sono stati applicati attraverso un apparato di sicurezza che non tollerava alcun dissenso. Il suo successore, Gurbanguly Berdimuhamedow, ha mantenuto la presa, estendendo il potere ereditario nel 2022 al figlio Serdar, dopo elezioni denunciate dagli osservatori internazionali come n\u00e9 libere n\u00e9 eque. Giornalisti e praticanti religiosi rimangono soggetti a sorveglianza e i diritti delle minoranze ricevono scarsa tutela. Il Turkmenistan si colloca costantemente tra i regimi pi\u00f9 severi negli indici della stampa e dei diritti umani a livello mondiale.<\/p>\n<p>Sotto le sabbie del deserto si trovano le quarte riserve di gas pi\u00f9 grandi al mondo; in teoria, questa dotazione potrebbe trasformare le sorti del Paese. Dal 1993 al 2019, i residenti hanno beneficiato di elettricit\u00e0, acqua e gas sovvenzionati dallo Stato. Dopo il 2019, i sussidi sono cessati e il manat, ufficialmente legato al dollaro USA a 3,5, \u00e8 sceso a quasi 19 o 20 sul mercato nero, un forte indicatore di difficolt\u00e0 economiche. Il cotone rimane il secondo pilastro delle esportazioni, sebbene il crollo dei prezzi mondiali e il debito estero abbiano portato a deficit commerciali cronici dal 2015.<\/p>\n<p>Gli sforzi per diversificare includono iniziative turistiche come Avaza, una &#034;zona turistica&#034; del Mar Caspio con hotel e lungomare ispirati agli sviluppi degli stati del Golfo, sebbene privi di investimenti stranieri. Nel 2022, il governo ha ordinato lo spegnimento della fiamma del cratere di gas di Darvaza, soprannominato la &#034;Porta dell&#039;Inferno&#034;, dando priorit\u00e0 all&#039;esportazione di gas rispetto al fascino che attirava i viaggiatori pi\u00f9 audaci verso quella voragine infuocata.<\/p>\n<p>Ashgabat, la capitale tentacolare, abbaglia con le sue facciate in marmo bianco, un&#039;imponente asta portabandiera e l&#039;imponente Torre del Turkmenistan, il tutto adagiato sulle pendici meridionali. Oltre la sua scintillante oasi si ergono i centri provinciali: i terminal petroliferi di Turkmenbashi sulla costa del Mar Caspio; le dolci dune di Mary a guardia delle rovine della Via della Seta; i teatri neoclassici e i bazar dal sapore uzbeko di Da\u015foguz; e le arterie fluviali di Turkmenabat.<\/p>\n<p>Le autostrade moderne ricalcano i tracciati sovietici: la M37, collegamento ovest-est, si estende da Turkmenbashi attraverso Ashgabat, Mary e Turkmenabat, mentre un&#039;autostrada nord-sud collega Ashgabat a Da\u015foguz. Strade a pedaggio e nuovi ponti stanno emergendo sotto la direzione di imprese edili statali, sebbene i progetti siano stati bloccati a causa del mancato pagamento delle imprese straniere. Le linee ferroviarie \u2013 vestigia della ferrovia Transcaspica \u2013 servono passeggeri nazionali e merci alla rinfusa; un progetto di diramazione afghana verso Herat preannuncia un futuro collegamento regionale.<\/p>\n<p>I voli si concentrano sull&#039;aeroporto internazionale di Ashgabat, con piste nazionali in ogni capoluogo di provincia. Turkmenistan Airlines, l&#039;unica compagnia aerea, offre voli di linea verso Mosca, Dubai, Istanbul e altre destinazioni, oltre che verso gli aeroporti provinciali, ora modernizzati per esigenze di trasporto merci e quarantena. In mare, il porto di Turkmenbashi, ampliato, gestisce traghetti per Baku, merci per Aktau e petroliere dirette ai mercati globali.<\/p>\n<p>Ufficialmente popolato da turkmeni (circa l&#039;85%), insieme a uzbeki, russi, kazaki e decine di altre minoranze, la diversit\u00e0 nascosta del Turkmenistan \u00e8 stata raramente svelata appieno; i dati del censimento dal 1995 rimangono poco chiari. Il turkmeno, una lingua turca affine al turco e all&#039;azero, \u00e8 la lingua di Stato, mentre il russo, un tempo dominante, \u00e8 in declino dopo il passaggio dall&#039;alfabeto post-sovietico a quello latino e la revoca del suo status interetnico nel 1996.<\/p>\n<p>Quasi il 93% dei cittadini si identifica come musulmano, prevalentemente sunnita, sebbene l&#039;osservanza sia spesso laica e l&#039;insegnamento del Corano, sancito dallo Stato, avvenga sotto stretta supervisione. L&#039;ortodossia orientale persiste tra le comunit\u00e0 slave. La rinascita religiosa dal 1990 \u00e8 stata attentamente guidata dallo Stato e solo una manciata di facolt\u00e0 teologiche opera sotto l&#039;egida universitaria.<\/p>\n<p>Gli architetti turkmeni affrontano la sfida di integrare il design contemporaneo con gli ambienti storici. I progetti monumentali di Ashgabat, dal Centro Culturale Alem ai sontuosi complessi governativi, si basano su rivestimenti in marmo bianco, colonne colossali e simmetria neoclassica. Eppure, oltre la capitale, antiche fortezze e mausolei \u2013 Ahmed Sanjar a Merv, il Mausoleo di Parau-Ata \u2013 testimoniano l&#039;artigianato medievale, l&#039;intricata muratura in mattoni e la solenne geometria dell&#039;arte funeraria islamica.<\/p>\n<p>L&#039;ingresso richiede un visto e, per la maggior parte dei cittadini, il supporto di un&#039;agenzia autorizzata. I viaggi indipendenti sono vietati; ogni straniero si muove entro i limiti di un tour guidato. Le tariffe degli alloggi riflettono lo status del Turkmenistan come avamposto pi\u00f9 costoso dell&#039;Asia centrale: le doppie standard costano circa 30 dollari a notte, le camere comfort di fascia media 60 dollari e i ristoranti di Ashgabat costano circa 20 dollari a pasto. Dal 2017, ai prezzi degli hotel viene aggiunta una &#034;tassa di soggiorno&#034; giornaliera di 2 dollari.<\/p>\n<p>La valuta locale, il manat (TMT), \u00e8 divisa in 100 tenge. Le monete \u2013 da 1, 2, 5, 10, 20 e 50 tenge, oltre a quelle da 1 e 2 manat \u2013 circolano insieme ai dollari statunitensi, accettati negli hotel e negli aeroporti internazionali. L&#039;uso delle carte di credito \u00e8 scarso al di fuori dei principali hotel e banche, con sportelli bancomat limitati ad alcune sedi di Ashgabat. Si raccomanda ai turisti di cambiare solo l&#039;importo necessario in manat, poich\u00e9 la conversione in uscita \u00e8 impossibile.<\/p>\n<p>La societ\u00e0 turkmena apprezza la cortesia e il mantenimento della dignit\u00e0. Gli ospiti si tolgono le scarpe entrando in casa e portano doni modesti ai padroni di casa. Il pane, spesso offerto cerimonialmente, pu\u00f2 essere accettato con entrambe le mani; il rifiuto pu\u00f2 causare profonda offesa. Le superstizioni persistono: si dice che fischiare in casa attiri la sfortuna; in certi giorni \u00e8 proibito per tradizione tagliarsi o pulire le unghie.<\/p>\n<p>Criticare apertamente la leadership o la politica \u00e8 pericoloso. Il nome Berdimuhamedow incute rispetto sia nel dibattito pubblico che nell&#039;immagine ufficiale. Fotografare siti strategici \u2013 edifici governativi, installazioni militari, valichi di frontiera \u2013 \u00e8 vietato e la polizia applica rigorosamente tali divieti. La polizia stessa ha la reputazione di molestare sia i cittadini che gli stranieri; la corruzione \u00e8 comune e qualsiasi scontro si disinnesca al meglio con la condiscendenza e la calma.<\/p>\n<p>Viaggiare su strada comporta i suoi rischi. Gli automobilisti spesso ignorano il codice della strada; i taxi sono privi di dispositivi di sicurezza e le autostrade sono disseminate di posti di blocco non segnalati. I turisti dovrebbero prenotare veicoli privati \u200b\u200bpresso agenzie autorizzate piuttosto che chiamare i taxi locali.<\/p>\n<p>Oltre i viali marmorei della capitale, i tesori del Turkmenistan giacciono tra rovine silenziose e stranezze naturali. L&#039;antica Merv si dispiega in mura concentriche \u2013 Erk Kala, Sultan Kala \u2013 ogni epoca incisa in mattoni di fango sgretolati. I mausolei turchesi di Konye-Urgench si ergono tra distese sabbiose, mentre le colonne partiche di Nisa si affacciano sul Karakum. Le acque sotterranee e ricche di zolfo di Kow-Ata invitano i viaggiatori stanchi a bagni caldi sotto le basse volte delle grotte. Le riserve naturali \u2013 le sabbie desertiche di Repetek, i pendii scolpiti dai ginepri di K\u00f6pet Dag e le piane saline della costa del Mar Caspio \u2013 richiedono permessi con largo anticipo. E nel profondo del deserto, la scintillante voragine del cratere di Darvaza offre uno scenario al tempo stesso minaccioso e ipnotizzante.<\/p>\n<p>Il Turkmenistan resiste a facili caratterizzazioni. Il suo governo esercita il potere con il pugno di ferro, la sua popolazione affronta quotidianamente le restrizioni imposte dall&#039;austerit\u00e0 e dalla propaganda statali, eppure, al di l\u00e0 delle perfette strade della capitale, si celano secoli di impegno umano scolpiti nella pietra e nella terra. I visitatori che calpestano queste sabbie dovrebbero farlo con rispetto, umilt\u00e0 e consapevolezza della sottile linea che separa la meraviglia storica dal controllo contemporaneo. In queste aride distese \u2013 dove il vento di notte smuove il volto del deserto e i sopravvissuti si raccolgono attorno ai pozzi \u2013 il Turkmenistan rivela il suo paradosso: una terra di isolamento e apertura, di silenzio scandito dagli echi della storia e di bellezza nata da un implacabile rigore.<\/p>","protected":false},"excerpt":{"rendered":"<p>Situato nell&#039;Asia centrale, il Turkmenistan \u00e8 una nazione caratterizzata da contrasti e complessit\u00e0. Sebbene si classifichi al 35\u00b0 posto tra i paesi pi\u00f9 popolosi dell&#039;Asia, con una popolazione di oltre 7 milioni di abitanti, ironicamente \u00e8 tra i paesi meno popolati del continente. Questo affascinante paradosso prepara il terreno per una nazione il cui ricco passato si intreccia con le problematiche e le aspirazioni moderne, da sempre crocevia di imperi e culture.<\/p>","protected":false},"author":1,"featured_media":4331,"parent":24063,"menu_order":0,"comment_status":"closed","ping_status":"closed","template":"elementor_theme","meta":{"_eb_attr":"","footnotes":""},"class_list":["post-15457","page","type-page","status-publish","has-post-thumbnail"],"_links":{"self":[{"href":"https:\/\/travelshelper.com\/it\/wp-json\/wp\/v2\/pages\/15457","targetHints":{"allow":["GET"]}}],"collection":[{"href":"https:\/\/travelshelper.com\/it\/wp-json\/wp\/v2\/pages"}],"about":[{"href":"https:\/\/travelshelper.com\/it\/wp-json\/wp\/v2\/types\/page"}],"author":[{"embeddable":true,"href":"https:\/\/travelshelper.com\/it\/wp-json\/wp\/v2\/users\/1"}],"replies":[{"embeddable":true,"href":"https:\/\/travelshelper.com\/it\/wp-json\/wp\/v2\/comments?post=15457"}],"version-history":[{"count":0,"href":"https:\/\/travelshelper.com\/it\/wp-json\/wp\/v2\/pages\/15457\/revisions"}],"up":[{"embeddable":true,"href":"https:\/\/travelshelper.com\/it\/wp-json\/wp\/v2\/pages\/24063"}],"wp:featuredmedia":[{"embeddable":true,"href":"https:\/\/travelshelper.com\/it\/wp-json\/wp\/v2\/media\/4331"}],"wp:attachment":[{"href":"https:\/\/travelshelper.com\/it\/wp-json\/wp\/v2\/media?parent=15457"}],"curies":[{"name":"wp","href":"https:\/\/api.w.org\/{rel}","templated":true}]}}