{"id":15411,"date":"2024-09-20T23:46:15","date_gmt":"2024-09-20T23:46:15","guid":{"rendered":"https:\/\/travelshelper.com\/staging\/?page_id=15411"},"modified":"2026-03-11T18:34:23","modified_gmt":"2026-03-11T18:34:23","slug":"mongolia","status":"publish","type":"page","link":"https:\/\/travelshelper.com\/it\/destinations\/asia\/mongolia\/","title":{"rendered":"Mongolia"},"content":{"rendered":"<p>La Mongolia occupa una vasta distesa dell&#039;entroterra asiatico, un territorio sovrano di circa 1.564.116 chilometri quadrati senza accesso a mari o laghi. Confinante a nord con la Russia e a sud e sud-est con la Cina, \u00e8 la pi\u00f9 grande nazione senza sbocco sul mare non adiacente a un mare interno. Il suo territorio si dispiega a tratti ampi: praterie ondulate attraversano l&#039;altopiano centrale, mentre catene montuose si innalzano a nord e a ovest, e il deserto del Gobi \u2013 una distesa di pascoli pi\u00f9 che un arido mare di sabbia \u2013 si estende lungo le sue propaggini meridionali. Con una popolazione totale che supera di poco i 3,5 milioni di abitanti, la Mongolia detiene il record per la pi\u00f9 bassa densit\u00e0 di popolazione tra gli stati indipendenti. Met\u00e0 dei suoi abitanti risiede a Ulan Bator, la capitale pi\u00f9 fredda del mondo, lasciando il territorio rimanente notevolmente aperto e scarsamente abitato.<\/p>\n\n\n\n<p>L&#039;estremit\u00e0 pi\u00f9 orientale della Mongolia si trova a circa 120\u00b0 di longitudine est, allineandosi approssimativamente con Hangzhou in Cina, mentre il suo confine occidentale si avvicina a 87\u00b0 est, quasi la longitudine di Calcutta. La sua estensione latitudinale, da circa 41\u00b0 N a poco oltre 52\u00b0 N, colloca il paese tra i paralleli di Roma e Berlino, o tra Chicago e Saskatoon. Eppure, questi riferimenti geografici smentiscono gli estremi climatici che caratterizzano la vita su questo altopiano. Le precipitazioni annuali diminuiscono da nord a sud, da circa 200-350 millimetri negli altopiani boscosi a soli 40 millimetri in alcune zone del Gobi. Gli inverni portano un implacabile anticiclone siberiano, che in alcune valli porta temperature inferiori a -30 \u00b0C, mentre le estati possono portare un caldo intenso e, al di fuori del deserto, piogge torrenziali.<\/p>\n\n\n\n<p>La storia umana della Mongolia risale a millenni di confederazioni nomadi. Prima dell&#039;ascesa di Gengis Khan nel 1206, le steppe furono governate in epoche diverse dagli Xiongnu, dagli Xianbei, dai Rouran e dai successivi khaganati turchi e uiguri. Quando Tem\u00fcjin \u2013 in seguito Gengis Khan \u2013 unific\u00f2 i Mongoli, diede avvio alla creazione di quello che sarebbe diventato il pi\u00f9 grande impero territoriale contiguo della storia. Sotto il suo nipote Kublai Khan, la Cina vera e propria cadde e si instaur\u00f2 la dinastia Yuan. Dopo il crollo della dinastia Yuan nel 1368, le fazioni mongole tornarono a rivaleggiare internamente fino a quando le ere di Dayan Khan e Tumen Zasagt Khan portarono a una relativa coesione nel XVI secolo.<\/p>\n\n\n\n<p>Fu anche durante il XVI secolo che il buddhismo tibetano si radic\u00f2 tra i Mongoli. Sotto il patrocinio della dinastia Qing, che annesse la Mongolia Esterna nel XVII secolo, le istituzioni monastiche fiorirono: all&#039;inizio del XX secolo, un uomo adulto su tre viveva come monaco buddista. La caduta della dinastia Qing nel 1911 apr\u00ec la strada a una dichiarazione d&#039;indipendenza; la piena autonomia fu assicurata nel 1921, seguita dall&#039;istituzione di una repubblica socialista allineata ai Sovietici nel 1924. Con la pacifica rivoluzione democratica del 1990 e la promulgazione di una nuova costituzione due anni dopo, la Mongolia abbracci\u00f2 un sistema multipartitico e avvi\u00f2 la transizione verso un&#039;economia di mercato.<\/p>\n\n\n\n<p>Oggi, circa il trenta per cento dei mongoli conduce un&#039;esistenza nomade o semi-nomade. I cavalli rimangono il fulcro della mobilit\u00e0 e della cultura; le tradizionali ger in feltro (conosciute in inglese come yurte) ospitano famiglie in movimento, legate a mandrie di pecore, capre, bovini, cavalli o cammelli. Sebbene i templi in ger si siano evoluti in grandi monasteri in mattoni e travi nel XVI e XVII secolo, la forma cilindrica e i rivestimenti in feltro permangono come emblema della vita mongola. Le lamaserie spesso nascevano da gruppi di ger, per poi espandersi in sale esagonali o dodecagonali sormontate da tetti piramidali \u2013 approssimazioni della curvatura di una ger \u2013 prima di sviluppare basi quadrilatere e coperture a forma di tendone.<\/p>\n\n\n\n<p>Dal punto di vista etnico, la Mongolia \u00e8 in gran parte omogenea: i mongoli etnici costituiscono circa il 95% della popolazione, con il sottogruppo dei Khalkha che rappresenta l&#039;86% di tale maggioranza. Le minoranze turche, tra cui kazaki e tuvani, costituiscono circa il 4,5%, mentre russi, cinesi, coreani e americani formano contingenti pi\u00f9 piccoli. Linguisticamente, la lingua di stato \u00e8 il mongolo, membro della famiglia linguistica mongolica, standardizzata sul dialetto dei Khalkha. Il kazako predomina nell&#039;aimag del Bayan-\u00d6lgii e il tuvano in alcune parti del Kh\u00f6vsg\u00f6l. Dagli anni &#039;40, il mongolo \u00e8 stato scritto in cirillico; in seguito alla transizione democratica, si \u00e8 assistito a una modesta ripresa della tradizionale scrittura verticale, ufficialmente ripristinata nel 2025 per uso legale e amministrativo accanto al cirillico, sebbene l&#039;uso quotidiano rimanga in gran parte limitato a contesti cerimoniali.<\/p>\n\n\n\n<p>La religione in Mongolia riflette strati di credenze: il Buddhismo Vajrayana \u00e8 professato da poco pi\u00f9 del cinquanta per cento della popolazione adulta, mentre il quaranta per cento si identifica come non religioso. Le pratiche sciamaniche persistono come substrato culturale e l&#039;Islam, principalmente tra i kazaki, rappresenta circa il tre per cento. L&#039;intreccio di rituali buddisti e sciamanici continua a plasmare le cerimonie comunitarie e individuali, dalle offerte stagionali alle sepolture celesti nelle valli remote.<\/p>\n\n\n\n<p>L&#039;economia della Mongolia attinge al suo patrimonio pastorale e alla sua ricchezza mineraria. Allevamento e agricoltura insieme rappresentano circa il sedici percento del PIL; l&#039;attivit\u00e0 mineraria \u2013 concentrata su rame, carbone, molibdeno, stagno, tungsteno e oro \u2013 contribuisce per circa il ventidue percento. La sola produzione di cashmere rappresenta un quinto della produzione mondiale di materie prime. Anche il commercio all&#039;ingrosso e al dettaglio, i servizi, i trasporti, lo stoccaggio e il settore immobiliare occupano quote significative nella composizione economica. Tuttavia, accanto a questi settori formali, un&#039;economia informale \u2013 che si stima rappresenti almeno un terzo del PIL ufficiale \u2013 pervade la vita rurale e urbana.<\/p>\n\n\n\n<p>Il commercio estero del Paese \u00e8 fortemente orientato verso la Cina, che assorbe quasi l&#039;80% delle esportazioni, fornendo poco pi\u00f9 di un terzo delle importazioni. Nel 2023, la crescita del PIL reale della Mongolia ha raggiunto il 7%, trainata in gran parte dalla produzione record di carbone per il mercato cinese; la riduzione dei costi globali di cibo e carburante ha contribuito a contenere l&#039;inflazione a circa il 7% all&#039;inizio del 2024. Nonostante un robusto aumento dei volumi di importazione, \u00e8 stato registrato un surplus delle partite correnti, sebbene il calo dei prezzi delle materie prime potrebbe modificare l&#039;equilibrio negli anni a venire. La Banca Mondiale considera promettenti le prospettive a medio termine della Mongolia, mitigate dalle pressioni inflazionistiche, dalle fluttuazioni della domanda esterna e dai rischi fiscali legati alle passivit\u00e0 potenziali. Secondo la Banca Asiatica di Sviluppo, circa il 27% dei mongoli viveva al di sotto della soglia di povert\u00e0 nazionale nel 2022, mentre il PIL pro capite si attestava su quasi 12.000 dollari USA.<\/p>\n\n\n\n<p>L&#039;infrastruttura finanziaria include la Borsa Mongola, fondata nel 1991. Nel 2024, quotava circa 180 societ\u00e0 con una capitalizzazione di mercato complessiva di circa 3,2 miliardi di dollari USA. L&#039;International Finance Corporation classifica la Mongolia all&#039;ottantunesimo posto a livello mondiale per facilit\u00e0 di fare impresa. I servizi di credito e bancari sono concentrati a Ulan Bator e in alcuni centri provinciali, lasciando molte comunit\u00e0 regionali dipendenti da prestiti informali o baratto.<\/p>\n\n\n\n<p>Le arterie di trasporto attraversano l&#039;immensit\u00e0 del paese. La Ferrovia Transmongola collega la linea Transiberiana a Ulan-Ude in Russia, attraversa Ulan Bator e prosegue verso sud per collegarsi alle reti ferroviarie cinesi a Erenhot. Un collegamento merci separato dai giacimenti di carbone di Tavan Tolgoi al confine con la Cina si estende per circa 233 chilometri. Le strade oltre i corridoi asfaltati di Ulan Bator tendono a essere sterrate o semplici piste; i percorsi asfaltati si estendono verso ovest e verso est lungo la Strada del Millennio, fino ai confini russo e cinese e tra le principali citt\u00e0. I \u200b\u200bprogetti di costruzione di strade mirano a migliorare la connettivit\u00e0, ma esistono solo circa 4.800 chilometri di strade asfaltate, di cui 1.800 chilometri completati solo nel 2013.<\/p>\n\n\n\n<p>I voli aerei servono sia le esigenze nazionali che internazionali. L&#039;Aeroporto Internazionale Gengis Khan, circa cinquantadue chilometri a sud di Ulan Bator, \u00e8 il principale punto di accesso. Voli diretti collegano la Mongolia con Corea del Sud, Cina, Thailandia, Hong Kong, Giappone, Russia, Germania e Turchia. MIAT Mongolian Airlines opera rotte internazionali; compagnie aeree come Aero Mongolia e Hunnu Airlines offrono servizi nazionali e regionali.<\/p>\n\n\n\n<p>Amministrativamente, la Mongolia \u00e8 divisa in ventuno aimag (province) e una municipalit\u00e0 provinciale, Ulaanbaatar. Ogni aimag comprende diversi soum (sottoprovince), che in genere contano da quindici a ventidue per provincia. Culturalmente e geograficamente, il paese pu\u00f2 essere suddiviso in cinque regioni: la Mongolia Centrale (che comprende Ulaanbaatar e Arkhangai), la Mongolia Orientale (il cuore della steppa e luogo di nascita di Gengis Khan), il Gobi, la Mongolia Settentrionale (le alture boscose e il lago Kh\u00f6vsg\u00f6l) e la Mongolia Occidentale (le diverse trib\u00f9 attorno al lago Uvs e al massiccio del Tavan Bogd).<\/p>\n\n\n\n<p>Il massiccio del Tavan Bogd, nell&#039;estremo ovest della Mongolia, raggiunge il suo apice con il picco Kh\u00fciten (4.374 m). Nelle vicinanze, il lago Uvs e il bacino circostante, condivisi con la Repubblica russa di Tuva, costituiscono un sito patrimonio dell&#039;umanit\u00e0 UNESCO. Il lago Kh\u00f6vsg\u00f6l, un vasto specchio d&#039;acqua dolce a nord, offre scenari alpini e ospita specie acquatiche uniche come il gambero siberiano. I fiumi Onon e Kherlen, affluenti orientali del bacino dell&#039;Amur, ospitano la lampreda di ruscello orientale, il gambero di fiume dauriano e l&#039;ostrica perlifera. Episodi di freddo estremo, noti localmente come zud, decimano periodicamente il bestiame, evidenziando la fragilit\u00e0 dei pascoli e la posta in gioco economica della pastorizia.<\/p>\n\n\n\n<p>La bandiera della Mongolia reca il simbolo del Soyombo: un emblema stilizzato di fuoco e sole che rappresenta sole, luna, stelle e cielo, tratto dalla cosmologia buddista. Questa icona appare anche sui portali delle ger, sulle monete e sugli edifici pubblici. A proposito di denaro, il t\u00f6gr\u00f6g mongolo (codice ISO MNT, segno \u20ae) circola in tagli da 1 a 20.000. All&#039;estero, il cambio valuta per il t\u00f6gr\u00f6g \u00e8 raro; si consiglia ai viaggiatori di portare con s\u00e9 dollari statunitensi per le spese pi\u00f9 importanti, sebbene il t\u00f6gr\u00f6g di piccolo taglio rimanga essenziale per le transazioni rurali.<\/p>\n\n\n\n<p>Le pratiche culinarie riflettono il clima e l&#039;economia pastorale. I latticini \u2013 byaslag (formaggio fresco), \u00f6r\u00f6m (panna rappresa) e aaruul (cagliata essiccata) \u2013 e la carne dominano la dieta. Buuz (ravioli di carne al vapore), khuushuur (focacce fritte ripiene di carne) e tsuivan (spaghetti saltati in padella con carne) costituiscono i piatti principali urbani, ognuno dei quali costa qualche migliaio di t\u00f6gr\u00f6g. I pastori rurali possono preparare il boodog, un arrosto di capra o marmotta cotto nella pelle dell&#039;animale con pietre riscaldate, o il khorkhog, in cui carne di montone, verdure e pietre calde sobbolliscono in un bollitore sigillato su un fuoco aperto. L&#039;airag \u2013 latte di cavalla fermentato \u2013 \u00e8 la bevanda tradizionale, mentre l&#039;arkhi \u2013 liquore di latte distillato \u2013 svolge funzioni sia medicinali che sociali. Sono ampiamente disponibili marche di vodka mongola come Chinggis Khaan, Soyombo e Golden Chinggis, cos\u00ec come birre locali e d&#039;importazione.<\/p>\n\n\n\n<p>I turisti incontrano poche strade ufficiali al di fuori dei centri principali; i viaggi via terra spesso comportano l&#039;attraversamento in auto della steppa aperta, escursioni a cavallo, carovane di cammelli nel Gobi o persino il ripercorrere tratti dell&#039;antica Via della Seta. Le sistemazioni spaziano dagli accampamenti di ger vicino a Ulan Bator ad alloggi essenziali nelle citt\u00e0 di provincia, con molti viaggiatori che scelgono di pernottare presso famiglie nomadi: un&#039;opportunit\u00e0 per condividere pasti a base di montone bollito e t\u00e8 al latte e per assistere al canto gutturale, alla caccia all&#039;aquila o a cerimonie sciamaniche. Gli amanti della fauna selvatica possono avvistare il cavallo di Przewalski nel Parco Nazionale di Khustain Nuruu, lo stambecco siberiano nell&#039;Altai Tavan Bogd o le migrazioni degli uccelli a Uvs Nuur.<\/p>\n\n\n\n<p>Le considerazioni sulla sicurezza includono condizioni meteorologiche imprevedibili, soprattutto in inverno, e cani da guardia vaganti nelle aree rurali. La mancanza di tombini nelle zone urbane e periurbane rappresenta un pericolo nascosto, soprattutto in caso di scarsa visibilit\u00e0. I \u200b\u200bvisitatori sono tenuti a rispettare la sensibilit\u00e0 locale, in particolare un marcato sentimento anti-cinese: riferimenti alla Mongolia Interna come Mongolia Meridionale o critiche alla politica cinese possono essere offensivi.<\/p>\n\n\n\n<p>La Mongolia rimane una delle ultime distese di terra aperta dove le tradizioni nomadi persistono su larga scala. Le sue cime e i suoi deserti, le sue steppe punteggiate di ger e le sue citt\u00e0 semi-sperse negli strati di inversione termica invernale formano insieme una nazione al tempo stesso antica e adattabile, plasmata dal clima, dalle conquiste e dalle culture resilienti della steppa. Qui, sotto la &#034;Terra del Cielo Azzurro&#034;, aspirazioni moderne e ritmi secolari coesistono in un paesaggio tanto formidabile quanto vasto.<\/p>","protected":false},"excerpt":{"rendered":"<p>La Mongolia, situata nell&#039;Asia orientale, \u00e8 una nazione senza sbocco sul mare con una popolazione di 3,5 milioni di abitanti. Si distingue per essere lo stato sovrano meno popolato al mondo, con una superficie di 1.564.116 chilometri quadrati. Questo vasto paese, situato tra la Russia a nord e la Cina a sud, presenta un territorio variegato che comprende steppe erbose, zone montuose e il famoso deserto del Gobi. La Mongolia, il pi\u00f9 grande paese senza sbocco sul mare e senza accesso a un mare chiuso, presenta un profilo geografico distintivo che ne ha influenzato la storia, la cultura e lo sviluppo.<\/p>","protected":false},"author":1,"featured_media":4234,"parent":24063,"menu_order":0,"comment_status":"closed","ping_status":"closed","template":"elementor_theme","meta":{"_eb_attr":"","footnotes":""},"class_list":["post-15411","page","type-page","status-publish","has-post-thumbnail"],"_links":{"self":[{"href":"https:\/\/travelshelper.com\/it\/wp-json\/wp\/v2\/pages\/15411","targetHints":{"allow":["GET"]}}],"collection":[{"href":"https:\/\/travelshelper.com\/it\/wp-json\/wp\/v2\/pages"}],"about":[{"href":"https:\/\/travelshelper.com\/it\/wp-json\/wp\/v2\/types\/page"}],"author":[{"embeddable":true,"href":"https:\/\/travelshelper.com\/it\/wp-json\/wp\/v2\/users\/1"}],"replies":[{"embeddable":true,"href":"https:\/\/travelshelper.com\/it\/wp-json\/wp\/v2\/comments?post=15411"}],"version-history":[{"count":0,"href":"https:\/\/travelshelper.com\/it\/wp-json\/wp\/v2\/pages\/15411\/revisions"}],"up":[{"embeddable":true,"href":"https:\/\/travelshelper.com\/it\/wp-json\/wp\/v2\/pages\/24063"}],"wp:featuredmedia":[{"embeddable":true,"href":"https:\/\/travelshelper.com\/it\/wp-json\/wp\/v2\/media\/4234"}],"wp:attachment":[{"href":"https:\/\/travelshelper.com\/it\/wp-json\/wp\/v2\/media?parent=15411"}],"curies":[{"name":"wp","href":"https:\/\/api.w.org\/{rel}","templated":true}]}}