{"id":15356,"date":"2024-09-20T22:59:13","date_gmt":"2024-09-20T22:59:13","guid":{"rendered":"https:\/\/travelshelper.com\/staging\/?page_id=15356"},"modified":"2026-03-11T18:51:31","modified_gmt":"2026-03-11T18:51:31","slug":"corea-del-nord","status":"publish","type":"page","link":"https:\/\/travelshelper.com\/it\/destinations\/asia\/north-korea\/","title":{"rendered":"Corea del Nord"},"content":{"rendered":"<p>La Corea del Nord, formalmente Repubblica Popolare Democratica di Corea (RPDC), occupa la met\u00e0 settentrionale di una penisola che si protende tra due grandi mari. Delimitata dal Mar Giallo a ovest e dal Mar del Giappone a est, i suoi confini terrestri seguono i corsi tortuosi dei fiumi Yalu (Amnok) e Tumen, dove Cina e Russia si trovano al di l\u00e0 delle acque. A sud si trova la Zona Demilitarizzata Coreana, una barriera di filo spinato e silenzio che separa Pyongyang da Seul. In questa terra di ripide catene montuose, picchi vulcanici e strette valli, la storia ha lasciato il suo segno tanto nella pietra quanto nell&#039;ideologia.<\/p>\n\n\n\n<h2 class=\"wp-block-heading\">Paesaggio e clima<\/h2>\n\n\n\n<p>Dai primi esploratori europei si diffuse l&#039;idea che questo territorio assomigliasse a &#034;un mare in tempesta&#034;, con le sue creste ondulate che si increspano su circa l&#039;80% del paese. La dorsale delle sue montagne sostiene tutte le vette della penisola sopra i 2.000 metri. Con i suoi 2.744 metri, il monte Paektu \u2013 una cima vulcanica venerata nei miti locali e intrecciata nelle narrazioni fondative dello stato \u2013 si erge al confine tra terra e cielo. Altre catene montuose, come l&#039;Hamgy\u014fng nel nord-est e gli altopiani centrali del Rangrim, cullano il cuore montano della nazione. Solo a ovest le pianure si espandono, attirando la maggior parte degli abitanti verso i campi e le citt\u00e0.<\/p>\n\n\n\n<p>Un clima continentale umido plasma le stagioni. I venti siberiani portano inverni sereni e rigidi, mentre le correnti monsoniche provenienti dal Pacifico ricoprono il territorio di caldo estivo e pioggia, di cui quasi tre quinti del totale annuo si verificano tra giugno e settembre. Primavere e autunni di transizione oscillano brevemente tra questi estremi, offrendo tregua e colori.<\/p>\n\n\n\n<p>I fiumi solcano le colline, in particolare lo Yalu, che scorre per quasi 800 chilometri prima di allargarsi in un delta verso la Cina. Un tempo le foreste ricoprivano quasi tutti i pendii; sebbene la pressione del disboscamento e dell&#039;uso del suolo le abbia messe a dura prova, oltre il 70% \u00e8 ancora verde, alimentando ecoregioni miste di latifoglie e conifere.<\/p>\n\n\n\n<h2 class=\"wp-block-heading\">Dagli antichi regni alla divisione moderna<\/h2>\n\n\n\n<p>La penisola coreana \u00e8 stata popolata fin dal Paleolitico inferiore e, gi\u00e0 nel primo millennio a.C., le sue propaggini settentrionali erano menzionate nei documenti cinesi. Nel corso dei secoli, i Tre Regni \u2013 Goguryeo, Baekje e Silla \u2013 si contesero la supremazia. L&#039;unificazione sotto Silla alla fine del VII secolo diede il via al regno equilibrato di Goryeo (918-1392), il cui nome sopravvive ancora oggi in &#034;Corea&#034;, e poi al lungo regno di Joseon (1392-1897).<\/p>\n\n\n\n<p>L&#039;Impero coreano (1897-1910) ebbe vita breve. Nel 1910, l&#039;annessione giapponese assorb\u00ec la penisola in una struttura coloniale che mirava a sopprimere la cultura, la lingua e la religione locali. Dopo la sconfitta del Giappone nel 1945, la Corea fu divisa lungo il 38\u00b0 parallelo. L&#039;Armata Rossa sovietica occup\u00f2 il nord della linea; gli Stati Uniti il \u200b\u200bsud. Nel 1948 emersero governi rivali: uno stato socialista allineato ai sovietici a nord e una repubblica allineata all&#039;Occidente a sud.<\/p>\n\n\n\n<h2 class=\"wp-block-heading\">Guerra, ricostruzione e l&#039;ascesa del Juche<\/h2>\n\n\n\n<p>Quando le forze nordcoreane attraversarono il confine nel giugno del 1950, il conflitto che ne segu\u00ec coinvolse truppe cinesi e forze delle Nazioni Unite. L&#039;armistizio del 1953 congel\u00f2 le linee del fronte vicino al confine originale, creando la zona demilitarizzata (DMZ) senza tuttavia lasciare traccia di alcun trattato di pace. In seguito alla guerra, la RPDC ricevette ingenti aiuti dalle altre nazioni socialiste, ricostruendo citt\u00e0 e industrie. Eppure, sotto gli slogan ufficiali si celavano i semi dell&#039;isolamento. Kim Il Sung, il primo leader supremo, intesseva la filosofia del Juche \u2013 l&#039;autosufficienza \u2013 in ogni aspetto del governo.<\/p>\n\n\n\n<p>Con il disgelo della Guerra Fredda negli anni &#039;80, i legami della Corea del Nord con i suoi ex protettori si logorarono. Il crollo dell&#039;Unione Sovietica nel 1991 acceler\u00f2 la contrazione economica. Tra il 1994 e il 1998, la carestia colp\u00ec il Paese, aggravata dalle inondazioni e dall&#039;inefficienza sistemica; centinaia di migliaia di persone perirono e la malnutrizione plasm\u00f2 una generazione. Nonostante la graduale ripresa, l&#039;obiettivo ufficiale dello Stato rimase lo stesso: un&#039;economia pianificata centralmente, la propriet\u00e0 statale di tutte le imprese e l&#039;agricoltura collettivizzata.<\/p>\n\n\n\n<h2 class=\"wp-block-heading\">Sistema politico e societ\u00e0<\/h2>\n\n\n\n<p>L&#039;attuale RPDC \u00e8 uno stato totalitario ereditario, incentrato su un culto dinastico della personalit\u00e0. Il potere \u00e8 detenuto dalla famiglia Kim e dal Partito dei Lavoratori di Corea, mentre l&#039;ideologia nazionale fonde i modelli marxisti-leninisti con il kimilsungismo e il kimjongilismo. Le elezioni si svolgono, ma non offrono una vera scelta: i candidati si presentano senza opposizione e i voti confermano risultati predeterminati.<\/p>\n\n\n\n<p>Ogni aspetto della vita \u2013 alloggio, assistenza sanitaria, istruzione, persino la distribuzione del cibo \u2013 \u00e8 amministrato dallo Stato. Attraverso un elaborato Songun, o politica &#034;militare al primo posto&#034;, le risorse vengono convogliate all&#039;Esercito Popolare Coreano, che \u00e8 tra i pi\u00f9 grandi al mondo, con oltre 1,2 milioni di effettivi attivi e un arsenale nucleare in crescita. Osservatori esterni considerano la situazione dei diritti umani del regime tra le peggiori al mondo.<\/p>\n\n\n\n<p>La societ\u00e0 \u00e8 strutturata dal songbun, un sistema di tipo castale che traccia le storie familiari attraverso le generazioni per determinare lealt\u00e0 e accesso. I matrimoni seguono uno schema di famiglie allargate in modeste unit\u00e0 abitative di due stanze; il divorzio \u00e8 pressoch\u00e9 sconosciuto. Con una popolazione di circa 26 milioni nel 2025, il tasso di crescita demografica rimane basso \u2013 appena sopra lo zero \u2013 ostacolato dalle carestie passate, dai matrimoni tardivi dopo il servizio militare obbligatorio e dai problemi abitativi.<\/p>\n\n\n\n<h2 class=\"wp-block-heading\">Lingua, religione e patrimonio culturale<\/h2>\n\n\n\n<p>La lingua coreana unisce il nord e il sud, ma dialetto e vocabolario divergono. A Pyongyang, la &#034;lingua colta&#034; dell&#039;ex dialetto di Pyongan \u00e8 stata ripulita da prestiti linguistici stranieri e caratteri hanja, rafforzando l&#039;autosufficienza linguistica. In tutto il paese, si usa solo la scrittura Hangul.<\/p>\n\n\n\n<p>Sebbene ufficialmente ateo, la costituzione dello Stato garantisce nominalmente la libert\u00e0 religiosa. In pratica, il culto \u00e8 soggetto a rigidi limiti e il proselitismo \u00e8 vietato per impedire interferenze straniere. Un piccolo numero di chiese autorizzate a Pyongyang \u2013 tre protestanti, una cattolica e una ortodossa \u2013 funge principalmente da elemento di spicco. I sondaggi stimano che circa il 27% dei cittadini aderisca a credenze tradizionali \u2013 ch&#039;\u014fndoismo, sciamanesimo, buddismo \u2013 mentre meno dello 0,5% si identifica come cristiano o musulmano.<\/p>\n\n\n\n<p>La politica culturale abbandona gli elementi premoderni &#034;reazionari&#034; e reintroduce forme &#034;folkloristiche&#034; allineate allo spirito rivoluzionario. Oltre 190 siti e oggetti sono catalogati come tesori nazionali; altri 1.800 sono protetti come beni culturali. L&#039;UNESCO ha iscritto i monumenti e i siti storici di Kaes\u014fng e il complesso delle tombe di Kogury\u014f, le cui pitture murali rimandano ai riti funerari del regno di Goguryeo.<\/p>\n\n\n\n<h2 class=\"wp-block-heading\">Economia: pianificazione centrale, mercati e sanzioni<\/h2>\n\n\n\n<p>Dagli anni &#039;40, la Corea del Nord \u00e8 rimasta una delle economie pi\u00f9 centralizzate al mondo. Ha perseguito piani quinquennali volti all&#039;autosufficienza, sostenuta dagli aiuti dell&#039;URSS e della Cina. Negli anni &#039;60, sono emerse inefficienze: carenza di manodopera qualificata, colli di bottiglia energetici, terreni coltivabili limitati e macchinari obsoleti hanno eroso la crescita. Mentre l&#039;economia sudcoreana cresceva, quella del Nord ristagnava.<\/p>\n\n\n\n<p>All&#039;inizio degli anni &#039;90, il governo smise di annunciare piani economici formali. Cibo e alloggio sono ampiamente sovvenzionati; istruzione e assistenza sanitaria sono gratuite; le tasse furono abolite nel 1974. Nella capitale, grandi magazzini e supermercati offrono una vasta gamma di beni, ma la maggior parte dei cittadini acquista e vende nei mercati informali \u2013 i jangmadang \u2013 dove prospera il commercio su piccola scala. I tentativi del 2009 di sopprimere questi mercati, vietare la valuta estera e rivalutare il won hanno scatenato l&#039;inflazione e rare proteste pubbliche, costringendo a inversioni di rotta politiche.<\/p>\n\n\n\n<p>L&#039;industria e i servizi impiegano il 65% della forza lavoro. I settori principali includono la costruzione di macchinari, l&#039;estrazione mineraria, la metallurgia, la chimica e il tessile. L&#039;estrazione di minerali di ferro e carbone supera di dieci volte quella della Corea del Sud. Le prospezioni petrolifere offshore hanno rivelato riserve promettenti. L&#039;agricoltura, un tempo organizzata attraverso 3.500 cooperative e aziende agricole statali, ha sofferto di carenze croniche dopo i disastri degli anni &#039;90; riso, mais, soia e patate rimangono prodotti di base, integrati da pesca e acquacoltura. Appezzamenti specializzati producono ginseng, funghi matsutake ed erbe per la medicina tradizionale.<\/p>\n\n\n\n<p>Il turismo, sebbene limitato, \u00e8 stato un settore in crescita. La stazione sciistica di Masikryong e i progetti costieri di W\u014fnsan mirano ad attrarre visitatori, ma le chiusure delle frontiere dovute al COVID-19 tra il 2020 e il 2025 ne hanno interrotto lo slancio. Oggi, la nazione cerca di riaprire a condizioni rigorose.<\/p>\n\n\n\n<h2 class=\"wp-block-heading\">Trasporti e infrastrutture<\/h2>\n\n\n\n<p>Le linee ferroviarie si estendono per circa 5.200 chilometri, trasportando l&#039;80% dei passeggeri e l&#039;86% delle merci; blackout e scarsit\u00e0 di carburante spesso interrompono gli orari. Nel 2013 \u00e8 stata approvata una linea ad alta velocit\u00e0 che collegher\u00e0 Kaes\u014fng, Pyongyang e Sin\u016diju, sebbene i progressi rimangano poco chiari.<\/p>\n\n\n\n<p>Le strade totali superano i 25.000 chilometri, ma solo il 3% \u00e8 asfaltato; la manutenzione \u00e8 limitata. Le rotte fluviali e marittime gestiscono solo il 2% del trasporto merci, sebbene tutti i porti rimangano liberi dai ghiacci e una flotta di 158 navi percorra rotte costiere e internazionali. Ottantadue aeroporti e 23 eliporti servono principalmente voli militari o della compagnia statale Air Kory\u014f; l&#039;Aeroporto Internazionale di Pyongyang \u00e8 l&#039;unico punto di accesso per i viaggiatori civili provenienti da Cina o Russia. Le biciclette sono comuni; le auto sono rare.<\/p>\n\n\n\n<h2 class=\"wp-block-heading\">Vita quotidiana e cucina<\/h2>\n\n\n\n<p>I pasti ordinari si basano su riso, kimchi e banch&#039;an, contorni che includono verdure, zuppe e sottaceti. Okryugwan, il ristorante di punta di Pyongyang, \u00e8 famoso per i raengmy\u014fn (spaghetti freddi), la zuppa di triglia, lo stufato di costolette di manzo e le specialit\u00e0 stagionali raccolte dai team culinari che setacciano le campagne. Il soju, un distillato di riso o mais, rimane il liquore tradizionale.<\/p>\n\n\n\n<p>La mancanza di elettricit\u00e0 plasma la routine: i blackout possono verificarsi senza preavviso, spegnendo i lampioni, bloccando gli ascensori e bloccando i jukebox nelle piste da bowling. Nelle serate veglia della capitale, le sale karaoke pulsano di versioni insolite del pop anni &#039;80, canzoni folk approvate dallo stato e melodie militari: occasioni in cui gli ospiti devono fingere entusiasmo, anche se la polizia segreta ascolta. La Moranbong Band, composta interamente da donne e musicisti dell&#039;esercito, esegue pop in stile propagandistico in tutto il paese.<\/p>\n\n\n\n<h2 class=\"wp-block-heading\">Turismo: accesso, restrizioni ed etichetta<\/h2>\n\n\n\n<p>Gli stranieri possono entrare solo con tour organizzati, sempre accompagnati da guide della Korean International Travel Company o da agenzie partner selezionate in tutto il mondo. I visti vengono generalmente ottenuti a Pechino; i passaporti vengono trattenuti per la registrazione all&#039;arrivo. Dall&#039;inizio del 2025, la maggior parte degli occidentali visita la Zona Economica Speciale di Rason; gli itinerari che attraversano l&#039;intero Paese rimangono disponibili principalmente per i visitatori russi.<\/p>\n\n\n\n<p>I costi partono da circa 1.000 dollari per un pacchetto di cinque giorni da Pechino, comprensivo di alloggio, pasti e trasporto. I visitatori devono portare valuta estera (euro, renminbi cinese o dollari statunitensi), poich\u00e9 il won nordcoreano \u00e8 utilizzato solo per le transazioni di souvenir e nelle zone di confine. Il cambio a tassi non ufficiali pu\u00f2 superare di gran lunga le valutazioni ufficiali, ma il riciclaggio di won oltre confine \u00e8 vietato.<\/p>\n\n\n\n<p>Le guardie sorvegliano ogni fase: le fotografie ritenute poco lusinghiere devono essere cancellate sul posto; le macchine fotografiche vengono ispezionate all&#039;uscita. Il personale militare, le installazioni e alcuni monumenti, in particolare nella zona demilitarizzata, sono off-limits. A Pyongyang, gli ospiti si uniscono alla gente del posto in solenni omaggi alle statue in bronzo di Kim Il Sung e Kim Jong Il. Allontanarsi dalle aree sanzionate comporta l&#039;arresto, spesso senza un giusto processo.<\/p>\n\n\n\n<h2 class=\"wp-block-heading\">Punti salienti urbani e rurali<\/h2>\n\n\n\n<p>Pyongyang ne \u00e8 la vetrina: Piazza Kim Il Sung ospita parate militari sotto gli stendardi; la Grande Casa di Studio del Popolo ospita oltre trenta milioni di volumi, trasportati tramite nastro trasportatore. Un arco di trionfo, pi\u00f9 alto di quello parigino, simboleggia la fedelt\u00e0 al regime. Lo zoo, i musei e i ristoranti offrono scorci di vita quotidiana sotto gli occhi attenti.<\/p>\n\n\n\n<p>Fuori dalla capitale, Kaes\u014fng conserva le mura dell&#039;epoca di Goryeo e la tomba di Re Kongmin, patrimonio dell&#039;UNESCO. Il monte Kumgang e il Myohyangsan attraggono coloro a cui \u00e8 consentito passeggiare nelle foreste avvolte dalla nebbia e visitare antichi templi. L&#039;area di sicurezza congiunta della ZDC a Panmunj\u014fm rimane sia un gelido tunnel di tensione che un punto di riferimento di un conflitto congelato: una tappa obbligata per qualsiasi tour.<\/p>\n\n\n\n<p>Hamh\u016dng, Ch\u014fngjin e Namp&#039;o sono centri industriali, raramente accessibili ai viaggiatori occasionali. Nel nord-est, Rason \u00e8 una zona economica speciale e un&#039;enclave di casin\u00f2. W\u014fnsan, recentemente aperta al turismo limitato, vanta l&#039;unica stazione sciistica nordcoreana a Masikryong, oltre a panorami costieri.<\/p>\n\n\n\n<h2 class=\"wp-block-heading\">Continuit\u00e0 e contrasti culturali<\/h2>\n\n\n\n<p>La cultura coreana, temprata da secoli di dominio straniero e di reinvenzione ideologica, afferma la propria identit\u00e0 nell&#039;arte, nella musica e nel folklore. Le narrazioni ufficiali celebrano la lotta rivoluzionaria e la brillantezza della leadership, abbandonando al contempo tradizioni indesiderate. Eppure, nelle case e nei mercati, gli abitanti dei villaggi perpetuano antichi metodi agricoli, gli anziani sussurrano canti sciamanici e gli artigiani intagliano maschere per riti ancestrali: echi di un patrimonio che lo Stato al tempo stesso imbriglia e vincola.<\/p>\n\n\n\n<p>Tra le sue montagne e i suoi monumenti, le sue fabbriche pianificate e i suoi mercati non pianificati, la Corea del Nord rimane una nazione di contraddizioni. Al visitatore, offre uno scorcio di ordine sotto totale sorveglianza e di bellezza vincolata dall&#039;ideologia. Allo studioso, pone interrogativi sulla resilienza, l&#039;adattamento e il significato stesso della sovranit\u00e0. E per chi vi abita, \u00e8 casa: un luogo di storia profonda, dura realt\u00e0 e tracce inaspettate di umanit\u00e0 quotidiana.<\/p>","protected":false},"excerpt":{"rendered":"<p>La Corea del Nord, formalmente nota come Repubblica Popolare Democratica di Corea (RPDC), \u00e8 una nazione situata nell&#039;Asia orientale, che comprende la parte settentrionale della penisola coreana. Con circa 25 milioni di abitanti, confina a nord con Cina e Russia e a sud con la Corea del Sud. La capitale e citt\u00e0 pi\u00f9 grande del paese \u00e8 Pyongyang, che funge da centro politico, economico e culturale della nazione.<\/p>","protected":false},"author":1,"featured_media":4390,"parent":24063,"menu_order":0,"comment_status":"closed","ping_status":"closed","template":"elementor_theme","meta":{"_eb_attr":"","footnotes":""},"class_list":["post-15356","page","type-page","status-publish","has-post-thumbnail"],"_links":{"self":[{"href":"https:\/\/travelshelper.com\/it\/wp-json\/wp\/v2\/pages\/15356","targetHints":{"allow":["GET"]}}],"collection":[{"href":"https:\/\/travelshelper.com\/it\/wp-json\/wp\/v2\/pages"}],"about":[{"href":"https:\/\/travelshelper.com\/it\/wp-json\/wp\/v2\/types\/page"}],"author":[{"embeddable":true,"href":"https:\/\/travelshelper.com\/it\/wp-json\/wp\/v2\/users\/1"}],"replies":[{"embeddable":true,"href":"https:\/\/travelshelper.com\/it\/wp-json\/wp\/v2\/comments?post=15356"}],"version-history":[{"count":0,"href":"https:\/\/travelshelper.com\/it\/wp-json\/wp\/v2\/pages\/15356\/revisions"}],"up":[{"embeddable":true,"href":"https:\/\/travelshelper.com\/it\/wp-json\/wp\/v2\/pages\/24063"}],"wp:featuredmedia":[{"embeddable":true,"href":"https:\/\/travelshelper.com\/it\/wp-json\/wp\/v2\/media\/4390"}],"wp:attachment":[{"href":"https:\/\/travelshelper.com\/it\/wp-json\/wp\/v2\/media?parent=15356"}],"curies":[{"name":"wp","href":"https:\/\/api.w.org\/{rel}","templated":true}]}}