{"id":15241,"date":"2024-09-20T19:44:33","date_gmt":"2024-09-20T19:44:33","guid":{"rendered":"https:\/\/travelshelper.com\/staging\/?page_id=15241"},"modified":"2026-03-11T19:15:03","modified_gmt":"2026-03-11T19:15:03","slug":"filippine","status":"publish","type":"page","link":"https:\/\/travelshelper.com\/it\/destinations\/asia\/philippines\/","title":{"rendered":"Filippine"},"content":{"rendered":"<p>Le Filippine sono una repubblica-arcipelago di oltre 7.600 isole sparse nel Pacifico occidentale. Il suo territorio, di circa 300.000 chilometri quadrati, si estende per circa 1.850 chilometri dall&#039;isola di Luzon a nord fino a Mindanao a sud. Queste isole si dividono in tre gruppi principali: Luzon, Visayas e Mindanao. Le coste della nazione, che misurano complessivamente oltre 36.000 chilometri, sono delimitate dal Mar Cinese Meridionale, dal Mar delle Filippine e dal Mar di Celebes. I confini marittimi toccano Taiwan, Giappone, Palau, Indonesia, Malesia, Vietnam e Cina. Manila \u00e8 la capitale, mentre Quezon City, anch&#039;essa nell&#039;area metropolitana di Manila, detiene il titolo di citt\u00e0 pi\u00f9 popolosa. Con oltre 110 milioni di abitanti, le Filippine si collocano al dodicesimo posto nella popolazione mondiale.<\/p>\n\n\n\n<p>Il Monte Apo, la vetta pi\u00f9 alta del paese con i suoi 2.954 metri, si erge come sentinella sul Mindanao meridionale. Nel nord di Luzon, il fiume Cagayan scorre per oltre 520 chilometri prima di sfociare nel Canale di Babuyan. La Baia di Manila, sulle cui rive sorge la capitale, si collega tramite il fiume Pasig alla Laguna de Bay, il lago pi\u00f9 grande dell&#039;arcipelago. Il luogo si trova sul bordo occidentale dell&#039;Anello di Fuoco del Pacifico, dove si verificano cinque terremoti registrati ogni giorno. Sebbene la maggior parte dei terremoti passi inosservata, le isole hanno contato eventi di grande portata, tra cui il terremoto del Golfo di Moro del 1976 e il terremoto di Luzon del 1990. Ventitr\u00e9 vulcani rimangono attivi; Mayon, Taal, Canlaon e Bulusan sono i pi\u00f9 frequenti in termini di frequenza eruttiva.<\/p>\n\n\n\n<p>Sotto i suoi sconvolgimenti sismici, le Filippine celano ingenti ricchezze minerarie. La sua geologia offre giacimenti inesplorati di oro \u2013 secondi solo al Sudafrica \u2013 insieme a rame, palladio, nichel, cromo, molibdeno, platino e zinco. Eppure, le preoccupazioni ambientali e la resistenza sociale hanno lasciato ampie zone non sfruttate. In superficie, l&#039;arcipelago racchiude uno dei centri di biodiversit\u00e0 pi\u00f9 ricchi del pianeta. Le sue foreste ospitano circa 13.500 specie vegetali \u2013 3.500 endemiche \u2013 tra cui 8.000 piante da fiore e quasi un migliaio di orchidee. La fauna supera i 20.000 insetti, 686 specie di uccelli e pi\u00f9 di 500 specie di rettili e mammiferi, molte delle quali non presenti in nessun altro luogo. Gli ecosistemi marini, situati all&#039;interno del Triangolo dei Coralli, vantano la pi\u00f9 grande diversit\u00e0 di pesci costieri al mondo e oltre 3.200 specie ittiche registrate.<\/p>\n\n\n\n<p>Situate vicino all&#039;equatore, le Filippine hanno un clima marittimo tropicale con tre stagioni: un intervallo caldo e secco da marzo a maggio; piogge da giugno a novembre; e mesi pi\u00f9 freschi e secchi da dicembre a febbraio. Le precipitazioni annue variano drasticamente: fino a 5.000 mm sui pendii orientali esposti, meno di 1.000 mm nelle valli protette. I venti monsonici cambiano due volte l&#039;anno: l&#039;&#034;habagat&#034; da sud-ovest e l&#039;&#034;amihan&#034; da nord-est. Ogni anno, circa diciannove cicloni tropicali entrano nell&#039;Area di Responsabilit\u00e0 delle Filippine; in genere otto o nove toccano terra. I registri storici mostrano la tempesta pi\u00f9 violenta, con 2.210 mm di pioggia intorno a Baguio a met\u00e0 luglio del 1911. La vulnerabilit\u00e0 dell&#039;arcipelago a condizioni meteorologiche estreme e all&#039;innalzamento del livello del mare lo colloca tra le nazioni pi\u00f9 sensibili al clima al mondo.<\/p>\n\n\n\n<p>Per salvaguardare la sua ricchezza naturale, il governo ha designato oltre 200 aree protette che coprono oltre 7,7 milioni di ettari. Tre siti \u2013 la barriera corallina di Tubbataha, il fiume sotterraneo di Puerto Princesa e il Santuario della fauna selvatica del Monte Hamiguitan \u2013 sono Patrimonio dell&#039;umanit\u00e0 UNESCO. La riforestazione e il ripristino dell&#039;habitat hanno compiuto modesti progressi, in un contesto di deforestazione secolare, che ha ridotto la copertura forestale dal 70% nel 1900 a meno del 20% entro la fine del XX secolo.<\/p>\n\n\n\n<p>Molto prima del contatto con gli europei, le isole erano abitate dai Negritos. A loro seguirono ondate successive di marinai austronesiani che portarono con s\u00e9 credenze animistiche, seguite da idee induiste-buddiste e dalla cultura marziale dell&#039;Islam a sud. Dal IX secolo in poi, i legami commerciali con le dinastie cinesi portarono all&#039;arrivo e all&#039;integrazione di mercanti cinesi. Nel 1543, il navigatore spagnolo Ruy L\u00f3pez de Villalobos battezz\u00f2 le isole &#034;Las Islas Filipinas&#034; in onore di Filippo II di Castiglia. Nei tre secoli successivi, la Spagna consolid\u00f2 il cattolicesimo come fede dominante e fece di Manila un perno nel commercio via mare tra Asia e Americhe, attirando coloni dalla Penisola Iberica e dall&#039;America Latina.<\/p>\n\n\n\n<p>Verso la fine del XIX secolo, il sentimento nazionalista diede origine alla Rivoluzione filippina del 1896. La successiva guerra ispano-americana del 1898 port\u00f2 alla cessione del territorio da parte della Spagna agli Stati Uniti. I leader filippini proclamarono la Prima Repubblica delle Filippine, ma ne segu\u00ec la guerra filippino-americana, che lasci\u00f2 l&#039;arcipelago sotto il controllo americano. L&#039;occupazione giapponese segu\u00ec durante la Seconda Guerra Mondiale, finch\u00e9 le forze statunitensi non liberarono il paese nel 1945. Il 4 luglio 1946, le Filippine ottennero la piena indipendenza.<\/p>\n\n\n\n<p>La democrazia del dopoguerra sub\u00ec un&#039;interruzione durante la presidenza di Ferdinand Marcos, segnata dalla legge marziale dal 1972 al 1981. La Rivoluzione del Potere Popolare del 1986 rovesci\u00f2 Marcos senza spargimento di sangue e port\u00f2 alla Costituzione della Quinta Repubblica del 1987. Da allora, la nazione ha sostenuto un sistema presidenziale unitario. Ciononostante, persistono problemi di povert\u00e0, disuguaglianza e corruzione istituzionale. I gruppi etnolinguistici contano oltre 100 unit\u00e0, tra cui tagalog, visayan, ilocano, bikol e waray, insieme a comunit\u00e0 indigene come gli igorot e i lumad. Circa il 60% della popolazione vive nelle zone costiere e pi\u00f9 della met\u00e0 nei centri urbani.<\/p>\n\n\n\n<p>L&#039;economia filippina, 34a al mondo per PIL nominale, si \u00e8 spostata dall&#039;agricoltura verso i servizi e il settore manifatturiero. Nel 2025, la sua produzione \u00e8 stimata in 508 miliardi di dollari. La forza lavoro si avvicina ai 50 milioni, con un tasso di disoccupazione prossimo al 3%. Le riserve internazionali superano i 100 miliardi di dollari e il rapporto debito\/PIL \u00e8 sceso da un recente massimo del 63,7 a circa il 60%. Il peso \u00e8 la valuta di riferimento per le transazioni interne.<\/p>\n\n\n\n<p>Il paese rimane un importatore netto e ha un debito estero. Le principali esportazioni includono semiconduttori, macchinari elettrici e componenti elettronici, mentre le principali importazioni spaziano dai macchinari ai combustibili minerali. Le esportazioni agricole \u2013 noci di cocco, banane e ananas \u2013 completano il suo status di maggiore produttore mondiale di abaca e di principale esportatore di minerale di nichel. Dal 2010, la crescita del PIL \u00e8 stata in media del 6-7% annuo, trainata principalmente dal settore dei servizi. Tuttavia, i guadagni economici si concentrano nell&#039;area metropolitana di Manila, aggravando le disparit\u00e0 regionali. Le rimesse dei lavoratori filippini all&#039;estero \u2013 per un totale di oltre 37 miliardi di dollari nel 2023 \u2013 rappresentano circa l&#039;8,5% del PIL. L&#039;outsourcing dei processi aziendali \u00e8 fiorito: circa 1,3 milioni di filippini lavorano nei call center in tutto il mondo.<\/p>\n\n\n\n<p>Le strade trasportano quasi tutti i viaggi interurbani e oltre la met\u00e0 del traffico merci. La Pan-Philippine Highway collega le isole principali, mentre la Strong Republic Nautical Highway integra autostrade e linee di traghetti. Gli iconici jeepney condividono le arterie con autobus, furgoni e tricicli. La congestione cronica affligge Metro Manila. Il servizio ferroviario rimane scarso, limitato principalmente a Metro Manila e alle province limitrofe, sebbene un piano di rilancio preveda l&#039;espansione della lunghezza dei binari dagli attuali meno di 80 km a oltre 240 km. Il trasporto aereo si concentra sul Ninoy Aquino International e su una rete di 90 aeroporti di propriet\u00e0 governativa, di cui otto internazionali. Philippine Airlines e Cebu Pacific dominano i voli nazionali. I collegamenti marittimi, dalle tradizionali bancas alle navi moderne, collegano oltre 1.800 porti; Manila, Batangas, Cebu e altri sono il fulcro della rete di trasporto ASEAN.<\/p>\n\n\n\n<p>Con un&#039;et\u00e0 media di 25 anni e un tasso di crescita in calo, le Filippine sono un paese giovane ma in via di urbanizzazione: oltre la met\u00e0 dei suoi cittadini vive in citt\u00e0. La povert\u00e0 \u00e8 scesa da quasi il 50% nel 1985 a circa il 18% nel 2021, e la disuguaglianza di reddito si \u00e8 attenuata dal 2012. La diversit\u00e0 etnica e linguistica rimane elevata, plasmata da secoli di migrazioni e da diverse eredit\u00e0 coloniali.<\/p>\n\n\n\n<p>Sebbene lo Stato sia laico, la fede gioca un ruolo centrale. Quasi il 79% dei filippini aderisce al cattolicesimo romano; le denominazioni protestanti e le chiese indipendenti locali costituiscono la maggioranza cristiana. L&#039;Islam, prevalentemente sunnita, rappresenta circa il 6% della popolazione, concentrato a Mindanao e nelle isole adiacenti.<\/p>\n\n\n\n<p>L&#039;arte filippina affonda le sue radici nelle sculture indigene e negli oggetti rituali. Il dominio spagnolo inaugur\u00f2 la pittura e la scultura religiosa; figure chiave includono l&#039;intagliatore di retablo Juan de los Santos e il pittore Damian Domingo, fondatore della prima accademia d&#039;arte a Binondo nel 1821. Juan Luna e F\u00e9lix Resurrecci\u00f3n Hidalgo ottennero fama internazionale alla fine del XIX secolo. Il modernismo affond\u00f2 nelle opere di Victorio Edades negli anni &#039;20 e &#039;30, mentre le scene pastorali di Fernando Amorsolo definirono i paesaggi della met\u00e0 del secolo.<\/p>\n\n\n\n<p>Le abitazioni tradizionali spaziano dai bahay kubo in nipa e bamb\u00f9 ai bahay na bato in pietra e legno delle citt\u00e0 di epoca spagnola. Le chiese barocche antisismiche \u2013 quattro delle quali costituiscono un complesso patrimonio dell&#039;UNESCO \u2013 testimoniano l&#039;adattamento locale degli stili europei. I piani regolatori del periodo americano di Daniel Burnham hanno plasmato parti di Manila e Baguio, introducendo edifici governativi neoclassici e teatri Art D\u00e9co.<\/p>\n\n\n\n<p>La cucina filippina fonde influenze malesi, spagnole, cinesi e americane attorno a una predilezione per un equilibrio di sapori dolci, aspri e salati. Esistono infinite varianti regionali: il riso rimane l&#039;alimento base, sebbene la manioca prevalga in alcune comunit\u00e0 del sud. L&#039;adobo \u00e8 un piatto nazionale non ufficiale; lech\u00f3n, sinigang, pancit e lumpia riempiono le tavole di tutti i giorni. I dessert \u2013 kakanin come bibingka e suman \u2013 presentano ingredienti indigeni come ube e calamansi. I pasti vengono consumati con cucchiaio e forchetta, sebbene la tradizione comunitaria kamayan di mangiare con le mani persista.<\/p>\n\n\n\n<p>Il galateo filippino riflette le radici dell&#039;Asia orientale e ispaniche. La comunicazione indiretta onora hiya (vergogna) e delicadeza (delicatezza), mentre le interazioni uomo-donna sono caratterizzate da un cortese machismo. Gli anziani meritano rispetto e posti a sedere prioritari sui mezzi pubblici; i visitatori dovrebbero rivolgersi alle persone anziane con onorificenze cortesi. L&#039;ospitalit\u00e0 \u00e8 genuina; un saluto caloroso e l&#039;uso di termini locali \u2013 po e opo in tagalog \u2013 sono di grande aiuto. La puntualit\u00e0, tuttavia, spesso cede il passo alla flessibilit\u00e0 sociale nota come &#034;tempo filippino&#034;.<\/p>\n\n\n\n<p>Evitate di urlare o di affrontare apertamente i conflitti. Quando correggete qualcuno, optate per la privacy. Le manifestazioni pubbliche di affetto, sebbene tollerate nelle citt\u00e0, rimangono controverse altrove. I legami familiari si estendono attraverso le generazioni sotto lo stesso tetto; parlare male dei parenti \u00e8 un invito all&#039;offesa.<\/p>\n\n\n\n<p>Il turismo contribuisce in modo modesto \u2013 circa il 5% del PIL \u2013 eppure le Filippine attraggono subacquei, amanti della spiaggia e viaggiatori culturali. Boracay, El Nido e Coron sono spesso in cima alle classifiche internazionali; Cebu, Bohol e Siargao offrono sole, surf e un ricco patrimonio culturale. Le infrastrutture variano a seconda della localit\u00e0, ma molti filippini parlano inglese e accolgono gli stranieri con un ampio sorriso. I viaggiatori dovrebbero rispettare le leggi locali, le usanze e accogliere i contrasti irregolari della nazione: scintillanti grattacieli accanto a insediamenti informali, coste serene tra colline vulcaniche, silenziosa devozione tra vivaci festival.<\/p>\n\n\n\n<p>In ogni isola, in ogni citt\u00e0, le Filippine presentano un dialogo continuo tra terra e mare, passato e presente, sfida e resilienza. La sua forza risiede nell&#039;ibridazione \u2013 di popoli, paesaggi e storie \u2013 legati da una fede condivisa, dalla festa e da un silenzioso ottimismo che resiste nonostante tempeste, terremoti e il peso della politica. Conoscere le Filippine significa assistere a una nazione che si ricostruisce continuamente, isola dopo isola, generazione dopo generazione.<\/p>","protected":false},"excerpt":{"rendered":"<p>Le Filippine sono una nazione arcipelagica situata nel Sud-est asiatico, con una popolazione di oltre 110 milioni di persone distribuite su 7.641 isole. La Repubblica delle Filippine \u00e8 situata in una posizione strategica nell&#039;Oceano Pacifico occidentale, con una superficie di circa 300.000 chilometri quadrati. L&#039;arcipelago filippino comprende tre regioni geografiche principali: Luzon a nord, Visayas nella zona centrale e Mindanao a sud. Le isole sono delimitate da importanti specchi d&#039;acqua: il Mar Cinese Meridionale a ovest, il Mar delle Filippine a est e il Mar di Celebes a sud. Queste caratteristiche valorizzano il patrimonio marittimo della nazione e sostengono un ecosistema diversificato.<\/p>","protected":false},"author":1,"featured_media":3745,"parent":24063,"menu_order":0,"comment_status":"closed","ping_status":"closed","template":"elementor_theme","meta":{"_eb_attr":"","footnotes":""},"class_list":["post-15241","page","type-page","status-publish","has-post-thumbnail"],"_links":{"self":[{"href":"https:\/\/travelshelper.com\/it\/wp-json\/wp\/v2\/pages\/15241","targetHints":{"allow":["GET"]}}],"collection":[{"href":"https:\/\/travelshelper.com\/it\/wp-json\/wp\/v2\/pages"}],"about":[{"href":"https:\/\/travelshelper.com\/it\/wp-json\/wp\/v2\/types\/page"}],"author":[{"embeddable":true,"href":"https:\/\/travelshelper.com\/it\/wp-json\/wp\/v2\/users\/1"}],"replies":[{"embeddable":true,"href":"https:\/\/travelshelper.com\/it\/wp-json\/wp\/v2\/comments?post=15241"}],"version-history":[{"count":0,"href":"https:\/\/travelshelper.com\/it\/wp-json\/wp\/v2\/pages\/15241\/revisions"}],"up":[{"embeddable":true,"href":"https:\/\/travelshelper.com\/it\/wp-json\/wp\/v2\/pages\/24063"}],"wp:featuredmedia":[{"embeddable":true,"href":"https:\/\/travelshelper.com\/it\/wp-json\/wp\/v2\/media\/3745"}],"wp:attachment":[{"href":"https:\/\/travelshelper.com\/it\/wp-json\/wp\/v2\/media?parent=15241"}],"curies":[{"name":"wp","href":"https:\/\/api.w.org\/{rel}","templated":true}]}}