{"id":14902,"date":"2024-09-20T11:59:04","date_gmt":"2024-09-20T11:59:04","guid":{"rendered":"https:\/\/travelshelper.com\/staging\/?page_id=14902"},"modified":"2026-03-11T17:38:30","modified_gmt":"2026-03-11T17:38:30","slug":"aomori","status":"publish","type":"page","link":"https:\/\/travelshelper.com\/it\/destinations\/asia\/japan\/aomori\/","title":{"rendered":"Aomori"},"content":{"rendered":"<p>La citt\u00e0 di Aomori occupa il confine settentrionale dell&#039;Honshu, affacciandosi su un ramo della baia di Mutsu, noto come baia di Aomori. Con un&#039;estensione di circa 825 chilometri quadrati, il suo territorio si estende dalla distesa pianeggiante della pianura di Aomori fino alle pendici delle catene montuose di Hakk\u014dda e Higashidake. Due fiumi, il Komagome e il suo affluente Arakawa, attraversano la citt\u00e0, scavando canali attraverso fattorie e sobborghi prima di fondersi con il mare. Questo paesaggio variegato, insieme a una rete di parchi \u2013 tra cui il Parco Gappo sul lungomare, il Parco Aoimori vicino al centro civico e il pi\u00f9 appartato Parco Nogiwa \u2013 ha plasmato sia l&#039;insediamento che l&#039;identit\u00e0 in modi che vanno ben oltre la costa.<\/p>\n\n\n\n<p>Il nome di Aomori, letteralmente &#034;foresta blu&#034;, sebbene a volte tradotto come &#034;foresta verde&#034;, ricorda un piccolo boschetto su una collina vicina, un tempo punto di riferimento per i pescatori che costeggiavano la baia. Un&#039;ipotesi alternativa collega il nome alla lingua Ainu, alludendo a strati pi\u00f9 profondi di incontro culturale antecedenti ai documenti scritti. Qualunque sia la sua origine precisa, il nome evoca un ambiente al tempo stesso vivido e mutevole, un luogo dove le nebbie marine si insinuano dalla corrente di Oyashio e la neve invernale si accumula a profondit\u00e0 impressionanti.<\/p>\n\n\n\n<p>Le tracce della presenza umana qui risalgono a millenni fa. Il sito di Sannai-Maruyama, appena a sud-ovest del centro citt\u00e0 moderno, risale a un periodo compreso tra il 5500 e il 4000 a.C. Le sue vaste case a fossa e i suoi depositi hanno costretto gli archeologi a riconsiderare la scala della societ\u00e0 del periodo J\u014dmon. Poco pi\u00f9 a sud si trova il sito di Komakino, che prosper\u00f2 intorno al 4000 a.C., le cui pietre accuratamente allineate testimoniano un popolo gi\u00e0 esperto in architettura cerimoniale. Queste prime comunit\u00e0 vivevano in armonia con foreste e fiumi, e le loro tracce materiali sono rimaste sepolte fino al ritrovamento da parte di scavi moderni.<\/p>\n\n\n\n<p>Durante l&#039;era Heian, l&#039;area faceva parte dei territori del Fujiwara settentrionale, ma gli abitanti di Emishi continuarono a mantenere una presenza. Dopo il crollo del potere del Fujiwara, i clan samurai che si susseguirono ne rivendicarono il potere: i Nambu a est detenevano il titolo nominale, mentre gli Tsugaru di Namioka affermarono il controllo di fatto durante il periodo Sengoku. Nei primi anni del periodo Edo, l&#039;insediamento che sarebbe poi cresciuto fino a diventare l&#039;odierna Aomori si trovava all&#039;interno del dominio di Hirosaki e portava il nome di Ut\u014d. Nel 1626, il daimy\u014d Tsugaru Nobuhira ne ordin\u00f2 la ricostruzione con il nome di Aomori, sebbene le testimonianze scritte di questo cambiamento siano scarse e gli studiosi discutano se Ut\u014d e Aomori siano mai state entit\u00e0 distinte o semplicemente due nomi per un unico villaggio portuale.<\/p>\n\n\n\n<p>La Restaurazione Meiji port\u00f2 a una radicale riforma amministrativa. Sei prefetture sorsero in quella che oggi \u00e8 la prefettura di Aomori, per poi fondersi nella prefettura di Hirosaki nel luglio del 1871. Le rivalit\u00e0 tra le regioni di Tsugaru e Nambu portarono a un rapido trasferimento della capitale nella citt\u00e0 portuale pi\u00f9 centrale, che port\u00f2 alla creazione della prefettura di Aomori il 23 settembre 1871. Con il moderno sistema municipale istituito il 1\u00b0 aprile 1889, Aomori ottenne lo status di citt\u00e0 all&#039;interno del distretto di Higashitsugaru e, entro il 1\u00b0 aprile 1898, fu riconosciuta come citt\u00e0.<\/p>\n\n\n\n<p>Lo sviluppo dei trasporti alla fine del XIX secolo trasform\u00f2 Aomori in un capolinea strategico. Un traghetto per Hakodate entr\u00f2 in servizio nel 1872, collegando Hokkaid\u014d con Honsh\u016b attraverso lo stretto di Tsugaru. La linea principale del T\u014dhoku raggiunse Aomori da Tokyo nel settembre del 1891; tre anni dopo, la linea principale di \u014cu si estese lungo la costa del Mar del Giappone fino alla citt\u00e0. Il traghetto di Seikan, inaugurato nel 1908, trasport\u00f2 passeggeri e merci fino all&#039;apertura del tunnel di Seikan sotto lo stretto nel marzo del 1988. Nel frattempo, anche i collegamenti ferroviari cambiarono: il T\u014dhoku Shinkansen, inaugurato nel 2010, ora serve la stazione di Shin-Aomori, trasportando rapidamente i viaggiatori verso sud, verso Sendai e Tokyo.<\/p>\n\n\n\n<p>La storia militare di Aomori comprende episodi sia tragici che trasformativi. Dal 1896, l&#039;Ottava Divisione dell&#039;Esercito Imperiale Giapponese era di stanza qui. Nell&#039;inverno del 1902, un&#039;esercitazione in clima freddo sui Monti Hakk\u014dda si concluse con un disastro: dei 210 soldati inviati da Aomori, solo undici sopravvissero. L&#039;incidente dei Monti Hakk\u014dda rimane un capitolo cupo nella tradizione regionale. Un incendio il 3 maggio 1910 distrusse gran parte della citt\u00e0 e l&#039;arrivo dei voli di linea nel 1937 segn\u00f2 un&#039;ulteriore modernizzazione.<\/p>\n\n\n\n<p>Il periodo bellico vide nuove devastazioni. Nella notte tra il 28 e il 29 luglio 1945, i bombardamenti statunitensi causarono 1.767 vittime e distrussero quasi nove decimi della citt\u00e0. La ricostruzione nei decenni del dopoguerra fu rapida: nel 1951 la linea Tsugaru colleg\u00f2 la stazione di Aomori con Kanita e nel 1964 apr\u00ec il primo aeroporto nella vicina Namioka. L&#039;autostrada T\u014dhoku arriv\u00f2 nel 1979, collegando Aomori a una rete autostradale nazionale in crescita. Un aeroporto cittadino appositamente costruito, inaugurato il 19 luglio 1987, gestiva voli nazionali per Tokyo, Osaka, Nagoya e Sapporo, oltre a rotte internazionali per Seul e Taipei. Il 1\u00b0 ottobre 2002, Aomori fu designata citt\u00e0 centrale, uno status che garantiva una maggiore autonomia locale.<\/p>\n\n\n\n<p>I confini municipali si sono nuovamente spostati nel nuovo millennio. Il 1\u00b0 aprile 2005, la vicina citt\u00e0 di Namioka \u00e8 stata assorbita, quasi raddoppiando l&#039;estensione della citt\u00e0. Una parte \u00e8 stata poi ceduta nel settembre 2007 a Fujisaki, nel distretto di Minamitsugaru, ma Aomori rimane il cuore della sua area metropolitana, una delle 62 citt\u00e0 principali del Giappone. Al 1\u00b0 agosto 2023, 264.945 residenti abitavano 136.781 famiglie, per una densit\u00e0 complessiva di 321 persone per chilometro quadrato.<\/p>\n\n\n\n<p>Il clima qui \u00e8 plasmato dalla latitudine e dalle correnti marine. Aomori si trova al confine tra due classificazioni di K\u00f6ppen: un regime continentale freddo e umido (Dfa) e uno subtropicale umido (Cfa), con temperature medie di gennaio e febbraio appena sotto lo zero. Le precipitazioni medie annue ammontano a 1.285 mm, con un picco a settembre. Le estati sono calde ma brevi; gli inverni sono caratterizzati da abbondanti nevicate. Nel febbraio del 1945, l&#039;altezza della neve raggiunse i 209 cm. Le temperature sono scese fino a -24,7 \u00b0C, registrate nel 1931. Venti locali come lo &#034;Yamase&#034; estivo possono portare prolungate ondate di freddo e minacciare i raccolti di riso, mentre le nebbie che si alzano dallo stretto spesso interrompono i voli in aeroporto.<\/p>\n\n\n\n<p>La vita economica ruota attorno ai servizi, che rappresentano oltre i tre quarti della produzione cittadina. L&#039;industria manifatturiera rappresenta circa il 16%, mentre agricoltura e pesca contribuiscono insieme per un modesto 4%. Eppure, le industrie culturali e il turismo svolgono un ruolo fondamentale nell&#039;identit\u00e0 di Aomori. La sua pianura costiera e le montagne circostanti ospitano stazioni termali: Asamushi Onsen si erge sul bordo della baia, mentre Sukayu Onsen offre un rifugio remoto ai piedi del monte Hakk\u014dda. Entrambe attraggono visitatori in tutte le quattro stagioni, alla ricerca di relax e immersione nella natura.<\/p>\n\n\n\n<p>Ogni agosto, il Nebuta Matsuri anima le strade cittadine con colossali carri allegorici illuminati, scolpiti in carta washi e raffiguranti eroi, demoni o scene tratte da miti e storia. Gli artisti li accompagnano, intonando ritmi con tamburi taiko e guidando le figure tra la folla. Riconosciuto tra i &#034;100 paesaggi sonori&#034; del Giappone, il festival \u00e8 diventato sinonimo della vitalit\u00e0 culturale di Aomori.<\/p>\n\n\n\n<p>Oltre agli spettacoli stagionali, la citt\u00e0 conserva il suo passato attraverso musei e siti storici. Il sito di Sannai-Maruyama \u00e8 ora un sito storico nazionale speciale, le cui fondamenta scavate sono aperte al pubblico. Il Museo della Prefettura di Aomori e il Museo d&#039;Arte di Aomori ospitano collezioni che spaziano dall&#039;artigianato regionale alla scultura contemporanea. Il Museo di storia cittadina, il Museo Forestale e il Museo Nebuta Wa Rasse offrono ciascuno una prospettiva diversa sul patrimonio locale, dalle colline boscose che hanno ispirato il nome di Aomori ai carri allegorici che animano le sue strade. Le rovine del castello di Namioka e i resti dell&#039;insediamento di Komakino si ergono come testimoni silenziosi di secoli di occupazione.<\/p>\n\n\n\n<p>Le infrastrutture moderne non si limitano ai musei. Qui convergono le linee nazionali 4, 7, 101, 280 e altre, insieme alle autostrade Aomori e Tsugaru. I traghetti continuano a solcare lo stretto, sebbene ora principalmente per viaggi di piacere piuttosto che come unico collegamento con l&#039;Hokkaid\u014d. Il porto di Aomori accoglie ancora navi insieme al traghetto Tsugaru Kaiky\u014d, perpetuando una tradizione marittima che risale alla fine del XIX secolo.<\/p>\n\n\n\n<p>Nella sua architettura, nel ritmo delle stagioni e nei ricordi vissuti dai suoi abitanti, Aomori incarna sia la resilienza che la reinvenzione. Le colline boscose all&#039;orizzonte ricordano il villaggio il cui nome permane in kanji, mentre le strade e le linee ferroviarie della citt\u00e0 tracciano percorsi di ambizione, difficolt\u00e0 e rinnovamento. Forti nevicate seppelliscono citt\u00e0 e fattorie ogni inverno, come hanno fatto per secoli, per poi sciogliersi in impetuosi torrenti che si disperdono nella baia. Sotto ogni superficie si cela una storia: di cacciatori J\u014dmon, di contadini Emishi, di signori samurai, di cittadini moderni che plasmano il proprio futuro nel mutevole ciclo della natura. Aomori, in questo senso, \u00e8 pi\u00f9 di un luogo sulla mappa; \u00e8 una narrazione in corso della persistenza umana ai confini estremi dell&#039;Honshu.<\/p>","protected":false},"excerpt":{"rendered":"<p>Aomori, capoluogo dell&#039;omonima prefettura, esemplifica il ricco patrimonio storico del confine settentrionale del Giappone. Situata vicino all&#039;estremit\u00e0 settentrionale di Honshu, l&#039;isola pi\u00f9 grande del Giappone, Aomori riveste un enorme valore grazie alla sua posizione geografica e alla sua rilevanza culturale. Al 1\u00b0 agosto 2023, questo dinamico centro metropolitano contava una popolazione stimata di 264.945 persone, residenti in 136.781 abitazioni. Aomori si estende su una superficie di 824,61 chilometri quadrati (318,38 miglia quadrate) e presenta una densit\u00e0 di popolazione di 321 persone per chilometro quadrato, bilanciando efficacemente l&#039;espansione urbana con la conservazione del suo ambiente naturale.<\/p>","protected":false},"author":1,"featured_media":2901,"parent":14797,"menu_order":0,"comment_status":"closed","ping_status":"closed","template":"elementor_theme","meta":{"_eb_attr":"","footnotes":""},"class_list":["post-14902","page","type-page","status-publish","has-post-thumbnail"],"_links":{"self":[{"href":"https:\/\/travelshelper.com\/it\/wp-json\/wp\/v2\/pages\/14902","targetHints":{"allow":["GET"]}}],"collection":[{"href":"https:\/\/travelshelper.com\/it\/wp-json\/wp\/v2\/pages"}],"about":[{"href":"https:\/\/travelshelper.com\/it\/wp-json\/wp\/v2\/types\/page"}],"author":[{"embeddable":true,"href":"https:\/\/travelshelper.com\/it\/wp-json\/wp\/v2\/users\/1"}],"replies":[{"embeddable":true,"href":"https:\/\/travelshelper.com\/it\/wp-json\/wp\/v2\/comments?post=14902"}],"version-history":[{"count":0,"href":"https:\/\/travelshelper.com\/it\/wp-json\/wp\/v2\/pages\/14902\/revisions"}],"up":[{"embeddable":true,"href":"https:\/\/travelshelper.com\/it\/wp-json\/wp\/v2\/pages\/14797"}],"wp:featuredmedia":[{"embeddable":true,"href":"https:\/\/travelshelper.com\/it\/wp-json\/wp\/v2\/media\/2901"}],"wp:attachment":[{"href":"https:\/\/travelshelper.com\/it\/wp-json\/wp\/v2\/media?parent=14902"}],"curies":[{"name":"wp","href":"https:\/\/api.w.org\/{rel}","templated":true}]}}