{"id":14785,"date":"2024-09-20T09:34:11","date_gmt":"2024-09-20T09:34:11","guid":{"rendered":"https:\/\/travelshelper.com\/staging\/?page_id=14785"},"modified":"2026-03-11T18:16:36","modified_gmt":"2026-03-11T18:16:36","slug":"kirghizistan","status":"publish","type":"page","link":"https:\/\/travelshelper.com\/it\/destinations\/asia\/kyrgyzstan\/","title":{"rendered":"Kirghizistan"},"content":{"rendered":"<p>Il Kirghizistan, ufficialmente Repubblica del Kirghizistan, occupa una fascia accidentata dell&#039;Asia centrale, il cui territorio \u00e8 definito dalle svettanti creste delle catene del Tian Shan e del Pamir. Confinante con il Kazakistan a nord, l&#039;Uzbekistan a ovest, il Tagikistan a sud e la Cina a est, la repubblica si estende tra i 39\u00b0 e i 44\u00b0 di latitudine nord e i 69\u00b0 e gli 81\u00b0 di longitudine est. Bishkek, il suo capoluogo, sorge sulle colline settentrionali, mentre Osh, la sua seconda citt\u00e0 e tra i pi\u00f9 antichi insediamenti urbani della regione, sorge vicino ai fertili rami della valle di Fergana. Lo stato conta poco pi\u00f9 di sette milioni di abitanti, principalmente di etnia kirghisa, a cui si aggiungono consistenti comunit\u00e0 uzbeke e russe. Questo articolo esamina i contorni fisici del Kirghizistan, il suo complesso passato e le forze sociali ed economiche che ne plasmano il presente.<\/p>\n\n\n\n<p>La presenza umana nell&#039;attuale Kirghizistan risale a trib\u00f9 nomadi che vagavano per le steppe ben prima delle cronache. I kirghisi dello Yenisei istituirono un khaganato all&#039;inizio del Medioevo, per poi essere assorbiti da successive confederazioni turche. Nel XIII secolo, l&#039;Impero mongolo incorpor\u00f2 la regione; il dominio indigeno riemerse a intermittenza sotto gli stati successori mongoli e in seguito sotto il Khanato degli Dzungar. Dopo la caduta degli Dzungar, i gruppi kirghisi e i gruppi kip\u010daki correlati fecero parte del Khanato di Kokand fino al 1876, quando la Russia zarista annesse il territorio. Nei successivi sei decenni, i coloni slavi trasformarono i pascoli pi\u00f9 bassi in terreni coltivati, mentre occasionalmente scoppiarono rivolte locali contro la coscrizione imperiale.<\/p>\n\n\n\n<p>Sotto l&#039;amministrazione sovietica, l&#039;Oblast&#039; Autonoma Kara-Kirghisa prese forma all&#039;interno della Repubblica Sovietica Russa, ribattezzata Repubblica Socialista Sovietica Autonoma Kirghisa nel 1926 e elevata allo status di repubblica federata nel 1936. Frunze, precedentemente Pishpek, divenne la capitale e la russificazione, l&#039;industrializzazione e la collettivizzazione rimodellarono la societ\u00e0. La lingua kirghisa adott\u00f2 l&#039;alfabeto latino e successivamente il cirillico, la scuola dell&#039;obbligo favor\u00ec l&#039;alfabetizzazione e l&#039;Epopea di Manas entr\u00f2 nella forma scritta. Il periodo sovietico port\u00f2 anche minoranze deportate \u2013 tedeschi, ceceni, polacchi \u2013 che contribuirono alla diversit\u00e0 della regione.<\/p>\n\n\n\n<p>Nel 1990, quando le riforme di Mikhail Gorbachev allentarono la presa di Mosca, il sentimento indipendentista port\u00f2 all&#039;elezione di Askar Akayev a presidente. Il 31 agosto 1991, il Kirghizistan dichiar\u00f2 la propria sovranit\u00e0 dall&#039;Unione Sovietica. La repubblica modific\u00f2 la propria costituzione, cambi\u00f2 l&#039;ortografia inglese e russa per adattarla all&#039;endonimo kirghiso e restitu\u00ec il nome indigeno della capitale, Bishkek.<\/p>\n\n\n\n<p>Dopo l&#039;indipendenza, il Kirghizistan adott\u00f2 un modello presidenziale forte. Il malcontento per il mandato sempre pi\u00f9 autoritario di Akayev spron\u00f2 la &#034;Rivoluzione dei Tulipani&#034; del 2005, che insedi\u00f2 Kurmanbek Bakiyev. Anche l&#039;amministrazione di Bakiyev dovette affrontare controversie costituzionali e accuse di illeciti elettorali. Nel 2010, le rivolte popolari portarono a un&#039;ulteriore transizione, con l&#039;emergere di un ibrido parlamentare-presidenziale. Nel decennio successivo, i mutamenti negli equilibri di potere tra organi esecutivi e legislativi produssero un sistema semi-presidenziale, fino a quando le riforme del 2021 non ripristinarono un ruolo presidenziale dominante. Durante questo periodo, le tensioni etniche, soprattutto tra le comunit\u00e0 kirghisa e uzbeka, divamparono nelle province meridionali, mentre le difficolt\u00e0 economiche e le elezioni contestate provocarono proteste periodiche.<\/p>\n\n\n\n<p>Circa l&#039;80% del Kirghizistan si trova al di sopra dei 1.500 metri di altitudine. Le vette montuose spesso superano i 7.000 metri; il Jengish Chokusu (ex Picco Pobeda) raggiunge i 7.439 metri al confine con la Cina, segnando la vetta pi\u00f9 settentrionale del mondo sopra i 7.000 metri. Le valli \u2013 in particolare quelle dei fiumi Naryn e Kara Darya \u2013 che serpeggiano tra le creste alimentano il Syr Darya, che un tempo raggiungeva il Mar d&#039;Aral prima che le sue acque venissero deviate per la coltivazione irrigua del cotone negli stati a valle. Il fiume Chu attraversa il nord prima di proseguire in Kazakistan. Le forti nevicate invernali innescano inondazioni primaverili che rimodellano le sponde dei fiumi e minacciano gli insediamenti a valle, mentre il deflusso alimenta numerose centrali idroelettriche.<\/p>\n\n\n\n<p>L&#039;Issyk-Kul, un lago salato situato a 1.607 metri nel settore nord-orientale del Tian Shan, \u00e8 il secondo lago alpino pi\u00f9 grande del mondo, dopo il lago Titicaca. Il suo nome, che in kirghiso significa &#034;lago caldo&#034;, riflette l&#039;assenza di ghiaccio invernale nonostante le rigide temperature dell&#039;aria. I terreni coltivati \u200b\u200bammontano a meno dell&#039;8% della superficie totale; i terreni arabili si concentrano nelle pianure settentrionali e ai margini del bacino di Fergana. I pendii boscosi con boschi di conifere lasciano il posto a praterie alpine, colline semidesertiche e deserto a quote pi\u00f9 basse, sostenendo sette distinti ecosistemi terrestri. Nel 2019, un&#039;indagine globale ha classificato il Kirghizistan al tredicesimo posto per integrit\u00e0 del paesaggio forestale.<\/p>\n\n\n\n<p>Le influenze continentali predominano, ma l&#039;altitudine determina contrasti regionali. La valle di Fergana \u00e8 caratterizzata da un caldo subtropicale, con massime estive prossime ai 40 \u00b0C e inverni miti. Le colline pedemontane settentrionali presentano condizioni temperate. Nelle alte quote, le condizioni variano da continentali aride a polari; la neve persiste per gran parte dell&#039;anno sopra i 3.000 metri. Gli inverni possono raggiungere temperature inferiori a -20 \u00b0C nelle zone esposte, provocando abbondanti nevicate anche in alcuni bacini pi\u00f9 bassi per periodi che durano oltre un mese. In pianura, le temperature medie di gennaio si aggirano intorno ai -6 \u00b0C, mentre a luglio si attestano sui 24 \u00b0C.<\/p>\n\n\n\n<p>Il Kirghizistan \u00e8 diviso in sette regioni (oblustar) e due citt\u00e0 di importanza nazionale \u2013 Bishkek e Osh \u2013 che operano al di fuori della giurisdizione regionale. Le regioni si suddividono in quarantaquattro distretti (aymaqtar), ciascuno dei quali \u00e8 governato da un governatore (akim) nominato dal presidente tramite le autorit\u00e0 regionali. I distretti si suddividono ulteriormente in municipalit\u00e0 rurali (ayyl \u00f6km\u00f6t\u00fc), che comprendono villaggi privi di status municipale autonomo. Le regioni sono: Batken, Ch\u00fcy, Jalal-Abad, Naryn, Osh, Talas e Issyk-Kul. Ogni regione riflette paesaggi e profili economici distinti, dalla lontananza montuosa di Naryn alle distese agricole di Ch\u00fcy.<\/p>\n\n\n\n<p>Il Kirghizistan si colloca al 117\u00b0 posto nell&#039;Indice di Sviluppo Umano e, dopo il Tagikistan, \u00e8 il secondo paese pi\u00f9 povero dell&#039;Asia centrale. La sua economia in transizione si basa in larga misura sulle esportazioni di minerali \u2013 in particolare oro, carbone e uranio \u2013 e sulle rimesse di circa 800.000 kirghisi che lavorano all&#039;estero, principalmente in Russia. La banca statale, la Banca Nazionale della Repubblica del Kirghizistan, gestisce l&#039;emissione di valuta \u2013 il som kirghiso (KGS) \u2013 e allinea la politica monetaria alle riforme fiscali. Dopo il crollo dell&#039;Unione Sovietica, i mercati di esportazione si sono esauriti, costringendo il Paese a dolorosi aggiustamenti: la cessazione dei sussidi ai prezzi, l&#039;introduzione di un&#039;imposta sul valore aggiunto e la riduzione della spesa pubblica. L&#039;adesione all&#039;Organizzazione Mondiale del Commercio, il 20 dicembre 1998, ha segnato un impegno verso la liberalizzazione.<\/p>\n\n\n\n<p>L&#039;agricoltura ha contribuito per oltre il 35% al \u200b\u200bPIL nel 2002 e ha impiegato circa la met\u00e0 della forza lavoro. L&#039;allevamento di bestiame \u00e8 predominante, con pecore, bovini e cavalli allevati nei pascoli montani, che producono lana, carne e latticini. La coltivazione si concentra su grano, barbabietole da zucchero, patate, cotone e tabacco, sebbene gli elevati costi di importazione di prodotti agrochimici e carburante limitino la meccanizzazione, costringendo molti piccoli agricoltori a impiegare cavalli e manodopera. La trasformazione dei prodotti agricoli, in particolare nei settori lattiero-caseario, della carne e del cotone, offre opportunit\u00e0 di investimento.<\/p>\n\n\n\n<p>La ricchezza mineraria \u00e8 alla base della metallurgia: l&#039;estrazione dell&#039;oro nella miniera di Kumtor ha attirato partner stranieri, nonostante le preoccupazioni ambientali. Lo sviluppo idroelettrico sfrutta il deflusso montano, con il potenziale di espandere l&#039;elettricit\u00e0 esportabile. Le riserve di petrolio e gas naturale si rivelano trascurabili, spingendo le importazioni a soddisfare il fabbisogno interno.<\/p>\n\n\n\n<p>Ad agosto 2020, la popolazione ammontava a circa 6,59 milioni, con il 34,4% di et\u00e0 inferiore ai 15 anni e il 6,2% di et\u00e0 superiore ai 65 anni; gli abitanti delle citt\u00e0 rappresentano circa un terzo del totale, con una densit\u00e0 media di 25 persone per chilometro quadrato. I kirghisi etnici costituiscono il 77,8%; gli uzbeki rappresentano il 14,2%, principalmente nel sud; i russi costituiscono il 3,8%, concentrati intorno a Bishkek e Ch\u00fcy. Gruppi pi\u00f9 piccoli includono dungani, tagiki, uiguri, kazaki e altri, per un totale di oltre 80 comunit\u00e0 distinte. Dall&#039;indipendenza, la percentuale di kirghisi etnici \u00e8 aumentata da circa il 50% nel 1979 a oltre il 70% nel 2013, con l&#039;emigrazione di molti russi, ucraini e tedeschi.<\/p>\n\n\n\n<p>I kirghisi praticavano tradizionalmente la pastorizia stagionale, spostando il bestiame in pascoli di montagna (jailoo) in estate, dove risiedeva in tende rotonde portatili chiamate yurte. Uzbeki e tagiki, al contrario, si dedicavano all&#039;agricoltura irrigua nella pianura di Fergana. Mentre la migrazione urbana \u00e8 aumentata, questi modelli persistono nelle aree rurali. Nell&#039;Indice Globale della Fame del 2024, il Kirghizistan si \u00e8 classificato al 36\u00b0 posto su 127 paesi, con un punteggio di 6,8 classificato come basso livello di fame.<\/p>\n\n\n\n<p>Il kirghiso, una lingua turca di tipo kipchak, \u00e8 la lingua di Stato; il russo ha lo status di co-ufficiale dal 2000. Il kirghiso utilizza l&#039;alfabeto cirillico introdotto nel 1941. Una riforma basata sul latino, modellata sul passaggio al vicino Kazakistan, \u00e8 ancora in discussione; nell&#039;aprile 2023, la Russia ha sospeso le esportazioni di prodotti lattiero-caseari dopo che il presidente della commissione linguistica ha proposto una transizione al latino. I media nazionali, radiotelevisivi e cartacei, operano in entrambe le lingue, sebbene le testate russe, sostenute da Mosca, mantengano un elevato numero di spettatori, soprattutto nei distretti urbani e settentrionali. A Bishkek, i dati di un&#039;indagine del 2020 hanno indicato che il 55,6% delle famiglie parlava russo a casa, il 43,6% kirghiso; a livello nazionale, il 70,9% usava il kirghiso a livello nazionale. Gli affari e le questioni ufficiali si svolgono spesso in russo, sebbene le sessioni parlamentari ora siano gestite di default in kirghiso con interpretazione simultanea.<\/p>\n\n\n\n<p>L&#039;Islam predomina: il CIA World Factbook ha stimato nel 2017 che il 90% dei cittadini si identifica come musulmano, principalmente non confessionale o sunnita di scuola hanafita, sebbene sondaggi di autoidentificazione del 2012 abbiano rilevato che il 64% si dichiarava semplicemente &#034;musulmano&#034;, e solo il 23% specificava &#034;sunnita&#034;. Durante il periodo sovietico, l&#039;ateismo era la religione ufficiale; dall&#039;indipendenza, l&#039;osservanza religiosa e la costruzione di moschee sono aumentate, accompagnate da appelli al ripristino dei valori spirituali. Un rapporto Pew del 2009 ha registrato l&#039;86,3% di adesione all&#039;Islam. Piccole minoranze cristiane \u2013 prevalentemente ortodosse russe, ortodosse ucraine, luterane, anabattiste e cattoliche \u2013 rappresentano circa il 7%. I Testimoni di Geova contano tra i 5.000 e i 10.000 fedeli. Rimane una manciata di ebrei, principalmente bukharini e ashkenaziti. Le tradizioni popolari e sufi persistono accanto alle usanze derivate dal buddismo, come quella di legare le bandiere di preghiera agli alberi sacri.<\/p>\n\n\n\n<p>La topografia alpina confina le strade a strette valli e passi elevati, spesso oltre i 3.000 metri, esposti a valanghe e frane. Una moderna autostrada nord-sud che collega Bishkek e Osh, completata con il supporto della Banca Asiatica di Sviluppo, ha migliorato l&#039;accesso tra le valli di Ch\u00fcy e Fergana. Sono in progetto anche una diramazione verso est, in direzione della Cina. La lunghezza totale della strada \u00e8 di circa 34.000 km, di cui 22.600 km asfaltati; i tratti sterrati, che coprono 7.700 km, diventano pericolosi in caso di pioggia.<\/p>\n\n\n\n<p>L&#039;infrastruttura ferroviaria, costruita senza tener conto dei successivi confini, comprende ora circa 370 km di binari a scartamento largo, utilizzati con parsimonia a causa dell&#039;interruzione dei collegamenti con Uzbekistan e Kazakistan. Nel 2022 sono iniziati i lavori per un prolungamento di 186 km da Balykchy a Karakeche per il trasporto del carbone; entro giugno 2023 \u00e8 stata inaugurata la linea Balykchy-Bishkek. La costruzione della ferrovia Cina-Kirghizistan-Uzbekistan, parte dell&#039;iniziativa Belt and Road, dovrebbe iniziare a luglio 2025, estendendosi per 523 km attraverso i tre stati.<\/p>\n\n\n\n<p>I voli si concentrano sull&#039;aeroporto internazionale di Manas, vicino a Bishkek, con rotte per Mosca, Almaty, Istanbul e Dubai; l&#039;aeroporto di Osh offre un servizio giornaliero per la capitale e voli per le principali citt\u00e0 russe e dell&#039;Asia centrale. Jalal-Abad mantiene collegamenti con Bishkek e voli stagionali per Issyk-Kul. Molti aeroporti di epoca sovietica rimangono inattivi o riservati all&#039;uso militare. Le compagnie aeree kirghise figurano nell&#039;elenco dei vettori vietati dall&#039;Unione Europea per motivi di sicurezza.<\/p>\n\n\n\n<p>Paesaggi montani, laghi alpini e siti di interesse culturale definiscono il fascino del Kirghizistan. La costa settentrionale del fiume Issyk-Kul ospita resort a Cholpon-Ata, Kara-Oi e Bosteri; il numero di visitatori annuali ha raggiunto un picco di oltre un milione nel 2006-2007, prima che l&#039;instabilit\u00e0 regionale ne riducesse il numero. La valle di Alay e il lago Son-Kul attraggono pastori ed escursionisti durante il nomadismo estivo. La riserva naturale di Sary-Chelek offre escursioni tra laghi glaciali e foreste miste. Il caravanserraglio in pietra di Tash Rabat, risalente al XV secolo, sorge lungo le antiche rotte della Via della Seta. La Torre di Burana, un minareto del X secolo vicino a Tokmok, ricorda la capitale Balasagun. Il Parco Nazionale di Ala Archa, a mezz&#039;ora da Bishkek, vanta vette che superano i 4.000 metri e sentieri segnalati.<\/p>\n\n\n\n<p>I visitatori urbani esplorano le piazze, i musei e il bazar di Bishkek, risalenti all&#039;era sovietica; l&#039;ampio mercato all&#039;aperto di Osh \u00e8 aperto tutti i giorni vicino a Sulaiman-Too, l&#039;unico sito del paese patrimonio mondiale dell&#039;UNESCO. Insediamenti rurali come Arslanbob, noto per le sue foreste di noci e il pellegrinaggio islamico, o Kochkor, porta d&#039;accesso ai percorsi di trekking Song-Kul, offrono artigianato locale e tradizioni pastorali. I viaggiatori possono soggiornare in yurte, assaggiare beshbarmak e manti e partecipare a festival che propongono sport equestri, musica e poesia orale. In alcune valli sono disponibili anche servizi di caccia, pesca ed eliski.<\/p>\n\n\n\n<p>Date le sue norme sociali occidentalizzate \u2013 nonostante la maggioranza musulmana nominale \u2013 i codici di abbigliamento rimangono rilassati nelle citt\u00e0, sebbene un abbigliamento conservativo sia consigliabile nei distretti rurali del sud. La microcriminalit\u00e0 \u00e8 aumentata negli ultimi anni; si raccomanda cautela dopo il tramonto nei centri urbani. I servizi di emergenza rispondono al 101 (vigili del fuoco), 102 (polizia) e 103 (medicina), con prefisso internazionale +996.<\/p>\n\n\n\n<p>Il Kirghizistan bilancia la sua geografia accidentata con pratiche culturali durature e una storia plasmata da imperi e rivoluzioni. La sua economia negozia la dipendenza dalle rimesse e dalle industrie estrattive, cercando al contempo la diversificazione attraverso l&#039;energia idroelettrica e il turismo. Il dualismo linguistico sottolinea identit\u00e0 complesse e la vita religiosa fonde tradizione e governo laico. I miglioramenti nei trasporti continuano a colmare le divisioni montuose, mentre si profilano progetti di integrazione regionale. Per coloro che attraversano i suoi passi e le sue valli, il Kirghizistan offre un paesaggio al tempo stesso impegnativo e avvincente, una repubblica definita dai suoi contorni tanto quanto dalla sua gente.<\/p>","protected":false},"excerpt":{"rendered":"<p>Il Kirghizistan, situato nell&#039;Asia centrale, esemplifica la profonda storia e gli splendidi paesaggi naturali della regione. Ufficialmente chiamato Repubblica del Kirghizistan, questo paese senza sbocchi sul mare si trova in posizione strategica sulle montagne del Tian Shan e del Pamir. Con una popolazione di oltre 7 milioni di abitanti, il fulcro politico e commerciale del Kirghizistan \u00e8 Bishkek, la capitale e citt\u00e0 pi\u00f9 grande. A nord, il Kazakistan; a ovest, l&#039;Uzbekistan; a sud, il Tagikistan; e a est e sud-est, la Cina; il paese confina con ciascuna di queste nazioni, quindi al crocevia di numerose civilt\u00e0 e influenze.<\/p>","protected":false},"author":1,"featured_media":3487,"parent":24063,"menu_order":0,"comment_status":"closed","ping_status":"closed","template":"elementor_theme","meta":{"_eb_attr":"","footnotes":""},"class_list":["post-14785","page","type-page","status-publish","has-post-thumbnail"],"_links":{"self":[{"href":"https:\/\/travelshelper.com\/it\/wp-json\/wp\/v2\/pages\/14785","targetHints":{"allow":["GET"]}}],"collection":[{"href":"https:\/\/travelshelper.com\/it\/wp-json\/wp\/v2\/pages"}],"about":[{"href":"https:\/\/travelshelper.com\/it\/wp-json\/wp\/v2\/types\/page"}],"author":[{"embeddable":true,"href":"https:\/\/travelshelper.com\/it\/wp-json\/wp\/v2\/users\/1"}],"replies":[{"embeddable":true,"href":"https:\/\/travelshelper.com\/it\/wp-json\/wp\/v2\/comments?post=14785"}],"version-history":[{"count":0,"href":"https:\/\/travelshelper.com\/it\/wp-json\/wp\/v2\/pages\/14785\/revisions"}],"up":[{"embeddable":true,"href":"https:\/\/travelshelper.com\/it\/wp-json\/wp\/v2\/pages\/24063"}],"wp:featuredmedia":[{"embeddable":true,"href":"https:\/\/travelshelper.com\/it\/wp-json\/wp\/v2\/media\/3487"}],"wp:attachment":[{"href":"https:\/\/travelshelper.com\/it\/wp-json\/wp\/v2\/media?parent=14785"}],"curies":[{"name":"wp","href":"https:\/\/api.w.org\/{rel}","templated":true}]}}