{"id":14752,"date":"2024-09-20T08:45:57","date_gmt":"2024-09-20T08:45:57","guid":{"rendered":"https:\/\/travelshelper.com\/staging\/?page_id=14752"},"modified":"2026-03-11T18:13:30","modified_gmt":"2026-03-11T18:13:30","slug":"tripoli","status":"publish","type":"page","link":"https:\/\/travelshelper.com\/it\/destinations\/asia\/lebanon\/tripoli\/","title":{"rendered":"Tripoli"},"content":{"rendered":"<p>Tripoli sorge su un promontorio roccioso a ottantuno chilometri a nord di Beirut, con vista sul Mediterraneo orientale. Seconda citt\u00e0 del Libano e capitale del Governatorato del Nord, rappresenta il porto marittimo pi\u00f9 settentrionale del Paese. Nel corso dei secoli, \u00e8 stata crocevia di imperi e religioni, con il suo tessuto urbano testimone di navigatori fenici, coloni greci, cavalieri crociati, governatori mamelucchi e amministratori ottomani. In strati successivi, ogni civilt\u00e0 ha lasciato tracce e intrecci di storia, plasmandone sia il profilo urbano che i contorni sociali.<\/p>\n\n\n\n<p>Il primo nome documentato, Athar, compare negli annali fenici del XIV secolo a.C. I coloni greci successivi la ribattezzarono Tripolis \u2013 letteralmente &#034;tre citt\u00e0&#034; \u2013 e da ci\u00f2 deriv\u00f2 il moderno nome arabo \u1e6car\u0101bulus. Nel mondo arabo, si guadagn\u00f2 il titolo ash-Sh\u0101m, &#034;del Levante&#034;, per distinguerla dalla sua omonima libica. Sotto il dominio crociato, Raimondo di Saint-Gilles eresse la prima fortezza nel 1102, chiamandola Mont P\u00e8lerin. La cittadella bruci\u00f2 nel 1289 e rinasce sotto l&#039;emiro Essendemir Kurgi nel 1307-1308. Il suo imponente portale, con un&#039;iscrizione di Solimano il Magnifico, attesta la successiva restaurazione ottomana; un&#039;ulteriore campagna all&#039;inizio del XIX secolo, sotto il governatore Mustafa Agha Barbar, ne rafforz\u00f2 i bastioni e le camere.<\/p>\n\n\n\n<p>La Citt\u00e0 Vecchia di Tripoli conserva l&#039;impronta dei suoi restauratori mamelucchi. Le strade si restringono per scoraggiare le macchine d&#039;assedio; ponti a volta attraversano vicoli dalle alte mura; feritoie nascoste un tempo ospitavano le sentinelle. Intorno a vicoli tortuosi sorgono mercati e caravanserragli, i khan che un tempo ospitavano i mercanti diretti ad Aleppo o Damasco. In questi vicoli, gli artigiani continuano mestieri secolari: i saponieri che spremono l&#039;olio d&#039;oliva in pagnotte dure; i ramai che martellano vassoi; i falegnami che intagliano scatole intarsiate. Un brusio domestico coesiste con i cadenzati richiami alla preghiera e il suono delle campane delle chiese maronite e ortodosse.<\/p>\n\n\n\n<p>Anche l&#039;architettura religiosa dell&#039;epoca mamelucca sopravvive. La Grande Moschea di Mansouri, una serie di hammam urbani e la vicina Madrasa al-Uthmaniyya illustrano l&#039;interazione tra funzione e ornamento tipica di quel periodo. Cinque bagni sono sopravvissuti: Abed, Izz El-Din, Hajeb, Jadid e An-Nouri, quest&#039;ultimo fondato nel 1333 dal governatore Nur El-Din vicino alla Grande Moschea. Quando Ibn Battutah vi fece visita nel 1355, not\u00f2 &#034;bellissimi bagni&#034; immersi in giardini con canali d&#039;acqua, una descrizione che risuona ancora oggi in queste fresche sale a cupola.<\/p>\n\n\n\n<p>A pochi passi dalla Citt\u00e0 Vecchia si trova piazza Al-Tell e la sua Torre dell&#039;Orologio, eretta nel 1906 per celebrare il trentesimo anniversario del regno del sultano Abdul Hamid II. Donata dalla corte ottomana, le sue quattro facciate scandiscono ancora il tempo dopo un restauro del 1992 che ne ha ripristinato i meccanismi. Nelle vicinanze, la Cittadella si erge a guardia, con le sue mura di arenaria segnate da quattro epoche distinte.<\/p>\n\n\n\n<p>Al largo, un quartetto di isolotti \u2013 le Isole Palme \u2013 forma una riserva naturale. La pi\u00f9 grande, conosciuta localmente come Isola dei Conigli, si estende per circa venti ettari. Un tempo, durante il Mandato francese, i conigli europei introdotti pascolavano sulle sue sabbie; oggi offre rifugio a tartarughe marine comuni in via di estinzione, rare foche monache e uccelli migratori. Gli scavi del 1973 hanno portato alla luce abitazioni risalenti all&#039;epoca delle Crociate, che collegano la vegetazione costiera alla secolare presenza umana. L&#039;UNESCO ha dichiarato le isole protette nel 1992, vietando incendi e campeggio per preservare sia la fauna selvatica che il patrimonio culturale.<\/p>\n\n\n\n<p>Oltre l&#039;Isola dei Conigli si trovano le Isole Bakar, un tempo affittate come cantieri navali sotto il dominio ottomano ad Adel e Khiereddine Abdulwahab, e ancora oggi utilizzate da appaltatori marittimi. A ovest, l&#039;Isola di Ramkin presenta un&#039;ampia spiaggia sabbiosa con scogliere calcaree a strapiombo. Insieme, queste isole incorniciano il quartiere portuale di Tripoli, El Mina, che si fonde con la citt\u00e0 vera e propria a formare un&#039;unica conurbazione costiera.<\/p>\n\n\n\n<p>La composizione demografica della citt\u00e0 riflette il pi\u00f9 ampio mosaico demografico del Libano. Nel 2014, gli elettori registrati erano oltre il 92% musulmani, di cui circa l&#039;82% si identificava come sunnita e l&#039;8,7% come alawita; i cristiani rappresentavano poco pi\u00f9 del 7%. Oggi, i cristiani \u2013 greco-ortodossi, maroniti, melchiti, siriaci e armeni \u2013 rappresentano meno del 5% della popolazione urbana. Quartieri sunniti come Bab al-Tabbaneh si trovano pericolosamente vicini a Jabal Mohsen, a maggioranza alawita, e le tensioni sono esplose ripetutamente dal 2011, con i conflitti nella vicina Siria che hanno suscitato alleanze speculari. Questi scontri hanno minato la stabilit\u00e0 di Tripoli, aggravando le difficolt\u00e0 economiche in una citt\u00e0 a lungo divisa tra commercianti pi\u00f9 ricchi e quartieri svantaggiati.<\/p>\n\n\n\n<p>Il clima di Tripoli mitiga gli estremi. Le piogge invernali cadono tra dicembre e marzo, mentre le estati rimangono aride. La vicina corrente marina mitiga le minime invernali di circa dieci gradi Celsius rispetto alle valli interne; in estate, le brezze costiere abbassano le temperature di circa sette gradi. Le nevicate possono colpire la citt\u00e0 al massimo una volta ogni dieci anni, ma le grandinate invernali si verificano con una certa regolarit\u00e0.<\/p>\n\n\n\n<p>In citt\u00e0, la diversit\u00e0 religiosa trova espressione architettonica. Oltre alla Moschea di Mansouri e agli hammam medievali, si trovano due dozzine di moschee di varia epoca: edifici mamelucchi come la Moschea Taynal, Arghoun Shah e Al-Attar; fondazioni ottomane come Abou Bakr Al-Siddeeq e Al-Rahma; e l&#039;imponente Omar Ibn El-Khattab ai margini della citt\u00e0 vecchia. Tra i monumenti cristiani figurano la Cattedrale di San Michele (maronita), Sant&#039;Elie (greco-ortodossa), Sant&#039;Efrem (siriaco-ortodossa), San Francesco (cattolica romana), San Giorgio (melchita), San Hokekalousd (armeno-ortodossa), Nostra Signora dell&#039;Annunciazione (melchita) e la Chiesa Evangelica Nazionale di Tripoli.<\/p>\n\n\n\n<p>Un intervento moderno, il Rachid Karami International Fairground, sorge all&#039;ingresso meridionale della citt\u00e0. Concepito nel 1962 dall&#039;architetto brasiliano Oscar Niemeyer per un&#039;esposizione universale, la costruzione cess\u00f2 nel 1975 con lo scoppio della guerra civile libanese. Quindici strutture scheletriche e incomplete rimangono su circa 75 ettari, con i loro tetti curvi e i pilotis che alludono a una visione utopica congelata nel tempo. L&#039;inerzia amministrativa e i continui disordini hanno lasciato il sito in gran parte inutilizzato, affiancato da un hotel che cade a pezzi per l&#039;incuria. Nel 2023, l&#039;UNESCO ha iscritto il complesso sia nella Lista del Patrimonio Mondiale che nella Lista del Patrimonio Mondiale in Pericolo, riconoscendone il valore culturale e lo stato precario.<\/p>\n\n\n\n<p>I trasporti per Tripoli seguono i percorsi tradizionali. Dalla stazione Charles Helou di Beirut, i visitatori possono salire a bordo di un autobus con le insegne in arabo, spesso chiamato &#034;Trablos Express&#034;, oppure condividere un taxi, la cui tariffa \u00e8 equivalente al costo per quattro passeggeri. I minibus partono dalle stazioni di Cola e Daoura; nel centro di Tripoli, i taxi condivisi costano 1.000 LL a passeggero, che salgono a 2.000 LL per le tratte pi\u00f9 lunghe. Il porto gestisce principalmente il trasporto merci, ma Med Star gestisce l&#039;unico traghetto passeggeri di linea del Libano.<\/p>\n\n\n\n<p>Il mercato della Citt\u00e0 Vecchia di Tripoli rimane un punto focale per il patrimonio culinario e artigianale libanese. La domenica mattina, gruppi provenienti da Beirut si riversano nelle pasticcerie di Hallab, attratti dagli appiccicosi maamoul e knafeh. Sebbene molti venditori utilizzino il nome Hallab, Rafaat Hallab (fondato nel 1881) e Abdel Rahman Al Hallab conservano una discendenza ininterrotta dal pasticcere del XIX secolo che per primo perfezion\u00f2 i dolci tripolitani.<\/p>\n\n\n\n<p>In un paesaggio segnato da disparit\u00e0 economica e disordini sporadici, Tripoli resiste come depositario di strati architettonici e di impegno umano. Le sue strade strette e i cortili nascosti mostrano l&#039;impronta di marinai, mercanti e governanti che hanno plasmato una citt\u00e0 che rimane al tempo stesso resiliente e instabile. Qui, pietre antiche e rovine moderne evocano un dialogo continuo tra passato e presente, invitando chi si sofferma a scoprire storie inscritte in ogni arco e vicolo.<\/p>","protected":false},"excerpt":{"rendered":"<p>Tripoli, il secondo centro urbano pi\u00f9 grande del Libano, si trova a 81 chilometri a nord di Beirut e ha una popolazione stimata di circa 730.000 residenti. Situata sul Mar Mediterraneo orientale e porto marittimo pi\u00f9 settentrionale del Libano, questa vivace citt\u00e0 \u00e8 la sede del Distretto di Tripoli e del Governatorato del Nord. A complemento di una piccola popolazione di alawiti e di diverse confessioni cristiane, tra cui maroniti e armeni, che arricchiscono la variet\u00e0 culturale della citt\u00e0, la sua composizione demografica \u00e8 prevalentemente musulmana sunnita.<\/p>","protected":false},"author":1,"featured_media":2828,"parent":14746,"menu_order":0,"comment_status":"closed","ping_status":"closed","template":"elementor_theme","meta":{"_eb_attr":"","footnotes":""},"class_list":["post-14752","page","type-page","status-publish","has-post-thumbnail"],"_links":{"self":[{"href":"https:\/\/travelshelper.com\/it\/wp-json\/wp\/v2\/pages\/14752","targetHints":{"allow":["GET"]}}],"collection":[{"href":"https:\/\/travelshelper.com\/it\/wp-json\/wp\/v2\/pages"}],"about":[{"href":"https:\/\/travelshelper.com\/it\/wp-json\/wp\/v2\/types\/page"}],"author":[{"embeddable":true,"href":"https:\/\/travelshelper.com\/it\/wp-json\/wp\/v2\/users\/1"}],"replies":[{"embeddable":true,"href":"https:\/\/travelshelper.com\/it\/wp-json\/wp\/v2\/comments?post=14752"}],"version-history":[{"count":0,"href":"https:\/\/travelshelper.com\/it\/wp-json\/wp\/v2\/pages\/14752\/revisions"}],"up":[{"embeddable":true,"href":"https:\/\/travelshelper.com\/it\/wp-json\/wp\/v2\/pages\/14746"}],"wp:featuredmedia":[{"embeddable":true,"href":"https:\/\/travelshelper.com\/it\/wp-json\/wp\/v2\/media\/2828"}],"wp:attachment":[{"href":"https:\/\/travelshelper.com\/it\/wp-json\/wp\/v2\/media?parent=14752"}],"curies":[{"name":"wp","href":"https:\/\/api.w.org\/{rel}","templated":true}]}}