{"id":14292,"date":"2024-09-19T08:09:57","date_gmt":"2024-09-19T08:09:57","guid":{"rendered":"https:\/\/travelshelper.com\/staging\/?page_id=14292"},"modified":"2026-03-11T23:25:28","modified_gmt":"2026-03-11T23:25:28","slug":"aalborg","status":"publish","type":"page","link":"https:\/\/travelshelper.com\/it\/destinations\/europe\/denmark\/aalborg\/","title":{"rendered":"Aalborg"},"content":{"rendered":"<p>Aalborg si estende lungo il tratto pi\u00f9 stretto del Limfjord, con il suo litorale pianeggiante saldamente ancorato a un&#039;altitudine media di appena cinque metri sul livello del mare, eppure circondato da colline che superano i sessanta metri. Da questo punto di osservazione privilegiato, la citt\u00e0 guarda a est verso il Kattegat, circa trentacinque chilometri pi\u00f9 avanti, mentre le sue vene commerciali e culturali si estendono a nord fino a N\u00f8rresundby e a sud-ovest verso Randers, Aarhus e Copenaghen. Quarta area urbana pi\u00f9 grande della Danimarca, con circa 144.000 residenti a met\u00e0 del 2022, Aalborg \u00e8 anche il fulcro della regione dello Jutland settentrionale, di cui \u00e8 il principale porto, polo industriale e cuore accademico.<\/p>\n<p>Tracce archeologiche indicano i primi insediamenti intorno al 700 d.C., quando le correnti tortuose del Limfjord e la sua ricca pesca attirarono i coraggiosi abitanti dello Jutland settentrionale sulle sue rive. Nel Medioevo, la posizione di Aalborg, nel punto pi\u00f9 stretto del fiordo, confer\u00ec un vantaggio strategico: le navi dirette al Kattegat o ai prodotti fluviali merci diretti a sud transitavano tutte lungo le sue banchine. Un modesto emporio si trasform\u00f2 in una vivace citt\u00e0 medievale, la cui prosperit\u00e0 si riflette ancora oggi nelle dimore mercantili a graticcio che fiancheggiano \u00d8ster\u00e5gade, vestigia di una societ\u00e0 mercantile fondata sulle corporazioni.<\/p>\n<p>Verso la fine del XIV secolo, la chiesa parrocchiale di Budolfi fu trasformata in una cattedrale gotica dedicata a San Botolfo, un monumento in mattoni e arco a sesto acuto che sopravvive come sede episcopale di Aalborg. Non lontano, su un promontorio a picco sul mare, sorge il Castello di Aalborghus, eretto nel 1550 sotto il re Cristiano III. I suoi pannelli imbiancati e le travi dipinte di rosso ricordano un&#039;epoca in cui l&#039;amministrazione reale danese riscuoteva le tasse all&#039;interno delle sue mura a graticcio. Sebbene il castello ora ospiti uffici comunali, i suoi giardini, aperti solo in estate, e le segrete evocano ancora lo sfarzo cortese di ispirazione Tudor del XVI secolo.<\/p>\n<p>Due delle pi\u00f9 belle case a schiera del XVII secolo della Danimarca si trovano ancora su \u00d8ster\u00e5gade: la casa di Jens Bang (1624) e la casa di J\u00f8rgen Olufsen (1616). Entrambe costruite in arenaria nello stile rinascimentale olandese, presentano frontoni aggettanti, cornici auricolari scolpite e, nel caso di Olufsen, un portico di magazzino intatto, completo di gancio in ferro per le bilance. Per oltre tre secoli, la residenza di quattro piani di Jens Bang ha ospitato la farmacia pi\u00f9 antica della citt\u00e0; dall&#039;altra parte della strada, l&#039;ex residenza di Olufsen testimonia lo stretto legame tra autorit\u00e0 civica e ricchezza mercantile, poich\u00e9 il suo originario proprietario deteneva anche la carica di sindaco.<\/p>\n<p>Nel XIX secolo, Aalborg aveva ormai superato la sua impronta medievale. La fine del XIX secolo vide la fusione dei villaggi circostanti \u2013 \u00d8ster Sundby, R\u00f8rdal Fabriksby, Tranders \u2013 in una conurbazione industriale la cui popolazione aument\u00f2 da quattordicimila abitanti nel 1880 a circa trentunomila nel 1901. La produzione di cemento, la macinazione dei cereali e la distillazione dell&#039;acquavite costituirono il fulcro dell&#039;economia locale. Aziende come la Aalborg Portland Cement e la De Danske Spritfabrikker (Distillerie Danesi) raggiunsero una fama mondiale, e le cave di gesso ancora esistenti di R\u00f8rdal e Vokslev sostennero i cementifici regionali.<\/p>\n<p>Negli ultimi decenni, il ronzio dei macchinari pesanti ha lasciato il posto alla precisione delle industrie basate sulla conoscenza. La produzione di rotori per turbine eoliche presso Siemens Gamesa Renewable Energy, l&#039;ingegneria delle caldaie navali presso Alfa Laval e la ricerca sulle energie rinnovabili presso l&#039;Universit\u00e0 di Aalborg sono oggi il motore dell&#039;economia cittadina. Eppure, le strutture portuali continuano a spedire cereali, cemento e alcolici in tutto il mondo, mentre il lungomare stesso viene reinventato come spazio per industrie creative e per il tempo libero.<\/p>\n<p>Il centro citt\u00e0, disposto su argilliti che si snodano da est a ovest, formati dai torrenti Vester\u00e5 e Lille\u00e5, ormai scomparsi, conserva la sua struttura medievale a griglia di Algade (l&#039;antica via del mercato), fiancheggiata da Bispengade e che culmina in Gammeltorv, l&#039;antica piazza del mercato. Qui, la Cattedrale di Budolfi si affaccia a ovest sulla facciata barocca del municipio del 1762, il cui tetto in tegole smaltate di nero e l&#039;ingresso a pilastri segnano una svolta verso il formalismo illuminista. Oltre la zona della stazione, a ovest, Hasseris si \u00e8 sviluppata nel XX secolo come quartiere di ville, mentre il fulcro edilizio si \u00e8 ora spostato a est del centro, dove i complessi residenziali fiancheggiano i moli operativi di \u00d8sthavnen e l&#039;Utzon Center si erge a guardia accanto alla nuova sala concerti Musikkens Hus.<\/p>\n<p>La reputazione di Aalborg come centro culturale si fonda su una costellazione di istituzioni. Il Museo Storico di Aalborg (fondato nel 1863) e il Museo d&#039;Arte Moderna KUNSTEN sono i pilastri del quartiere dei musei, quest&#039;ultimo noto per l&#039;edificio di Alvar Aalto del 1972 e il suo giardino di sculture. Opere contemporanee trovano spazio al Nordkraft, una centrale elettrica ristrutturata, mentre l&#039;Utzon Center, che rende omaggio all&#039;architetto J\u00f8rn Utzon, originario della citt\u00e0, ospita mostre sulla sua opera e su temi pi\u00f9 ampi del design. L&#039;orchestra sinfonica, la compagnia d&#039;opera e l&#039;Aalborg Teater (1878) animano i palcoscenici tutto l&#039;anno; il suo polifunzionale Kongres &amp; Kultur Center, inaugurato nel 1952 e ampliato nel 1991, ospita fino a 2.500 spettatori per balletti, concerti pop e star internazionali.<\/p>\n<p>Ma l&#039;evento pi\u00f9 democratico \u00e8 il Carnevale di Aalborg, che si tiene ogni anno a fine maggio. Nell&#039;arco di tre giorni, circa 100.000 partecipanti si riuniscono per sfilate di bambini, gare di bande musicali e il grande corteo mascherato, il pi\u00f9 grande del Nord Europa nel suo genere. Altrettanto rinomato \u00e8 il Mercato di Hjallerup, una fiera equina di tre giorni che attira ogni giugno oltre 200.000 visitatori per acquistare, vendere e barattare cavalli nei villaggi a nord-est della citt\u00e0.<\/p>\n<p>Dalla sua fondazione nel 1974, l&#039;Universit\u00e0 di Aalborg (AAU) \u00e8 cresciuta fino a diventare la principale istituzione accademica dello Jutland settentrionale, con oltre 20.000 studenti iscritti nel 2018. Il suo modello di apprendimento basato sui problemi ha ottenuto riconoscimenti internazionali e le sue facolt\u00e0 spaziano dall&#039;ingegneria alle scienze sociali, umanistiche e sanitarie. Nelle vicinanze, l&#039;University College della Danimarca settentrionale e la Royal School of Library and Information Science offrono corsi di formazione professionale e specialistica, mentre l&#039;Ospedale universitario di Aalborg, fondato nel 1881, rimane il centro medico pi\u00f9 importante della regione. La logistica militare e l&#039;addestramento medico d&#039;urgenza sono forniti dal Tr\u00e6nregimentet, che presidia la citt\u00e0.<\/p>\n<p>La Nordjyske Arena, sede della squadra di calcio Aalborg BK sin dalla sua fondazione nel 1885, ha assistito a quattro trionfi nella Superliga danese (1994-95, 1998-99, 2007-08, 2013-14). Tra gli altri club che vi giocano figurano gli Aalborg Pirates, che giocano a hockey su ghiaccio, l&#039;Aalborg H\u00e5ndbold, che gioca a pallamano, e le associazioni di rugby e cricket. I parchi pubblici, tra cui \u00d8stre Anl\u00e6g, Lindholm Fjordpark, Kildeparken e M\u00f8lleparken, offrono percorsi per jogging, campi da golf e zone umide con riserve ornitologiche. Ogni anno, \u00d8stre Anl\u00e6g attira circa 175.000 visitatori sui suoi prati e sul lago, un tempo cava di argilla, ora dominato dalla Chiesa di San Marco. Nel frattempo, il Lindholm Fjordpark, recuperato da una precedente discarica, ospita oche migratorie e chiurli, oltre a praticare windsurf e un campo da sei buche.<\/p>\n<p>Le attivit\u00e0 zoologiche trovano casa allo Zoo di Aalborg (1935), con circa 1.300 animali di 138 specie, tra cui tigri, orsi polari e pinguini, ospitati in habitat ricreati. Karolinelund, il parco divertimenti abbandonato del 1946, \u00e8 stato riattivato dai volontari di Platform4, i cui seminari, concerti e mostre mantengono il parco un luogo dedicato all&#039;arte e alla tecnologia, sebbene privo delle sue precedenti attrazioni meccaniche.<\/p>\n<p>Un clima marittimo influenzato dalle navi tempera le stagioni di Aalborg: le estati raramente superano i venti gradi Celsius e gli inverni hanno temperature medie comprese tra -3 e +2, con rare cali sotto i -15. Le precipitazioni sono ridotte tutto l&#039;anno \u2013 ottobre registra le precipitazioni pi\u00f9 intense \u2013 e giugno registra in media il maggior numero di ore di sole. A sud-est si trova Lille Vildmose, la pi\u00f9 grande torbiera alta dell&#039;Europa settentrionale, mentre le brughiere della foresta di Rold, comprese le colline di Rebild, si estendono per circa trenta chilometri dalle porte della citt\u00e0. Il Nibe Bredning del Limfjord, con le sue estese fasce di zostera marina, ospita migliaia di uccelli migratori ed \u00e8 un segno della vitalit\u00e0 ecologica della regione.<\/p>\n<p>I collegamenti ferroviari collegano Aalborg a Randers e oltre dal 1869, con i servizi Nordjyske Jernbaner e DSB che convergono nella stazione ristrutturata del 1902 in Plads, la piazza di John F. Kennedy. L&#039;accesso stradale avviene tramite la E45, che si estende dal Finnmark norvegese alla Calabria italiana, nonch\u00e9 tramite le autostrade nazionali per Aarhus, Frederikshavn e Copenaghen, quest&#039;ultima tramite il collegamento fisso del Grande Belt, distante circa 414 chilometri. I voli aerei sono serviti dall&#039;aeroporto di Aalborg, sei chilometri a nord-ovest del centro, che gestisce 1,4 milioni di passeggeri all&#039;anno su venti rotte dirette in tutta Europa e collegamenti stagionali pi\u00f9 lontani. L&#039;adiacente base aerea di Aalborg integra il traffico civile con le operazioni militari.<\/p>\n<p>Il trasporto pubblico locale si \u00e8 evoluto dal programma di biciclette urbane gratuite (2009-2014) a una rete di trasporto rapido su autobus \u2013 Plusbus \u2013 lanciata nel settembre 2023. Le linee degli autobus attraversano il centro citt\u00e0 e le periferie, mentre il 44% degli abitanti usa la bicicletta pi\u00f9 volte a settimana e il 27% si sposta in bicicletta. Ponti e gallerie collegano le citt\u00e0 gemellate: il ponte stradale Limfjordsbroen (1933), il ponte ferroviario basculante a nove campate (1938) \u2013 sollevato circa 4.000 volte all&#039;anno per il passaggio delle imbarcazioni \u2013 e il tunnel del Limfjord (1969), il tunnel autostradale inaugurale della Danimarca, le cui tre corsie trasportano il traffico della E45 sotto il fiordo.<\/p>\n<p>Un tempo dominata da cantieri navali, distillerie e cementifici, oggi Aalborg armonizza il suo patrimonio industriale con la reinvenzione culturale e la tutela ambientale. Le banchine sul lungomare hanno lasciato il posto a sale espositive, caff\u00e8 e percorsi pedonali; gli ex quartieri industriali ora ospitano start-up, gallerie e incubatori universitari. I tetti sinuosi dell&#039;Utzon Center si affacciano sull&#039;acqua verso l&#039;ex \u00d8stre Havn, dove un tempo le gru scaricavano il carbone, ora trasformato in scali di alaggio per club di kayak e scuole di windsurf.<\/p>\n<p>In ogni secolo dei suoi quasi milletrecento anni di storia, Aalborg \u00e8 stata plasmata dall&#039;acqua: dalle sue correnti, dai suoi commerci e dalla sua capacit\u00e0 di connettere le comunit\u00e0. Oggi, quello stesso fiordo invita residenti e visitatori a riflettere su un futuro dinamico come le maree che canalizza, un futuro in cui tradizione e innovazione convergono sulle rive del Limfjord.<\/p>","protected":false},"excerpt":{"rendered":"<p>Aalborg, il quarto insediamento urbano pi\u00f9 grande della Danimarca, conta una popolazione di 119.862 abitanti nella citt\u00e0 vera e propria e una popolazione urbana di 143.598 abitanti al 1\u00b0 luglio 2022. Situata nella parte settentrionale della penisola dello Jutland, questa dinamica citt\u00e0 funge da centro economico e culturale essenziale per la zona. La posizione strategica di Aalborg, nel punto pi\u00f9 stretto del Limfjord, ha avuto un ruolo cruciale nell&#039;influenzarne lo sviluppo storico e l&#039;importanza in Danimarca.<\/p>","protected":false},"author":1,"featured_media":2734,"parent":14261,"menu_order":0,"comment_status":"closed","ping_status":"closed","template":"elementor_theme","meta":{"_eb_attr":"","footnotes":""},"class_list":["post-14292","page","type-page","status-publish","has-post-thumbnail"],"_links":{"self":[{"href":"https:\/\/travelshelper.com\/it\/wp-json\/wp\/v2\/pages\/14292","targetHints":{"allow":["GET"]}}],"collection":[{"href":"https:\/\/travelshelper.com\/it\/wp-json\/wp\/v2\/pages"}],"about":[{"href":"https:\/\/travelshelper.com\/it\/wp-json\/wp\/v2\/types\/page"}],"author":[{"embeddable":true,"href":"https:\/\/travelshelper.com\/it\/wp-json\/wp\/v2\/users\/1"}],"replies":[{"embeddable":true,"href":"https:\/\/travelshelper.com\/it\/wp-json\/wp\/v2\/comments?post=14292"}],"version-history":[{"count":0,"href":"https:\/\/travelshelper.com\/it\/wp-json\/wp\/v2\/pages\/14292\/revisions"}],"up":[{"embeddable":true,"href":"https:\/\/travelshelper.com\/it\/wp-json\/wp\/v2\/pages\/14261"}],"wp:featuredmedia":[{"embeddable":true,"href":"https:\/\/travelshelper.com\/it\/wp-json\/wp\/v2\/media\/2734"}],"wp:attachment":[{"href":"https:\/\/travelshelper.com\/it\/wp-json\/wp\/v2\/media?parent=14292"}],"curies":[{"name":"wp","href":"https:\/\/api.w.org\/{rel}","templated":true}]}}