{"id":14240,"date":"2024-09-18T22:41:43","date_gmt":"2024-09-18T22:41:43","guid":{"rendered":"https:\/\/travelshelper.com\/staging\/?page_id=14240"},"modified":"2026-03-11T23:33:52","modified_gmt":"2026-03-11T23:33:52","slug":"estonia","status":"publish","type":"page","link":"https:\/\/travelshelper.com\/it\/destinations\/europe\/estonia\/","title":{"rendered":"Estonia"},"content":{"rendered":"<p>L&#039;Estonia sorge sulla costa orientale del Mar Baltico, una snella repubblica di circa 1,37 milioni di abitanti, il cui suolo e il cui spirito hanno dato vita sia a riti pagani che a rivoluzioni digitali. In un&#039;area di 45.335 km\u00b2, che comprende oltre 2.300 isole, questa terra settentrionale si \u00e8 evoluta dai suoi insediamenti neolitici del 9.000 a.C. in una delle democrazie pi\u00f9 avanzate d&#039;Europa dal punto di vista digitale, vantando l&#039;appartenenza all&#039;Eurozona, l&#039;alleanza NATO e una reputazione di governance trasparente. Dalle scogliere calcaree della costa settentrionale alle torbiere degli altopiani meridionali, il territorio e la popolazione dell&#039;Estonia tracciano una storia di dominazione straniera, risveglio nazionale, occupazione sovietica e una pacifica &#034;Rivoluzione Cantata&#034; che ha ripristinato l&#039;indipendenza il 20 agosto 1991.<\/p>\n<p>Da tempo immemorabile, le trib\u00f9 estoni si sono concentrate lungo fiumi e laghi. La conversione medievale al cristianesimo fu imposta solo dopo le Crociate del Nord del XIII secolo, eppure vestigia di usanze precristiane perdurarono nel folklore e nei canti runici. Secoli di dominio da parte dei Cavalieri Teutonici, dei monarchi danesi, dei re polacchi, dei signori svedesi e, infine, dell&#039;Impero russo contribuirono ben poco a estinguere un&#039;identit\u00e0 vernacolare che esplose nel risveglio nazionale della met\u00e0 del XIX secolo. La Dichiarazione d&#039;Indipendenza del febbraio 1918 inaugur\u00f2 una repubblica tra le due guerre fondata su ideali democratici, la cui neutralit\u00e0 croll\u00f2 solo sotto l&#039;occupazione sovietica e tedesca. Durante la Guerra Fredda, diplomatici emigrati e il governo in esilio preservarono la continuit\u00e0 giuridica dell&#039;Estonia finch\u00e9 lo Stato baltico non rivendic\u00f2 la propria sovranit\u00e0 attraverso proteste di massa non violente e una resistenza corale.<\/p>\n<p>Topograficamente, la repubblica si dispiega in dolci pendii. Le pianure settentrionali e occidentali cedono il passo agli altopiani di Pandivere, Sakala e Otep\u00e4\u00e4, mentre Suur Munam\u00e4gi, a 318 metri, domina le colline di Haanja. Dei 1.560 laghi naturali dell&#039;Estonia, la vasta distesa del Peipus confina con la Russia, e il V\u00f5rtsj\u00e4rv si trova interamente al suo interno. Meno di una dozzina di fiumi superano i 100 chilometri, tra cui i principali sono il V\u00f5handu e il P\u00e4rnu. Quasi un quarto del territorio \u00e8 delimitato da paludi e torbiere \u2013 intricate zone umide dove convergono torbiere e foreste palustri \u2013 che offrono rifugio a specie scomparse altrove in Europa.<\/p>\n<p>Il clima qui non \u00e8 n\u00e9 interamente continentale n\u00e9 puramente marittimo, ma plasmato dai cicloni del Nord Atlantico e dalla portata mitigatrice del Baltico. Il disgelo invernale arriva prematuramente sulle coste, mentre il calore estivo persiste poich\u00e9 le brezze occidentali mitigano il calore dell&#039;entroterra. Le temperature medie oscillano tra -3,8 \u00b0C a febbraio e 17,8 \u00b0C a luglio, con punte estreme di -43,5 \u00b0C nel 1940 e 35,6 \u00b0C nel 1992. Le precipitazioni medie annue sono di 662 mm; le ore di sole vanno da appena tre dozzine di ore a dicembre a quasi 300 ad agosto. La durata del giorno si estende fino a 18 ore e 40 minuti a met\u00e0 estate e si riduce a sei ore dopo il solstizio d&#039;inverno, regalando &#034;notti bianche&#034; da maggio a luglio.<\/p>\n<p>Il mosaico di foreste, campi, isole e zone umide \u00e8 alla base di una delle pi\u00f9 ricche biodiversit\u00e0 d&#039;Europa. Circa il 19,4% del territorio estone \u00e8 formalmente protetto: sei parchi nazionali, oltre duecento aree di conservazione e pi\u00f9 di cento riserve naturali. I corridoi migratori trasportano milioni di passeriformi e uccelli acquatici nel cielo, stabilendo record europei per variet\u00e0 e volume. Pini, betulle e abeti rossi dominano i suoi boschi, dando rifugio a grandi mammiferi, dalla lince all&#039;orso bruno, fino al visone europeo reintrodotto a Hiiumaa. Regni baffuti di anfibi e rettili prosperano tra le 330 specie di uccelli registrate a livello nazionale, tra cui la rondine comune, simbolo aviario nazionale.<\/p>\n<p>Repubblica parlamentare di quindici maakond, l&#039;Estonia gode di una delle amministrazioni meno corrotte d&#039;Europa. La sua trasformazione dalla dipendenza dallo scisto bituminoso \u2013 un tempo responsabile di oltre l&#039;85% della produzione energetica \u2013 a un mix diversificato di fonti rinnovabili sottolinea la capacit\u00e0 di adattamento del paese. Il nadir finanziario causato dalla crisi del 2008 ha ceduto il passo, nel 2012, all&#039;unico surplus di bilancio dell&#039;eurozona e a un debito pubblico di appena il 6% del PIL. Oggi, telecomunicazioni, banche, servizi software, tessile, elettronica e cantieristica navale alimentano un&#039;economia avanzata con un PIL pro capite a parit\u00e0 di potere d&#039;acquisto di circa 46.385 dollari (dati del 2023). L&#039;Estonia si colloca al primo posto a livello mondiale per sviluppo umano, libert\u00e0 di stampa, risultati scolastici \u2013 gratuiti dalla scuola primaria a quella terziaria \u2013 e servizi di e-government.<\/p>\n<p>Le arterie marittime convergono verso il porto di Tallinn e il suo satellite libero dai ghiacci a Muuga, dove silos per cereali, magazzini refrigerati e ormeggi per petroliere servono il commercio baltico. I traghetti Tallink collegano le rotte marittime con Helsinki e Stoccolma, mentre le linee locali trasportano passeggeri a Saaremaa e Hiiumaa. Via terra, oltre sedicimila chilometri di strade statali, tra cui le arterie E20, E263 ed E67, favoriscono un elevato tasso di propriet\u00e0 di auto private. Rail Baltica, in costruzione dal 2017, promette un collegamento a scartamento europeo da Tallinn a Varsavia, passando per Riga, integrando l&#039;attuale rete di Eesti Raudtee e il suo storico tram a scartamento ridotto nella capitale. Gli aeroporti di Tallinn, Tartu, P\u00e4rnu, Kuressaare e K\u00e4rdla collegano l&#039;Estonia all&#039;Europa settentrionale e centrale tramite compagnie aeree come AirBaltic e LOT.<\/p>\n<p>Dal punto di vista etnico, l&#039;Estonia \u00e8 in gran parte omogenea: gli estoni costituiscono quasi il settanta percento della popolazione, con una minoranza russofona di circa il ventiquattro percento, concentrata nell&#039;Ida-Viru e nei dintorni di Tallinn. Dal 1991 la popolazione \u00e8 aumentata fino a 1.369.285 abitanti (1\u00b0 gennaio 2025), riflettendo la migrazione e un modesto surplus di nascite. Il livello di istruzione \u00e8 eccezionale \u2013 il 43% degli adulti di et\u00e0 compresa tra 25 e 64 anni possiede una laurea \u2013 e la diversit\u00e0 \u00e8 aumentata, con oltre duecento etnie e quasi altrettante lingue madri. La comunit\u00e0 tedesca baltica ha rappresentato un tempo l&#039;egemonia culturale tedesca fino alla met\u00e0 del XX secolo; oggi, i finlandesi d&#039;Ingria e gli svedesi estoni godono di autonomia culturale insieme a una piccola presenza rom.<\/p>\n<p>L&#039;affiliazione religiosa \u00e8 diminuita, rendendo l&#039;Estonia uno degli stati pi\u00f9 laici d&#039;Europa. Poco meno di un terzo dei cittadini professa una fede, la maggior parte dei quali all&#039;interno di confessioni cristiane. L&#039;ortodossia orientale, praticata da molti membri della minoranza russa e della comunit\u00e0 indigena Seto, ha ormai superato il luteranesimo in termini di fedeli. Le saune a fumo della tradizione V\u00f5ru \u2013 patrimonio UNESCO dal 2014 \u2013 perpetuano il rituale ancestrale, cos\u00ec come i fal\u00f2 di mezza estate di Jaanip\u00e4ev e le sfilate del Giorno dell&#039;Indipendenza, che celebrano rispettivamente la memoria collettiva il 24 giugno e il 24 febbraio.<\/p>\n<p>Linguisticamente, l&#039;estone prevale, con circa l&#039;84% della popolazione che lo usa come prima o seconda lingua. I dialetti dell&#039;Estonia meridionale \u2013 V\u00f5ro, Seto, Mulgi e Tartu \u2013 persistono tra quasi centomila parlanti. L&#039;inglese e il russo sono lingue straniere o di eredit\u00e0 linguistica comuni, amplificate dalla scuola pubblica; seguono il tedesco e il francese. La lingua dei segni estone, formalmente riconosciuta nel 2007, supporta circa 4.500 cittadini sordi.<\/p>\n<p>L&#039;identit\u00e0 culturale si intreccia con la terra. Canti runici folcloristici narrano la cosmogonia e giganti come Kalevipoeg. La campagna del folclorista Jakob Hurt del XIX secolo raccolse oltre dodicimila pagine di tradizione orale; Matthias Johann Eisen ne avrebbe raccolte altre novantamila, ora conservate nell&#039;Archivio del Folklore Estone. L&#039;architettura spazia dalle fattorie in legno di rehielamu, ai forti medievali in pietra sulle colline, alle chiese romaniche e ai palazzi gotici dei mercanti, i cui resti pi\u00f9 vividamente conservati si trovano nel centro storico di Tallinn, patrimonio dell&#039;UNESCO. L&#039;edificio del parlamento, costruito tra le due guerre sulla collina di Toompea, si distingue per essere l&#039;unica camera legislativa espressionista al mondo, mentre le tendenze del XX secolo oscillavano dal classicismo scarno alla prefabbricazione sovietica, e pi\u00f9 recentemente alle torri per uffici rivestite in vetro di architetti come Vilen K\u00fcnnapu.<\/p>\n<p>La cucina estone, nata da campi, foreste e mare, rimane ancorata a pane di segale, patate, carne di maiale e latticini, ravvivata da frutti di bosco, erbe aromatiche e funghi di stagione. I panini aperti con aringhe o spratti del Baltico incarnano la passione della nazione per i piatti pi\u00f9 semplici e freschi. Birra, vini di frutta e distillati accompagnano i pasti, come hanno fatto per secoli di vita agraria e costiera.<\/p>\n<p>Per i viaggiatori, l&#039;Estonia si dispiega in regioni, ma senza la tirannia delle distanze: quattro ore separano le colline meridionali dalle spiagge settentrionali, e due ore sono sufficienti tra Tallinn e qualsiasi grande citt\u00e0. L&#039;Estonia settentrionale pulsa di industria e fascino urbano, con la capitale medievale che si staglia contro i villaggi costieri e i manieri di Lahemaa. L&#039;Estonia orientale porta con s\u00e9 l&#039;influenza russa nel Castello di Hermann a Narva e nei villaggi termali lungo il Golfo. Le isole e la costa occidentale offrono i villaggi spazzati dal vento di Saaremaa, la grandiosit\u00e0 estiva di P\u00e4rnu e il risorgente patrimonio culturale degli svedesi costieri a Ruhnu. A sud, il fermento accademico di Tartu cede il passo alle case di preghiera di Setomaa, alle tradizioni canore di Mulgimaa e alle piste da sci di Otep\u00e4\u00e4.<\/p>\n<p>Il fascino dell&#039;Estonia risiede in questi contrasti: una repubblica digitale che prospera tra foreste ricoperte di muschio, antiche paludi e bastioni anseatici; un popolo che canta l&#039;indipendenza e accoglie i visitatori con lo stesso fiato. Questa terra \u00e8 definita meno dalle catene che un tempo la legavano, quanto dalla resilienza che unisce il suo passato a ogni clic, ogni canto natalizio e ogni passo sui suoi terreni leggendari.<\/p>","protected":false},"excerpt":{"rendered":"<p>L&#039;Estonia, situata nell&#039;Europa settentrionale, sulle rive del pittoresco Mar Baltico, \u00e8 un esempio di resistenza, inventiva e diversit\u00e0 culturale. Situata all&#039;incrocio tra l&#039;Europa settentrionale e quella orientale, l&#039;Estonia gode di una posizione strategica che ne ha storicamente definito la traiettoria e continua a influenzarne la situazione attuale. Nonostante una popolazione di circa 1,4 milioni di abitanti, l&#039;Estonia ha un impatto significativo sulla tecnologia, sulla governance digitale e sulla tutela ambientale.<\/p>","protected":false},"author":1,"featured_media":3347,"parent":24078,"menu_order":0,"comment_status":"closed","ping_status":"closed","template":"elementor_theme","meta":{"_eb_attr":"","footnotes":""},"class_list":["post-14240","page","type-page","status-publish","has-post-thumbnail"],"_links":{"self":[{"href":"https:\/\/travelshelper.com\/it\/wp-json\/wp\/v2\/pages\/14240","targetHints":{"allow":["GET"]}}],"collection":[{"href":"https:\/\/travelshelper.com\/it\/wp-json\/wp\/v2\/pages"}],"about":[{"href":"https:\/\/travelshelper.com\/it\/wp-json\/wp\/v2\/types\/page"}],"author":[{"embeddable":true,"href":"https:\/\/travelshelper.com\/it\/wp-json\/wp\/v2\/users\/1"}],"replies":[{"embeddable":true,"href":"https:\/\/travelshelper.com\/it\/wp-json\/wp\/v2\/comments?post=14240"}],"version-history":[{"count":0,"href":"https:\/\/travelshelper.com\/it\/wp-json\/wp\/v2\/pages\/14240\/revisions"}],"up":[{"embeddable":true,"href":"https:\/\/travelshelper.com\/it\/wp-json\/wp\/v2\/pages\/24078"}],"wp:featuredmedia":[{"embeddable":true,"href":"https:\/\/travelshelper.com\/it\/wp-json\/wp\/v2\/media\/3347"}],"wp:attachment":[{"href":"https:\/\/travelshelper.com\/it\/wp-json\/wp\/v2\/media?parent=14240"}],"curies":[{"name":"wp","href":"https:\/\/api.w.org\/{rel}","templated":true}]}}