{"id":13736,"date":"2024-09-18T01:52:44","date_gmt":"2024-09-18T01:52:44","guid":{"rendered":"https:\/\/travelshelper.com\/staging\/?page_id=13736"},"modified":"2026-03-12T00:14:06","modified_gmt":"2026-03-12T00:14:06","slug":"germania","status":"publish","type":"page","link":"https:\/\/travelshelper.com\/it\/destinations\/europe\/germany\/","title":{"rendered":"Germania"},"content":{"rendered":"<p>La Repubblica Federale di Germania occupa una posizione centrale in Europa, estendendosi su 357.596 chilometri quadrati tra il Mar Baltico e il Mare del Nord a nord e le Alpi a sud, e contando una popolazione di circa 84,7 milioni di abitanti secondo il censimento del 2023. Confinante con nove paesi \u2013 Danimarca, Polonia, Repubblica Ceca, Austria, Svizzera, Francia, Lussemburgo, Belgio e Paesi Bassi \u2013 \u00e8 lo stato membro pi\u00f9 popoloso dell&#039;Unione Europea. Il suo territorio si estende dalle cime innevate delle Alpi Bavaresi, dove lo Zugspitze raggiunge i 2.963 metri, attraverso altopiani boscosi e fertili valli fluviali fino alle basse pianure battute dal vento lungo il Mar del Nord e il Mar Baltico. Berlino \u00e8 la capitale e il cuore culturale, Francoforte il fulcro finanziario e la conurbazione della Ruhr il suo pi\u00f9 grande agglomerato urbano.<\/p>\n<p>La presenza umana sul suolo tedesco risale ai cacciatori-raccoglitori del Paleolitico inferiore, a cui seguirono le trib\u00f9 celtiche e poi germaniche. Nel I secolo d.C., i cronisti romani avevano chiamato la regione Germania, un paesaggio di foreste e trib\u00f9 oltre i loro confini. Nel 962, il regno orientale dei re sassoni divenne il nucleo del Sacro Romano Impero. Il XVI secolo vide le citt\u00e0 della Germania settentrionale emergere come centri della Riforma protestante, i cui dibattiti dal pulpito rimodellarono la fede in tutta Europa. La rivolta napoleonica dissolse l&#039;impero medievale nel 1806; nel 1815 si form\u00f2 una Confederazione germanica di trentanove principati, che univa le dinastie pi\u00f9 per discendenza che per lingua o diritto.<\/p>\n<p>La nazione moderna si coalizz\u00f2 dopo la guerra austro-prussiana del 1866, quando la Confederazione della Germania Settentrionale, sotto la guida prussiana, apr\u00ec la strada alla proclamazione dell&#039;Impero tedesco nel 1871. Quell&#039;impresa imperiale si concluse con la sconfitta nel 1918; dalle ceneri della guerra e della rivoluzione sorse la Repubblica di Weimar, una fragile democrazia afflitta da disordini politici ed economici. L&#039;ascesa del Partito Nazista di Adolf Hitler nel 1933 inaugur\u00f2 una brutale dittatura, conflitti globali e genocidi. Nel 1949 la Germania fu divisa in due stati: la democratica Repubblica Federale di Germania, allineata all&#039;occidente, e la comunista Repubblica Democratica Tedesca a est, con Berlino che rimase sotto la supervisione delle Quattro Potenze. La caduta del regime della Germania Est nel 1989 culmin\u00f2 con la riunificazione il 3 ottobre 1990, data oggi celebrata come Giorno dell&#039;Unit\u00e0 Tedesca.<\/p>\n<p>La Germania \u00e8 oggi tra le principali economie mondiali. Il suo sistema di mercato sociale combina una solida industria con un sistema di welfare completo: assistenza sanitaria universale, sistemi pensionistici, indennit\u00e0 di disoccupazione e universit\u00e0 pubbliche gratuite. Il PIL nominale della nazione \u00e8 il pi\u00f9 grande d&#039;Europa e il terzo a livello mondiale, mentre la produzione pro capite, corretta per il potere d&#039;acquisto, supera la media UE di oltre il 20%. Il settore dei servizi contribuisce per circa il 72% alla produzione totale, l&#039;industria per circa il 27% \u2013 rendendo la Germania il principale produttore europeo \u2013 e l&#039;agricoltura per la parte restante. La disoccupazione \u00e8 rimasta storicamente al di sotto della media UE, raggiungendo il 3,2% a gennaio 2020.<\/p>\n<p>In qualit\u00e0 di potenza commerciale, la Germania si colloca al terzo posto a livello mondiale sia per esportazioni che per importazioni e mantiene il secondo surplus commerciale pi\u00f9 grande dopo la Cina. I suoi principali partner commerciali nel 2024 includevano Stati Uniti, Cina e Paesi Bassi. Veicoli, macchinari e prodotti chimici costituiscono la spina dorsale delle esportazioni tedesche. L&#039;industria automobilistica, che ospita produttori come il Gruppo Volkswagen, BMW, Mercedes-Benz, Porsche e Audi, \u00e8 sia il maggiore produttore del continente in termini di valore, sia un innovatore globale nell&#039;ingegneria e nel design. Francoforte, sede della Banca Centrale Europea, \u00e8 il fulcro della politica monetaria europea, mentre il porto di Amburgo \u00e8 il terzo hub container pi\u00f9 trafficato d&#039;Europa.<\/p>\n<p>I paesaggi della Germania si dividono in cinque principali regioni naturali. La pianura della Germania settentrionale si estende dalle Isole Frisone alla costa baltica, con le sue basse dune e le sue distese fangose \u200b\u200bscolpite dai violenti venti occidentali. Due volte al giorno, il Mare dei Wadden si ritira, rivelando vaste distese di marea dove escursioni guidate nel fango svelano un mondo ultraterreno di molluschi e trampolieri. Al largo della costa si trovano le Isole Frisone Orientali e Settentrionali, rifugi senza auto preferiti dai turisti nazionali. Gli altopiani centrali, un intreccio di catene montuose boscose come l&#039;Harz, la Foresta Nera e la Foresta Bavarese, fondono valli pastorali e piccole citt\u00e0 le cui case a graticcio riecheggiano il Medioevo. A sud-ovest, la fertile valle del Reno produce vini rinomati da R\u00fcdesheim a Coblenza.<\/p>\n<p>L&#039;estremo sud abbraccia il margine settentrionale delle Alpi, dove una rete di impianti di risalita porta i visitatori alla cima dello Zugspitze e sentieri alpini attraversano pascoli color smeraldo e laghi glaciali. Il Lago di Costanza, condiviso con Austria e Svizzera, rispecchia cime innevate e offre sport acquatici e frutteti sulle sue rive. In queste regioni, cinque ecoregioni terrestri ospitano una ricca biodiversit\u00e0: dalle foreste miste atlantiche e baltiche ai boschi di latifoglie e conifere alpine dell&#039;Europa centrale. Oltre la met\u00e0 del territorio tedesco \u00e8 destinato all&#039;agricoltura, quasi un terzo rimane boscoso e gli insediamenti occupano il resto. Le principali risorse naturali includono, tra le altre, minerali di ferro, carbone, potassio, legname e lignite.<\/p>\n<p>La flora tedesca comprende faggi, querce, abeti rossi e pini, oltre a felci, funghi e fiori selvatici come il fiordaliso blu, un tempo emblema nazionale. La fauna spazia dal capriolo al cinghiale, dal castoro eurasiatico all&#039;occasionale muflone. La conservazione ha dato vita a sedici parchi nazionali, tra cui Jasmund sull&#039;isola di R\u00fcgen, la Foresta Bavarese e Berchtesgaden, oltre a diciassette riserve della biosfera e oltre cento parchi naturali. Abbondano anche i giardini zoologici, con lo Zoo di Berlino, fondato nel 1844, che vanta la pi\u00f9 vasta collezione di specie al mondo e funge da centro per l&#039;allevamento di animali in via di estinzione.<\/p>\n<p>Il clima temperato della Germania varia da oceanico nel nord-ovest, dove l&#039;influenza marittima mitiga le temperature, a continentale a est e sud-est, con estremi stagionali pi\u00f9 pronunciati. Le temperature medie mensili da febbraio 2019 a febbraio 2020 sono variate da 3,3 \u00b0C a gennaio 2020 a 19,8 \u00b0C a giugno 2019. Le precipitazioni sono oscillate da 30 L\/m\u00b2 in primavera a 125 L\/m\u00b2 a fine inverno, mentre le ore di sole sono passate da un minimo di 45 a novembre 2019 a 300 a giugno 2019. Il cambiamento climatico a lungo termine sta intensificando ondate di calore e inondazioni e minaccia l&#039;approvvigionamento idrico e l&#039;agricoltura, con danni economici previsti fino a 900 miliardi di euro entro la met\u00e0 del secolo.<\/p>\n<p>La cultura tedesca riflette secoli di impegno filosofico, scientifico e artistico. Il paese vanta 54 siti patrimonio mondiale dell&#039;UNESCO, tra i pi\u00f9 alti al mondo, tra cui il Duomo di Colonia, la Residenza di W\u00fcrzburg e le grotte scavate nella roccia del Pozzo di Messel. Tradizioni popolari come l&#039;Oktoberfest, nato a Monaco di Baviera, e usanze natalizie come le corone dell&#039;Avvento e i dolci Stollen continuano ad attirare folle di persone. Le festivit\u00e0 pubbliche variano a seconda dello stato, ma il 3 ottobre unisce tutti i tedeschi nella celebrazione della riunificazione. Il tessuto sociale comprende il 49,7% di cristiani (protestanti e cattolici), circa il 6,7% di musulmani e comunit\u00e0 pi\u00f9 piccole di ebrei, buddisti e altre religioni, mentre il secolarismo \u00e8 cresciuto notevolmente negli ultimi decenni.<\/p>\n<p>La cucina tedesca si diletta nella variet\u00e0 regionale. I panifici producono oltre 600 tipi di pane e 1.200 dolci; i formaggi rappresentano circa il 22% della produzione europea; gli insaccati contano quasi 1.500 variet\u00e0, dai sostanziosi bratwurst alle delicate weissw\u00fcrste. La birra, venerata da leggi di purezza risalenti al XVI secolo, rimane la bevanda nazionale con oltre 110 litri pro capite all&#039;anno, mentre la produzione di vino si colloca al nono posto a livello mondiale. Anche la cucina internazionale prospera nei centri urbani, dal d\u00f6ner kebab turco alle specialit\u00e0 asiatiche e mediterranee.<\/p>\n<p>Lo sport, in particolare il calcio, affascina la nazione. La Federazione calcistica tedesca, con oltre sette milioni di iscritti, \u00e8 la pi\u00f9 grande associazione sportiva al mondo. La Bundesliga vanta la seconda media di spettatori pi\u00f9 alta tra i campionati professionistici a livello globale, e la nazionale maschile ha vinto quattro Coppe del Mondo FIFA, tre Campionati Europei UEFA e la FIFA Confederations Cup 2017.<\/p>\n<p>Nonostante lo stereotipo della precisione e del comportamento regolamentato, la Germania rivela una ricca diversit\u00e0 regionale. Sedici stati (&#034;L\u00e4nder&#034;) \u2013 tre dei quali sono citt\u00e0-stato \u2013 fanno risalire le loro origini a ducati e principati storici. Gli abitanti del nord parlano il basso tedesco e apprezzano le coste battute dal vento; le regioni vinicole occidentali apprezzano i vini della Mosella e del Reno; l&#039;Assia centrale e la Turingia ospitano fitte foreste e citt\u00e0 medievali; i L\u00e4nder orientali portano l&#039;impronta della DDR, mentre il sud vanta il fascino alpino della Baviera e la raffinatezza culinaria sveva. Nove citt\u00e0 si distinguono: la rinascita culturale di Berlino, nonostante il suo passato diviso; il quartiere marittimo di Brema; l&#039;eredit\u00e0 romana e l&#039;imponente cattedrale di Colonia; la meticolosa ricostruzione di Dresda; la moda e le passeggiate lungo il fiume di D\u00fcsseldorf; lo skyline e i musei di Francoforte; i canali e l&#039;Elbphilharmonie di Amburgo; le birrerie e la porta alpina di Monaco; e le mura medievali e i cupi luoghi dei crimini di guerra di Norimberga.<\/p>\n<p>Oltre a queste, i viaggiatori sono alla ricerca delle coste baltiche di Binz e Usedom; dei panorami fiabeschi del Castello di Neuschwanstein; delle scogliere carsiche della Svizzera Francone; dei sentieri mistici della cima del Brocken nell&#039;Harz; delle placide acque del Lago di Costanza; e dei vigneti della Valle del Medio Reno. Percorsi storici si snodano lungo le mura fortificate di Rothenburg ob der Tauber e l&#039;imponente M\u00fcnster di Ulm, mentre il Sentiero dei fratelli Grimm collega i villaggi che hanno ispirato le storie di Raperonzolo e Tremotino.<\/p>\n<p>Come moderna nazione industriale, il &#034;miracolo economico&#034; tedesco trova forma concreta nell&#039;eredit\u00e0 carbonifera e siderurgica della Ruhr, nelle arterie commerciali globali di Amburgo, nei grattacieli finanziari di Francoforte, nei quartieri alla moda di D\u00fcsseldorf, nelle imprese mediatiche di Colonia e nei musei dell&#039;automobile di Stoccarda. Berlino, al tempo stesso frammentata e unita, giustappone torri Bauhaus e palazzi barocchi, street art e club sotterranei, memoriali dell&#039;Olocausto e simboli del rinnovamento democratico.<\/p>\n<p>La vita quotidiana in Germania ha le sue regole: un semaforo rosso incute rispetto a qualsiasi ora; rivolgersi per cognome e usare il pronome &#034;Sie&#034; sottolinea la cortesia professionale; la franchezza \u00e8 apprezzata pi\u00f9 delle chiacchiere; l&#039;umorismo tende all&#039;ironia e ai giochi di parole. Gli spazi pubblici esigono decoro: bere da un boccale \u00e8 comune, ma comportamenti chiassosi vengono rapidamente ammoniti; i memoriali e i luoghi di culto emanano regole domestiche che meritano una stretta osservanza; i bambini rimangono sotto la tutela dei genitori per evitare che &#034;Eltern haften f\u00fcr ihre Kinder&#034; (i genitori hanno i loro figli) diventi un concetto letterale. Prendere il sole in topless e la nudit\u00e0 mista sono consuetudini in spiagge e saune; il divieto di fumare in luoghi chiusi e sui treni, mentre lo svapo si aggira in una zona grigia dal punto di vista legale. Come ospiti, si ricambia l&#039;ospitalit\u00e0 con doni di consumo \u2013 un buon vino locale o una delizia artigianale \u2013 che hanno pi\u00f9 valore delle cianfrusaglie.<\/p>","protected":false},"excerpt":{"rendered":"<p>La Germania, formalmente nota come Repubblica Federale Tedesca, \u00e8 situata nell&#039;Europa centrale e ha una popolazione di oltre 82 milioni di persone su una superficie di 357.569 chilometri quadrati (138.058 miglia quadrate). La Germania \u00e8 lo stato membro pi\u00f9 popoloso dell&#039;Unione Europea e un attore di spicco sulla scena europea e mondiale. L&#039;importante posizione della Germania, al crocevia del continente, ha influenzato la sua storia, la sua cultura e la sua crescita economica per millenni.<\/p>","protected":false},"author":1,"featured_media":3923,"parent":24078,"menu_order":0,"comment_status":"closed","ping_status":"closed","template":"elementor_theme","meta":{"_eb_attr":"","footnotes":""},"class_list":["post-13736","page","type-page","status-publish","has-post-thumbnail"],"_links":{"self":[{"href":"https:\/\/travelshelper.com\/it\/wp-json\/wp\/v2\/pages\/13736","targetHints":{"allow":["GET"]}}],"collection":[{"href":"https:\/\/travelshelper.com\/it\/wp-json\/wp\/v2\/pages"}],"about":[{"href":"https:\/\/travelshelper.com\/it\/wp-json\/wp\/v2\/types\/page"}],"author":[{"embeddable":true,"href":"https:\/\/travelshelper.com\/it\/wp-json\/wp\/v2\/users\/1"}],"replies":[{"embeddable":true,"href":"https:\/\/travelshelper.com\/it\/wp-json\/wp\/v2\/comments?post=13736"}],"version-history":[{"count":0,"href":"https:\/\/travelshelper.com\/it\/wp-json\/wp\/v2\/pages\/13736\/revisions"}],"up":[{"embeddable":true,"href":"https:\/\/travelshelper.com\/it\/wp-json\/wp\/v2\/pages\/24078"}],"wp:featuredmedia":[{"embeddable":true,"href":"https:\/\/travelshelper.com\/it\/wp-json\/wp\/v2\/media\/3923"}],"wp:attachment":[{"href":"https:\/\/travelshelper.com\/it\/wp-json\/wp\/v2\/media?parent=13736"}],"curies":[{"name":"wp","href":"https:\/\/api.w.org\/{rel}","templated":true}]}}