{"id":13445,"date":"2024-09-17T17:54:42","date_gmt":"2024-09-17T17:54:42","guid":{"rendered":"https:\/\/travelshelper.com\/staging\/?page_id=13445"},"modified":"2026-03-12T22:11:36","modified_gmt":"2026-03-12T22:11:36","slug":"serbia","status":"publish","type":"page","link":"https:\/\/travelshelper.com\/it\/destinations\/europe\/serbia\/","title":{"rendered":"Serbia"},"content":{"rendered":"<p>La Serbia si presenta come una repubblica sovrana di circa 6,6 milioni di abitanti (Kosovo escluso), distribuita su circa 88.499 chilometri quadrati nel cuore della penisola balcanica, confinando con l&#039;Ungheria a nord, la Romania a nord-est, la Bulgaria a sud-est, la Macedonia del Nord a sud, la Croazia e la Bosnia-Erzegovina a ovest e il Montenegro a sud-ovest. Situata tra le latitudini 41\u00b0 e 47\u00b0 N e le longitudini 18\u00b0 e 23\u00b0 E, questa nazione senza sbocchi sul mare occupa un crocevia tra l&#039;Europa centrale e sud-orientale, offrendo una complessa combinazione di territori che spazia dalle fertili pianure della Vojvodina a nord alle svettanti vette delle catene montuose Dinariche e Carpazie a sud.<\/p>\n<p>Abitato ininterrottamente fin dal Paleolitico, il territorio dell&#039;attuale Serbia accolse successive ondate di coloni slavi durante il VI secolo d.C., gettando le basi per un sistema politico slavo che si sarebbe cristallizzato in regni e principati medievali. Entro il 1217, il riconoscimento da parte sia della Santa Sede che di Costantinopoli elev\u00f2 il regno serbo a regno, che sotto Du\u0161an il Potente raggiunse il suo apice nel 1346 come impero che comprendeva vaste aree dei Balcani. La conquista ottomana a met\u00e0 del XVI secolo spazz\u00f2 via questa indipendenza, sebbene le intermittenti incursioni asburgiche da ovest preservassero enclave cattoliche nella pianura pannonica della Vojvodina.<\/p>\n<p>L&#039;alba del XIX secolo vide la Rivoluzione serba forgiare la prima monarchia costituzionale moderna della regione, la cui giurisdizione si espanse costantemente fino a quando, all&#039;indomani della Prima Guerra Mondiale, il Regno di Serbia si fuse con i vicini territori slavi meridionali per formare il primo stato jugoslavo. Seguirono decenni di federazioni unitarie e socialiste, che si frantumarono solo durante i tumultuosi anni Novanta. Una definitiva separazione pacifica dal Montenegro nel 2006 ha ripristinato la piena sovranit\u00e0 della Serbia, mentre la dichiarazione unilaterale d&#039;indipendenza da parte dell&#039;assemblea a maggioranza albanese del Kosovo nel 2008 non \u00e8 ancora riconosciuta da Belgrado, che considera il Kosovo un distretto amministrativo sotto supervisione condivisa.<\/p>\n<p>Geograficamente, il terzo settentrionale della Serbia si trova sotto l&#039;altissima distesa della Pianura Pannonica, i cui terreni argillosi sono attraversati dalle acque dei fiumi Danubio, Tibisco e Begej. A sud, le colline ondulate lasciano il posto alle Alpi Dinariche lungo il confine occidentale, ai Carpazi e ai Balcani a est e agli antichi altopiani dei Rodopi a sud-est. Le altitudini spaziano dalla cima del Mid\u017eor dei Monti Balcani, a 2.169 metri \u2013 il punto pi\u00f9 alto della Serbia escluso il Kosovo \u2013 fino ad appena 17 metri sul livello del mare a Prahovo, sul Danubio. Il corso d&#039;acqua pi\u00f9 lungo del paese, il Danubio, attraversa il suo territorio per 587 chilometri, creando arterie economiche che collegano l&#039;Europa centrale al Mar Nero e oltre. Il lago \u0110erdap, con i suoi 163 chilometri quadrati, \u00e8 il pi\u00f9 grande bacino artificiale della Serbia, imbrigliando il flusso del Danubio nella gola delle Porte di Ferro.<\/p>\n<p>Dal punto di vista climatico, la Serbia occupa una zona di transizione plasmata dalla continentalit\u00e0 eurasiatica, dai fronti atlantici e dalle correnti mediterranee. Le temperature medie si aggirano intorno allo 0 \u00b0C a gennaio e raggiungono i 22 \u00b0C a luglio, delineando un clima continentale caldo-umido a nord e un regime pi\u00f9 subtropicale con estati pi\u00f9 secche a sud. La topografia frastagliata incanala il vento di Ko\u0161ava, una violenta burrasca che accelera attraverso le Porte di Ferro verso Belgrado, dove pu\u00f2 agitare i tetti della citt\u00e0 e la superficie del Danubio. Altopiani come Pe\u0161ter sopportano inverni rigidi sotto cime avvolgenti, mentre l&#039;influenza dell&#039;Adriatico mitiga le condizioni nelle valli meridionali.<\/p>\n<p>Dal punto di vista demografico, il censimento del 2022 ha registrato 6.647.003 residenti (escluso il Kosovo), con una densit\u00e0 media di 85,8 abitanti per chilometro quadrato. Un persistente calo demografico dagli anni &#039;90 ha visto i tassi di natalit\u00e0 scendere al di sotto della mortalit\u00e0 e l&#039;emigrazione ridurre la popolazione di centinaia di migliaia di persone, in particolare tra i giovani adulti istruiti. Con un&#039;et\u00e0 media di 43,3 anni, la Serbia \u00e8 tra le societ\u00e0 pi\u00f9 anziane d&#039;Europa. Le famiglie mononucleari costituiscono un quinto di tutte le abitazioni, l&#039;aspettativa di vita \u00e8 di 76,1 anni e la diaspora emigrata mantiene forti legami con la madrepatria.<\/p>\n<p>La Costituzione sancisce la laicit\u00e0 e la libert\u00e0 religiosa, sebbene l&#039;identit\u00e0 della Serbia rimanga strettamente intrecciata con la Chiesa ortodossa serba. Circa l&#039;84,5% degli abitanti si identifica come cristiano ortodosso, includendo serbi, rumeni, valacchi e altre minoranze. Le comunit\u00e0 islamiche, cattoliche e protestanti affondano le loro radici nelle migrazioni ottomane, austro-ungariche e moderne, arricchendo il mosaico religioso del Paese.<\/p>\n<p>Linguisticamente, il serbo \u00e8 l&#039;unica lingua ufficiale, parlata in modo nativo da circa l&#039;88% della popolazione. Unica tra le lingue europee, il serbo utilizza sia l&#039;alfabeto cirillico che quello latino; la costituzione indica il cirillico come &#034;alfabeto ufficiale&#034;, sebbene la preferenza pubblica sia quasi equamente divisa.<\/p>\n<p>Dal punto di vista economico, la Serbia si classifica come un&#039;economia di mercato a reddito medio-alto, con un PIL nominale stimato nel 2024 a 81,9 miliardi di dollari (circa 12.385 dollari pro capite) e un PIL a parit\u00e0 di potere d&#039;acquisto di 185 miliardi di dollari (27.985 dollari pro capite). I servizi generano il 67,9% della produzione, l&#039;industria il 26,1% e l&#039;agricoltura circa il 6%. L&#039;eredit\u00e0 degli investimenti in ricerca e difesa dell&#039;era jugoslava \u2013 l&#039;industria bellica serba rimane il principale esportatore dei Balcani occidentali e il venticinquesimo al mondo, generando oltre 1,6 miliardi di dollari nel 2023 \u2013 integra una base industriale diversificata che spazia dalla componentistica automobilistica all&#039;industria mineraria, alimentare e farmaceutica. Il dinaro serbo, gestito dalla Banca Nazionale di Serbia, sostiene la stabilit\u00e0 monetaria; la Borsa di Belgrado, sebbene modesta con una capitalizzazione di mercato di 8,65 miliardi di dollari, ancora i mercati dei capitali attraverso il suo indice BELEX15. In base agli indicatori internazionali, la Serbia si classifica al cinquantaduesimo posto nell&#039;Indice del progresso sociale e al cinquantaquattresimo posto nell&#039;Indice della pace globale.<\/p>\n<p>Le infrastrutture della Serbia sfruttano la sua posizione strategica, al crocevia tra est e ovest e tra nord e sud dell&#039;Europa. La valle della Morava costituisce un corridoio terrestre naturale dall&#039;Europa continentale all&#039;Asia Minore. La rete stradale si estende per 45.419 chilometri, di cui 962 chilometri sono autostrade, sebbene la carenza di manutenzione nell&#039;arco di vent&#039;anni abbia lasciato molte tratte secondarie al di sotto degli standard dell&#039;Europa occidentale. Recenti investimenti hanno aggiunto oltre 300 chilometri di autostrade, con nuovi tratti della A2 e della A5 in costruzione. Il trasporto pubblico in pullman collega anche i villaggi pi\u00f9 remoti ai centri regionali, mentre il numero di automobili private raggiunge un&#039;auto ogni 3,5 abitanti.<\/p>\n<p>I 3.819 chilometri di linee ferroviarie serbe, di cui 1.279 chilometri elettrificati, collegano Belgrado e Ni\u0161 a Budapest, Bar, Zagabria, Sofia e Salonicco lungo i corridoi paneuropei. La linea ferroviaria ad alta velocit\u00e0 Belgrado-Novi Sad, lunga 75 chilometri e inaugurata nel 2022, si estende ora verso Subotica, con un&#039;ulteriore espansione verso Ni\u0161 prevista per collegare le quattro citt\u00e0 pi\u00f9 grandi del Paese entro la fine del decennio. I servizi passeggeri di Srbija Voz e merci di Srbija Kargo completano le arterie ferroviarie.<\/p>\n<p>Il trasporto aereo si incanala attraverso tre aeroporti internazionali, guidati dall&#039;aeroporto Nikola Tesla di Belgrado, che ha gestito 2,75 milioni di passeggeri nel 2022. La compagnia di bandiera Air Serbia collega Belgrado a circa 80 destinazioni in 32 paesi, comprese rotte intercontinentali per New York, Chicago e Tianjin. Le vie navigabili interne, incentrate sul Danubio ma anche sulla Sava, sul Tibisco e sul Begej, sostengono oltre 1.700 chilometri di canali navigabili, movimentando oltre otto milioni di tonnellate di merci nel 2018. I porti fluviali di Novi Sad, Belgrado, Pan\u010devo e altri collegano la Serbia sia al Mare del Nord attraverso il canale Reno-Meno-Danubio, sia al Mar Nero attraverso le Porte di Ferro.<\/p>\n<p>Il turismo, sebbene di volume modesto rispetto ai vicini costieri, offre un&#039;ampia scelta di centri termali, localit\u00e0 di montagna e vivaci centri urbani. Nel 2019, oltre 3,6 milioni di ospiti hanno alloggiato in strutture ricettive registrate, met\u00e0 delle quali provenienti dall&#039;estero, generando circa 1,5 miliardi di dollari in valuta estera. I visitatori nazionali affollano Kopaonik, Stara Planina e Zlatibor per gli sport invernali e le attivit\u00e0 ricreative estive, mentre Vrnja\u010dka Banja, Soko Banja e Banja Kovilja\u010da attraggono gli amanti delle terme. Belgrado e Novi Sad attraggono due terzi dei turisti stranieri, e i loro festival culturali \u2013 EXIT a Novi Sad e il festival della tromba di Gu\u010da \u2013 attirano l&#039;attenzione internazionale. Spettacoli naturali remoti come la formazione rocciosa di \u0110avolja Varo\u0161, i percorsi di pellegrinaggio ortodossi verso i monasteri medievali e le crociere sul Danubio lungo le Porte di Ferro diversificano ulteriormente l&#039;offerta della Serbia.<\/p>\n<p>Secoli di alternanza di dominazioni ellenistiche, romane, bizantine, ottomane e asburgiche hanno forgiato un dualismo culturale: le pianure settentrionali del paese mostrano affinit\u00e0 mitteleuropee, dall&#039;architettura barocca alla convivenza multietnica, mentre gli altopiani meridionali riecheggiano le pi\u00f9 ampie tradizioni balcaniche e mediterranee. Le influenze veneziane si sono infiltrate attraverso il commercio e la letteratura medievali, lasciando tracce sporadiche nell&#039;arte e nell&#039;architettura costiera.<\/p>\n<p>Il riconoscimento da parte dell&#039;UNESCO sottolinea il patrimonio culturale della Serbia. Cinque siti Patrimonio dell&#039;Umanit\u00e0 comprendono la capitale altomedievale di Stari Ras con il monastero di Sopo\u0107ani, il complesso di Studenica del XII secolo, il palazzo romano di Gamzigrad-Felix Romuliana, le lapidi medievali di Ste\u0107ci e i monasteri del Kosovo a rischio di estinzione, tra cui Visoki De\u010dani, Gra\u010danica e il monastero patriarcale di Pe\u0107. Il Registro della Memoria del Mondo conserva il Vangelo di Miroslav, gli archivi di Nikola Tesla, il telegramma di dichiarazione di guerra austro-ungarico e i documenti fondativi del segretariato del Movimento dei Paesi Non Allineati. Beni immateriali del patrimonio culturale \u2013 la venerazione del santo patrono slava, la danza popolare kolo, il canto di ballate gusle, la ceramica zlakusa, la distillazione di slivovitz e i pittori naif di Kova\u010dica \u2013 attestano tradizioni comunitarie durature.<\/p>\n<p>Le demarcazioni regionali dividono la Serbia in Belgrado, Podunavlje, Podrinje, \u0160umadija, famosa per mele, uva e prugne, e la provincia multietnica della Vojvodina, sede di monasteri ortodossi, musei in stile austro-ungarico e il campo dunale di Deliblatska Pe\u0161\u010dara. Il Kosovo, sebbene rivendicato dalla Serbia, \u00e8 di fatto una repubblica indipendente con le sue attrazioni, dalle moschee di epoca ottomana ai sentieri escursionistici alpini.<\/p>\n<p>I centri urbani arricchiscono ulteriormente il mosaico nazionale. Belgrado, la capitale e citt\u00e0 pi\u00f9 grande, sorge alla confluenza della Sava e del Danubio, con i suoi strati di fortificazioni romane, ottomane e austro-ungariche intervallati da moderni quartieri della vita notturna lungo le rive del fiume. Kragujevac, sede della prima capitale moderna della Serbia, coniuga produzione industriale e istituzioni culturali; il vicino lago Gru\u017eansko invita alla riflessione. Kraljevo, incastonata tra i fiumi Morava e Ibar, domina il monastero di \u017di\u010da, una chiesa medievale dedicata all&#039;incoronazione, e le adiacenti sorgenti termali. Ni\u0161, citt\u00e0 natale di Costantino il Grande, sfrutta la sua posizione strategica come nodo di trasporto e coltiva la sua universit\u00e0 e le sue strutture mediche, accanto a siti storici come le terme di Ni\u0161ka Banja e l&#039;antica fortezza di Ni\u0161. Novi Sad, soprannominata &#034;l&#039;Atene serba&#034;, costeggia il Danubio con edifici barocchi, ospita l&#039;area del festival della fortezza di Petrovaradin e confina con Fru\u0161ka Gora, i cui vigneti e siti monastici le hanno fatto guadagnare il soprannome di &#034;Seconda Montagna Sacra&#034;. Po\u017earevac, una delle citt\u00e0 pi\u00f9 antiche della Serbia, sorge accanto alla Velika Morava e vicino alla citt\u00e0 romana di confine di Viminacium, mentre il municipio in stile liberty di Subotica si affaccia sulle passeggiate estive del lago Pali\u0107. Sremska Mitrovica ricorda il suo passato romano come Sirmium, residenza imperiale nel IV secolo, e Vr\u0161ac si erge su colline ricoperte di vigneti vicino al confine con la Romania.<\/p>\n<p>Oltre alle citt\u00e0, le localit\u00e0 termali come Sokobanja, incastonate tra le cime di Rtanj e Ozren, attraggono i visitatori con le loro sorgenti minerali e i pendii boscosi; le fitte foreste, le grotte calcaree e le gole del fiume Drina del Parco nazionale di Tara offrono fauna selvatica e benessere; i pascoli e gli etno-villaggi di Zlatibor mostrano la vita rurale in cima al suo altopiano a 1.000 metri.<\/p>\n<p>La cucina serba rispecchia la sua confluenza culturale con piatti ereditati sia dal dominio ottomano che da quello austro-ungarico. La carne regna sovrana: \u0107evap\u010di\u0107i, salsicce macinate grigliate; pljeskavica, polpette di carne speziate; sarma, involtini di cavolo; e l&#039;iconica Kara\u0111or\u0111eva \u0161nicla. I burek, le torte di formaggio gibanica e le zuppe di fagioli pasulj riflettono tradizioni contadine ancora oggi assaporate sulle tavole delle feste. Pane e sale accolgono gli ospiti in un&#039;ospitalit\u00e0 rituale, mentre lo slivovitz a base di albicocche \u2013 l&#039;orgoglio serbo della rakia \u2013 \u00e8 stato dichiarato patrimonio immateriale dell&#039;UNESCO nel 2021. I vigneti si estendono su 22 denominazioni, producendo prevalentemente vini bianchi, mentre birre nazionali come Jelen e Lav spumeggiano nelle taverne. La cultura del caff\u00e8, ereditata dalle caffetterie ottomane, sopravvive sotto forma di un caff\u00e8 serbo forte e non filtrato, servito in piccole tazzine in tutti i bar.<\/p>\n<p>Attraverso le sue vicissitudini di impero e federazione, attraverso il flusso e il riflusso di conquistatori e rivoluzioni, la Serbia persiste come un regno di dolci colline e vette svettanti, di fiumi che hanno guidato eserciti e mercanti, e di un popolo che lega in egual misura il sacro e il profano. Le luci della sua capitale brillano su antiche mura, mentre le localit\u00e0 di montagna risuonano di sci sulla neve e le acque termali promettono sollievo in ogni stagione. Tra i mutevoli confini della storia, lo spirito ospitale della Serbia, il suo sincero impegno per l&#039;istruzione e l&#039;assistenza sanitaria e la sua ricerca dell&#039;integrazione europea entro il 2030 sono la testimonianza di una nazione che onora il suo passato mentre forgia un percorso verso un futuro stabile e pacifico.<\/p>","protected":false},"excerpt":{"rendered":"<p>La Serbia, formalmente nota come Repubblica di Serbia, \u00e8 una repubblica senza sbocco sul mare situata alla confluenza dell&#039;Europa sudorientale e centrale, tra i Balcani e la Pianura Pannonica. La Serbia, con una popolazione di circa 6,6 milioni di abitanti, esclusa la zona contesa del Kosovo, \u00e8 una nazione di rilievo nella regione. Belgrado, la capitale e citt\u00e0 pi\u00f9 grande, \u00e8 il cuore politico, economico e culturale del paese, caratterizzato da una storia millenaria.<\/p>","protected":false},"author":1,"featured_media":4507,"parent":24078,"menu_order":0,"comment_status":"closed","ping_status":"closed","template":"elementor_theme","meta":{"_eb_attr":"","footnotes":""},"class_list":["post-13445","page","type-page","status-publish","has-post-thumbnail"],"_links":{"self":[{"href":"https:\/\/travelshelper.com\/it\/wp-json\/wp\/v2\/pages\/13445","targetHints":{"allow":["GET"]}}],"collection":[{"href":"https:\/\/travelshelper.com\/it\/wp-json\/wp\/v2\/pages"}],"about":[{"href":"https:\/\/travelshelper.com\/it\/wp-json\/wp\/v2\/types\/page"}],"author":[{"embeddable":true,"href":"https:\/\/travelshelper.com\/it\/wp-json\/wp\/v2\/users\/1"}],"replies":[{"embeddable":true,"href":"https:\/\/travelshelper.com\/it\/wp-json\/wp\/v2\/comments?post=13445"}],"version-history":[{"count":1,"href":"https:\/\/travelshelper.com\/it\/wp-json\/wp\/v2\/pages\/13445\/revisions"}],"predecessor-version":[{"id":88936,"href":"https:\/\/travelshelper.com\/it\/wp-json\/wp\/v2\/pages\/13445\/revisions\/88936"}],"up":[{"embeddable":true,"href":"https:\/\/travelshelper.com\/it\/wp-json\/wp\/v2\/pages\/24078"}],"wp:featuredmedia":[{"embeddable":true,"href":"https:\/\/travelshelper.com\/it\/wp-json\/wp\/v2\/media\/4507"}],"wp:attachment":[{"href":"https:\/\/travelshelper.com\/it\/wp-json\/wp\/v2\/media?parent=13445"}],"curies":[{"name":"wp","href":"https:\/\/api.w.org\/{rel}","templated":true}]}}