{"id":13402,"date":"2024-09-17T17:06:15","date_gmt":"2024-09-17T17:06:15","guid":{"rendered":"https:\/\/travelshelper.com\/staging\/?page_id=13402"},"modified":"2026-03-12T23:27:24","modified_gmt":"2026-03-12T23:27:24","slug":"ptuj","status":"publish","type":"page","link":"https:\/\/travelshelper.com\/it\/destinations\/europe\/slovenia\/ptuj\/","title":{"rendered":"Ptuj"},"content":{"rendered":"<p>Ptuj, la citt\u00e0 pi\u00f9 antica della Slovenia, si trova a 232 m sopra il livello del mare su una piattaforma diluviale sotto la collina del Castello, comprendendo 66,7 km\u00b2 nella regione nord-orientale della Stiria e fungendo da sede dell&#039;omonimo comune; con 18.000 abitanti nel suo nucleo urbano e quasi 24.000 nelle sue comunit\u00e0 distrettuali (nel 2023), occupa una posizione strategica in un attraversamento del fiume Drava che un tempo collegava il Mar Baltico e il Mar Adriatico.<\/p>\n<p>Dai resti degli insediamenti della tarda et\u00e0 della pietra fino all&#039;occupazione celtica della tarda et\u00e0 del ferro, il territorio di Ptuj ha testimoniato millenni di attivit\u00e0 umana. Il I secolo a.C. vide la nascente comunit\u00e0 inglobata nella provincia romana della Pannonia, la cui importanza aument\u00f2 quando la Legio XIII Gemina fond\u00f2 una fortezza \u2013 il castrum \u2013 a Poetovium. Nel 69 d.C., tra le legioni della provincia, Vespasiano si assicur\u00f2 la sua nomina a imperatore proprio su queste rive, lasciando in seguito il primo riferimento scritto esistente all&#039;insediamento. Sotto l&#039;imperatore Traiano, nel 103, ottenne lo status di municipio come Colonia Ulpia Traiana Poetovio, consolidando il suo ruolo di centro militare, commerciale e amministrativo; all&#039;inizio del IV secolo, emersero figure ecclesiastiche come il vescovo Vittorino, e il successivo dramma imperiale \u2013 l&#039;arresto di Costanzo Gallo nel 354 e la vittoria di Teodosio I su Massimo nel 388 \u2013 si dispieg\u00f2 contro le sue mura fortificate.<\/p>\n<p>L&#039;epoca romana raggiunse il suo apice intorno alla met\u00e0 del V secolo, quando circa 40.000 abitanti affollavano la citt\u00e0, finch\u00e9 gli Unni di Attila non la distrussero nel 450, frammentandone il tessuto civico. I secoli successivi portarono con s\u00e9 gli Avari eurasiatici e le trib\u00f9 slave nel 570, e alla fine dell&#039;VIII secolo Ptuj pass\u00f2 sotto il dominio dei Franchi. Tra l&#039;840 e l&#039;874 fece parte del Principato slavo del Balaton, per poi passare sotto il doppio potere spirituale e temporale degli arcivescovi di Salisburgo, un assetto che dur\u00f2 fino alla concessione dei diritti cittadini nel 1376, che diede avvio a una ripresa economica e alla costruzione di mura difensive.<\/p>\n<p>Reintegrata nell&#039;orbita asburgica nel 1490 dopo i rivolgimenti di Mattia Corvino, Ptuj \u2013 nota ai germanofoni come Pettau \u2013 entr\u00f2 a far parte del Ducato di Stiria nel 1555, con il governo municipale ora allineato a quello di Vienna anzich\u00e9 di Salisburgo. Le incursioni ottomane del XVI e XVII secolo trasformarono la citt\u00e0 in un campo di battaglia, ulteriormente messa a repentaglio dagli incendi del 1684, 1705, 1710 e 1744. Queste calamit\u00e0, aggravate da periodiche inondazioni ed epidemie, preannunciarono un graduale declino; sebbene il nucleo medievale della citt\u00e0 rimanesse intatto, i suoi mercanti e artigiani si trovarono sempre pi\u00f9 eclissati dai centri regionali emergenti.<\/p>\n<p>L&#039;avvento della Ferrovia Meridionale austriaca a met\u00e0 del XIX secolo acceler\u00f2 l&#039;emarginazione di Ptuj: la linea Maribor-Trieste aggir\u00f2 la citt\u00e0, deviando le correnti commerciali verso Marburgo (Maribor). Ciononostante, il censimento austro-ungarico del 1910 registr\u00f2 che circa l&#039;86% degli abitanti del centro storico parlava tedesco, mentre nei villaggi circostanti prevaleva lo sloveno. Il crollo della Duplice Monarchia nel 1918 ne determin\u00f2 l&#039;inclusione nella Repubblica dell&#039;Austria Tedesca, solo per l&#039;intervento del generale Rudolf Maister, che garant\u00ec la Bassa Stiria al neonato Stato degli Sloveni, Croati e Serbi \u2013 in seguito Jugoslavia.<\/p>\n<p>Tra le due guerre, Ptuj vide una rapida diminuzione della sua popolazione di etnia tedesca, sebbene persistesse una consistente minoranza. Il cataclisma della Seconda Guerra Mondiale gett\u00f2 nuovamente la citt\u00e0 nel caos: dal 1941 al 1944, le autorit\u00e0 di occupazione naziste espropriarono e deportarono gli sloveni, riassegnando le loro case a sfollati di lingua tedesca provenienti dall&#039;Alto Adige e dal Gottardo. Con la fine della guerra nel 1945, questi nuovi arrivati \u200b\u200bsi unirono ai Pettauer, nativi tedeschi, in un esodo verso l&#039;Austria e oltre, lasciando Ptuj di nuovo quasi interamente slovena.<\/p>\n<p>Sotto la Repubblica Socialista Federale di Jugoslavia, Ptuj fungeva da nucleo amministrativo e culturale della regione del Basso Podravje. Il dopoguerra vide la riorganizzazione municipale nel 1965, unendo il centro storico e i sobborghi adiacenti \u2013 Breg, Budino, Kr\u010devino, Ore\u0161je, Spuhlja, \u0160tuke, Rabel\u010dja vas e Vi\u010dava \u2013 e nel 1977 ampliando il suo territorio con Rogoznica e Zgornja Hajdina. I decenni successivi videro la delimitazione delle singole comunit\u00e0 distrettuali, mentre l&#039;espansione residenziale avanzava a nord-ovest verso la valle di Grajena, a nord verso le pendici dei Monti di Ptuj e a nord-est lungo il torrente Rogoznica.<\/p>\n<p>Il segno distintivo culturale di Ptuj \u00e8 il suo Kurentovanje, un carnevale di dieci giorni che affonda le sue radici negli antichi riti slavi dedicati alla primavera e alla fertilit\u00e0. Al centro dello spettacolo c&#039;\u00e8 il Kurent \u2013 \u200b\u200bo Korant \u2013 la cui figura avvolta in pelle di pecora, la maschera, la lingua rossa sporgente, i campanacci e i nastri multicolori (e, nei villaggi vicini, piume o corna) simboleggiano una divinit\u00e0 del rinnovamento edonistico, forse un&#039;eco del mitico Priapo. Organizzati in convogli, i Kurent attraversano la citt\u00e0, percussioni in mano, per scacciare la malvagit\u00e0 dell&#039;inverno e annunciare la rinascita della stagione.<\/p>\n<p>Fortificato sopra la citt\u00e0 vera e propria, il Castello di Ptuj domina lo skyline, le cui origini medievali sono oggi intrecciate con ristrutturazioni rinascimentali e barocche. Ai suoi piedi si trova il Museo Regionale, custode di collezioni archeologiche, etnologiche e di belle arti che ripercorrono l&#039;evoluzione della citt\u00e0 dagli accampamenti dell&#039;et\u00e0 della pietra alla metropoli romana. Nelle vicinanze, l&#039;Ospedale Jo\u017ee Potr\u010d e il Teatro Civico di Ptuj sottolineano il ruolo della citt\u00e0 come punto di riferimento medico e culturale, mentre la Galleria Civica di Ptuj e la Galleria Miheli\u010d presentano le correnti artistiche moderne e contemporanee della Slovenia.<\/p>\n<p>Le attivit\u00e0 scientifiche e didattiche hanno trovato sede nel Centro di Ricerca e Scienza Bistra Ptuj, un&#039;interfaccia tra istituzioni pubbliche e imprese private che promuove l&#039;innovazione regionale. Adiacente si trova il Centro Regionale di Istruzione Superiore Ptuj, che ospita l&#039;Universit\u00e0 di Ptuj sotto l&#039;egida di REVIVIS, un centro emergente per gli studi applicati che testimonia l&#039;impegno della citt\u00e0 nella diffusione della conoscenza e nello sviluppo della forza lavoro.<\/p>\n<p>Geograficamente, Ptuj si trova nel Basso Podravje, nella Pianura Pannonica, circondata dalle dolci ondulazioni delle Slovenske Gorice e delle Haloze, nonch\u00e9 dagli estesi campi della Drava e di Ptuj. Il suo clima subpannonico garantisce una temperatura media annua di 10 \u00b0C, mitigata dalle brezze fluviali e dal riparo degli altopiani circostanti. A ovest, le acque della Drava sono raccolte dalla centrale idroelettrica di Formin, mentre il lago di Ptuj che ne \u00e8 derivato, il pi\u00f9 grande bacino artificiale permanente del Paese, offre sia opportunit\u00e0 ricreative che un habitat ecologico.<\/p>\n<p>Moderne arterie di trasporto convergono verso Ptuj: l&#039;autostrada A4 collega Maribor al confine croato a Gru\u0161kovje e prosegue fino a Zagabria, mentre la principale arteria stradale proveniente da Slovenska Bistrica si snoda verso est attraverso Ormo\u017e e Sredi\u0161\u010de ob Drava, dirigendosi verso la Croazia. Strade regionali si estendono attraverso i campi della Drava e di Ptuj, e la ferrovia Pragersko-Ormo\u017e funge da collegamento per Murska Sobota, l&#039;Ungheria e la Croazia, garantendo che, nonostante la sua antica storia, Ptuj rimanga saldamente collegata al sistema circolatorio dell&#039;Europa centrale.<\/p>\n<p>Sebbene i secoli ne abbiano alterato le sorti, Ptuj ha resistito alle vicissitudini dell&#039;impero, della guerra e degli incendi, affermandosi come una citt\u00e0 di fiere, cantine e sorgenti termali, dove il moderno turismo del benessere completa il suo fascino storico. I suoi dintorni vitivinicoli, incastonati tra Haloze e le Slovenske Gorice, perpetuano una tradizione di coltivazione dell&#039;uva che risale all&#039;epoca romana, con cantine e sale di degustazione che invitano gli ospiti ad assaggiare vitigni che riflettono la topografia e il terroir della regione.<\/p>\n<p>Le sorgenti termali, sfruttate in moderni complessi termali, offrono un momento di relax sia ai visitatori che alla gente del posto, e le loro acque ricche di minerali sono note per lenire la muscolatura e rivitalizzare la circolazione. In queste strutture, si percepisce la stessa interazione tra risorse naturali e ingegno umano che, millenni fa, spinse i coloni a stabilirsi in questo guado della Drava.<\/p>\n<p>La narrazione di Ptuj \u00e8 quindi un continuo adattamento: dai cacciatori-raccoglitori preistorici ai legionari romani; dai borghesi medievali ai mercanti austro-ungarici; dalle espropriazioni in tempo di guerra alla ricostruzione socialista; dagli studiosi contemporanei ai viticoltori artigianali. Ogni epoca ha lasciato la sua impronta \u2013 strati archeologici sotto i ciottoli, facciate gotiche e barocche lungo le strette vie, moderni edifici scolastici alla periferia della citt\u00e0 \u2013 tanto che il visitatore che si muove tra passato e presente non sperimenta semplicemente una sequenza di reperti, ma un continuum vivente.<\/p>\n<p>Nella sua attuale espressione, Ptuj non si erge semplicemente come un sito archeologico o un&#039;opera museale, ma come una dinamica capitale regionale le cui istituzioni sanitarie, culturali, scientifiche e educative ne attestano la centralit\u00e0 duratura. Rimane un luogo in cui i ritmi del fiume e delle strade intersecano il ritmo dei secoli, dove la tradizione cerimoniale coesiste con la ricerca accademica e dove la patina della storia approfondisce, anzich\u00e9 oscurare, la vivacit\u00e0 della vita urbana contemporanea.<\/p>","protected":false},"excerpt":{"rendered":"<p>Ptuj, situata nella regione nord-orientale della Slovenia, \u00e8 un omaggio al ricco tessuto della storia europea, con una popolazione di circa 18.000 abitanti. Situato in posizione strategica lungo il fiume Drava, questo antico insediamento \u00e8 la pi\u00f9 antica citt\u00e0 conosciuta in Slovenia, le cui origini risalgono alla tarda et\u00e0 della pietra. Oltre alla sua antichit\u00e0, Ptuj \u00e8 una testimonianza vivente delle confluenze culturali e storiche che hanno plasmato questa parte d&#039;Europa nel corso dei millenni.<\/p>","protected":false},"author":1,"featured_media":4587,"parent":13345,"menu_order":0,"comment_status":"closed","ping_status":"closed","template":"elementor_theme","meta":{"_eb_attr":"","footnotes":""},"class_list":["post-13402","page","type-page","status-publish","has-post-thumbnail"],"_links":{"self":[{"href":"https:\/\/travelshelper.com\/it\/wp-json\/wp\/v2\/pages\/13402","targetHints":{"allow":["GET"]}}],"collection":[{"href":"https:\/\/travelshelper.com\/it\/wp-json\/wp\/v2\/pages"}],"about":[{"href":"https:\/\/travelshelper.com\/it\/wp-json\/wp\/v2\/types\/page"}],"author":[{"embeddable":true,"href":"https:\/\/travelshelper.com\/it\/wp-json\/wp\/v2\/users\/1"}],"replies":[{"embeddable":true,"href":"https:\/\/travelshelper.com\/it\/wp-json\/wp\/v2\/comments?post=13402"}],"version-history":[{"count":0,"href":"https:\/\/travelshelper.com\/it\/wp-json\/wp\/v2\/pages\/13402\/revisions"}],"up":[{"embeddable":true,"href":"https:\/\/travelshelper.com\/it\/wp-json\/wp\/v2\/pages\/13345"}],"wp:featuredmedia":[{"embeddable":true,"href":"https:\/\/travelshelper.com\/it\/wp-json\/wp\/v2\/media\/4587"}],"wp:attachment":[{"href":"https:\/\/travelshelper.com\/it\/wp-json\/wp\/v2\/media?parent=13402"}],"curies":[{"name":"wp","href":"https:\/\/api.w.org\/{rel}","templated":true}]}}