{"id":13345,"date":"2024-09-17T16:25:54","date_gmt":"2024-09-17T16:25:54","guid":{"rendered":"https:\/\/travelshelper.com\/staging\/?page_id=13345"},"modified":"2026-03-12T22:41:04","modified_gmt":"2026-03-12T22:41:04","slug":"slovenia","status":"publish","type":"page","link":"https:\/\/travelshelper.com\/it\/destinations\/europe\/slovenia\/","title":{"rendered":"Slovenia"},"content":{"rendered":"<p>La Slovenia, un sottile corridoio di terreno verdeggiante e cime scoscese nel cuore del continente europeo, occupa una superficie di 20.271 chilometri quadrati e ospita circa 2,1 milioni di abitanti; fiancheggiata dall&#039;Italia a ovest, dall&#039;Austria a nord, dall&#039;Ungheria a nord-est, dalla Croazia a sud e a sud-est e abbracciando un breve tratto di costa adriatica a sud-ovest, la posizione strategica di questa repubblica alla confluenza di vette alpine, pianure pannoniche e influenze mediterranee sottolinea il suo carattere singolare.<\/p>\n<p>Fin dalla sua prima inclusione nei domini dell&#039;Impero bizantino e, successivamente, dell&#039;Impero carolingio e del Sacro Romano Impero, attraverso secoli sotto la giurisdizione del Regno d&#039;Ungheria, l&#039;influenza mercantile della Repubblica di Venezia, le Province illiriche napoleoniche e la tentacolare monarchia asburgica, il territorio oggi noto come Slovenia ha assistito al fluire e rifluire delle correnti imperiali, lasciando ogni livello di governo segni indelebili sulla sua topografia culturale. Nell&#039;autunno del 1918, gli sloveni affermarono la loro capacit\u00e0 di agire collettivamente co-fondando lo Stato degli Sloveni, dei Croati e dei Serbi, per poi fondersi mesi dopo nel nascente Regno dei Serbi, dei Croati e degli Sloveni (rinominato Jugoslavia nel 1929). Gli sconvolgimenti della Seconda Guerra Mondiale, durante i quali Germania, Italia e Ungheria si spartirono e annetterono il territorio \u2013 integrato da una scheggia ceduta allo Stato Indipendente di Croazia \u2013 furono seguiti dalla reintegrazione nella Jugoslavia socialista. Liberata dalla tutela esterna nel giugno 1991, la dichiarazione di sovranit\u00e0 della Slovenia ha inaugurato un nuovo capitolo, in cui il Paese avrebbe tracciato la propria rotta come membro dell&#039;Unione Europea, della NATO e di altri organismi globali, coltivando al contempo un&#039;economia ad alto reddito che bilancia le venerabili attivit\u00e0 manifatturiere e agricole con le tecnologie informatiche e i servizi finanziari all&#039;avanguardia.<\/p>\n<p>Geograficamente, la Slovenia si estende tra i 45\u00b0 e i 47\u00b0 di latitudine nord e i 13\u00b0 e i 17\u00b0 di longitudine est, divisa quasi in due dal quindicesimo meridiano est e centrata sulle coordinate 46\u00b007\u203211.8\u2033 N, 14\u00b048\u203255.2\u2033 E, un punto vicino a Slivna nel comune di Litija. La sua diversit\u00e0 topografica \u00e8 impressionante: quattro grandi regioni europee \u2013 le Alpi, le Dinaridi, la Pianura Pannonica e il bacino del Mediterraneo \u2013 convergono entro i suoi confini. Le propaggini settentrionali sono dominate dalle Alpi Giulie, dalle Alpi di Kamnik e della Savinja e dalle Caravanche, insieme al massiccio del Pohorje; la vetta pi\u00f9 alta della nazione, il monte Triglav, raggiunge i 2.864 metri e adorna sia la bandiera che lo stemma come potente emblema dell&#039;identit\u00e0 nazionale. A sud-ovest, un fronte adriatico di 47 chilometri \u2013 dove il Litorale Sloveno si innesta nell&#039;abbraccio del Mediterraneo \u2013 cede il passo all&#039;altopiano carsico, il cui calcare solubile ha scolpito un mondo sotterraneo di fiumi, gole e caverne, celebrato nelle Grotte di Postumia e nelle Grotte di San Canziano, patrimonio dell&#039;UNESCO. Al contrario, le distese orientali si appiattiscono nella pianura pannonica, mentre oltre il 90% del territorio si trova a oltre 200 metri sul livello del mare.<\/p>\n<p>Dal punto di vista climatico, le latitudini temperate della Slovenia ospitano un sistema tripartito: un regime continentale nel nord-est, caratterizzato da pronunciate escursioni termiche stagionali; un&#039;influenza submediterranea lungo la costa e il corso inferiore della valle dell&#039;Isonzo; e un clima alpino in quota. Le precipitazioni, spesso trasportate dalle correnti del Golfo di Genova, oscillano tra oltre 3.500 millimetri nelle enclavi occidentali e circa 800 millimetri nel Prekmurje; la copertura nevosa record a Lubiana ha raggiunto i 146 centimetri nel febbraio 1952. Sebbene relativamente riparata da tempeste persistenti, la Slovenia \u00e8 soggetta a venti caratteristici \u2013 lo scirocco umido da sud e la bora rafficata da nord lungo il Litorale, cos\u00ec come il f\u00f6hn nei distretti alpini \u2013 mentre correnti verticali locali provengono dai cicli termici giornalieri del terreno accidentato.<\/p>\n<p>Sotto i nostri piedi, la geologia nazionale \u00e8 altrettanto movimentata. Situata sulla minuscola placca adriatica, che ruota in senso opposto tra la placca africana e quella euroasiatica, la Slovenia occupa una zona sismicamente attiva, dove negli annali storici sono stati registrati sessanta terremoti distruttivi. Le formazioni carsiche si estendono oltre l&#039;altopiano, infondendo carbonato in gran parte del substrato roccioso, alimentando un labirinto di grotte che testimoniano la lenta arte delle acque sotterranee. Questi diversi contesti fisiografici sono stati analizzati dai geografi in macroregioni \u2013 alpina, subalpina, submediterranea, dinarica e subpannonica \u2013 mentre le classificazioni geografiche naturali contemporanee li riuniscono in quattro paesaggi generali: alpino, mediterraneo, dinarico e pannonico, spesso interconnessi da nicchie di transizione.<\/p>\n<p>Quasi il 58% della Slovenia, che comprende circa 11.823 chilometri quadrati, \u00e8 ricoperto da foreste \u2013 principalmente faggi, abeti e faggi e faggi-querce \u2013 che collocano il Paese al terzo posto in Europa per copertura forestale, dopo Finlandia e Svezia; resti di boschi primordiali persistono nella regione di Ko\u010devje. Prati, campi, giardini, frutteti e vigneti occupano ulteriori aree, mentre 286 zone Natura 2000 tutelano il 36% del territorio, la rete pi\u00f9 estesa tra gli stati dell&#039;Unione Europea. Il Parco Nazionale del Triglav, l&#039;unico parco nazionale, rappresenta un baluardo per la flora e la fauna, e la tutela ambientale della Slovenia ha ottenuto riconoscimenti in indici come l&#039;Environmental Performance Index di Yale.<\/p>\n<p>Dal punto di vista idrologico, circa l&#039;81% del territorio sloveno confluisce nel bacino del Mar Nero attraverso i sistemi fluviali Mura, Drava e Sava \u2013 con la Kolpa come uno degli affluenti di quest&#039;ultima \u2013 mentre il restante 19% drena verso sud, verso l&#039;Adriatico. Le sorgenti montane producono acque di eccezionale purezza, sebbene il deflusso agricolo presenti difficolt\u00e0 localizzate. Laghi come quello di Bohinj, il pi\u00f9 grande lago naturale della Slovenia e sorgente del fiume Sava, punteggiano il territorio montano, integrando le correnti cristalline del fiume Isonzo, il cui colore smeraldo attraversa la Val Trenta.<\/p>\n<p>Dal punto di vista economico, la trasformazione della Slovenia dopo l&#039;indipendenza \u00e8 stata notevole: la nazione vanta una delle economie di transizione pi\u00f9 sviluppate, con un PIL pro capite che supera quello dei paesi slavi. I settori tradizionali \u2013 estrazione mineraria, metallurgia, produzione chimica e agricoltura \u2013 coesistono con la fiorente tecnologia informatica, i servizi finanziari e un turismo ecosostenibile. Il commercio estero costituisce una quota sostanziale della produzione nazionale, favorito dall&#039;appartenenza all&#039;Unione Europea, all&#039;Organizzazione per la cooperazione e lo sviluppo economico e all&#039;Organizzazione mondiale del commercio. La prosperit\u00e0 regionale varia, con la Slovenia centrale (con Lubiana al centro) e le aree costiere-carsiche in testa per ricchezza, mentre Mura, Sava centrale e Carniola litoranea-interna registrano indici inferiori.<\/p>\n<p>Il turismo in Slovenia si snoda attraverso un ampio spettro di risorse naturali e culturali, ciascuna intrecciata nel tessuto di pratiche sostenibili: nel 2017, National Geographic Traveller ha designato la Slovenia la destinazione pi\u00f9 sostenibile al mondo, e i successivi riconoscimenti ne hanno confermato le credenziali ecologiche, tra cui il premio Regione Europea della Gastronomia nel 2021. Il patrimonio architettonico urbano, esemplificato dalle strutture barocche e secessioniste viennesi di Lubiana, molte delle quali progettate dall&#039;architetto locale Jo\u017ee Ple\u010dnik, convive con chiese medievali, mille castelli rupestri, manieri e tradizionali fienili (kozolci). Quattro siti patrimonio mondiale dell&#039;UNESCO \u2013 le Grotte di San Canziano, le antiche foreste di Goteni\u0161ki Sne\u017enik e Ko\u010devski Rog, la miniera di mercurio di Idrija e le palafitte preistoriche della Palude di Lubiana \u2013 sottolineano il patrimonio culturale e naturale del Paese. Citt\u00e0 storiche come Ptuj e \u0160kofja Loka, il castello di Predjama arroccato sulla parete rocciosa e le saline di Sicciole ricche di torba costituiscono i capitoli di una narrazione pi\u00f9 ampia dell&#039;ingegno umano e dello spettacolo geologico.<\/p>\n<p>Tra le citt\u00e0 costiere, le facciate in stile gotico-veneziano di Pirano sulla laguna e la convivialit\u00e0 estiva di Portorose testimoniano un&#039;eredit\u00e0 mediterranea; nell&#039;entroterra, le colline della cintura vinicola che circondano Maribor celebrano le tradizioni vinicole incarnate dalla vite \u017dametovka, risalente a 400 anni fa, considerata la pi\u00f9 antica del mondo. Le localit\u00e0 termali \u2013 Roga\u0161ka Slatina, Radenci, \u010cate\u017e ob Savi, Dobrna e Moravske Toplice \u2013 offrono acque curative in un ambiente bucolico, mentre gli amanti dell&#039;avventura trovano la loro sfida nelle Alpi Giulie e nel bacino dell&#039;Isonzo: canyoning, rafting, parapendio e mountain bike vengono praticati a prezzi di inizio Novecento, spesso paragonati a quelli delle localit\u00e0 alpine pi\u00f9 costose.<\/p>\n<p>La cucina riflette il patrimonio culturale tripartito della nazione \u2013 germanico, latino e slavo \u2013 con oltre quaranta varianti regionali di piatti radicati nella tradizione umile: preparazioni in pentola unica come ri\u010det, jota e mine\u0161tra; \u017eganci di grano saraceno; (nel Prekmurje) la bujta repa e la gibanica prekmurska a strati; il prosciutto affumicato in casa del Litorale; e l&#039;emblematica potica, un rotolo di noci il cui simbolismo della diaspora risuona nelle comunit\u00e0 slovene all&#039;estero. Le feste culinarie \u2013 tra cui l&#039;annuale Festival delle patate arrosto, inaugurato nel 2000 \u2013 celebrano le tradizioni quotidiane, mentre la salsiccia kranjska klobasa e il venerabile vitigno \u017dametovka rafforzano un senso di terroir che premia sia la provenienza che i ritmi stagionali.<\/p>\n<p>La connettivit\u00e0 in Slovenia \u00e8 plasmata dalla sua morfologia: i corridoi paneuropei V (che collega l&#039;Adriatico settentrionale con l&#039;Europa centrale e orientale) e X (che unisce l&#039;Europa centrale con i Balcani) convergono sul suo territorio, agevolando il traffico stradale, ferroviario, portuale e aereo. Le autostrade, la cui espansione ha subito un&#039;accelerazione dopo il 1994, ora tessono una fitta rete che rappresenta l&#039;80% del trasporto merci e passeggeri, sebbene le strade statali secondarie si siano deteriorate a causa dell&#039;aumento dei carichi. Le ferrovie, ostacolate da infrastrutture obsolete e da modelli di insediamento dispersi, sono nelle fasi preliminari di ammodernamento sull&#039;asse Capodistria-Diva\u010da, mentre il porto di Capodistria domina come hub container dell&#039;Adriatico settentrionale, movimentando quasi 590.000 unit\u00e0 equivalenti a venti piedi all&#039;anno, e sostiene il traffico merci e passeggeri via mare, integrato da Isola e Pirano. Il trasporto aereo rimane modesto ma in crescita: l\u2019aeroporto Jo\u017ee Pu\u010dnik di Lubiana funge da gateway principale, insieme a Maribor Edvard Rusjan e Portorose, con i vettori low cost che riempiono il vuoto lasciato dalla bancarotta di Adria Airways nel 2019.<\/p>\n<p>Dal punto di vista demografico, il censimento della repubblica dell&#039;ottobre 2024 ha registrato 2.129.052 abitanti, con una densit\u00e0 di 105 persone per chilometro quadrato, una cifra irrisoria se confrontata con i Paesi Bassi o l&#039;Italia e distribuita in modo non uniforme tra le regioni statistiche, dal polo della Slovenia centrale alla scarsamente popolata Carniola Interna-Carso. La conservazione dello sloveno, tramandata di generazione in generazione dai custodi monastici cattolici durante le epoche della germanizzazione, \u00e8 alla base di un&#039;unit\u00e0 linguistica distinta dalle lingue serbo-croate limitrofe.<\/p>\n<p>Per il viaggiatore intenzionato a cogliere l&#039;essenza della Slovenia, il ritmo cadenzato che si snoda dal Triplice Ponte che attraversa la Ljubljanica di Lubiana alla leggendaria isola sul lago di Bled; dalle cattedrali sotterranee di stalattiti alle terrazze assolate del Carso di \u0160kocjan; dalla quieta e bucolica serenit\u00e0 dei pascoli alpini alle passeggiate costiere dove le merlature veneziane catturano la brezza adriatica: ogni luogo offre un capitolo di un dialogo continuo tra la monumentalit\u00e0 della natura e l&#039;abilit\u00e0 umana. Che si viaggi in autostrada, in treno o in un ruscello, la Slovenia si rivela un regno di mondi che si intersecano, un luogo in cui convergono impulsi continentali e cadenze mediterranee, dove memoria e modernit\u00e0 mantengono un equilibrio costante e dove lo sguardo del viaggiatore \u00e8 invitato a soffermarsi sull&#039;intricata interazione tra terra, storia e cultura.<\/p>","protected":false},"excerpt":{"rendered":"<p>La Slovenia, un piccolo ma affascinante paese situato nell&#039;Europa centro-meridionale, occupa una posizione strategica all&#039;incrocio di importanti rotte culturali e commerciali europee. La Slovenia offre un mix speciale di bellezze naturali, ricca storia e sviluppo moderno, con una popolazione di circa 2,1 milioni di persone distribuite su 20.271 chilometri quadrati (7.827 miglia quadrate) di topografia variegata. Confina con l&#039;Italia a ovest, l&#039;Austria a nord, l&#039;Ungheria a nord-est, la Croazia a sud e a sud-est, e formalmente chiamata Repubblica di Slovenia (Republika Slovenija in sloveno), questo paese rivendica anche una fetta della costa adriatica a sud-ovest.<\/p>","protected":false},"author":1,"featured_media":4335,"parent":24078,"menu_order":0,"comment_status":"closed","ping_status":"closed","template":"elementor_theme","meta":{"_eb_attr":"","footnotes":""},"class_list":["post-13345","page","type-page","status-publish","has-post-thumbnail"],"_links":{"self":[{"href":"https:\/\/travelshelper.com\/it\/wp-json\/wp\/v2\/pages\/13345","targetHints":{"allow":["GET"]}}],"collection":[{"href":"https:\/\/travelshelper.com\/it\/wp-json\/wp\/v2\/pages"}],"about":[{"href":"https:\/\/travelshelper.com\/it\/wp-json\/wp\/v2\/types\/page"}],"author":[{"embeddable":true,"href":"https:\/\/travelshelper.com\/it\/wp-json\/wp\/v2\/users\/1"}],"replies":[{"embeddable":true,"href":"https:\/\/travelshelper.com\/it\/wp-json\/wp\/v2\/comments?post=13345"}],"version-history":[{"count":0,"href":"https:\/\/travelshelper.com\/it\/wp-json\/wp\/v2\/pages\/13345\/revisions"}],"up":[{"embeddable":true,"href":"https:\/\/travelshelper.com\/it\/wp-json\/wp\/v2\/pages\/24078"}],"wp:featuredmedia":[{"embeddable":true,"href":"https:\/\/travelshelper.com\/it\/wp-json\/wp\/v2\/media\/4335"}],"wp:attachment":[{"href":"https:\/\/travelshelper.com\/it\/wp-json\/wp\/v2\/media?parent=13345"}],"curies":[{"name":"wp","href":"https:\/\/api.w.org\/{rel}","templated":true}]}}