{"id":13266,"date":"2024-09-17T15:24:30","date_gmt":"2024-09-17T15:24:30","guid":{"rendered":"https:\/\/travelshelper.com\/staging\/?page_id=13266"},"modified":"2026-03-12T23:23:08","modified_gmt":"2026-03-12T23:23:08","slug":"cordova","status":"publish","type":"page","link":"https:\/\/travelshelper.com\/it\/destinations\/europe\/spain\/cordoba\/","title":{"rendered":"Cordova"},"content":{"rendered":"<p>Cordova, il terzo comune pi\u00f9 popoloso dell&#039;Andalusia, si estende su una superficie di 1.254,25 km\u00b2 sulla riva destra del Guadalquivir, nell&#039;estremit\u00e0 meridionale della Penisola Iberica. Fondata come colonia romana all&#039;inizio del I secolo a.C., il tessuto urbano reca l&#039;impronta dell&#039;egemonia visigota e, successivamente, a partire dall&#039;VIII secolo, dell&#039;Emirato e del Califfato omayyade, che la trasformarono in un preminente centro di cultura e governo in tutta l&#039;Andalusia. Con una temperatura media estiva massima di 37 \u00b0C, un&#039;estrema intensit\u00e0 termica ne definisce il clima; tuttavia, gli inverni miti, intervallati dalle tempeste invernali provenienti dall&#039;Atlantico, alimentano un mosaico verdeggiante lungo il fiume e la Campi\u00f1a circostante, le ripide scarpate della Sierra e le dolci ondulazioni delle sue terrazze fluviali.<\/p>\n<p>Le prime vestigia di Cordova emergono dal Ponte Romano, commissionato sotto Augusto e rinnovato nell&#039;VIII secolo, una campata di 250 metri con sedici arcate che per due millenni rimase l&#039;unico attraversamento della citt\u00e0. Nelle vicinanze si trovano il mausoleo sul Paseo de la Victoria, il Teatro Romano e i resti del Forum Adiectum e del palazzo di Massimiano, silenziose testimonianze dell&#039;ambizione imperiale. Il dominio visigoto lasci\u00f2 meno reliquie tangibili, ma il passaggio alla sovranit\u00e0 islamica nel 711 d.C. inaugur\u00f2 un&#039;opera architettonica incomparabile in Occidente. Tra il 784 e il 786 d.C., Abd al-Rahman I gett\u00f2 le fondamenta della Grande Moschea che, attraverso successive espansioni omayyadi \u2013 tra cui un ampliamento del X secolo che introdusse il famoso mihrab e una sontuosa sala di preghiera \u2013 divenne per secoli la terza moschea pi\u00f9 grande del mondo. Gli archi a ferro di cavallo e le arcate intrecciate, permeate di antecedenti romani e visigoti, sostengono ora la navata a volta della Cattedrale, un palinsesto consacrato nel XVI secolo, che conserva tuttavia la vasta sala ipostila, riconosciuta come Patrimonio dell&#039;Umanit\u00e0 dall&#039;UNESCO nel 1984.<\/p>\n<p>Oltre la Mezquita, il patrimonio islamico di Cordova si dispiega nell&#039;elegante Minareto di San Juan \u2013 la cui doppia finestratura a ferro di cavallo segna il sito di una moschea perduta \u2013 e lungo le rive del fiume, dove mulini ad acqua come quello di Albolafia e quello di Lope Garc\u00eda testimoniano l&#039;ingegnosit\u00e0 idraulica di epoche successive. La torre fortificata di Calahorra, attribuita agli Almohadi, incornicia l&#039;estremit\u00e0 meridionale del Ponte Romano e oggi ospita il Museo Vivo de Al-Andalus, un deposito di memoria culturale. Adiacente all&#039;Alc\u00e1zar de los Reyes Cristianos, a sua volta sede dell&#039;Inquisizione e un tempo residenza reale, si trovano le Terme Califfali, un hammam parzialmente ricostruito le cui vasche del X secolo oggi comunicano la precisione rituale della vita quotidiana islamica.<\/p>\n<p>Alla periferia della citt\u00e0, Madinat al-Zahra sorge dalla bassa macchia \u2013 la sua citt\u00e0-palazzo iniziata nel X secolo e scavata a partire dal 1911 \u2013 proiettando le ambizioni politiche ed estetiche della corte califfale. All&#039;interno del centro storico, strette vie convergono verso la Juder\u00eda, l&#039;antico quartiere ebraico la cui pianta irregolare ospita la Sinagoga del 1315 e la Casa de Sefarad, teatro della complessa coesistenza di diverse fedi fino alla Reconquista del XIII secolo. Dopo la conquista da parte di re Ferdinando III nel 1236, Cordova fu annessa alla Corona di Castiglia come capo del suo regno omonimo, e le dodici chiese commissionate nei quartieri riconquistati \u2013 tra cui Santa Marina de Aguas Santas, San Nicol\u00e1s de la Villa e San Miguel \u2013 assolsero sia a funzioni ecclesiastiche che comunali, con le loro facciate che combinano motivi romanici, mud\u00e9jar e gotici.<\/p>\n<p>L&#039;impronta cristiana si manifesta anche nelle porte superstiti delle mura romane: la Puerta de Almod\u00f3var, la Puerta de Sevilla e la Puerta del Puente, fiancheggiate dalla Torre de la Malmuerta e dalla Torre de Bel\u00e9n. Nella parte meridionale del centro storico, la Plaza del Potro custodisce la Posada del Potro, immortalata nel Don Chisciotte di Cervantes, mentre l&#039;Arco del Portillo si erge sopra un portale del XIV secolo. I giardini dell&#039;Alc\u00e1zar, le Scuderie Reali che allevavano cavalle andaluse e le residenze signorili di Viana e Merced ricordano lo sfarzo aristocratico di Cordova, mentre vie meno note come la Cuesta del Bail\u00edo lasciano intravedere la stratificazione verticale della citt\u00e0.<\/p>\n<p>Memoriali scultorei punteggiano gli spazi pubblici: dieci Trionfi di San Raffaele segnano la presenza del protettore celeste su ponti e piazze; in Plaza de las Tendillas si erge la figura equestre di Gonzalo Fern\u00e1ndez de C\u00f3rdoba; vicino a Puerta de la Luna e Puerta de Almod\u00f3var, statue di Averro\u00e8 e Seneca attestano la discendenza intellettuale della citt\u00e0; e nei giardini dell&#039;Alc\u00e1zar, monumenti rendono omaggio ai Re Cattolici e a Colombo. Lungo il corso del Guadalquivir, l&#039;Isola delle Sculture e l&#039;&#034;Hombre R\u00edo&#034; incarnano un dialogo contemporaneo tra arte e acqua, cambiando delicatamente orientamento seguendo la corrente.<\/p>\n<p>I ponti di Cordova, inoltre, sono una testimonianza dell&#039;ingegneria moderna: il ponte di San Rafael, inaugurato il 29 aprile 1953, si estende per 217 metri in otto archi da 25 metri; il ponte Andalusia, a campata sospesa, e il Puente de Miraflores color ruggine (2003) disperdono la circolazione veicolare e pedonale; il ponte Autov\u00eda del Sur e il ponte Abbas Ibn Firnas, inaugurati nel gennaio 2011 come parte della tangenziale occidentale, amplificano la connettivit\u00e0; e il Puente del Arenal collega il Campo de la Verdad al Recinto Ferial.<\/p>\n<p>Gli spazi verdi della citt\u00e0 articolano il dialogo tra forma costruita e natura: i Jardines de la Victoria sono adiacenti a fontane moderniste e al pergolato del Duque de Rivas; i Jardines de la Agricultura si concentrano attorno allo stagno delle anatre e a un roseto sapientemente sistemato, nonostante l&#039;assenza di densi labirinti di arte topiaria; il Parque de Miraflores scende a terrazze verso i ponti Salam e Miraflores; il Parque Cruz Conde si dispiega come una distesa aperta e senza barriere, nello stile dei giardini inglesi; il Paseo de C\u00f3rdoba, costruito sopra i binari ferroviari interrati, si estende attraverso fontane, alcune delle quali a cascata su vasche a pi\u00f9 livelli, e incorpora l&#039;ex stazione RENFE; i Jardines Juan Carlos I e i Jardines del Conde de Vallellano racchiudono stagni, vestigia archeologiche e cisterne romane; il Parque de la Asomadilla, con i suoi 27 ettari, \u00e8 il secondo parco urbano pi\u00f9 grande dell&#039;Andalusia; e i Sotos de la Albolafia, un monumento naturale di 21,36 ettari, ospitano l&#039;avifauna migratoria lungo il fiume.<\/p>\n<p>Tra i musei di Cordova, il Museo archeologico ed etnologico, ospitato dal 1960 nel palazzo rinascimentale di P\u00e1ez de Castillo, ripercorre la presenza umana dall&#039;et\u00e0 del bronzo fino alla cultura islamica; il Museo Julio Romero de Torres conserva l&#039;opera del pittore nella sua residenza in riva al fiume; il Museo di belle arti, un tempo Ospedale della carit\u00e0, presenta opere dal barocco all&#039;epoca moderna; il Museo diocesano, allestito all&#039;interno del Palazzo episcopale (a sua volta sovrapposto a un alc\u00e1zar omayyade), espone arte e arredi ecclesiastici; e il complesso delle Terme califfali offre un&#039;immersione archeologica nei rituali balneari del X secolo.<\/p>\n<p>I ritmi culturali raggiungono il loro apice a maggio, quando Cordova ospita tre festival consecutivi che animano piazze e patii con flora e musica: Las Cruces de Mayo, durante i quali croci alte tre metri, ricoperte di fiori, costituiscono il fulcro di concorsi floreali e incontri conviviali; Los Patios de C\u00f3rdoba, in cui cortili privati \u200b\u200bvengono aperti al pubblico, giudicati in base al merito architettonico e all&#039;arte orticola (un titolo iscritto come Patrimonio Culturale Immateriale dell&#039;UNESCO); e La Feria de C\u00f3rdoba, una fiera simile alla sua controparte sivigliana, ma caratterizzata da casetas prevalentemente pubbliche. La disponibilit\u00e0 di alloggi diminuisce drasticamente, riflettendo l&#039;intensit\u00e0 del pellegrinaggio, sia laico che accademico, verso questa citt\u00e0 ricca di patrimonio.<\/p>\n<p>Le moderne infrastrutture di trasporto garantiscono che Cordova rimanga un nodo cruciale: l&#039;AVE ad alta velocit\u00e0 la collega a Madrid, Barcellona, \u200b\u200bSiviglia, Malaga e Saragozza; la stazione di Cordova invia oltre venti servizi giornalieri per Malaga Mar\u00eda Zambrano in cinquantaquattro minuti, facilitando il proseguimento del viaggio lungo la Costa del Sol; sebbene il suo aeroporto non ospiti voli commerciali, la citt\u00e0 \u00e8 facilmente raggiungibile: 110 km da Siviglia, 118 km da Granada e 136 km dagli aeroporti di Malaga; le autostrade A-45 e A-4 collegano Cordova alle reti andaluse e portoghesi; e l&#039;adiacente terminal degli autobus interurbani estende la portata di collegamenti meno rapidi ma pi\u00f9 economici in tutta la penisola.<\/p>\n<p>Cordova permane come una cronaca stratificata: la sua struttura romana permeata di residui visigoti, sovrastata dall&#039;audacia architettonica omayyade e rifratta attraverso cornici castigliane e moderne. Gli estremi termici della citt\u00e0, plasmati dalla sua posizione all&#039;interno della depressione del Guadalquivir e dalla vicinanza alla Sierra Morena e al Sistema Penibetico, contrastano con il flusso persistente del fiume e la quiete coltivata dei suoi giardini. Dai colonnati della Grande Moschea alle statue sparse di poeti, filosofi e santi; dai palazzi affrescati all&#039;aperta cadenza delle sue callejas; dai patii bruciati dal sole di maggio alle brezze rinfrescanti del fiume, Cordova rimane al tempo stesso una testimonianza della lunga durata della civilt\u00e0 mediterranea e una testimonianza vivente di una continua sintesi culturale. La sua storia, radicata nell&#039;antichit\u00e0, rimaneggiata sotto califfi e monarchi cristiani e rinvigorita nel presente, rappresenta un invito duraturo all&#039;osservazione accademica e alla sottile meraviglia.<\/p>","protected":false},"excerpt":{"rendered":"<p>Cordova, citt\u00e0 ricca di importanza storica e culturale, si trova nella regione centrale dell&#039;Andalusia, in Spagna. Con una popolazione di circa 325.000 abitanti, \u00e8 il terzo comune pi\u00f9 popoloso dell&#039;Andalusia e capoluogo dell&#039;omonima provincia. Originariamente situata principalmente sulla riva destra del fiume Guadalquivir, nella Penisola Iberica meridionale, questa citt\u00e0 storica ha visto l&#039;ascesa e il declino di numerose civilt\u00e0, ognuna delle quali ne ha profondamente influenzato l&#039;ambiente e il carattere.<\/p>","protected":false},"author":1,"featured_media":3242,"parent":13090,"menu_order":0,"comment_status":"closed","ping_status":"closed","template":"elementor_theme","meta":{"_eb_attr":"","footnotes":""},"class_list":["post-13266","page","type-page","status-publish","has-post-thumbnail"],"_links":{"self":[{"href":"https:\/\/travelshelper.com\/it\/wp-json\/wp\/v2\/pages\/13266","targetHints":{"allow":["GET"]}}],"collection":[{"href":"https:\/\/travelshelper.com\/it\/wp-json\/wp\/v2\/pages"}],"about":[{"href":"https:\/\/travelshelper.com\/it\/wp-json\/wp\/v2\/types\/page"}],"author":[{"embeddable":true,"href":"https:\/\/travelshelper.com\/it\/wp-json\/wp\/v2\/users\/1"}],"replies":[{"embeddable":true,"href":"https:\/\/travelshelper.com\/it\/wp-json\/wp\/v2\/comments?post=13266"}],"version-history":[{"count":0,"href":"https:\/\/travelshelper.com\/it\/wp-json\/wp\/v2\/pages\/13266\/revisions"}],"up":[{"embeddable":true,"href":"https:\/\/travelshelper.com\/it\/wp-json\/wp\/v2\/pages\/13090"}],"wp:featuredmedia":[{"embeddable":true,"href":"https:\/\/travelshelper.com\/it\/wp-json\/wp\/v2\/media\/3242"}],"wp:attachment":[{"href":"https:\/\/travelshelper.com\/it\/wp-json\/wp\/v2\/media?parent=13266"}],"curies":[{"name":"wp","href":"https:\/\/api.w.org\/{rel}","templated":true}]}}