{"id":13186,"date":"2024-09-17T14:12:55","date_gmt":"2024-09-17T14:12:55","guid":{"rendered":"https:\/\/travelshelper.com\/staging\/?page_id=13186"},"modified":"2026-03-12T23:41:48","modified_gmt":"2026-03-12T23:41:48","slug":"siviglia","status":"publish","type":"page","link":"https:\/\/travelshelper.com\/it\/destinations\/europe\/spain\/seville\/","title":{"rendered":"Siviglia"},"content":{"rendered":"<p>Siviglia, la maestosa capitale dell&#039;Andalusia, domina l&#039;attenzione sul corso inferiore del fiume Guadalquivir: i suoi 141 chilometri quadrati di fertile valle ospitano una popolazione municipale di circa 701.000 anime e costituiscono il fulcro di un&#039;area metropolitana di 1,5 milioni di abitanti. Il suo skyline, dominato dall&#039;imponente Giralda, un tempo a forma di minareto almohade e ora sormontato dalla banderuola del Giraldillo, testimonia stratificazioni di dominazione romana, islamica e castigliana; eppure questa citt\u00e0, il cui centro storico si estende per quattro chilometri quadrati e ospita la triade UNESCO dell&#039;Alc\u00e1zar, della Cattedrale di Santa Maria della Sede e dell&#039;Archivio Generale delle Indie, supera la mera monumentalit\u00e0 per dispiegarsi come un palinsesto vivente di correnti mediterranee e atlantiche. Situata a ottanta chilometri nell&#039;entroterra dall&#039;Atlantico, Siviglia rimane l&#039;unico porto fluviale della Spagna, a testimonianza del suo ruolo storico di porta d&#039;accesso marittima, i cui empori un tempo attraevano galeoni carichi di ricchezze del Nuovo Mondo.<\/p>\n<p>Dalla sua fondazione come Hispalis romana fino alla sua rinascita sotto la Casa de Contrataci\u00f3n, Siviglia prosper\u00f2 come uno dei pi\u00f9 grandi centri urbani d&#039;Europa del XVI secolo; la siccit\u00e0 del Guadalquivir avrebbe poi deviato le spedizioni transatlantiche verso la baia di Cadice, eppure il prestigio della citt\u00e0 perdur\u00f2, sottolineato dallo splendore aristocratico dei cortili mud\u00e9jar dell&#039;Alc\u00e1zar e dalla vasta navata gotica della Cattedrale, iniziata nel 1401. Nel XX secolo, segnato dalle tribolazioni della guerra civile spagnola, dallo sfarzo dell&#039;Esposizione iberoamericana del 1929 e dall&#039;ottimismo trasformativo dell&#039;Expo &#039;92, Siviglia riafferm\u00f2 la sua preminenza regionale, culminando nella designazione a capoluogo della Comunit\u00e0 autonoma nel 1983.<\/p>\n<p>Bassa, con un&#039;altitudine media di sette metri sul livello del mare, Siviglia \u00e8 attraversata dal Guadalquivir, che divide il centro storico sulla riva orientale da Triana, La Cartuja e Los Remedios a ovest. Questi quartieri, insieme all&#039;Aljarafe a ovest e a comuni come La Rinconada, Alcal\u00e1 de Guada\u00edra e Dos Hermanas alla periferia, costituiscono una conurbazione che fonde dinamismo urbano con l&#039;entroterra agricolo. La latitudine della citt\u00e0 la allinea a San Jos\u00e9, in California, e a Catania, in Sicilia, e la posiziona a sud di Atene e vicino al parallelo di Seul, eppure la posizione interna di Siviglia le conferisce un aspetto decisamente continentale: le estati superano abitualmente i 35 \u00b0C e generano oltre sessanta giorni all&#039;anno con temperature superiori ai 35 \u00b0C, facendo guadagnare alla valle del Guadalquivir il soprannome di &#034;padella di Spagna&#034;.<\/p>\n<p>Le registrazioni climatologiche attestano estremi che vanno dal picco di 46,6 \u00b0C del 23 luglio 1995 all&#039;aeroporto di San Pablo al nadir di -5,5 \u00b0C del 12 febbraio 1956, mentre i controversi 50,0 \u00b0C dell&#039;agosto 1881 sottolineano lo status di Siviglia come la metropoli europea pi\u00f9 calda. Le temperature medie annue si aggirano sui 19,6 \u00b0C, con medie diurne di 25,7 \u00b0C e notturne di 13,3 \u00b0C; le precipitazioni totali ammontano a 502 mm distribuiti su cinquanta giorni, con circa ottanta millimetri a dicembre. \u00c8 un clima che rende le nevicate praticamente inesistenti \u2013 solo dieci casi dal 1500, due nel secolo scorso \u2013 e che caratterizza gli inverni come miti momenti di tregua dalle torride estati che prevalgono da luglio ad agosto.<\/p>\n<p>Nella distesa suggestiva di Siviglia, l&#039;architettura civica emerge come custode della memoria e catalizzatore della vita moderna. Le facciate plateresche del Municipio, ideate da Diego de Ria\u00f1o tra il 1527 e il 1534 e ripensate in forme neoclassiche da Demetrio de los R\u00edos nel 1867, si ergono accanto alla Prigione Reale, le cui celle un tempo confinarono Cervantes. L&#039;Archivo General de Indias, eretto su progetto di Herrera nel 1572 e completato nel 1646, custodisce l&#039;eredit\u00e0 epistolare dell&#039;impero, mentre il Palacio de San Telmo articola l&#039;esuberanza barocca in volute e pilastri, custodendo l&#039;amministrazione andalusa all&#039;interno del suo portico progettato da Leonaro de Figueroa. La Real F\u00e1brica de Tabacos, un tempo il pi\u00f9 grande edificio industriale del mondo, e l&#039;arena della Real Maestranza, inaugurata nel 1761 e in grado di ospitare 14.000 spettatori, evocano la doppia identit\u00e0 di Siviglia: lavoro e svago.<\/p>\n<p>Tra i rifugi domestici, il Sal\u00f3n de Embajadores e il Patio de las Doncellas dell&#039;Alc\u00e1zar rivelano la confluenza dell&#039;artigianato nasride e del mecenatismo castigliano, mentre il portale isabellino della Casa de Pilatos ricorda un pellegrinaggio del 1520 che le confer\u00ec una nomenclatura che ricorda la Via Crucis di Gerusalemme. Nel Casco Antiguo, palazzi come il palazzo della Contessa di Lebrija e l&#039;antica cisterna della Cruz del Campo si fondono, e vestigia fortificate \u2013 in particolare l&#039;almohade Torre del Oro e frammenti residui delle mura iniziate sotto Abd ar-Rahm\u00e1n II e ampliate dagli Almohadi \u2013 tracciano la geografia marziale della citt\u00e0.<\/p>\n<p>Oltre alla pietra e all&#039;acciaio, il verde di Siviglia trova espressione nel Parque de Mar\u00eda Luisa, la cornice scelta da An\u00edbal Gonz\u00e1lez per l&#039;Esposizione Universale del 1929, la cui Plaza de Espa\u00f1a si curva in una grandiosit\u00e0 semicircolare, scandita dalle piastrelle che celebrano ciascuna provincia. L&#039;adiacente Plaza de Am\u00e9rica e il suo trio di padiglioni \u2013 il Padiglione Reale in stile gotico, il Padiglione Neo-Mud\u00e9jar e il Padiglione delle Belle Arti in stile rinascimentale \u2013 evocano un intermezzo signorile in una metropoli che si affaccia sul cuore pulsante della Spagna del XXI secolo.<\/p>\n<p>La linfa vitale economica di Siviglia deriva dal suo status di principale contribuente del PIL dell&#039;Andalusia, un quarto del totale regionale, la cui influenza si estende ai centri agricoli oltre Camas e Tomares e ai parchi industriali che mitigano il calore ottomano della citt\u00e0 con l&#039;imprenditoria meccanizzata. La Diputaci\u00f3n de Sevilla amministra i servizi dalla sua caserma di cavalleria del XIX secolo, garantendo che i villaggi pi\u00f9 lontani rimangano in contatto con la capitale.<\/p>\n<p>Nella vita quotidiana, la conviviale abitudine delle tapas permea i labirintici vicoli e le piazze di Siviglia di un&#039;incessante convivialit\u00e0: i commensali assaggiano jam\u00f3n ib\u00e9rico, espinacas con garbanzos a base di ceci e ortiguillas accompagnate da gazpacho freddo; si soffermano su pesti\u00f1os e torrijas all&#039;ombra degli aranci amari il cui profumo di agrumi, introdotto dagli artigiani andalusi del X secolo, permea l&#039;aria; si fermano ai moli di Sevici per valutare il loro viaggio attraverso le verdi vie della citt\u00e0.<\/p>\n<p>Il trasporto in autobus rientra nell&#039;ambito di competenza della TUSSAM, che collega Calle Serra a San Bernardo e interseca i percorsi del Consorcio fino a Dos Hermanas. La Linea 1 della metropolitana, inaugurata in vista del raggiungimento dei 22 milioni di passeggeri previsti per il 2024, accetter\u00e0 presto l&#039;estensione della Linea 3, mentre le Linee 2 e 4 sono ancora in fase di progettazione. La mobilit\u00e0 di superficie trova espressione nel tram MetroCentro, nelle biciclette Sevici che scorrono su corsie rialzate e nei treni Cercan\u00edas che convogliano i pendolari verso Santa Justa, da dove i treni ad alta velocit\u00e0 AVE si diramano verso Madrid, Valencia e oltre.<\/p>\n<p>L&#039;aeroporto di San Pablo, il secondo pi\u00f9 trafficato dell&#039;Andalusia, con oltre 7,5 milioni di passeggeri nel 2019 e quasi diecimila tonnellate di merci, rappresenta il fulcro dell&#039;asse aereo di Siviglia; compagnie aeree low-cost e centri di manutenzione ne testimoniano l&#039;internazionalizzazione. Tuttavia, il fascino discreto risiede nel Muelle de las Delicias del porto fluviale, dove i transatlantici possono sbarcare i passeggeri delle crociere nel cuore di Siviglia: un&#039;accoglienza interna unica in Spagna.<\/p>\n<p>In virt\u00f9 di questa convergenza di antichit\u00e0 e modernit\u00e0, Siviglia emerge non come un monumento statico, ma come una citt\u00e0 in perenne negoziazione tra calore e ombra, storia e innovazione, riposo e baldoria. Il suo tessuto \u2013 cucito da Romani, Omayyadi, Castigliani e custodi contemporanei \u2013 invita non allo spettacolo, ma all&#039;osservazione: per chi si avventura lungo i suoi viali soleggiati e attraverso le sue alcove ombrose, Siviglia offre una testimonianza della resiliente eloquenza del luogo.<\/p>","protected":false},"excerpt":{"rendered":"<p>Siviglia, capitale e citt\u00e0 pi\u00f9 grande della comunit\u00e0 autonoma spagnola dell&#039;Andalusia, \u00e8 un esempio del patrimonio culturale e della vivacit\u00e0 contemporanea della Spagna. Situata sul corso inferiore del fiume Guadalquivir, nel sud-ovest della Penisola Iberica, questa straordinaria citt\u00e0 vanta una popolazione municipale di circa 701.000 abitanti (al 2022), con un&#039;area metropolitana che conta quasi 1,5 milioni di residenti. Grazie a questa potenza demografica, Siviglia si classifica come la quarta citt\u00e0 pi\u00f9 grande della Spagna, il comune pi\u00f9 popoloso dell&#039;Unione Europea e la citt\u00e0 pi\u00f9 popolosa dell&#039;Andalusia.<\/p>","protected":false},"author":1,"featured_media":4633,"parent":13090,"menu_order":0,"comment_status":"closed","ping_status":"closed","template":"elementor_theme","meta":{"_eb_attr":"","footnotes":""},"class_list":["post-13186","page","type-page","status-publish","has-post-thumbnail"],"_links":{"self":[{"href":"https:\/\/travelshelper.com\/it\/wp-json\/wp\/v2\/pages\/13186","targetHints":{"allow":["GET"]}}],"collection":[{"href":"https:\/\/travelshelper.com\/it\/wp-json\/wp\/v2\/pages"}],"about":[{"href":"https:\/\/travelshelper.com\/it\/wp-json\/wp\/v2\/types\/page"}],"author":[{"embeddable":true,"href":"https:\/\/travelshelper.com\/it\/wp-json\/wp\/v2\/users\/1"}],"replies":[{"embeddable":true,"href":"https:\/\/travelshelper.com\/it\/wp-json\/wp\/v2\/comments?post=13186"}],"version-history":[{"count":0,"href":"https:\/\/travelshelper.com\/it\/wp-json\/wp\/v2\/pages\/13186\/revisions"}],"up":[{"embeddable":true,"href":"https:\/\/travelshelper.com\/it\/wp-json\/wp\/v2\/pages\/13090"}],"wp:featuredmedia":[{"embeddable":true,"href":"https:\/\/travelshelper.com\/it\/wp-json\/wp\/v2\/media\/4633"}],"wp:attachment":[{"href":"https:\/\/travelshelper.com\/it\/wp-json\/wp\/v2\/media?parent=13186"}],"curies":[{"name":"wp","href":"https:\/\/api.w.org\/{rel}","templated":true}]}}