{"id":13072,"date":"2024-09-17T12:09:27","date_gmt":"2024-09-17T12:09:27","guid":{"rendered":"https:\/\/travelshelper.com\/staging\/?page_id=13072"},"modified":"2026-03-12T23:47:06","modified_gmt":"2026-03-12T23:47:06","slug":"andermatt","status":"publish","type":"page","link":"https:\/\/travelshelper.com\/it\/destinations\/europe\/switzerland\/andermatt\/","title":{"rendered":"Andermatt"},"content":{"rendered":"<p>Andermatt, un villaggio e comune di montagna arroccato a 1.437 metri sopra il livello del mare, occupa una posizione centrale all&#039;interno del massiccio del San Gottardo, fungendo da snodo storico delle traversate nord-sud ed est-ovest della Svizzera; con una popolazione di 1.527 abitanti nel 2020 e una superficie di 62,2 chilometri quadrati, si trova circa 28 chilometri a sud di Altdorf, il capoluogo del cantone di Uri, ancorando le sorgenti del fiume Reuss nella valle di Urseren.<\/p>\n<p>Circondato dalle cime delle Alpi dell&#039;Adula, Andermatt presenta un altopiano di terreno alpino in cui il 40,8 percento del suo territorio \u00e8 destinato a scopi agricoli e il 5,5 percento \u00e8 ricoperto da foreste, mentre il 52 percento \u00e8 improduttivo, definito da fiumi, ghiacciai e pendii scoscesi; questa composizione, misurata nell&#039;indagine del 2006, riflette una valle modellata dall&#039;attivit\u00e0 glaciale e da secoli di sfruttamento pastorale, in cui i prati alpini lasciano il posto ad affioramenti rocciosi troppo accidentati per la vegetazione e stretti corridoi incanalano la Reuss verso la gola di Sch\u00f6llenen, una ripida discesa che collega il villaggio a G\u00f6schenen e, infine, all&#039;Urnersee sul lago dei Quattro Cantoni.<\/p>\n<p>Fin dalla sua nascita come corridoio di collegamento tra i cantoni orientali come i Grigioni (attraverso il passo dell&#039;Oberalp a 2.044 metri) e le regioni occidentali tra cui il Vallese (attraverso il passo della Furka a 2.436 metri) fino al suo ruolo di collegamento con il Ticino attraverso il passo del San Gottardo a 2.106 metri, Andermatt ha mantenuto la sua funzione di crocevia fin dall&#039;inizio del XIII secolo, quando l&#039;apertura della via della Sch\u00f6llenen formalizz\u00f2 il collegamento con il San Gottardo; questi passaggi di montagna, insieme alla formidabile gola della Sch\u00f6llenen con il ponte del Diavolo, hanno fatto del villaggio un punto di passaggio e un guardiano del transito alpino.<\/p>\n<p>Le prove archeologiche indicano la presenza umana nella valle di Orsera gi\u00e0 nel 4000 a.C., con manufatti neolitici che attestano l&#039;insediamento di popolazioni di cacciatori-raccoglitori; durante il dominio romano, l&#039;alta valle probabilmente ospit\u00f2 trib\u00f9 celtiche elvetiche, sebbene le fondamenta dell&#039;attuale Andermatt risalgano ai migranti Walser alemanni che, in cerca di pascoli e rifugio in alta quota, fondarono villaggi che si sarebbero raggruppati attorno a una modesta parrocchia menzionata nel 1203 come &#034;de Prato&#034; e successivamente, nel 1290, come &#034;A der Matte&#034;.<\/p>\n<p>L&#039;affiliazione all&#039;abbazia benedettina di Disentis regn\u00f2 sulla vita locale per secoli; il controllo ecclesiastico persistette fino al 1649, quando la nascente Confederazione Svizzera trasfer\u00ec la giurisdizione spirituale in mani civili, riflettendo i pi\u00f9 ampi cambiamenti nella governance elvetica. Tuttavia, l&#039;importanza strategica della valle si estese oltre le questioni ecclesiastiche: il giorno di San Patrizio del 1608, si dice che alcuni conti irlandesi in viaggio attraverso il Passo del San Gottardo persero un tesoro d&#039;oro al Ponte del Diavolo, un incidente immortalato nella tradizione locale come il Tesoro Perduto del Passo del San Gottardo, sebbene non ne sia stato registrato alcun ritrovamento.<\/p>\n<p>La topografia della Sch\u00f6llenen racconta pi\u00f9 di un semplice mito: nel 1799, il generale russo Aleksandr Suvorov guid\u00f2 le truppe attraverso la gola durante la sua campagna alpina; un monumento commemorativo nei pressi di Andermatt celebra l&#039;arduo attraversamento, con la sua pietra levigata incisa in memoria dei soldati che hanno sopportato le sofferenze della montagna. Due decenni dopo, dal 1818 al 1831, la via del San Gottardo divenne percorribile per le diligenze; \u200b\u200bcome ultimo rifugio prima della vetta, Andermatt benefici\u00f2 di una fiorente economia termale, con visitatori attratti dai trattamenti termali e dalla promessa di aria salubre.<\/p>\n<p>L&#039;inaugurazione della galleria ferroviaria del San Gottardo nel 1881 riorganizz\u00f2 i trasporti sotto la valle, sminuendo il ruolo di Andermatt come principale arteria di comunicazione alpina; la costruzione, che cost\u00f2 la vita agli operai locali e provoc\u00f2 disordini sedati dall&#039;intervento militare, inaugur\u00f2 un&#039;era in cui i treni aggiravano il villaggio sovrastante. Ciononostante, Andermatt si adatt\u00f2: nel 1885 l&#039;Esercito Federale Svizzero la design\u00f2 come citt\u00e0 di guarnigione, erigendo strutture di comando sotterranee progettate per la resilienza in tempo di guerra e, in seguito, istituendo un centro di addestramento che continua a essere un centro di addestramento militare.<\/p>\n<p>Nel 1946 furono avanzati progetti per costruire una diga nella valle di Orsera per creare bacini idroelettrici, provocando una decisa opposizione che, nel 1950, blocc\u00f2 lo sviluppo ad Andermatt e dirott\u00f2 il progetto verso la vicina G\u00f6schenertal; questo episodio sottolinea l&#039;impegno locale per la salvaguardia del paesaggio, anche se la valle dovette affrontare le sfide poste dall&#039;instabilit\u00e0 della natura, in particolare negli inverni del 1951 e del 1975, quando le valanghe si abbatterono sui quartieri residenziali, provocando danni e mietendo vittime.<\/p>\n<p>Le fortune economiche calarono negli anni &#039;30, quando il turismo alpino si spost\u00f2 verso localit\u00e0 turistiche consolidate e molti hotel dell&#039;Ursental (tra cui quelli costruiti dalla famiglia M\u00fcller, proprietari del Grand Hotel Bellevue e di altre strutture che un tempo punteggiavano la valle) caddero in disuso o cambiarono destinazione d&#039;uso; lo stesso Bellevue, trasformato in appartamenti negli anni &#039;70, rimase abbandonato nel 1990, prima della sua demolizione controllata.<\/p>\n<p>Una rinascita emerse verso la fine del XX secolo, quando Andermatt si riposizion\u00f2 come alternativa alle destinazioni sciistiche di lusso, adottando una strategia di sviluppo che collegava le piste del N\u00e4tschen con il Gemsstock sul versante meridionale e, tramite il Glacier Express, con Sedrun e Disentis, formando una rete di stazioni sciistiche interconnesse per tutte le stagioni. L&#039;alleanza Andermatt-Sedrun-Disentis, unificata sotto l&#039;egida della Matterhorn Gotthard Bahn, riflette le aspirazioni del XXI secolo, rafforzate dall&#039;accessibilit\u00e0 ferroviaria che integra ulteriormente il N\u00e4tschen con le piste dell&#039;Oberalp \u2013 attualmente raggiungibili solo in treno \u2013 e promette itinerari sciistici pi\u00f9 ampi.<\/p>\n<p>Questa trasformazione \u00e8 stata accompagnata da incentivi immobiliari; esentato dalle restrizioni della Lex Koller tramite decreto federale nel 2006, Andermatt Swiss Alps ha consentito ai cittadini stranieri di acquistare immobili senza autorizzazione speciale fino al 2040, consentendo un investimento di 1,8 miliardi di franchi svizzeri guidato dall&#039;imprenditore Samih Sawiris e attraendo acquirenti internazionali, in particolare investitori americani i cui acquisti di appartamenti all&#039;inizio del 2025, per un valore di 14,2 milioni di franchi svizzeri, hanno risposto alle incertezze geopolitiche all&#039;estero.<\/p>\n<p>Dal punto di vista demografico, il villaggio ha registrato alti e bassi: dai 605 residenti nel 1799 ai 1.589 nel 1970, per poi ridursi a 1.282 nel 2000 e stabilizzarsi a 1.527 alla fine del 2020. Il tedesco \u00e8 la lingua locale predominante (95,2% nel 2000), affiancato da modeste comunit\u00e0 portoghesi e italiane, e un decimo degli abitanti ha la cittadinanza non svizzera; il livello di istruzione \u00e8 elevato, con tre quarti della popolazione di et\u00e0 compresa tra 25 e 64 anni che ha completato gli studi secondari superiori o terziari, e un tasso di disoccupazione inferiore all&#039;uno per cento. Dal punto di vista economico, il settore primario impiega cinquantuno lavoratori in ventidue imprese, il settore secondario novanta persone in tredici aziende e il settore terziario 599 dipendenti in settantotto aziende.<\/p>\n<p>Dal punto di vista climatico, Andermatt \u00e8 soggetto a un regime subartico (&#034;dfc&#034; secondo K\u00f6ppen), con una media annuale di 139,4 giorni di pioggia che producono 1.423 millimetri di precipitazioni tra il 1991 e il 2020; novembre registra le precipitazioni pi\u00f9 elevate con 142 millimetri in 11,8 giorni, giugno registra gli eventi di precipitazione pi\u00f9 frequenti con 13,2 giorni e 131 millimetri, e febbraio rimane il pi\u00f9 secco, con 91 millimetri in 11,4 giorni.<\/p>\n<p>Le attivit\u00e0 ricreative invernali ruotano attorno a due principali comprensori sciistici: il N\u00e4tschen, che sorge a nord-est ed \u00e8 raggiungibile tramite ferrovia, e il Gemsstock a sud, entrambi dotati di piste servite da impianti di risalita e discese a valle aperte fino a met\u00e0 marzo; gli appassionati apprezzano le discese fuori pista e le condizioni di neve profonda che caratterizzano queste montagne, e i piani strategici prevedono circuiti sciistici unificati che incorporino le piste dell&#039;Oberalp.<\/p>\n<p>In termini culturali, Andermatt ha inaugurato una sala concerti appositamente costruita, il primo spazio artistico concepito espressamente per un villaggio alpino, inaugurato sotto la direzione di Constantinos Carydis alla guida della Filarmonica di Berlino; progettata da Christina Seilern e finanziata da Sawiris, la sala simboleggia l&#039;evoluzione di Andermatt da snodo di transito a luogo d&#039;arte alpina, affermando la sua capacit\u00e0 di ospitare spettacoli di calibro internazionale nel suo contesto montano.<\/p>\n<p>Nel corso della sua storia, Andermatt ha navigato attraverso mutevoli correnti di transito, conflitti e commercio, preservando un carattere alpino distintivo, pur adattandosi alle esigenze moderne in termini di economia e societ\u00e0. La sua valle, attraversata da antiche vie di comunicazione e da una moderna ferrovia, in equilibrio tra coltivazioni e terreni accidentati, rimane emblematica della complessa interazione svizzera tra topografia e attivit\u00e0 umana, invitando a un&#039;osservazione che trascende il mero turismo e che considera la resistenza delle comunit\u00e0 d&#039;alta quota.<\/p>\n<table>\n<thead>\n<tr>\n<th>Categoria<\/th>\n<th>Informazioni<\/th>\n<\/tr>\n<\/thead>\n<tbody>\n<tr>\n<td>Posizione<\/td>\n<td>Andermatt, Svizzera (Svizzera centrale, Uri)<\/td>\n<\/tr>\n<tr>\n<td>Altitudine del resort<\/td>\n<td>1.444 m \u2013 2.600 m (4.738 piedi \u2013 8.530 piedi)<\/td>\n<\/tr>\n<tr>\n<td>Stagione sciistica<\/td>\n<td>Da met\u00e0 dicembre a inizio aprile<\/td>\n<\/tr>\n<tr>\n<td>Prezzi dello skipass<\/td>\n<td>Adulto: CHF 89 (\u20ac 95), Giovane: CHF 63 (\u20ac 67), Bambino: CHF 45 (\u20ac 48)<\/td>\n<\/tr>\n<tr>\n<td>Orari di apertura<\/td>\n<td>08:45 &#8211; 16:45<\/td>\n<\/tr>\n<tr>\n<td>Numero di piste<\/td>\n<td>70 km (43,5 miglia) totali<\/td>\n<\/tr>\n<tr>\n<td>Lunghezza totale della pista<\/td>\n<td>70 km (43,5 miglia)<\/td>\n<\/tr>\n<tr>\n<td>Corsa pi\u00f9 lunga<\/td>\n<td>Non specificato nei dati<\/td>\n<\/tr>\n<tr>\n<td>Piste facili<\/td>\n<td>18 chilometri (26%)<\/td>\n<\/tr>\n<tr>\n<td>Pendenze moderate<\/td>\n<td>40 chilometri (57%)<\/td>\n<\/tr>\n<tr>\n<td>Piste avanzate<\/td>\n<td>12 chilometri (17%)<\/td>\n<\/tr>\n<tr>\n<td>Indicazioni dei pendii<\/td>\n<td>\/<\/td>\n<\/tr>\n<tr>\n<td>Sci notturno<\/td>\n<td>Disponibile (SnowNight Sedrun)<\/td>\n<\/tr>\n<tr>\n<td>Produzione di neve<\/td>\n<td>Disponibile<\/td>\n<\/tr>\n<tr>\n<td>Ascensori totali<\/td>\n<td>13<\/td>\n<\/tr>\n<tr>\n<td>Capacit\u00e0 di salita<\/td>\n<td>\/<\/td>\n<\/tr>\n<tr>\n<td>Ascensore pi\u00f9 alto<\/td>\n<td>2.600 m (8.530 piedi)<\/td>\n<\/tr>\n<tr>\n<td>Gondole\/Funivie<\/td>\n<td>1<\/td>\n<\/tr>\n<tr>\n<td>Seggiovie<\/td>\n<td>3<\/td>\n<\/tr>\n<tr>\n<td>Impianti di risalita<\/td>\n<td>8<\/td>\n<\/tr>\n<tr>\n<td>Parchi sulla neve<\/td>\n<td>Disponibile<\/td>\n<\/tr>\n<tr>\n<td>Noleggio sci<\/td>\n<td>Disponibile<\/td>\n<\/tr>\n<tr>\n<td>Doposci<\/td>\n<td>Disponibile (valutato come una delle caratteristiche principali)<\/td>\n<\/tr>\n<\/tbody>\n<\/table>\n<article>\n<\/article>","protected":false},"excerpt":{"rendered":"<p>Andermatt, situata nelle Alpi svizzere, \u00e8 una testimonianza del fascino intramontabile dei villaggi montani svizzeri. Situata nel Canton Uri, questa graziosa cittadina conta quasi 1.500 abitanti e rappresenta un crocevia fondamentale nel complesso tessuto geografico svizzero. Con i suoi 1.437 metri sul livello del mare, Andermatt \u00e8 l&#039;epicentro del Massiccio del San Gottardo, una formazione geologica che ha plasmato non solo il territorio, ma anche il valore storico e culturale della zona.<\/p>","protected":false},"author":1,"featured_media":2748,"parent":12907,"menu_order":0,"comment_status":"closed","ping_status":"closed","template":"elementor_theme","meta":{"_eb_attr":"","footnotes":""},"class_list":["post-13072","page","type-page","status-publish","has-post-thumbnail"],"_links":{"self":[{"href":"https:\/\/travelshelper.com\/it\/wp-json\/wp\/v2\/pages\/13072","targetHints":{"allow":["GET"]}}],"collection":[{"href":"https:\/\/travelshelper.com\/it\/wp-json\/wp\/v2\/pages"}],"about":[{"href":"https:\/\/travelshelper.com\/it\/wp-json\/wp\/v2\/types\/page"}],"author":[{"embeddable":true,"href":"https:\/\/travelshelper.com\/it\/wp-json\/wp\/v2\/users\/1"}],"replies":[{"embeddable":true,"href":"https:\/\/travelshelper.com\/it\/wp-json\/wp\/v2\/comments?post=13072"}],"version-history":[{"count":0,"href":"https:\/\/travelshelper.com\/it\/wp-json\/wp\/v2\/pages\/13072\/revisions"}],"up":[{"embeddable":true,"href":"https:\/\/travelshelper.com\/it\/wp-json\/wp\/v2\/pages\/12907"}],"wp:featuredmedia":[{"embeddable":true,"href":"https:\/\/travelshelper.com\/it\/wp-json\/wp\/v2\/media\/2748"}],"wp:attachment":[{"href":"https:\/\/travelshelper.com\/it\/wp-json\/wp\/v2\/media?parent=13072"}],"curies":[{"name":"wp","href":"https:\/\/api.w.org\/{rel}","templated":true}]}}