{"id":12625,"date":"2024-09-16T17:29:54","date_gmt":"2024-09-16T17:29:54","guid":{"rendered":"https:\/\/travelshelper.com\/staging\/?page_id=12625"},"modified":"2026-03-13T00:15:36","modified_gmt":"2026-03-13T00:15:36","slug":"kiev","status":"publish","type":"page","link":"https:\/\/travelshelper.com\/it\/destinations\/europe\/ukraine\/kiev\/","title":{"rendered":"Kiev"},"content":{"rendered":"<p>Kiev, capitale e citt\u00e0 pi\u00f9 popolosa dell&#039;Ucraina, si presenta come una metropoli di circa 2.952.301 abitanti al 1\u00b0 gennaio 2022, estesa nella parte centro-settentrionale del paese e a cavallo tra le due rive del fiume Dnepr; oggi \u00e8 la settima citt\u00e0 pi\u00f9 grande d&#039;Europa, un luogo in cui si intrecciano vigore industriale, ricerca scientifica, capacit\u00e0 educativa e profondit\u00e0 culturale. Dalla sua leggendaria fondazione da parte della figura di Kyi \u2013 il cui nome ha lasciato in eredit\u00e0 alla citt\u00e0 il suo nome \u2013 al suo ruolo attuale di polo di attrazione per l&#039;immigrazione interna e il turismo internazionale, l&#039;importanza di Kiev ha oscillato con le maree della storia, emergendo ripetutamente da epoche di desolazione a periodi di rinnovato splendore.<\/p>\n<p>Molto prima del suo apice medievale come capitale della Rus&#039; di Kiev, Kiev aveva gi\u00e0 iniziato a consolidarsi in un centro mercantile nel V secolo, posizionandosi a cavallo del grande corridoio che collegava la Scandinavia a Costantinopoli. I suoi primi abitanti slavi pagarono tributi ai Cazari fino alla met\u00e0 del IX secolo, quando gli avventurieri Variaghi \u2013 che le cronache successive avrebbero definito Vichinghi \u2013 conquistarono la citt\u00e0, elevandola a fulcro del loro nascente sistema politico slavo orientale. Sotto la guida dei Variaghi, una chiesa in pietra e una palizzata fortificata sorsero a formare la capitale del primo stato slavo, ma questa fioritura sarebbe stata dissolta dall&#039;assalto mongolo del 1240, lasciando Kiev in rovina e la sua influenza in declino per secoli.<\/p>\n<p>Nei secoli successivi, Kiev pass\u00f2 sotto i domini di Lituania, Polonia e Russia, ciascuna delle quali impresse alla citt\u00e0 il proprio assetto amministrativo ed ecclesiastico. Nel XVI secolo, si era guadagnata la fama di centro di studi ortodossi; nel XIX, si era trasformata in un polo industriale e commerciale durante l&#039;era della produzione meccanizzata dell&#039;Impero russo. Il pulsare delle botteghe artigiane e il clangore delle fucine echeggiavano accanto al silenzio contemplativo delle biblioteche monastiche, emblematici del duplice carattere che avrebbe definito la crescita di Kiev: un&#039;unione di lavoro materiale e spirituale.<\/p>\n<p>Le convulsioni del XX secolo gettarono Kiev in un&#039;altra fase difficile. Nel 1918, quando la Repubblica Popolare Ucraina afferm\u00f2 la propria indipendenza dalla disgregazione della Repubblica Russa, la citt\u00e0 assunse il ruolo di capitale nazionale. Nel 1921, in seguito ai conflitti ucraino-sovietico e polacco-sovietico, Kiev si ritrov\u00f2 invischiata nella Repubblica Socialista Sovietica Ucraina, formalizzando il suo status di capitale della RSS nel 1934. La Seconda Guerra Mondiale inflisse gravi distruzioni ai suoi edifici e alla sua popolazione; tuttavia, i decenni del dopoguerra videro una rapida ricostruzione, che restitu\u00ec a Kiev la sua posizione di terzo centro urbano pi\u00f9 grande dell&#039;Unione Sovietica.<\/p>\n<p>Con lo scioglimento dell&#039;Unione Sovietica nel 1991, la sovranit\u00e0 ucraina rese Kiev nuovamente il cuore di uno stato indipendente. Nei decenni successivi, la citt\u00e0 speriment\u00f2 un forte afflusso di migranti di etnia ucraina provenienti da tutto il paese, rafforzando il suo ruolo di fulcro demografico ed economico della nazione. Con la transizione di Kiev da un modello di economia pianificata \u2013 in cui la produzione di armamenti aveva prevalso \u2013 a un&#039;economia di mercato, la sua base industriale si contrasse, ma i settori emergenti dei servizi e della finanza favorirono l&#039;aumento dei salari, attrassero investimenti e finanziarono ampi progetti abitativi e infrastrutturali. Politicamente, l&#039;elettorato di Kiev si \u00e8 dimostrato costantemente filo-occidentale, favorendo i partiti che propugnavano una maggiore integrazione con l&#039;Unione Europea.<\/p>\n<p>La moderna Kiev giustappone le vestigia del suo passato al dinamismo del presente. Circa il settanta per cento degli edifici costruiti tra il 1907 e il 1914 \u00e8 ancora visibile, con i loro tenui gialli, blu e grigi intervallati dall&#039;elegante vetro e acciaio delle costruzioni pi\u00f9 recenti. Quando la capitale della RSS Ucraina fu trasferita da Charkiv a Kiev, gli urbanisti statali concepirono di conferire alla citt\u00e0 un aspetto metropolitano; sebbene proposte grandiose \u2013 che si trattasse di colossali monumenti a Lenin o Stalin \u2013 siano state infine accantonate a causa di vincoli finanziari e della topografia collinare della citt\u00e0, il cambiamento spinse alla costruzione di nuove strutture civiche, in particolare attorno a Khre\u0161\u010datyk e Maidan Nezale\u017enosti, la principale arteria e piazza della citt\u00e0.<\/p>\n<p>Dall&#039;indipendenza ucraina, complessi residenziali in stile occidentale, locali notturni di raffinata cosmopolita eleganza e hotel di lusso hanno proliferato nel centro. La liberalizzazione delle normative sui visti nel 2005 ha catalizzato un costante aumento dei visitatori stranieri: i soggiorni annuali in hotel nel 2009 hanno raggiunto 1,6 milioni, di cui circa il 16% non ucraini. Questo slancio si \u00e8 ulteriormente accelerato dopo UEFA Euro 2012, quando Kiev ha attirato la cifra record di 1,8 milioni di turisti stranieri, supportati da visitatori nazionali che si avvicinavano ai 2,5 milioni. Entro il 2018, il tasso medio di occupazione degli hotel da maggio a settembre si aggirava tra il 45 e il 50%, con ostelli e strutture a tre stelle spesso pieni al 90%.<\/p>\n<p>L&#039;architettura storica di Kiev \u00e8 tra le sue maggiori attrazioni: la Cattedrale di Santa Sofia, patrimonio dell&#039;UNESCO, e il Kyiv Pechersk Lavra incarnano il ruolo della citt\u00e0 come culla della cristianizzazione della Rus&#039; e baluardo della cultura ortodossa orientale; da tempo attraggono pellegrini e storici, anche se il loro status \u00e8 stato messo a repentaglio nel settembre 2023 dalla designazione dei siti come &#034;in pericolo&#034; da parte del Comitato per il Patrimonio Mondiale dell&#039;UNESCO a causa delle minacce belliche. Altri monumenti di grande valore includono il Palazzo Mariinskyi del XVIII secolo, la Porta d&#039;Oro ricostruita, la Cattedrale di San Michele, la Chiesa di Sant&#039;Andrea, la Cattedrale di San Volodymyr e la Chiesa di San Cirillo. Ancorato al dopoguerra, il Museo Nazionale della Storia dell&#039;Ucraina nella Seconda Guerra Mondiale ospita l&#039;imponente statua in titanio della Madre Ucraina, mentre la vicina Tomba del Milite Ignoto e la Casa delle Chimere trasmettono una moderna sensibilit\u00e0 eroica e artistica.<\/p>\n<p>Monumenti in tutta la citt\u00e0 raccontano i suoi miti fondativi e i personaggi storici: Bohdan Chmel&#039;nyc&#039;kyj a cavallo sorveglia il recinto di Santa Sofia; Vladimir il Grande scruta il Dnepr dalla collina di San Volodymyr; i fratelli Kyi, \u0160chek, Choryv e Lybid fanno da sentinella sulla riva del fiume; e a Maidan Nezalezhnosti, l&#039;Arcangelo Michele e la dea protettrice Berehynia presiedono a imponenti colonne. La vita culturale di Kiev si estende oltre la pietra e il metallo, in un&#039;impressionante costellazione di teatri \u2013 tra cui il Teatro dell&#039;Opera di Kiev, il Teatro Accademico Nazionale di Drammaturgia Ivan Franko e il Teatro Accademico Nazionale Lesya Ukrainka \u2013 oltre a sale da concerto, studi cinematografici, circhi e oltre quaranta musei. Il Museo Nazionale d&#039;Arte, il Museo d&#039;Arte Occidentale e Orientale, il Centro d&#039;Arte Pinchuk, il Museo di Chernobyl e gli Studi Cinematografici Dov\u017eenko esemplificano il poliedrico impegno artistico e storico della citt\u00e0.<\/p>\n<p>Il carattere verdeggiante della citt\u00e0 ne rafforza la reputazione di una delle capitali pi\u00f9 verdi d&#039;Europa. Due giardini botanici e numerosi parchi \u2013 il Parco della Vittoria vicino alla stazione di Darnytsia, il Parco Mariinskyi accanto al palazzo, i parchi che circondano il Museo della Guerra \u2013 sono intervallati da passeggiate dove le chiome degli ippocastani offrono ombra anche in piena estate. Tra le isole di Kiev, l&#039;Idroparco (Venetsiiskyi) si distingue per le sue spiagge, le giostre, le strutture per la navigazione e la vita notturna, tutte raggiungibili in metropolitana o in auto; le isole Trukhaniv, Muromets e Dolobetskyi offrono rifugi pi\u00f9 tranquilli. In inverno, le rive del Dnepr diventano luoghi ideali per la pesca sul ghiaccio e il pattinaggio; in estate, i cittadini accorrono per nuotare nelle sue acque calde.<\/p>\n<p>I mercati costituiscono un altro aspetto essenziale della vita urbana. Il Mercato Bessarabskyi, nel centro citt\u00e0, e decine di rynok regionali pullulano di venditori che offrono prodotti agricoli, carne, pesce, latticini, caviale, fiori, utensili e abbigliamento. Ogni mercato emana un proprio carattere \u2013 alcuni sono specializzati in automobili, altri in animali domestici o tessuti \u2013 e ognuno mantiene un vivace ritmo comunitario. Oltre a questi, il Museo all&#039;aperto di Architettura Popolare e Vita dell&#039;Ucraina, nella periferia meridionale di Kiev, ricrea le tradizionali abitazioni rurali su una superficie di 1,5 chilometri quadrati, offrendo un legame tangibile con le tradizioni vernacolari regionali.<\/p>\n<p>Per il tempo libero, Kiev offre sale da biliardo, piste di go-kart, campi da paintball, piste da bowling e persino poligoni di tiro. Lo zoo di Kiev, con i suoi quaranta ettari di storia, ospita circa 2.600 animali di 328 specie e funge sia da istituzione scientifica che ricreativa. Inoltre, tributi musicali e letterari alla citt\u00e0 \u2013 canzoni come &#034;How Not to Love You, Kyiv of Mine?&#034; e &#034;Kyiv Waltz&#034;, cos\u00ec come l&#039;operetta di Oleksandr Bilash &#034;Legend of Kyiv&#034; \u2013 ne attestano la duratura risonanza emotiva.<\/p>\n<p>Le infrastrutture di trasporto sostengono il tessuto urbano. La metropolitana di Kiev, composta da tre linee che si estendono per 66,1 chilometri e 51 stazioni \u2013 alcune delle quali veri e propri gioielli architettonici \u2013 trasporta circa 1,422 milioni di passeggeri al giorno, rappresentando il 38% dell&#039;utilizzo del trasporto pubblico. La storica rete tranviaria, un tempo tra i primi sistemi elettrici d&#039;Europa, ora si estende per quasi 140 chilometri su 21 linee, sebbene stia gradualmente cedendo il passo ad autobus e filobus. La funicolare di Kiev, che collega la Citt\u00e0 Alta con Podil dal 1905, affronta il pendio della collina di San Volodymyr con due stazioni. Tutto il trasporto pubblico di superficie, ad eccezione di alcuni minibus, \u00e8 gestito da Kyivpastrans, l&#039;azienda pubblica della citt\u00e0, con un regime di tariffa fissa; nella metropolitana \u00e8 stato introdotto un sistema di biglietteria digitale, con la previsione di un&#039;espansione ad altre modalit\u00e0.<\/p>\n<p>Sulla rete stradale principale, otto ponti attraversano il Dnepr, collegando le sezioni biforcate della citt\u00e0, mentre le rotte europee convergono verso Kiev come snodo nazionale. Sebbene le condizioni stradali e la congestione rappresentino sfide, la costruzione in corso di incroci a livello e una proposta di tangenziale orbitale promettono un futuro sollievo. I collegamenti aerei includono l&#039;aeroporto internazionale di Boryspil, circa 30 chilometri a est; il pi\u00f9 piccolo aeroporto di Zhuliany a sud; cos\u00ec come gli aeroporti cargo di Hostomel e affiliati ad Antonov. Il sistema ferroviario, incentrato sulla stazione a lunga percorrenza di Kiev-Pasazhyrskyi e integrato da sei terminal merci, rimane vitale seppur sottoposto a sollecitazioni, il che ha spinto gli sforzi di espansione presso lo snodo di Darnytsia e la costruzione di un ponte combinato ferroviario-stradale sul Dnepr. Il treno urbano, lanciato nel 2011, offre un servizio circolare frequente, interscambiando con la metropolitana e il tram, mentre i treni elektrychka suburbani garantiscono la connettivit\u00e0 regionale nonostante i limiti di puntualit\u00e0 e capacit\u00e0.<\/p>\n<p>In questo dinamico arazzo urbano, cinque esperienze di quartiere incarnano la diversit\u00e0 di Kiev. Nel centro citt\u00e0, Maidan Nezalezhnosti, sede di incontri cruciali tra il 2004 e il 2013, pulsa di memoria politica e sociale. Nei fine settimana, via Khre\u0161\u010datyk si trasforma in una passeggiata pedonale, il suo grande viale libero dal traffico e animato da artisti e famiglie. La Discesa di Sant&#039;Andrea, l&#039;arteria acciottolata che collega la Citt\u00e0 Alta e Podil, richiama l&#039;attenzione con la Chiesa di Sant&#039;Andrea al suo apice e una processione di bancarelle, gallerie e ristoranti che conservano un&#039;aria di autenticit\u00e0. Pi\u00f9 in basso, Podil rivela la sua eredit\u00e0 di quartiere mercantile attraverso un reticolo di strade ottocentesche, animate da ristoranti alla moda e dalla gentrificazione, ma ancora ancorate alla discesa della funicolare verso Po\u0161tova Plo\u0161\u010da. Infine, l&#039;Arsenalna vanta una serie di opzioni di ristorazione all&#039;interno di una piazza storica, a sua volta adiacente alla stazione della metropolitana pi\u00f9 bassa del mondo per altitudine: una metafora calzante per la stratificata profondit\u00e0 storica di Kiev.<\/p>\n<p>Attraverso epoche di prosperit\u00e0, devastazione e rinnovamento, Kiev rimane una testimonianza di resilienza e reinvenzione. La sua posizione fluviale, la sua architettura storica, le sue istituzioni culturali e il suo dinamismo moderno si fondono in una metropoli che rende omaggio al suo passato e abbraccia il suo ruolo in continua evoluzione sulla scena europea. A Kiev, si incontra non solo una capitale, ma una cronaca vivente dello spirito duraturo dell&#039;Europa orientale.<\/p>","protected":false},"excerpt":{"rendered":"<p>Kiev, capitale e citt\u00e0 pi\u00f9 grande dell&#039;Ucraina, si trova nella regione centro-settentrionale del paese, lungo il fiume Dnepr. Con 2.952.301 abitanti al 1\u00b0 gennaio 2022, questa citt\u00e0 \u00e8 la settima pi\u00f9 popolosa d&#039;Europa. Per oltre un millennio, questa antica citt\u00e0, una delle pi\u00f9 antiche dell&#039;Europa orientale, ha avuto un ruolo centrale nella storia, nella cultura e nell&#039;economia della regione.<\/p>","protected":false},"author":1,"featured_media":2772,"parent":12613,"menu_order":0,"comment_status":"closed","ping_status":"closed","template":"elementor_theme","meta":{"_eb_attr":"","footnotes":""},"class_list":["post-12625","page","type-page","status-publish","has-post-thumbnail"],"_links":{"self":[{"href":"https:\/\/travelshelper.com\/it\/wp-json\/wp\/v2\/pages\/12625","targetHints":{"allow":["GET"]}}],"collection":[{"href":"https:\/\/travelshelper.com\/it\/wp-json\/wp\/v2\/pages"}],"about":[{"href":"https:\/\/travelshelper.com\/it\/wp-json\/wp\/v2\/types\/page"}],"author":[{"embeddable":true,"href":"https:\/\/travelshelper.com\/it\/wp-json\/wp\/v2\/users\/1"}],"replies":[{"embeddable":true,"href":"https:\/\/travelshelper.com\/it\/wp-json\/wp\/v2\/comments?post=12625"}],"version-history":[{"count":0,"href":"https:\/\/travelshelper.com\/it\/wp-json\/wp\/v2\/pages\/12625\/revisions"}],"up":[{"embeddable":true,"href":"https:\/\/travelshelper.com\/it\/wp-json\/wp\/v2\/pages\/12613"}],"wp:featuredmedia":[{"embeddable":true,"href":"https:\/\/travelshelper.com\/it\/wp-json\/wp\/v2\/media\/2772"}],"wp:attachment":[{"href":"https:\/\/travelshelper.com\/it\/wp-json\/wp\/v2\/media?parent=12625"}],"curies":[{"name":"wp","href":"https:\/\/api.w.org\/{rel}","templated":true}]}}