{"id":12252,"date":"2024-09-15T20:08:02","date_gmt":"2024-09-15T20:08:02","guid":{"rendered":"https:\/\/travelshelper.com\/staging\/?page_id=12252"},"modified":"2026-03-12T19:24:46","modified_gmt":"2026-03-12T19:24:46","slug":"norvegia","status":"publish","type":"page","link":"https:\/\/travelshelper.com\/it\/destinations\/europe\/norway\/","title":{"rendered":"Norvegia"},"content":{"rendered":"<p>Il Regno di Norvegia occupa la parte occidentale e pi\u00f9 settentrionale della Penisola Scandinava, nell&#039;Europa settentrionale, e comprende le remote isole artiche di Jan Mayen e l&#039;arcipelago delle Svalbard. L&#039;Isola Bouvet, nel Subantartico, \u00e8 una dipendenza, mentre la Norvegia rivendica i territori antartici dell&#039;Isola di Pietro I e della Terra della Regina Maud. Nel quarto trimestre del 2024, la sua popolazione era di 5.585.044 abitanti, con Oslo sia come capitale che come citt\u00e0 pi\u00f9 grande. La superficie totale del regno misura 385.207 chilometri quadrati, incluse le Svalbard e Jan Mayen, o 323.808 chilometri quadrati escludendole.<\/p>\n<p>Estendendosi tra le latitudini 57\u00b0 e 81\u00b0 N e le longitudini 4\u00b0 e 32\u00b0 E, la Norvegia condivide un confine terrestre di 1.619 chilometri con la Svezia, 727 chilometri con la Finlandia e 196 chilometri con la Russia. La sua ampia costa si affaccia sullo stretto di Skagerrak, sul Mare del Nord, sul Mare di Norvegia e sul Mare di Barents. La linea di base della costa continentale misura 2.532 chilometri, mentre la linea costiera totale, tenendo conto dei fiordi, si estende per 28.953 chilometri. Includendo le isole, questa cifra sale a circa 100.915 chilometri. I Monti Scandinavi costituiscono gran parte del confine orientale con la Svezia.<\/p>\n<p>Gran parte del territorio norvegese riflette millenni di scolpitura glaciale. I fiordi, in particolare il Sognefjorden, lungo 204 chilometri e classificato come il secondo pi\u00f9 profondo al mondo, scavano profonde insenature nella costa. L&#039;Hornindalsvatnet, il lago pi\u00f9 profondo d&#039;Europa, supera di gran lunga i 500 metri di profondit\u00e0. La Norvegia conta circa 400.000 laghi e 239.057 isole registrate. Il permafrost persiste tutto l&#039;anno nelle regioni montuose elevate e nell&#039;entroterra della contea del Finnmark, mentre i ghiacciai rimangono numerosi sugli altopiani. Il substrato roccioso \u00e8 costituito prevalentemente da granito duro e gneiss, con ardesia, arenaria e calcare alle quote pi\u00f9 basse e depositi marini lungo le pianure costiere.<\/p>\n<p>Il clima norvegese varia notevolmente dalla costa agli altopiani dell&#039;entroterra. La Corrente del Golfo e i venti occidentali prevalenti innalzano le temperature costiere oltre le aspettative per tali latitudini settentrionali e aumentano le precipitazioni. Le pianure intorno a Oslo sperimentano le estati pi\u00f9 calde, ma sopportano comunque neve e inverni freddi. Le zone costiere esposte alle tempeste atlantiche ricevono abbondanti precipitazioni, mentre i versanti sottovento delle montagne costiere si trovano in ombra pluviometrica e registrano precipitazioni inferiori. Troms\u00f8, nell&#039;Artico settentrionale, un tempo registrava 430 ore di sole in un solo mese. Al di sopra del Circolo Polare Artico, il sole di mezzanotte prevale da fine maggio a fine luglio; al di sotto di esso, la luce diurna pu\u00f2 raggiungere fino a 20 ore al giorno. Al contrario, la notte polare dura da fine novembre a fine gennaio nei territori settentrionali, con una luce diurna minima altrove. Le zone climatiche vanno dall&#039;oceanica e subpolare oceanica lungo le coste, all&#039;umida continentale in alcune parti del sud-est, alla subartica marittima e alla tundra artica nell&#039;estremo nord e alle isole Svalbard.<\/p>\n<p>Il regno unificato di Norvegia trae le sue origini dall&#039;accorpamento di piccoli regni nell&#039;872. Dal 1537 al 1814 fece parte dell&#039;Unione Danimarca-Norvegia, dopodich\u00e9 entr\u00f2 in un&#039;unione personale con la Svezia fino al 1905. La Norvegia rimase neutrale durante la Prima Guerra Mondiale e inizialmente anche durante la Seconda Guerra Mondiale, fino all&#039;invasione tedesca dell&#039;aprile 1940, subendo l&#039;occupazione fino al 1945.<\/p>\n<p>In base alla sua costituzione del 1814, la Norvegia \u00e8 uno stato unitario con una monarchia costituzionale. Re Harald V della Casa di Gl\u00fccksburg occupa il trono, mentre Jonas Gahr St\u00f8re ricopre la carica di primo ministro dal 2021. Il potere legislativo risiede nel parlamento unicamerale (Storting), il potere esecutivo nel governo e il potere giudiziario nella Corte Suprema. Le divisioni amministrative sono costituite da contee (fylker) e comuni (kommuner). Il Parlamento Sami, sostenuto dalla Legge sul Finnmark, garantisce al popolo indigeno Sami un&#039;autodeterminazione limitata sui territori tradizionali.<\/p>\n<p>La Norvegia mantiene stretti legami diplomatici ed economici con l&#039;Unione Europea attraverso lo Spazio Economico Europeo, partecipa all&#039;Area Schengen e coopera ampiamente con gli Stati Uniti. \u00c8 membro fondatore delle Nazioni Unite, della NATO, dell&#039;Associazione Europea di Libero Scambio, del Consiglio d&#039;Europa, del Trattato Antartico e del Consiglio Nordico, e aderisce all&#039;Organizzazione Mondiale del Commercio e all&#039;OCSE. I dialetti norvegesi rimangono mutuamente comprensibili con quelli di Danimarca e Svezia.<\/p>\n<p>Il modello di welfare norvegese offre un&#039;assistenza sanitaria universale e una previdenza sociale completa, fondata su principi egualitari. Lo Stato detiene una quota di maggioranza o sostanziale in settori strategici, tra cui petrolio, gas naturale, minerali, legname, prodotti ittici ed energia idroelettrica. L&#039;estrazione di petrolio e gas contribuisce a circa un quarto del prodotto interno lordo e la Norvegia si colloca al primo posto tra i produttori pro capite di queste risorse al di fuori del Medio Oriente. Il reddito pro capite colloca la Norvegia tra i pi\u00f9 alti a livello mondiale: al quarto posto secondo i dati della Banca Mondiale e all&#039;ottavo secondo il FMI. Il patrimonio dei fondi sovrani ammonta a circa 1,3 trilioni di dollari, il pi\u00f9 grande al mondo.<\/p>\n<p>In termini di PIL pro capite, la Norvegia si colloca al secondo posto tra le nazioni europee, dopo il Lussemburgo, e al sesto a livello mondiale in termini di parit\u00e0 di potere d&#039;acquisto. Il Paese ha agito come creditore esterno netto di debito e ha riconquistato la prima posizione nell&#039;Indice di Sviluppo Umano del Programma delle Nazioni Unite per lo Sviluppo nel 2009. La stabilit\u00e0 e l&#039;integrit\u00e0 istituzionale della Norvegia le hanno fatto guadagnare il punteggio pi\u00f9 basso nell&#039;Indice degli Stati Falliti sia nel 2009 che nel 2023.<\/p>\n<p>L&#039;economia mista \u00e8 caratterizzata da una solida iniziativa privata e da una significativa partecipazione statale. L&#039;assistenza sanitaria pubblica impone una modesta quota annuale per gli adulti di et\u00e0 superiore ai 16 anni e il congedo parentale retribuito si estende per 46 settimane. A febbraio 2025, la disoccupazione si attestava al 3,9%, con il 69,7% delle persone di et\u00e0 compresa tra 15 e 74 anni occupate. Le indennit\u00e0 di invalidit\u00e0 hanno raggiunto il 10,6% delle persone di et\u00e0 compresa tra 18 e 67 anni e l&#039;occupazione pubblica rappresentava il 30% della forza lavoro. La produttivit\u00e0 oraria media e i salari sono tra i pi\u00f9 alti al mondo.<\/p>\n<p>La dispersione geografica e il territorio accidentato hanno plasmato l&#039;infrastruttura dei trasporti. Il trasporto pubblico \u00e8 sottosviluppato rispetto ad altri stati europei, soprattutto al di fuori dei centri urbani. La rete ferroviaria norvegese comprende 4.114 chilometri a scartamento normale, di cui il 62% \u00e8 elettrificato a 15 kV 16,7 Hz CA; 64 chilometri supportano velocit\u00e0 fino a 210 km\/h. Nel 2023 le ferrovie hanno trasportato 78,22 milioni di passeggeri su 3.153 milioni di passeggeri-chilometro e 32,23 milioni di tonnellate di merci su 3.928 milioni di tonnellate-chilometro. Bane NOR \u00e8 proprietaria della rete; tra gli operatori figurano Vy, SJ, Go-Ahead e Flytoget per i servizi passeggeri, e CargoNet e OnRail per il trasporto merci. I bilanci statali finanziano investimenti e manutenzione, integrati da sussidi operativi.<\/p>\n<p>La rete stradale pubblica si estende per 95.120 chilometri, di cui 72.033 asfaltati e 664 chilometri autostradali. I percorsi classificati come strade nazionali e provinciali principali si integrano nel sistema europeo delle strade E, in particolare la E6 che attraversa il paese da nord a sud e la E39 che costeggia la costa occidentale. L&#039;Amministrazione norvegese delle strade pubbliche sovrintende alle strade nazionali e provinciali.<\/p>\n<p>La Norvegia \u00e8 leader mondiale per numero di veicoli elettrici plug-in pro capite; a marzo 2014, oltre un&#039;autovettura su 100 circolava a elettricit\u00e0. La quota di auto nuove vendute rappresentata da modelli elettrici rimane la pi\u00f9 alta a livello globale. Le proposte legislative mirano a vietare le nuove vendite di auto a benzina e diesel gi\u00e0 dal 2025.<\/p>\n<p>L&#039;aviazione coinvolge circa 146 aeroporti, 52 pubblici e 43 gestiti dalla compagnia statale Avinor. Sette aeroporti gestiscono oltre un milione di passeggeri all&#039;anno; il traffico passeggeri totale ha raggiunto oltre 41 milioni nel 2007. L&#039;aeroporto di Oslo, Gardermoen, si trova a 35 chilometri a nord-est della capitale e funge da principale scalo internazionale. Funge da hub per Scandinavian Airlines, Norwegian Air Shuttle e compagnie aeree regionali, offrendo collegamenti diretti in tutta Europa e verso destinazioni intercontinentali selezionate. Un treno ad alta velocit\u00e0 collega l&#039;aeroporto alla stazione centrale di Oslo ogni dieci minuti, con un viaggio di 20 minuti.<\/p>\n<p>Il turismo ha contribuito al PIL del 4,2% nel 2016, con un norvegese su quindici impiegato nel settore. La stagionalit\u00e0 raggiunge il picco tra maggio e agosto, quando arriva oltre la met\u00e0 dei visitatori. La variet\u00e0 dei paesaggi \u2013 fiordi, montagne, stazioni sciistiche, laghi e foreste \u2013 \u00e8 il fulcro del fascino della Norvegia. Le principali destinazioni urbane includono Oslo, \u00c5lesund, Bergen, Stavanger, Trondheim, Kristiansand, Troms\u00f8, Fredrikstad e T\u00f8nsberg. I visitatori amano anche siti naturali come la Strada Atlantica, l&#039;altopiano di Hardangervidda, il ghiacciaio Jostedalsbreen, i monti Jotunheimen, le isole Lofoten e la scogliera di Capo Nord. I luoghi di interesse culturale spaziano dal trampolino di lancio per gli sci di Holmenkollen e dall&#039;installazione di Vigeland a Oslo al molo di Bryggen a Bergen, dalla Cattedrale di Nidaros a Trondheim alle rovine della fortezza di T\u00f8nsberg e Fredrikstad.<\/p>\n<p>I norvegesi etnici costituiscono un popolo germanico settentrionale. Il tasso di fecondit\u00e0 totale nel 2023 si attestava a 1,40 figli per donna, al di sotto del livello di sostituzione di 2,1 e in calo rispetto al picco di 4,69 registrato nel 1877. L&#039;et\u00e0 media ha raggiunto i 40 anni nel 2024. I Sami, indigeni delle regioni artiche di Norvegia, Svezia, Finlandia e penisola russa di Kola, e i Kven, discendenti di migranti finlandesi, costituiscono minoranze riconosciute. Le politiche statali di norvegesizzazione tra il XIX e il XX secolo hanno portato molti di discendenza sami o kven a identificarsi come norvegesi etnici.<\/p>\n<p>La cultura norvegese conserva forti legami con il suo passato agrario. Il nazionalismo romantico del XIX secolo, emerso attorno alle tradizioni agricole, ha plasmato lingua, letteratura, arte e musica \u2013 un&#039;influenza ancora oggi evidente attraverso il sostegno governativo a istituzioni e progetti culturali. Il patrimonio architettonico spazia dalle chiese in legno medievali \u2013 la chiesa in legno di Urnes \u00e8 Patrimonio dell&#039;Umanit\u00e0 UNESCO \u2013 alle facciate in legno del molo di Bryggen. Cattedrali in pietra, chiese barocche a Kongsberg e abitazioni in legno dei minatori a R\u00f8ros testimoniano le epoche successive. Tra i progetti di Christian H. Grosch del primo Ottocento figurano l&#039;Universit\u00e0 di Oslo e la Borsa di Oslo. La ricostruzione di \u00c5lesund del 1904 introdusse l&#039;Art Nouveau in Norvegia, mentre il funzionalismo acquis\u00ec importanza negli anni &#039;30. Gli architetti della fine del XX secolo ottennero riconoscimenti internazionali; la sala del Parlamento Sami, rivestita in legno, vicino a K\u00e1r\u00e1\u0161johka evoca il tradizionale lavvo.<\/p>\n<p>La cucina riflette le risorse marittime e agricole. Frutti di mare come salmone, aringa, trota e merluzzo sono presenti insieme a formaggi come brunost, jarlsberg e gamalost, latticini e pani densi. Le specialit\u00e0 stagionali includono il lefse, una focaccia di patate servita con burro e zucchero; piatti conservati e fermentati come lutefisk, smalahove, pinnekj\u00f8tt, raspeball, f\u00e5rik\u00e5l e rakefisk; e il diffuso vaffel.<\/p>\n<p>Le sei regioni continentali della Norvegia \u2013 \u00d8stlandet, che circonda Oslo; Tr\u00f8ndelag; Norvegia settentrionale; Agder; Norvegia occidentale; e le contee interne \u2013 presentano un territorio e tradizioni culturali variegati. L&#039;ambiente artico delle Svalbard ospita orsi polari e installazioni satellitari, mentre Jan Mayen rimane in gran parte inaccessibile senza permessi speciali.<\/p>\n<p>Sin dalla sua unificazione nell&#039;872, la Norvegia ha mantenuto ininterrottamente la sua indipendenza per oltre undici secoli. La sua combinazione di monarchia costituzionale, democrazia parlamentare e un sistema di welfare completo \u00e8 alla base di elevati standard di vita, resilienza economica e stabilit\u00e0 politica. Un ricco patrimonio naturale, dalle riserve petrolifere all&#039;energia idroelettrica e alla pesca, sostiene un&#039;economia mista e il pi\u00f9 grande fondo sovrano del mondo. La variet\u00e0 di climi e paesaggi genera un&#039;importante attrattiva turistica, dalle esperienze del sole di mezzanotte sopra il Circolo Polare Artico alle escursioni nei fiordi della Norvegia occidentale. La duratura impronta culturale delle tradizioni agricole, delle conquiste letterarie e architettoniche e dei vivaci centri urbani plasma un&#039;identit\u00e0 nazionale plasmata dalla geografia, dalla storia e dall&#039;egualitarismo sociale.<\/p>","protected":false},"excerpt":{"rendered":"<p>La Norvegia, formalmente nota come Regno di Norvegia, \u00e8 una nazione nordica situata nell&#039;Europa settentrionale, nella Penisola Scandinava, con una popolazione di 5.576.660 abitanti (2024). Fanno parte del Regno di Norvegia anche l&#039;isola artica di Jan Mayen e l&#039;arcipelago delle Svalbard. L&#039;Isola Bouvet, nella regione subantartica, non fa parte del Regno ed \u00e8 una dipendenza; la Norvegia rivendica anche il territorio antartico dell&#039;Isola di Pietro I e della Terra della Regina Maud. Oslo \u00e8 la capitale e la citt\u00e0 pi\u00f9 grande della Norvegia.<\/p>","protected":false},"author":1,"featured_media":3041,"parent":24078,"menu_order":0,"comment_status":"closed","ping_status":"closed","template":"elementor_theme","meta":{"_eb_attr":"","footnotes":""},"class_list":["post-12252","page","type-page","status-publish","has-post-thumbnail"],"_links":{"self":[{"href":"https:\/\/travelshelper.com\/it\/wp-json\/wp\/v2\/pages\/12252","targetHints":{"allow":["GET"]}}],"collection":[{"href":"https:\/\/travelshelper.com\/it\/wp-json\/wp\/v2\/pages"}],"about":[{"href":"https:\/\/travelshelper.com\/it\/wp-json\/wp\/v2\/types\/page"}],"author":[{"embeddable":true,"href":"https:\/\/travelshelper.com\/it\/wp-json\/wp\/v2\/users\/1"}],"replies":[{"embeddable":true,"href":"https:\/\/travelshelper.com\/it\/wp-json\/wp\/v2\/comments?post=12252"}],"version-history":[{"count":0,"href":"https:\/\/travelshelper.com\/it\/wp-json\/wp\/v2\/pages\/12252\/revisions"}],"up":[{"embeddable":true,"href":"https:\/\/travelshelper.com\/it\/wp-json\/wp\/v2\/pages\/24078"}],"wp:featuredmedia":[{"embeddable":true,"href":"https:\/\/travelshelper.com\/it\/wp-json\/wp\/v2\/media\/3041"}],"wp:attachment":[{"href":"https:\/\/travelshelper.com\/it\/wp-json\/wp\/v2\/media?parent=12252"}],"curies":[{"name":"wp","href":"https:\/\/api.w.org\/{rel}","templated":true}]}}