{"id":12109,"date":"2024-09-15T14:26:21","date_gmt":"2024-09-15T14:26:21","guid":{"rendered":"https:\/\/travelshelper.com\/staging\/?page_id=12109"},"modified":"2026-03-12T19:45:07","modified_gmt":"2026-03-12T19:45:07","slug":"coimbra","status":"publish","type":"page","link":"https:\/\/travelshelper.com\/it\/destinations\/europe\/portugal\/coimbra\/","title":{"rendered":"Coimbra"},"content":{"rendered":"<p>Coimbra, citt\u00e0 e comune del Portogallo, si trova al centro del paese e, secondo il censimento del 2021, contava 140.796 abitanti. Con una superficie di 319,40 chilometri quadrati, questa antica citt\u00e0 \u00e8 il centro urbano pi\u00f9 grande della Regione Centro e del Distretto di Coimbra. Sebbene Coimbra sia di per s\u00e9 piuttosto piccola, il suo impatto va ben oltre i suoi confini comunali. Composta da 19 comuni su una superficie di 4.336 chilometri quadrati, la Regi\u00e3o de Coimbra ospita circa 460.000 abitanti, rappresentando quindi un&#039;importante area metropolitana del Portogallo.<\/p>\n<p>La ricca storia della citt\u00e0 inizia in epoca romana, quando era conosciuta come Aeminium. Siti archeologici ben conservati, tra cui l&#039;acquedotto romano e il criptoportico, ne testimoniano ancora oggi l&#039;antica eredit\u00e0. Queste vestigia offrono un legame fisico con il passato di Coimbra e la prova della sua continua importanza attraverso i millenni.<\/p>\n<p>L&#039;importanza di Coimbra nella storia portoghese raggiunse l&#039;apice nel XII e XIII secolo, quando ospit\u00f2 la capitale del Portogallo dal 1131 al 1255. Con numerose strutture e monumenti di quell&#039;epoca che ancora oggi adornano le strade della citt\u00e0, questo periodo ne cambi\u00f2 per sempre il profilo. L&#039;architettura di questo periodo cattura l&#039;autorit\u00e0 e la dignit\u00e0 che Coimbra possedeva come residenza della famiglia reale portoghese.<\/p>\n<p>Coimbra cambi\u00f2 profondamente, definendo il suo carattere per secoli a venire, man mano che il fulcro politico del regno si spostava altrove nel tardo Medioevo. La citt\u00e0 si ricostru\u00ec come un centro culturale e intellettuale, anzich\u00e9 scomparire nell&#039;oscurit\u00e0. Un evento importante \u2013 la fondazione della prima universit\u00e0 portoghese \u2013 diede il via a questa metamorfosi.<\/p>\n<p>Fondata originariamente a Lisbona nel 1290, l&#039;istituzione si trasfer\u00ec a Coimbra nel 1308 e da allora vi \u00e8 rimasta. Oggi Universit\u00e0 di Coimbra, questa istituzione \u00e8 la pi\u00f9 antica istituzione accademica del mondo lusofono. La trasformazione di Coimbra come citt\u00e0 di conoscenza, istruzione e interazione culturale \u00e8 stata in parte motivata dalla sua presenza.<\/p>\n<p>Non si pu\u00f2 esagerare l&#039;impatto dell&#039;universit\u00e0 su Coimbra. Per millenni, ha attratto accademici e studenti da tutta Europa e oltre, conferendo alla citt\u00e0 un&#039;atmosfera internazionale e un&#039;energia sempre giovane e innovativa. Sebbene altre citt\u00e0 antiche possano aver ristagnato, Coimbra \u00e8 rimasta dinamica e rilevante grazie al costante afflusso di nuove idee e menti.<\/p>\n<p>Ancora oggi, visitatori e studenti trovano nell&#039;Universit\u00e0 di Coimbra un luogo di grande fascino. Profondamente radicato in secoli di storia accademica, il suo patrimonio storico offre ai visitatori una finestra sulla vita intellettuale del Portogallo nel corso del tempo. Oltre alla sua capacit\u00e0 di insegnamento, l&#039;universit\u00e0 ha plasmato il tessuto stesso della citt\u00e0, creando un panorama urbano distintivo in cui vita quotidiana e attivit\u00e0 accademiche si intrecciano.<\/p>\n<p>L&#039;UNESCO ha notato questa perfetta fusione tra vita accademica e vita cittadina, che ha portato a un riconoscimento ufficiale nel 2013. Classificati come Patrimonio dell&#039;Umanit\u00e0, gli edifici storici dell&#039;Universit\u00e0 di Coimbra sono stati indicati dall&#039;UNESCO come &#034;un esempio eccezionale di citt\u00e0 universitaria integrata con una specifica tipologia urbana e tradizioni cerimoniali e culturali proprie, mantenute vive nel corso dei secoli&#034;.<\/p>\n<p>Oltre al valore architettonico e storico di Coimbra, questa classificazione UNESCO ne sottolinea le tradizioni quotidiane. La citt\u00e0 ha saputo onorare e proteggere le sue tradizioni intellettuali, creando cos\u00ec un tessuto culturale distintivo che unisce il Medioevo al Moderno. Dal classico fado studentesco alle elaborate cerimonie di laurea, le usanze di Coimbra persistono e vengono tramandate sia tra i cittadini che tra gli studenti di generazione in generazione.<\/p>\n<p>Dopo Lisbona, Porto e Braga, la quarta area metropolitana pi\u00f9 grande del Portogallo, Coimbra, smentisce la sua sproporzionata influenza sulla cultura e l&#039;istruzione portoghesi. \u00c8 un anello di congiunzione tra il dinamico presente della nazione e il suo leggendario passato, un luogo dove nuove menti plasmano il futuro mentre antiche pietre sussurrano i segreti della storia.<\/p>\n<p>Con l&#039;universit\u00e0 che domina il centro storico in cima a una collina e le aree pi\u00f9 recenti disseminate lungo le rive del fiume Mondego, l&#039;architettura della citt\u00e0 riflette il suo sviluppo storico. Questa rappresentazione fisica della capacit\u00e0 di Coimbra di abbracciare lo sviluppo onorando la sua eredit\u00e0 genera un drammatico contrasto visivo tra il medievale e il moderno.<\/p>","protected":false},"excerpt":{"rendered":"<p>Coimbra, citt\u00e0 e comune del Portogallo, si trova al centro del paese e, secondo il censimento del 2021, contava 140.796 abitanti. Con una superficie di 319,40 chilometri quadrati, questa antica citt\u00e0 \u00e8 il centro urbano pi\u00f9 grande della Regione Centro e del Distretto di Coimbra. Sebbene Coimbra sia di per s\u00e9 piuttosto piccola, il suo impatto va ben oltre i suoi confini comunali. Composta da 19 comuni su una superficie di 4.336 chilometri quadrati, la Regi\u00e3o de Coimbra ospita circa 460.000 abitanti, rappresentando quindi un&#039;importante area metropolitana del Portogallo.<\/p>","protected":false},"author":1,"featured_media":4011,"parent":12065,"menu_order":0,"comment_status":"closed","ping_status":"closed","template":"elementor_theme","meta":{"_eb_attr":"","footnotes":""},"class_list":["post-12109","page","type-page","status-publish","has-post-thumbnail"],"_links":{"self":[{"href":"https:\/\/travelshelper.com\/it\/wp-json\/wp\/v2\/pages\/12109","targetHints":{"allow":["GET"]}}],"collection":[{"href":"https:\/\/travelshelper.com\/it\/wp-json\/wp\/v2\/pages"}],"about":[{"href":"https:\/\/travelshelper.com\/it\/wp-json\/wp\/v2\/types\/page"}],"author":[{"embeddable":true,"href":"https:\/\/travelshelper.com\/it\/wp-json\/wp\/v2\/users\/1"}],"replies":[{"embeddable":true,"href":"https:\/\/travelshelper.com\/it\/wp-json\/wp\/v2\/comments?post=12109"}],"version-history":[{"count":0,"href":"https:\/\/travelshelper.com\/it\/wp-json\/wp\/v2\/pages\/12109\/revisions"}],"up":[{"embeddable":true,"href":"https:\/\/travelshelper.com\/it\/wp-json\/wp\/v2\/pages\/12065"}],"wp:featuredmedia":[{"embeddable":true,"href":"https:\/\/travelshelper.com\/it\/wp-json\/wp\/v2\/media\/4011"}],"wp:attachment":[{"href":"https:\/\/travelshelper.com\/it\/wp-json\/wp\/v2\/media?parent=12109"}],"curies":[{"name":"wp","href":"https:\/\/api.w.org\/{rel}","templated":true}]}}