{"id":11657,"date":"2024-09-13T15:30:46","date_gmt":"2024-09-13T15:30:46","guid":{"rendered":"https:\/\/travelshelper.com\/staging\/?page_id=11657"},"modified":"2026-03-12T16:14:43","modified_gmt":"2026-03-12T16:14:43","slug":"cork","status":"publish","type":"page","link":"https:\/\/travelshelper.com\/it\/destinations\/europe\/ireland\/cork\/","title":{"rendered":"Sughero"},"content":{"rendered":"<p>Cork, la &#034;Citt\u00e0 Ribelle&#034;, \u00e8 la seconda citt\u00e0 pi\u00f9 grande d&#039;Irlanda, con 224.004 abitanti secondo il censimento del 2022, e si estende su circa 37 chilometri quadrati su un&#039;isola formata dai due canali del fiume Lee. Situata nell&#039;Irlanda sud-occidentale, capoluogo della contea di Cork, domina uno dei porti naturali pi\u00f9 grandi del mondo, con le sue banchine e i suoi moli che scorrono verso est fino al Lough Mahon e al porto di Cork.<\/p>\n<p>Fondato nel VI secolo attorno a un monastero fondato da San Finbar, l&#039;insediamento che sarebbe diventato Cork \u2013 noto in irlandese come Corcaigh, &#034;palude&#034; \u2013 deve le sue origini al fertile e navigabile delta del Lee. Gli invasori vichinghi ampliarono la citt\u00e0 intorno al 915 d.C. e nel 1185 il principe Giovanni concesse a Cork il suo statuto, elevandola al rango di citt\u00e0 sotto la corona angioina. Un nucleo medievale completamente cinto da mura si espanse fino a riempire la stretta isola tra i canali del Lee, molti dei quali furono in seguito riempiti per creare le odierne St. Patrick&#039;s Street, South Mall e Grand Parade. I canali rimanenti abbracciano ancora il centro citt\u00e0, il cui profilo a forma di freccia testimonia il suo passato fluviale.<\/p>\n<p>Nel XVII secolo Cork prosperava grazie al commercio marittimo, sebbene l&#039;aumento delle dimensioni delle navi spingesse l&#039;attivit\u00e0 portuale a valle, verso Cobh. Sobborghi prosperi come Sunday&#039;s Well e Montenotte sorsero sulle alture della riva nord, mentre un campus universitario del XIX secolo, l&#039;University College Cork, prese forma sulla riva sud. Le mura medievali della citt\u00e0 sopravvivono solo in frammenti lungo le vie principali Nord e Sud, eppure la consapevolezza del patrimonio storico permane in monumenti come la Red Abbey, l&#039;unica chiesa medievale rimasta, e le cattedrali gemelle di St. Mary (la Cattedrale Nord iniziata nel 1808, la torre aggiunta negli anni &#039;60 del XIX secolo) e Saint Fin Barre (costruita tra il 1862 e il 1879 su fondamenta precedenti, su progetto di William Burges).<\/p>\n<p>Il temperamento politico di Cork le \u00e8 valso l&#039;epiteto di &#034;Citt\u00e0 Ribelle&#034; per le sue simpatie per gli Yorkisti durante la Guerra delle Due Rose e la successiva opposizione al Trattato Anglo-Irlandese durante la Guerra Civile, generando riferimenti popolari a una &#034;capitale reale&#034; e alla fittizia &#034;Repubblica Popolare di Cork&#034; attraverso la street art locale e le magliette. Il suo spirito indipendente \u00e8 accompagnato dall&#039;orgoglio per le peculiari tradizioni gastronomiche locali \u2013 crubeen, trippa e drisheen, un tempo serviti in trattorie di met\u00e0 Novecento come quelle di Katty Barry \u2013 e dal secolare English Market, le cui bancarelle coperte di pesce, carne, prodotti agricoli e formaggi artigianali evocano l&#039;identit\u00e0 di Cork come storico porto mercantile. Pi\u00f9 recentemente, i magazzini portuali sono rinati come il Marina Market (aperto a settembre 2020) e, a Ballintemple, il Black Market (settembre 2021), entrambi padiglioni gastronomici al coperto che uniscono venditori locali ed eventi dal vivo.<\/p>\n<p>Il clima oceanico della citt\u00e0 \u00e8 caratterizzato da temperature miti, abbondanti precipitazioni e la tipica variabilit\u00e0 della classificazione irlandese K\u00f6ppen Cfb. Prevale la zona di rusticit\u00e0 9b; gelo o neve sono rari nella bassa zona centrale dell&#039;isola. La stazione climatologica dell&#039;aeroporto di Cork, a 153 m di altitudine, pochi chilometri a sud del nucleo, registra una precipitazione media annua di 1.239 mm, 218 giorni di pioggia (oltre 0,2 mm), 80 dei quali superiori a 5 mm, oltre a 6,5 \u200b\u200bgiorni di grandine e 9,5 di neve o nevischio (la neve rimane solo per due giorni). La nebbia avvolge la citt\u00e0 per circa 97,8 mattine all&#039;anno, prevalentemente in inverno, ma Cork si colloca anche tra le citt\u00e0 pi\u00f9 soleggiate d&#039;Irlanda, con oltre quattro ore di sole al giorno in media e solo 63,7 giorni senza sole, principalmente in pieno inverno. Le occasionali inondazioni lungo il Lee sottolineano lo stretto rapporto della citt\u00e0 con i suoi corsi d&#039;acqua.<\/p>\n<p>La vita culturale di Cork pulsa di creativit\u00e0. La Cork School of Music e il Crawford College of Art and Design, insieme alle componenti teatrali dell&#039;UCC, alimentano un vivace ecosistema artistico. La Corcadorca Theatre Company, un tempo sede di Cillian Murphy, condivide gli spazi con l&#039;Istituto Nazionale di Coreografia e Danza; l&#039;intimo Triskel Arts Centre e il suo cinema indipendente; la sala da ballo Firkin Crane; e corsi di formazione presso la Cork Academy of Dramatic Art, il Montfort College of Performing Arts e la Graffiti Theatre Company. I festival annuali \u2013 il Cork Jazz Festival, il Cork Film Festival e il Live at the Marquee \u2013 attirano un pubblico internazionale, mentre l&#039;Everyman Palace Theatre e il Granary Theatre offrono repertori tutto l&#039;anno.<\/p>\n<p>I locali musicali hanno una capienza che varia da cinquanta a mille: la Cork Opera House, The Everyman, il Cork Arts Theatre, Cyprus Avenue, Dali, Triskel Christchurch, The Roundy e Coughlan&#039;s. Tra i talenti locali figurano l&#039;RT\u00c9 Vanbrugh Quartet, le rockstar John Spillane e Rory Gallagher, le band seminali Five Go Down to the Sea?, Microdisney, The Frank and Walters, Sultans of Ping e Simple Kid, oltre ai cantanti lirici Cara O&#039;Sullivan, Mary Hegarty, Brendan Collins e Sam McElroy. I circoli letterari si riuniscono attorno al Munster Literature Centre e al Triskel Arts Centre, in onore dei nativi di Cork Frank O&#039;Connor e Se\u00e1n \u00d3 Faol\u00e1in, e sostenendo voci come Thomas McCarthy, Gerry Murphy e William Wall.<\/p>\n<p>Gli investimenti nelle infrastrutture culturali hanno rimodellato la citt\u00e0: i moderni ampliamenti della Crawford Municipal Art Gallery, i restauri dell&#039;Opera House di inizio XXI secolo, la Lewis Glucksman Gallery presso l&#039;UCC, inaugurata nel 2004 e candidata allo Stirling Prize britannico, e il completamento, nel settembre 2007, di una School of Music da 60 milioni di euro. La nomina di Cork a Capitale Europea della Cultura nel 2005 e la sua inclusione nella classifica Best in Travel 2010 di Lonely Planet, definita &#034;sofisticata, vivace e diversificata&#034;, ne attestano la statura globale.<\/p>\n<p>Il patrimonio architettonico attraversa le epoche. St. Patrick&#039;s Street, un tempo canale del Lee&#039;s, si snoda sotto portici e aree pedonali, con il capolinea settentrionale segnato da una statua di Padre Mathew. Su Oliver Plunkett Street si trova l&#039;ufficio postale generale con la sua facciata in pietra calcarea, situato sul Theatre Royal del 1760, ricostruito da Pablo Fanque come anfiteatro nel 1850 prima di diventare l&#039;attuale GPO nel 1877. La Grand Parade, un viale alberato con uffici e istituti finanziari, contrasta con gli interni georgiani delle banche del pi\u00f9 antico South Mall, tra cui la sede del cambio della Allied Irish Bank degli anni &#039;60 dell&#039;Ottocento. Lo skyline moderno \u00e8 definito dalla County Hall, un tempo l&#039;edificio pi\u00f9 alto d&#039;Irlanda prima di essere superato dal vicino Elysian, e dalla bizzarra scultura in bronzo &#034;Cha e Miah&#034;. Dall&#039;altra parte del Lee, l&#039;ospedale psichiatrico Our Lady&#039;s, di epoca vittoriana, \u00e8 rinato come residenza dell&#039;Atkins Hall.<\/p>\n<p>Dominando il lato nord, il campanile della chiesa di Sant&#039;Anna a Shandon \u2013 con le sue facciate in arenaria rossa e calcare bianco, sormontate da una banderuola color salmone alta tre metri \u2013 \u00e8 l&#039;emblema della citt\u00e0. Nelle vicinanze, la Skiddy&#039;s Almshouse ricorda la filantropia del XVIII secolo. Il Municipio di Cork, eretto negli anni &#039;30 come gesto di riconciliazione con il governo britannico dopo l&#039;&#034;incendio di Cork&#034; del 1920 da parte dei Black and Tans, soppiant\u00f2 la sala distrutta durante la Guerra d&#039;Indipendenza. L&#039;architettura civica prosegue con il tribunale di Washington Street e l&#039;Elizabeth Fort, mentre i monumenti culturali abbondano nella Christ Church (ora Triskel Arts Centre), nella chiesa domenicana di St Mary, nei cortili lungo il fiume dell&#039;UCC, nell&#039;ex carcere femminile di Sunday&#039;s Well e nello storico English Market risalente al 1786 (le cui origini risalgono al 1610).<\/p>\n<p>Gli spazi verdi arricchiscono la vita urbana: a ovest del centro, Fitzgerald&#039;s Park ospita il Cork Public Museum; Bishop Lucey Park conserva un tratto di mura medievali; il lago per la pesca sportiva noto come The Lough e i corridoi Marina e Atlantic Pond ai margini di Blackrock sono frequentati da jogger, canottieri e ciclisti. Dal 2012 la citt\u00e0 ha ampliato il suo paesaggio urbano con piste ciclabili e rastrelliere per biciclette, e nel 2014 An Rothar Nua ha lanciato un servizio di noleggio pubblico di 330 biciclette distribuite in 31 stazioni.<\/p>\n<p>La tradizione birraria di Cork perdura nonostante la chiusura nel 2009 del birrificio Beamish &amp; Crawford, le cui attivit\u00e0 si sono trasferite al Murphy&#039;s di Lady&#039;s Well (che ora produce anche Heineken in patria). Il birrificio Franciscan Well, fondato nel 1998 e successivamente acquisito da Coors, continua la produzione artigianale.<\/p>\n<p>I collegamenti di trasporto collegano Cork all&#039;Irlanda e oltre. L&#039;aeroporto di Cork, il secondo pi\u00f9 trafficato del paese, si trova appena a sud della citt\u00e0 e offre voli verso oltre quarantacinque destinazioni europee. I servizi urbani di Bus \u00c9ireann (linee 201-226) collegano il centro alla periferia, ai centri commerciali e ai campus universitari, mentre due linee orbitali si snodano da nord a sud. Da gennaio 2019, la linea 220 \u00e8 il primo autobus irlandese attivo 24 ore su 24, collegando Ballincollig e Carrigaline ogni ora tra l&#039;1:30 e le 5:30 e registrando un aumento del numero di passeggeri del 70% nel suo primo anno. Nell&#039;ottobre 2022, la National Transport Authority ha avviato consultazioni pubbliche su BusConnects per Cork, proponendo una dozzina di corridoi, gate per autobus, corsie preferenziali ampliate e un interscambio pianificato presso il Cork University Hospital come parte di un terzo ciclo di consultazione nel novembre 2023. Gli autobus a lunga percorrenza partono da Parnell Place per Killarney, Waterford, Athlone, l&#039;aeroporto di Shannon, Limerick, Galway e Dublino, integrati dagli operatori privati \u200b\u200bIrish Citylink, Aircoach e Dublin Coach.<\/p>\n<p>I servizi marittimi includono il traghetto Cross River tra Rushbrooke e Passage West, che alleggerisce il traffico pendolare sotto il Jack Lynch Tunnel, e il servizio auto di Brittany Ferries da Ringaskiddy a Roscoff, in Francia, passando per il porto di Cork, sedici chilometri a sud-est del centro. I miglioramenti stradali realizzati a partire dagli anni &#039;80 \u2013 Cork South Link, la superstrada South Ring, il Jack Lynch Tunnel, il cavalcavia di Kinsale Road (2006), le tangenziali della N20 e la riqualificazione pedonale di Patrick Street \u2013 si affiancano all&#039;autostrada M8 per Dublino.<\/p>\n<p>Un tempo le ferrovie definivano il tessuto dei trasporti di Cork, con otto stazioni che alimentavano linee locali e regionali. Oggi la stazione di Kent rimane il fulcro delle partenze orarie di Irish Rail per Dublino e delle tratte InterCity per Killarney, Tralee, Limerick, Ennis e Galway, mentre Little Island e Glounthaune servono i pendolari suburbani e la linea Glounthaune-Midleton, riaperta nel 2009. I tram storici, trainati da cavalli nel 1872 ed elettrici dal 1898 al 1931, hanno lasciato il posto ai binari moderni.<\/p>\n<p>La popolazione di Cork \u00e8 cresciuta da 208.669 abitanti nel censimento del 2016 a 224.004 nel 2022, a seguito dell&#039;estensione dei confini che ha portato citt\u00e0 come Blarney a far parte dei confini cittadini. L&#039;area metropolitana di Cork ora supera i 300.000 residenti. Un intreccio di comunit\u00e0 di immigrati arricchisce il tessuto sociale: polacchi, britannici, lituani, francesi, tedeschi, indiani, nigeriani, ungheresi, slovacchi e spagnoli contribuiscono tutti al carattere cosmopolita della citt\u00e0. Le donne superano di poco gli uomini, rispecchiando le tendenze nazionali ma con un divario pi\u00f9 ristretto.<\/p>\n<p>Nonostante la sua reputazione di &#034;citt\u00e0 ribelle&#034;, Cork rimane un arazzo urbano riccamente stratificato, allo stesso tempo monastero medievale, roccaforte vichinga, porto mercantile georgiano e moderna capitale culturale europea, il cui nucleo insulare scavato nel fiume e le cui banchine storiche continuano a dare forma a una citt\u00e0 viva che guarda al mondo, pur custodindo gelosamente il suo patrimonio fieramente indipendente.<\/p>","protected":false},"excerpt":{"rendered":"<p>Cork \u00e8 la seconda citt\u00e0 pi\u00f9 grande d&#039;Irlanda e il capoluogo dell&#039;omonima contea, con una popolazione di 224.004 abitanti secondo il censimento del 2022. Questo dinamico centro metropolitano, situato nella provincia di Munster, \u00e8 la terza citt\u00e0 pi\u00f9 grande dell&#039;isola d&#039;Irlanda. La topografia distintiva della citt\u00e0 \u00e8 caratterizzata dal suo nucleo, situato su un&#039;isola creata da due canali del fiume Lee. Questi canali si incontrano all&#039;estremit\u00e0 orientale della citt\u00e0, dove una vasta rete di banchine e banchine si estende fino al Lough Mahon e al porto di Cork, riconosciuto come uno dei pi\u00f9 grandi porti naturali al mondo.<\/p>","protected":false},"author":1,"featured_media":3992,"parent":11622,"menu_order":0,"comment_status":"closed","ping_status":"closed","template":"elementor_theme","meta":{"_eb_attr":"","footnotes":""},"class_list":["post-11657","page","type-page","status-publish","has-post-thumbnail"],"_links":{"self":[{"href":"https:\/\/travelshelper.com\/it\/wp-json\/wp\/v2\/pages\/11657","targetHints":{"allow":["GET"]}}],"collection":[{"href":"https:\/\/travelshelper.com\/it\/wp-json\/wp\/v2\/pages"}],"about":[{"href":"https:\/\/travelshelper.com\/it\/wp-json\/wp\/v2\/types\/page"}],"author":[{"embeddable":true,"href":"https:\/\/travelshelper.com\/it\/wp-json\/wp\/v2\/users\/1"}],"replies":[{"embeddable":true,"href":"https:\/\/travelshelper.com\/it\/wp-json\/wp\/v2\/comments?post=11657"}],"version-history":[{"count":0,"href":"https:\/\/travelshelper.com\/it\/wp-json\/wp\/v2\/pages\/11657\/revisions"}],"up":[{"embeddable":true,"href":"https:\/\/travelshelper.com\/it\/wp-json\/wp\/v2\/pages\/11622"}],"wp:featuredmedia":[{"embeddable":true,"href":"https:\/\/travelshelper.com\/it\/wp-json\/wp\/v2\/media\/3992"}],"wp:attachment":[{"href":"https:\/\/travelshelper.com\/it\/wp-json\/wp\/v2\/media?parent=11657"}],"curies":[{"name":"wp","href":"https:\/\/api.w.org\/{rel}","templated":true}]}}